{"id":2561,"date":"2022-11-21T17:08:47","date_gmt":"2022-11-21T16:08:47","guid":{"rendered":"https:\/\/dev-durable.agglo-larochelle.fr\/2022\/?page_id=2561"},"modified":"2022-12-05T16:06:44","modified_gmt":"2022-12-05T15:06:44","slug":"cooperative-carbone-premieres-plantations-pour-la-foret-bleue","status":"publish","type":"page","link":"https:\/\/dev-durable.agglo-larochelle.fr\/2022\/une-agglo-creative\/transition-ecologique\/cooperative-carbone-premieres-plantations-pour-la-foret-bleue\/","title":{"rendered":"Des candidats pour cr\u00e9er une exploitation mara\u00eech\u00e8re au Fief Nouveau"},"content":{"rendered":"\n<p><strong>L\u2019Agglom\u00e9ration a lanc\u00e9 \u00e0 un Appel \u00e0 manifestation d\u2019int\u00e9r\u00eat pour examiner les projets d\u2019exploitation mara\u00eech\u00e8re souhaitant s\u2019installer au Fief Nouveau \u00e0 Lagord. Un comit\u00e9 de s\u00e9lection a \u00e9t\u00e9 install\u00e9 \u00e0 cette intention.<\/strong><\/p>\n<p>Pour favoriser l\u2019installation d\u2019agriculteurs sur son territoire, l\u2019Agglom\u00e9ration s\u2019est engag\u00e9e dans une d\u00e9marche de ma\u00eetrise fonci\u00e8re, afin d\u2019acqu\u00e9rir puis de louer des terrains \u00e0 de nouveaux exploitants. Un terrain de 3,5 hectares acquis \u00e0 Lagord a permis de lancer en janvier 2022 un Appel \u00e0 Manifestation d\u2019Int\u00e9r\u00eat (AMI) pour des projets d\u2019exploitation mara\u00eech\u00e8re. L\u2019examen et le choix des projets passe par un comit\u00e9 de s\u00e9lection associant des repr\u00e9sentants de l\u2019Agglom\u00e9ration, techniciens ou repr\u00e9sentants \u00e9lus d\u2019organisations professionnelles et citoyens. Malheureusement, cet AMI a \u00e9t\u00e9 infructueux\u00a0: si 11 porteurs de projet ont bien particip\u00e9 aux visites du site, aucun n\u2019a d\u00e9pos\u00e9 de dossier de candidature. Les motifs que l\u2019Agglo a pu recueillir ont permis de pr\u00e9ciser les caract\u00e9ristiques des terrains \u00e0 rechercher en vue de la production locale\u00a0: zonage urbanisme agricole pour d\u00e9velopper les b\u00e2timents n\u00e9cessaires \u00e0 l\u2019activit\u00e9 (le terrain \u00e9tait situ\u00e9 en zone naturelle), possibilit\u00e9 de trouver un logement accessible \u00e0 proximit\u00e9, environnement favorable (le terrain \u00e9tait \u00e0 proximit\u00e9 de la rocade).<\/p>\n","protected":false},"excerpt":{"rendered":"<p>L\u2019Agglom\u00e9ration a lanc\u00e9 \u00e0 un Appel \u00e0 manifestation d\u2019int\u00e9r\u00eat pour examiner les projets d\u2019exploitation mara\u00eech\u00e8re souhaitant s\u2019installer au Fief Nouveau \u00e0 Lagord. Un comit\u00e9 de s\u00e9lection a \u00e9t\u00e9 install\u00e9 \u00e0 cette intention. Pour favoriser l\u2019installation d\u2019agriculteurs sur son territoire, l\u2019Agglom\u00e9ration s\u2019est engag\u00e9e dans une d\u00e9marche de ma\u00eetrise fonci\u00e8re, afin d\u2019acqu\u00e9rir puis de louer des terrains [&hellip;]<\/p>\n","protected":false},"author":1,"featured_media":1947,"parent":272,"menu_order":2,"comment_status":"closed","ping_status":"closed","template":"page-sous-partie.php","meta":[],"acf":[],"yoast_head":"<!-- This site is optimized with the Yoast SEO plugin v19.12 - https:\/\/yoast.com\/wordpress\/plugins\/seo\/ -->\n<title>Des candidats pour cr\u00e9er une exploitation mara\u00eech\u00e8re au Fief Nouveau - Rapport du d\u00e9veloppement durable<\/title>\n<meta name=\"robots\" content=\"index, follow, max-snippet:-1, max-image-preview:large, max-video-preview:-1\" \/>\n<link rel=\"canonical\" href=\"https:\/\/dev-durable.agglo-larochelle.fr\/2022\/une-agglo-creative\/transition-ecologique\/cooperative-carbone-premieres-plantations-pour-la-foret-bleue\/\" \/>\n<meta property=\"og:locale\" content=\"fr_FR\" \/>\n<meta property=\"og:type\" content=\"article\" \/>\n<meta property=\"og:title\" content=\"Des candidats pour cr\u00e9er une exploitation mara\u00eech\u00e8re au Fief Nouveau - Rapport du d\u00e9veloppement durable\" \/>\n<meta property=\"og:description\" content=\"L\u2019Agglom\u00e9ration a lanc\u00e9 \u00e0 un Appel \u00e0 manifestation d\u2019int\u00e9r\u00eat pour examiner les projets d\u2019exploitation mara\u00eech\u00e8re souhaitant s\u2019installer au Fief Nouveau \u00e0 Lagord. Un comit\u00e9 de s\u00e9lection a \u00e9t\u00e9 install\u00e9 \u00e0 cette intention. Pour favoriser l\u2019installation d\u2019agriculteurs sur son territoire, l\u2019Agglom\u00e9ration s\u2019est engag\u00e9e dans une d\u00e9marche de ma\u00eetrise fonci\u00e8re, afin d\u2019acqu\u00e9rir puis de louer des terrains [&hellip;]\" \/>\n<meta property=\"og:url\" content=\"https:\/\/dev-durable.agglo-larochelle.fr\/2022\/une-agglo-creative\/transition-ecologique\/cooperative-carbone-premieres-plantations-pour-la-foret-bleue\/\" \/>\n<meta property=\"og:site_name\" content=\"Rapport du d\u00e9veloppement durable\" \/>\n<meta property=\"article:modified_time\" content=\"2022-12-05T15:06:44+00:00\" \/>\n<meta property=\"og:image\" content=\"https:\/\/dev-durable.agglo-larochelle.fr\/2022\/wp-content\/uploads\/2021\/11\/transition-agro-ecologique_CA_029481.jpg\" \/>\n\t<meta property=\"og:image:width\" content=\"700\" \/>\n\t<meta property=\"og:image:height\" content=\"466\" \/>\n\t<meta property=\"og:image:type\" content=\"image\/jpeg\" \/>\n<meta name=\"twitter:card\" content=\"summary_large_image\" \/>\n<meta name=\"twitter:label1\" content=\"Dur\u00e9e de lecture estim\u00e9e\" \/>\n\t<meta name=\"twitter:data1\" content=\"1 minute\" \/>\n<script type=\"application\/ld+json\" class=\"yoast-schema-graph\">{\"@context\":\"https:\/\/schema.org\",\"@graph\":[{\"@type\":\"WebPage\",\"@id\":\"https:\/\/dev-durable.agglo-larochelle.fr\/2022\/une-agglo-creative\/transition-ecologique\/cooperative-carbone-premieres-plantations-pour-la-foret-bleue\/\",\"url\":\"https:\/\/dev-durable.agglo-larochelle.fr\/2022\/une-agglo-creative\/transition-ecologique\/cooperative-carbone-premieres-plantations-pour-la-foret-bleue\/\",\"name\":\"Des candidats pour cr\u00e9er une exploitation mara\u00eech\u00e8re au Fief Nouveau - Rapport du d\u00e9veloppement durable\",\"isPartOf\":{\"@id\":\"https:\/\/dev-durable.agglo-larochelle.fr\/2022\/#website\"},\"datePublished\":\"2022-11-21T16:08:47+00:00\",\"dateModified\":\"2022-12-05T15:06:44+00:00\",\"breadcrumb\":{\"@id\":\"https:\/\/dev-durable.agglo-larochelle.fr\/2022\/une-agglo-creative\/transition-ecologique\/cooperative-carbone-premieres-plantations-pour-la-foret-bleue\/#breadcrumb\"},\"inLanguage\":\"fr-FR\",\"potentialAction\":[{\"@type\":\"ReadAction\",\"target\":[\"https:\/\/dev-durable.agglo-larochelle.fr\/2022\/une-agglo-creative\/transition-ecologique\/cooperative-carbone-premieres-plantations-pour-la-foret-bleue\/\"]}]},{\"@type\":\"BreadcrumbList\",\"@id\":\"https:\/\/dev-durable.agglo-larochelle.fr\/2022\/une-agglo-creative\/transition-ecologique\/cooperative-carbone-premieres-plantations-pour-la-foret-bleue\/#breadcrumb\",\"itemListElement\":[{\"@type\":\"ListItem\",\"position\":1,\"name\":\"Accueil\",\"item\":\"https:\/\/dev-durable.agglo-larochelle.fr\/2022\/\"},{\"@type\":\"ListItem\",\"position\":2,\"name\":\"Une Agglo cr\u00e9ative\",\"item\":\"https:\/\/dev-durable.agglo-larochelle.fr\/2022\/une-agglo-creative\/\"},{\"@type\":\"ListItem\",\"position\":3,\"name\":\"Transition \u00e9cologique\",\"item\":\"https:\/\/dev-durable.agglo-larochelle.fr\/2022\/une-agglo-creative\/transition-ecologique\/\"},{\"@type\":\"ListItem\",\"position\":4,\"name\":\"Des candidats pour cr\u00e9er une exploitation mara\u00eech\u00e8re au Fief Nouveau\"}]},{\"@type\":\"WebSite\",\"@id\":\"https:\/\/dev-durable.agglo-larochelle.fr\/2022\/#website\",\"url\":\"https:\/\/dev-durable.agglo-larochelle.fr\/2022\/\",\"name\":\"Rapport du d\u00e9veloppement durable - 2022\",\"description\":\"Rapport 2022 du d\u00e9veloppement durable\",\"alternateName\":\"Communaut\u00e9 d'Agglom\u00e9ration de La Rochelle\",\"potentialAction\":[{\"@type\":\"SearchAction\",\"target\":{\"@type\":\"EntryPoint\",\"urlTemplate\":\"https:\/\/dev-durable.agglo-larochelle.fr\/2022\/?s={search_term_string}\"},\"query-input\":\"required name=search_term_string\"}],\"inLanguage\":\"fr-FR\"}]}<\/script>\n<!-- \/ Yoast SEO plugin. -->","yoast_head_json":{"title":"Des candidats pour cr\u00e9er une exploitation mara\u00eech\u00e8re au Fief Nouveau - Rapport du d\u00e9veloppement durable","robots":{"index":"index","follow":"follow","max-snippet":"max-snippet:-1","max-image-preview":"max-image-preview:large","max-video-preview":"max-video-preview:-1"},"canonical":"https:\/\/dev-durable.agglo-larochelle.fr\/2022\/une-agglo-creative\/transition-ecologique\/cooperative-carbone-premieres-plantations-pour-la-foret-bleue\/","og_locale":"fr_FR","og_type":"article","og_title":"Des candidats pour cr\u00e9er une exploitation mara\u00eech\u00e8re au Fief Nouveau - Rapport du d\u00e9veloppement durable","og_description":"L\u2019Agglom\u00e9ration a lanc\u00e9 \u00e0 un Appel \u00e0 manifestation d\u2019int\u00e9r\u00eat pour examiner les projets d\u2019exploitation mara\u00eech\u00e8re souhaitant s\u2019installer au Fief Nouveau \u00e0 Lagord. Un comit\u00e9 de s\u00e9lection a \u00e9t\u00e9 install\u00e9 \u00e0 cette intention. Pour favoriser l\u2019installation d\u2019agriculteurs sur son territoire, l\u2019Agglom\u00e9ration s\u2019est engag\u00e9e dans une d\u00e9marche de ma\u00eetrise fonci\u00e8re, afin d\u2019acqu\u00e9rir puis de louer des terrains [&hellip;]","og_url":"https:\/\/dev-durable.agglo-larochelle.fr\/2022\/une-agglo-creative\/transition-ecologique\/cooperative-carbone-premieres-plantations-pour-la-foret-bleue\/","og_site_name":"Rapport du d\u00e9veloppement durable","article_modified_time":"2022-12-05T15:06:44+00:00","og_image":[{"width":700,"height":466,"url":"https:\/\/dev-durable.agglo-larochelle.fr\/2022\/wp-content\/uploads\/2021\/11\/transition-agro-ecologique_CA_029481.jpg","type":"image\/jpeg"}],"twitter_card":"summary_large_image","twitter_misc":{"Dur\u00e9e de lecture estim\u00e9e":"1 minute"},"schema":{"@context":"https:\/\/schema.org","@graph":[{"@type":"WebPage","@id":"https:\/\/dev-durable.agglo-larochelle.fr\/2022\/une-agglo-creative\/transition-ecologique\/cooperative-carbone-premieres-plantations-pour-la-foret-bleue\/","url":"https:\/\/dev-durable.agglo-larochelle.fr\/2022\/une-agglo-creative\/transition-ecologique\/cooperative-carbone-premieres-plantations-pour-la-foret-bleue\/","name":"Des candidats pour cr\u00e9er une exploitation mara\u00eech\u00e8re au Fief Nouveau - Rapport du d\u00e9veloppement durable","isPartOf":{"@id":"https:\/\/dev-durable.agglo-larochelle.fr\/2022\/#website"},"datePublished":"2022-11-21T16:08:47+00:00","dateModified":"2022-12-05T15:06:44+00:00","breadcrumb":{"@id":"https:\/\/dev-durable.agglo-larochelle.fr\/2022\/une-agglo-creative\/transition-ecologique\/cooperative-carbone-premieres-plantations-pour-la-foret-bleue\/#breadcrumb"},"inLanguage":"fr-FR","potentialAction":[{"@type":"ReadAction","target":["https:\/\/dev-durable.agglo-larochelle.fr\/2022\/une-agglo-creative\/transition-ecologique\/cooperative-carbone-premieres-plantations-pour-la-foret-bleue\/"]}]},{"@type":"BreadcrumbList","@id":"https:\/\/dev-durable.agglo-larochelle.fr\/2022\/une-agglo-creative\/transition-ecologique\/cooperative-carbone-premieres-plantations-pour-la-foret-bleue\/#breadcrumb","itemListElement":[{"@type":"ListItem","position":1,"name":"Accueil","item":"https:\/\/dev-durable.agglo-larochelle.fr\/2022\/"},{"@type":"ListItem","position":2,"name":"Une Agglo cr\u00e9ative","item":"https:\/\/dev-durable.agglo-larochelle.fr\/2022\/une-agglo-creative\/"},{"@type":"ListItem","position":3,"name":"Transition \u00e9cologique","item":"https:\/\/dev-durable.agglo-larochelle.fr\/2022\/une-agglo-creative\/transition-ecologique\/"},{"@type":"ListItem","position":4,"name":"Des candidats pour cr\u00e9er une exploitation mara\u00eech\u00e8re au Fief Nouveau"}]},{"@type":"WebSite","@id":"https:\/\/dev-durable.agglo-larochelle.fr\/2022\/#website","url":"https:\/\/dev-durable.agglo-larochelle.fr\/2022\/","name":"Rapport du d\u00e9veloppement durable - 2022","description":"Rapport 2022 du d\u00e9veloppement durable","alternateName":"Communaut\u00e9 d'Agglom\u00e9ration de La Rochelle","potentialAction":[{"@type":"SearchAction","target":{"@type":"EntryPoint","urlTemplate":"https:\/\/dev-durable.agglo-larochelle.fr\/2022\/?s={search_term_string}"},"query-input":"required name=search_term_string"}],"inLanguage":"fr-FR"}]}},"_links":{"self":[{"href":"https:\/\/dev-durable.agglo-larochelle.fr\/2022\/wp-json\/wp\/v2\/pages\/2561"}],"collection":[{"href":"https:\/\/dev-durable.agglo-larochelle.fr\/2022\/wp-json\/wp\/v2\/pages"}],"about":[{"href":"https:\/\/dev-durable.agglo-larochelle.fr\/2022\/wp-json\/wp\/v2\/types\/page"}],"author":[{"embeddable":true,"href":"https:\/\/dev-durable.agglo-larochelle.fr\/2022\/wp-json\/wp\/v2\/users\/1"}],"replies":[{"embeddable":true,"href":"https:\/\/dev-durable.agglo-larochelle.fr\/2022\/wp-json\/wp\/v2\/comments?post=2561"}],"version-history":[{"count":3,"href":"https:\/\/dev-durable.agglo-larochelle.fr\/2022\/wp-json\/wp\/v2\/pages\/2561\/revisions"}],"predecessor-version":[{"id":2625,"href":"https:\/\/dev-durable.agglo-larochelle.fr\/2022\/wp-json\/wp\/v2\/pages\/2561\/revisions\/2625"}],"up":[{"embeddable":true,"href":"https:\/\/dev-durable.agglo-larochelle.fr\/2022\/wp-json\/wp\/v2\/pages\/272"}],"wp:featuredmedia":[{"embeddable":true,"href":"https:\/\/dev-durable.agglo-larochelle.fr\/2022\/wp-json\/wp\/v2\/media\/1947"}],"wp:attachment":[{"href":"https:\/\/dev-durable.agglo-larochelle.fr\/2022\/wp-json\/wp\/v2\/media?parent=2561"}],"curies":[{"name":"wp","href":"https:\/\/api.w.org\/{rel}","templated":true}]}}