{"id":2566,"date":"2022-11-21T17:11:16","date_gmt":"2022-11-21T16:11:16","guid":{"rendered":"https:\/\/dev-durable.agglo-larochelle.fr\/2022\/?page_id=2566"},"modified":"2022-12-05T16:22:57","modified_gmt":"2022-12-05T15:22:57","slug":"cooperative-carbone-premieres-plantations-pour-la-foret-bleue","status":"publish","type":"page","link":"https:\/\/dev-durable.agglo-larochelle.fr\/2022\/une-agglo-creative\/mobilite\/cooperative-carbone-premieres-plantations-pour-la-foret-bleue\/","title":{"rendered":"Des biocarburants \u00e0 l\u2019\u00e9tude pour la flotte de v\u00e9hicules de l\u2019Agglom\u00e9ration"},"content":{"rendered":"\n<p><strong>La Communaut\u00e9 d\u2019Agglom\u00e9ration souhaite faire \u00e9voluer sa flotte de bus diesel et de bennes \u00e0 ordures m\u00e9nag\u00e8res afin de contribuer \u00e0 son objectif z\u00e9ro carbone, affirm\u00e9 dans le cadre de son Plan Climat Air \u00c9nergie Territorial.<\/strong><\/p>\n<p>L\u2019Agglom\u00e9ration \u00e9tudie la possibilit\u00e9 de convertir les moteurs diesel de son parc de v\u00e9hicules au biocarburant B100, permettant ainsi de valoriser le parc existant jusqu\u2019\u00e0 la fin de sa dur\u00e9e de vie (en \u00e9vitant ainsi une surconsommation de ressources li\u00e9es \u00e0 la production de nouveaux v\u00e9hicules), tout en r\u00e9duisant les \u00e9missions de gaz \u00e0 effet de serre \u00e0 court terme. Il s\u2019agirait donc d\u2019une solution transitoire sur quelques ann\u00e9es. Une \u00e9tude d\u2019\u00e9valuation des impacts s\u2019est montr\u00e9e plut\u00f4t favorable \u00e0 cette solution, avec des r\u00e9serves quant aux enjeux phytosanitaires d\u2019une production de biocarburant. Une \u00e9tude compl\u00e9mentaire a \u00e9t\u00e9 engag\u00e9e afin d\u2019envisager une alternative, en recourant notamment \u00e0 des cultures bio.<\/p>\n","protected":false},"excerpt":{"rendered":"<p>La Communaut\u00e9 d\u2019Agglom\u00e9ration souhaite faire \u00e9voluer sa flotte de bus diesel et de bennes \u00e0 ordures m\u00e9nag\u00e8res afin de contribuer \u00e0 son objectif z\u00e9ro carbone, affirm\u00e9 dans le cadre de son Plan Climat Air \u00c9nergie Territorial. L\u2019Agglom\u00e9ration \u00e9tudie la possibilit\u00e9 de convertir les moteurs diesel de son parc de v\u00e9hicules au biocarburant B100, permettant ainsi [&hellip;]<\/p>\n","protected":false},"author":1,"featured_media":2911,"parent":2564,"menu_order":1,"comment_status":"closed","ping_status":"closed","template":"page-sous-partie.php","meta":[],"acf":[],"yoast_head":"<!-- This site is optimized with the Yoast SEO plugin v19.12 - https:\/\/yoast.com\/wordpress\/plugins\/seo\/ -->\n<title>Des biocarburants \u00e0 l\u2019\u00e9tude pour la flotte de v\u00e9hicules de l\u2019Agglom\u00e9ration - Rapport du d\u00e9veloppement durable<\/title>\n<meta name=\"robots\" content=\"index, follow, max-snippet:-1, max-image-preview:large, max-video-preview:-1\" \/>\n<link rel=\"canonical\" href=\"https:\/\/dev-durable.agglo-larochelle.fr\/2022\/une-agglo-creative\/mobilite\/cooperative-carbone-premieres-plantations-pour-la-foret-bleue\/\" \/>\n<meta property=\"og:locale\" content=\"fr_FR\" \/>\n<meta property=\"og:type\" content=\"article\" \/>\n<meta property=\"og:title\" content=\"Des biocarburants \u00e0 l\u2019\u00e9tude pour la flotte de v\u00e9hicules de l\u2019Agglom\u00e9ration - Rapport du d\u00e9veloppement durable\" \/>\n<meta property=\"og:description\" content=\"La Communaut\u00e9 d\u2019Agglom\u00e9ration souhaite faire \u00e9voluer sa flotte de bus diesel et de bennes \u00e0 ordures m\u00e9nag\u00e8res afin de contribuer \u00e0 son objectif z\u00e9ro carbone, affirm\u00e9 dans le cadre de son Plan Climat Air \u00c9nergie Territorial. L\u2019Agglom\u00e9ration \u00e9tudie la possibilit\u00e9 de convertir les moteurs diesel de son parc de v\u00e9hicules au biocarburant B100, permettant ainsi [&hellip;]\" \/>\n<meta property=\"og:url\" content=\"https:\/\/dev-durable.agglo-larochelle.fr\/2022\/une-agglo-creative\/mobilite\/cooperative-carbone-premieres-plantations-pour-la-foret-bleue\/\" \/>\n<meta property=\"og:site_name\" content=\"Rapport du d\u00e9veloppement durable\" \/>\n<meta property=\"article:modified_time\" content=\"2022-12-05T15:22:57+00:00\" \/>\n<meta property=\"og:image\" content=\"https:\/\/dev-durable.agglo-larochelle.fr\/2022\/wp-content\/uploads\/2022\/12\/biocarburant_AdobeStock_531358867.jpg\" \/>\n\t<meta property=\"og:image:width\" content=\"650\" \/>\n\t<meta property=\"og:image:height\" content=\"300\" \/>\n\t<meta property=\"og:image:type\" content=\"image\/jpeg\" \/>\n<meta name=\"twitter:card\" content=\"summary_large_image\" \/>\n<meta name=\"twitter:label1\" content=\"Dur\u00e9e de lecture estim\u00e9e\" \/>\n\t<meta name=\"twitter:data1\" content=\"1 minute\" \/>\n<script type=\"application\/ld+json\" class=\"yoast-schema-graph\">{\"@context\":\"https:\/\/schema.org\",\"@graph\":[{\"@type\":\"WebPage\",\"@id\":\"https:\/\/dev-durable.agglo-larochelle.fr\/2022\/une-agglo-creative\/mobilite\/cooperative-carbone-premieres-plantations-pour-la-foret-bleue\/\",\"url\":\"https:\/\/dev-durable.agglo-larochelle.fr\/2022\/une-agglo-creative\/mobilite\/cooperative-carbone-premieres-plantations-pour-la-foret-bleue\/\",\"name\":\"Des biocarburants \u00e0 l\u2019\u00e9tude pour la flotte de v\u00e9hicules de l\u2019Agglom\u00e9ration - Rapport du d\u00e9veloppement durable\",\"isPartOf\":{\"@id\":\"https:\/\/dev-durable.agglo-larochelle.fr\/2022\/#website\"},\"datePublished\":\"2022-11-21T16:11:16+00:00\",\"dateModified\":\"2022-12-05T15:22:57+00:00\",\"breadcrumb\":{\"@id\":\"https:\/\/dev-durable.agglo-larochelle.fr\/2022\/une-agglo-creative\/mobilite\/cooperative-carbone-premieres-plantations-pour-la-foret-bleue\/#breadcrumb\"},\"inLanguage\":\"fr-FR\",\"potentialAction\":[{\"@type\":\"ReadAction\",\"target\":[\"https:\/\/dev-durable.agglo-larochelle.fr\/2022\/une-agglo-creative\/mobilite\/cooperative-carbone-premieres-plantations-pour-la-foret-bleue\/\"]}]},{\"@type\":\"BreadcrumbList\",\"@id\":\"https:\/\/dev-durable.agglo-larochelle.fr\/2022\/une-agglo-creative\/mobilite\/cooperative-carbone-premieres-plantations-pour-la-foret-bleue\/#breadcrumb\",\"itemListElement\":[{\"@type\":\"ListItem\",\"position\":1,\"name\":\"Accueil\",\"item\":\"https:\/\/dev-durable.agglo-larochelle.fr\/2022\/\"},{\"@type\":\"ListItem\",\"position\":2,\"name\":\"Une Agglo cr\u00e9ative\",\"item\":\"https:\/\/dev-durable.agglo-larochelle.fr\/2022\/une-agglo-creative\/\"},{\"@type\":\"ListItem\",\"position\":3,\"name\":\"Mobilit\u00e9\",\"item\":\"https:\/\/dev-durable.agglo-larochelle.fr\/2022\/une-agglo-creative\/mobilite\/\"},{\"@type\":\"ListItem\",\"position\":4,\"name\":\"Des biocarburants \u00e0 l\u2019\u00e9tude pour la flotte de v\u00e9hicules de l\u2019Agglom\u00e9ration\"}]},{\"@type\":\"WebSite\",\"@id\":\"https:\/\/dev-durable.agglo-larochelle.fr\/2022\/#website\",\"url\":\"https:\/\/dev-durable.agglo-larochelle.fr\/2022\/\",\"name\":\"Rapport du d\u00e9veloppement durable - 2022\",\"description\":\"Rapport 2022 du d\u00e9veloppement durable\",\"alternateName\":\"Communaut\u00e9 d'Agglom\u00e9ration de La Rochelle\",\"potentialAction\":[{\"@type\":\"SearchAction\",\"target\":{\"@type\":\"EntryPoint\",\"urlTemplate\":\"https:\/\/dev-durable.agglo-larochelle.fr\/2022\/?s={search_term_string}\"},\"query-input\":\"required name=search_term_string\"}],\"inLanguage\":\"fr-FR\"}]}<\/script>\n<!-- \/ Yoast SEO plugin. -->","yoast_head_json":{"title":"Des biocarburants \u00e0 l\u2019\u00e9tude pour la flotte de v\u00e9hicules de l\u2019Agglom\u00e9ration - Rapport du d\u00e9veloppement durable","robots":{"index":"index","follow":"follow","max-snippet":"max-snippet:-1","max-image-preview":"max-image-preview:large","max-video-preview":"max-video-preview:-1"},"canonical":"https:\/\/dev-durable.agglo-larochelle.fr\/2022\/une-agglo-creative\/mobilite\/cooperative-carbone-premieres-plantations-pour-la-foret-bleue\/","og_locale":"fr_FR","og_type":"article","og_title":"Des biocarburants \u00e0 l\u2019\u00e9tude pour la flotte de v\u00e9hicules de l\u2019Agglom\u00e9ration - Rapport du d\u00e9veloppement durable","og_description":"La Communaut\u00e9 d\u2019Agglom\u00e9ration souhaite faire \u00e9voluer sa flotte de bus diesel et de bennes \u00e0 ordures m\u00e9nag\u00e8res afin de contribuer \u00e0 son objectif z\u00e9ro carbone, affirm\u00e9 dans le cadre de son Plan Climat Air \u00c9nergie Territorial. L\u2019Agglom\u00e9ration \u00e9tudie la possibilit\u00e9 de convertir les moteurs diesel de son parc de v\u00e9hicules au biocarburant B100, permettant ainsi [&hellip;]","og_url":"https:\/\/dev-durable.agglo-larochelle.fr\/2022\/une-agglo-creative\/mobilite\/cooperative-carbone-premieres-plantations-pour-la-foret-bleue\/","og_site_name":"Rapport du d\u00e9veloppement durable","article_modified_time":"2022-12-05T15:22:57+00:00","og_image":[{"width":650,"height":300,"url":"https:\/\/dev-durable.agglo-larochelle.fr\/2022\/wp-content\/uploads\/2022\/12\/biocarburant_AdobeStock_531358867.jpg","type":"image\/jpeg"}],"twitter_card":"summary_large_image","twitter_misc":{"Dur\u00e9e de lecture estim\u00e9e":"1 minute"},"schema":{"@context":"https:\/\/schema.org","@graph":[{"@type":"WebPage","@id":"https:\/\/dev-durable.agglo-larochelle.fr\/2022\/une-agglo-creative\/mobilite\/cooperative-carbone-premieres-plantations-pour-la-foret-bleue\/","url":"https:\/\/dev-durable.agglo-larochelle.fr\/2022\/une-agglo-creative\/mobilite\/cooperative-carbone-premieres-plantations-pour-la-foret-bleue\/","name":"Des biocarburants \u00e0 l\u2019\u00e9tude pour la flotte de v\u00e9hicules de l\u2019Agglom\u00e9ration - Rapport du d\u00e9veloppement durable","isPartOf":{"@id":"https:\/\/dev-durable.agglo-larochelle.fr\/2022\/#website"},"datePublished":"2022-11-21T16:11:16+00:00","dateModified":"2022-12-05T15:22:57+00:00","breadcrumb":{"@id":"https:\/\/dev-durable.agglo-larochelle.fr\/2022\/une-agglo-creative\/mobilite\/cooperative-carbone-premieres-plantations-pour-la-foret-bleue\/#breadcrumb"},"inLanguage":"fr-FR","potentialAction":[{"@type":"ReadAction","target":["https:\/\/dev-durable.agglo-larochelle.fr\/2022\/une-agglo-creative\/mobilite\/cooperative-carbone-premieres-plantations-pour-la-foret-bleue\/"]}]},{"@type":"BreadcrumbList","@id":"https:\/\/dev-durable.agglo-larochelle.fr\/2022\/une-agglo-creative\/mobilite\/cooperative-carbone-premieres-plantations-pour-la-foret-bleue\/#breadcrumb","itemListElement":[{"@type":"ListItem","position":1,"name":"Accueil","item":"https:\/\/dev-durable.agglo-larochelle.fr\/2022\/"},{"@type":"ListItem","position":2,"name":"Une Agglo cr\u00e9ative","item":"https:\/\/dev-durable.agglo-larochelle.fr\/2022\/une-agglo-creative\/"},{"@type":"ListItem","position":3,"name":"Mobilit\u00e9","item":"https:\/\/dev-durable.agglo-larochelle.fr\/2022\/une-agglo-creative\/mobilite\/"},{"@type":"ListItem","position":4,"name":"Des biocarburants \u00e0 l\u2019\u00e9tude pour la flotte de v\u00e9hicules de l\u2019Agglom\u00e9ration"}]},{"@type":"WebSite","@id":"https:\/\/dev-durable.agglo-larochelle.fr\/2022\/#website","url":"https:\/\/dev-durable.agglo-larochelle.fr\/2022\/","name":"Rapport du d\u00e9veloppement durable - 2022","description":"Rapport 2022 du d\u00e9veloppement durable","alternateName":"Communaut\u00e9 d'Agglom\u00e9ration de La Rochelle","potentialAction":[{"@type":"SearchAction","target":{"@type":"EntryPoint","urlTemplate":"https:\/\/dev-durable.agglo-larochelle.fr\/2022\/?s={search_term_string}"},"query-input":"required name=search_term_string"}],"inLanguage":"fr-FR"}]}},"_links":{"self":[{"href":"https:\/\/dev-durable.agglo-larochelle.fr\/2022\/wp-json\/wp\/v2\/pages\/2566"}],"collection":[{"href":"https:\/\/dev-durable.agglo-larochelle.fr\/2022\/wp-json\/wp\/v2\/pages"}],"about":[{"href":"https:\/\/dev-durable.agglo-larochelle.fr\/2022\/wp-json\/wp\/v2\/types\/page"}],"author":[{"embeddable":true,"href":"https:\/\/dev-durable.agglo-larochelle.fr\/2022\/wp-json\/wp\/v2\/users\/1"}],"replies":[{"embeddable":true,"href":"https:\/\/dev-durable.agglo-larochelle.fr\/2022\/wp-json\/wp\/v2\/comments?post=2566"}],"version-history":[{"count":5,"href":"https:\/\/dev-durable.agglo-larochelle.fr\/2022\/wp-json\/wp\/v2\/pages\/2566\/revisions"}],"predecessor-version":[{"id":2637,"href":"https:\/\/dev-durable.agglo-larochelle.fr\/2022\/wp-json\/wp\/v2\/pages\/2566\/revisions\/2637"}],"up":[{"embeddable":true,"href":"https:\/\/dev-durable.agglo-larochelle.fr\/2022\/wp-json\/wp\/v2\/pages\/2564"}],"wp:featuredmedia":[{"embeddable":true,"href":"https:\/\/dev-durable.agglo-larochelle.fr\/2022\/wp-json\/wp\/v2\/media\/2911"}],"wp:attachment":[{"href":"https:\/\/dev-durable.agglo-larochelle.fr\/2022\/wp-json\/wp\/v2\/media?parent=2566"}],"curies":[{"name":"wp","href":"https:\/\/api.w.org\/{rel}","templated":true}]}}