{"id":2573,"date":"2022-11-21T17:16:03","date_gmt":"2022-11-21T16:16:03","guid":{"rendered":"https:\/\/dev-durable.agglo-larochelle.fr\/2022\/?page_id=2573"},"modified":"2022-12-05T16:39:01","modified_gmt":"2022-12-05T15:39:01","slug":"self-data-le-numerique-auservice-de-la-transition-ecologique","status":"publish","type":"page","link":"https:\/\/dev-durable.agglo-larochelle.fr\/2022\/une-agglo-creative\/numerique\/self-data-le-numerique-auservice-de-la-transition-ecologique\/","title":{"rendered":"Self data, le num\u00e9rique au service de la transition \u00e9cologique"},"content":{"rendered":"\n<p><strong>Le dispositif Coach CO<sub>2<\/sub> \u2013 action du programme AGREMOB \u2013 a pour finalit\u00e9 de r\u00e9duire l\u2019impact carbone des d\u00e9placements, via une application de collecte des donn\u00e9es de mobilit\u00e9s d\u2019usagers volontaires.<\/strong><\/p>\n<p>Dans le cadre du programme AGREMOB (Agr\u00e9gateur Carbone pour la Mobilit\u00e9), l\u2019Agglom\u00e9ration et la Ville de La Rochelle exp\u00e9rimentent un dispositif num\u00e9rique permettant aux citoyens de mieux conna\u00eetre leurs habitudes de d\u00e9placement et d\u2019agir pour r\u00e9duire leurs \u00e9missions de CO<sub>2<\/sub>. Des volontaires testent ce nouveau dispositif, via une application sur smartphone, qui permet de collecter et de stocker de fa\u00e7on s\u00e9curis\u00e9e les donn\u00e9es li\u00e9es aux mobilit\u00e9s. Il est possible de visualiser ses d\u00e9placements et de calculer son empreinte carbone, afin de pouvoir agir de fa\u00e7on \u00e0 r\u00e9duire les \u00e9missions de CO<sub>2<\/sub>.<\/p>\n","protected":false},"excerpt":{"rendered":"<p>Le dispositif Coach CO2 \u2013 action du programme AGREMOB \u2013 a pour finalit\u00e9 de r\u00e9duire l\u2019impact carbone des d\u00e9placements, via une application de collecte des donn\u00e9es de mobilit\u00e9s d\u2019usagers volontaires. Dans le cadre du programme AGREMOB (Agr\u00e9gateur Carbone pour la Mobilit\u00e9), l\u2019Agglom\u00e9ration et la Ville de La Rochelle exp\u00e9rimentent un dispositif num\u00e9rique permettant aux citoyens [&hellip;]<\/p>\n","protected":false},"author":1,"featured_media":665,"parent":2571,"menu_order":1,"comment_status":"closed","ping_status":"closed","template":"page-sous-partie.php","meta":[],"acf":[],"yoast_head":"<!-- This site is optimized with the Yoast SEO plugin v19.12 - https:\/\/yoast.com\/wordpress\/plugins\/seo\/ -->\n<title>Self data, le num\u00e9rique au service de la transition \u00e9cologique - Rapport du d\u00e9veloppement durable<\/title>\n<meta name=\"robots\" content=\"index, follow, max-snippet:-1, max-image-preview:large, max-video-preview:-1\" \/>\n<link rel=\"canonical\" href=\"https:\/\/dev-durable.agglo-larochelle.fr\/2022\/une-agglo-creative\/numerique\/self-data-le-numerique-auservice-de-la-transition-ecologique\/\" \/>\n<meta property=\"og:locale\" content=\"fr_FR\" \/>\n<meta property=\"og:type\" content=\"article\" \/>\n<meta property=\"og:title\" content=\"Self data, le num\u00e9rique au service de la transition \u00e9cologique - Rapport du d\u00e9veloppement durable\" \/>\n<meta property=\"og:description\" content=\"Le dispositif Coach CO2 \u2013 action du programme AGREMOB \u2013 a pour finalit\u00e9 de r\u00e9duire l\u2019impact carbone des d\u00e9placements, via une application de collecte des donn\u00e9es de mobilit\u00e9s d\u2019usagers volontaires. Dans le cadre du programme AGREMOB (Agr\u00e9gateur Carbone pour la Mobilit\u00e9), l\u2019Agglom\u00e9ration et la Ville de La Rochelle exp\u00e9rimentent un dispositif num\u00e9rique permettant aux citoyens [&hellip;]\" \/>\n<meta property=\"og:url\" content=\"https:\/\/dev-durable.agglo-larochelle.fr\/2022\/une-agglo-creative\/numerique\/self-data-le-numerique-auservice-de-la-transition-ecologique\/\" \/>\n<meta property=\"og:site_name\" content=\"Rapport du d\u00e9veloppement durable\" \/>\n<meta property=\"article:modified_time\" content=\"2022-12-05T15:39:01+00:00\" \/>\n<meta property=\"og:image\" content=\"https:\/\/dev-durable.agglo-larochelle.fr\/2022\/wp-content\/uploads\/2018\/11\/dematerialisation-des-procedures-la-rochelle.gif\" \/>\n\t<meta property=\"og:image:width\" content=\"1024\" \/>\n\t<meta property=\"og:image:height\" content=\"654\" \/>\n\t<meta property=\"og:image:type\" content=\"image\/gif\" \/>\n<meta name=\"twitter:card\" content=\"summary_large_image\" \/>\n<meta name=\"twitter:label1\" content=\"Dur\u00e9e de lecture estim\u00e9e\" \/>\n\t<meta name=\"twitter:data1\" content=\"1 minute\" \/>\n<script type=\"application\/ld+json\" class=\"yoast-schema-graph\">{\"@context\":\"https:\/\/schema.org\",\"@graph\":[{\"@type\":\"WebPage\",\"@id\":\"https:\/\/dev-durable.agglo-larochelle.fr\/2022\/une-agglo-creative\/numerique\/self-data-le-numerique-auservice-de-la-transition-ecologique\/\",\"url\":\"https:\/\/dev-durable.agglo-larochelle.fr\/2022\/une-agglo-creative\/numerique\/self-data-le-numerique-auservice-de-la-transition-ecologique\/\",\"name\":\"Self data, le num\u00e9rique au service de la transition \u00e9cologique - Rapport du d\u00e9veloppement durable\",\"isPartOf\":{\"@id\":\"https:\/\/dev-durable.agglo-larochelle.fr\/2022\/#website\"},\"datePublished\":\"2022-11-21T16:16:03+00:00\",\"dateModified\":\"2022-12-05T15:39:01+00:00\",\"breadcrumb\":{\"@id\":\"https:\/\/dev-durable.agglo-larochelle.fr\/2022\/une-agglo-creative\/numerique\/self-data-le-numerique-auservice-de-la-transition-ecologique\/#breadcrumb\"},\"inLanguage\":\"fr-FR\",\"potentialAction\":[{\"@type\":\"ReadAction\",\"target\":[\"https:\/\/dev-durable.agglo-larochelle.fr\/2022\/une-agglo-creative\/numerique\/self-data-le-numerique-auservice-de-la-transition-ecologique\/\"]}]},{\"@type\":\"BreadcrumbList\",\"@id\":\"https:\/\/dev-durable.agglo-larochelle.fr\/2022\/une-agglo-creative\/numerique\/self-data-le-numerique-auservice-de-la-transition-ecologique\/#breadcrumb\",\"itemListElement\":[{\"@type\":\"ListItem\",\"position\":1,\"name\":\"Accueil\",\"item\":\"https:\/\/dev-durable.agglo-larochelle.fr\/2022\/\"},{\"@type\":\"ListItem\",\"position\":2,\"name\":\"Une Agglo cr\u00e9ative\",\"item\":\"https:\/\/dev-durable.agglo-larochelle.fr\/2022\/une-agglo-creative\/\"},{\"@type\":\"ListItem\",\"position\":3,\"name\":\"Num\u00e9rique\",\"item\":\"https:\/\/dev-durable.agglo-larochelle.fr\/2022\/une-agglo-creative\/numerique\/\"},{\"@type\":\"ListItem\",\"position\":4,\"name\":\"Self data, le num\u00e9rique au service de la transition \u00e9cologique\"}]},{\"@type\":\"WebSite\",\"@id\":\"https:\/\/dev-durable.agglo-larochelle.fr\/2022\/#website\",\"url\":\"https:\/\/dev-durable.agglo-larochelle.fr\/2022\/\",\"name\":\"Rapport du d\u00e9veloppement durable - 2022\",\"description\":\"Rapport 2022 du d\u00e9veloppement durable\",\"alternateName\":\"Communaut\u00e9 d'Agglom\u00e9ration de La Rochelle\",\"potentialAction\":[{\"@type\":\"SearchAction\",\"target\":{\"@type\":\"EntryPoint\",\"urlTemplate\":\"https:\/\/dev-durable.agglo-larochelle.fr\/2022\/?s={search_term_string}\"},\"query-input\":\"required name=search_term_string\"}],\"inLanguage\":\"fr-FR\"}]}<\/script>\n<!-- \/ Yoast SEO plugin. -->","yoast_head_json":{"title":"Self data, le num\u00e9rique au service de la transition \u00e9cologique - Rapport du d\u00e9veloppement durable","robots":{"index":"index","follow":"follow","max-snippet":"max-snippet:-1","max-image-preview":"max-image-preview:large","max-video-preview":"max-video-preview:-1"},"canonical":"https:\/\/dev-durable.agglo-larochelle.fr\/2022\/une-agglo-creative\/numerique\/self-data-le-numerique-auservice-de-la-transition-ecologique\/","og_locale":"fr_FR","og_type":"article","og_title":"Self data, le num\u00e9rique au service de la transition \u00e9cologique - Rapport du d\u00e9veloppement durable","og_description":"Le dispositif Coach CO2 \u2013 action du programme AGREMOB \u2013 a pour finalit\u00e9 de r\u00e9duire l\u2019impact carbone des d\u00e9placements, via une application de collecte des donn\u00e9es de mobilit\u00e9s d\u2019usagers volontaires. Dans le cadre du programme AGREMOB (Agr\u00e9gateur Carbone pour la Mobilit\u00e9), l\u2019Agglom\u00e9ration et la Ville de La Rochelle exp\u00e9rimentent un dispositif num\u00e9rique permettant aux citoyens [&hellip;]","og_url":"https:\/\/dev-durable.agglo-larochelle.fr\/2022\/une-agglo-creative\/numerique\/self-data-le-numerique-auservice-de-la-transition-ecologique\/","og_site_name":"Rapport du d\u00e9veloppement durable","article_modified_time":"2022-12-05T15:39:01+00:00","og_image":[{"width":1024,"height":654,"url":"https:\/\/dev-durable.agglo-larochelle.fr\/2022\/wp-content\/uploads\/2018\/11\/dematerialisation-des-procedures-la-rochelle.gif","type":"image\/gif"}],"twitter_card":"summary_large_image","twitter_misc":{"Dur\u00e9e de lecture estim\u00e9e":"1 minute"},"schema":{"@context":"https:\/\/schema.org","@graph":[{"@type":"WebPage","@id":"https:\/\/dev-durable.agglo-larochelle.fr\/2022\/une-agglo-creative\/numerique\/self-data-le-numerique-auservice-de-la-transition-ecologique\/","url":"https:\/\/dev-durable.agglo-larochelle.fr\/2022\/une-agglo-creative\/numerique\/self-data-le-numerique-auservice-de-la-transition-ecologique\/","name":"Self data, le num\u00e9rique au service de la transition \u00e9cologique - Rapport du d\u00e9veloppement durable","isPartOf":{"@id":"https:\/\/dev-durable.agglo-larochelle.fr\/2022\/#website"},"datePublished":"2022-11-21T16:16:03+00:00","dateModified":"2022-12-05T15:39:01+00:00","breadcrumb":{"@id":"https:\/\/dev-durable.agglo-larochelle.fr\/2022\/une-agglo-creative\/numerique\/self-data-le-numerique-auservice-de-la-transition-ecologique\/#breadcrumb"},"inLanguage":"fr-FR","potentialAction":[{"@type":"ReadAction","target":["https:\/\/dev-durable.agglo-larochelle.fr\/2022\/une-agglo-creative\/numerique\/self-data-le-numerique-auservice-de-la-transition-ecologique\/"]}]},{"@type":"BreadcrumbList","@id":"https:\/\/dev-durable.agglo-larochelle.fr\/2022\/une-agglo-creative\/numerique\/self-data-le-numerique-auservice-de-la-transition-ecologique\/#breadcrumb","itemListElement":[{"@type":"ListItem","position":1,"name":"Accueil","item":"https:\/\/dev-durable.agglo-larochelle.fr\/2022\/"},{"@type":"ListItem","position":2,"name":"Une Agglo cr\u00e9ative","item":"https:\/\/dev-durable.agglo-larochelle.fr\/2022\/une-agglo-creative\/"},{"@type":"ListItem","position":3,"name":"Num\u00e9rique","item":"https:\/\/dev-durable.agglo-larochelle.fr\/2022\/une-agglo-creative\/numerique\/"},{"@type":"ListItem","position":4,"name":"Self data, le num\u00e9rique au service de la transition \u00e9cologique"}]},{"@type":"WebSite","@id":"https:\/\/dev-durable.agglo-larochelle.fr\/2022\/#website","url":"https:\/\/dev-durable.agglo-larochelle.fr\/2022\/","name":"Rapport du d\u00e9veloppement durable - 2022","description":"Rapport 2022 du d\u00e9veloppement durable","alternateName":"Communaut\u00e9 d'Agglom\u00e9ration de La Rochelle","potentialAction":[{"@type":"SearchAction","target":{"@type":"EntryPoint","urlTemplate":"https:\/\/dev-durable.agglo-larochelle.fr\/2022\/?s={search_term_string}"},"query-input":"required name=search_term_string"}],"inLanguage":"fr-FR"}]}},"_links":{"self":[{"href":"https:\/\/dev-durable.agglo-larochelle.fr\/2022\/wp-json\/wp\/v2\/pages\/2573"}],"collection":[{"href":"https:\/\/dev-durable.agglo-larochelle.fr\/2022\/wp-json\/wp\/v2\/pages"}],"about":[{"href":"https:\/\/dev-durable.agglo-larochelle.fr\/2022\/wp-json\/wp\/v2\/types\/page"}],"author":[{"embeddable":true,"href":"https:\/\/dev-durable.agglo-larochelle.fr\/2022\/wp-json\/wp\/v2\/users\/1"}],"replies":[{"embeddable":true,"href":"https:\/\/dev-durable.agglo-larochelle.fr\/2022\/wp-json\/wp\/v2\/comments?post=2573"}],"version-history":[{"count":5,"href":"https:\/\/dev-durable.agglo-larochelle.fr\/2022\/wp-json\/wp\/v2\/pages\/2573\/revisions"}],"predecessor-version":[{"id":2639,"href":"https:\/\/dev-durable.agglo-larochelle.fr\/2022\/wp-json\/wp\/v2\/pages\/2573\/revisions\/2639"}],"up":[{"embeddable":true,"href":"https:\/\/dev-durable.agglo-larochelle.fr\/2022\/wp-json\/wp\/v2\/pages\/2571"}],"wp:featuredmedia":[{"embeddable":true,"href":"https:\/\/dev-durable.agglo-larochelle.fr\/2022\/wp-json\/wp\/v2\/media\/665"}],"wp:attachment":[{"href":"https:\/\/dev-durable.agglo-larochelle.fr\/2022\/wp-json\/wp\/v2\/media?parent=2573"}],"curies":[{"name":"wp","href":"https:\/\/api.w.org\/{rel}","templated":true}]}}