{"id":2577,"date":"2022-11-21T17:17:49","date_gmt":"2022-11-21T16:17:49","guid":{"rendered":"https:\/\/dev-durable.agglo-larochelle.fr\/2022\/?page_id=2577"},"modified":"2022-12-06T09:41:01","modified_gmt":"2022-12-06T08:41:01","slug":"empreinte-carbone-numerique-du-tourisme-et-utilisation-responsable-des-reseaux-sociaux","status":"publish","type":"page","link":"https:\/\/dev-durable.agglo-larochelle.fr\/2022\/une-agglo-creative\/numerique\/empreinte-carbone-numerique-du-tourisme-et-utilisation-responsable-des-reseaux-sociaux\/","title":{"rendered":"L\u2019empreinte num\u00e9rique du tourisme fait l\u2019objet d\u2019une \u00e9valuation"},"content":{"rendered":"\n<p><strong>Une \u00e9valuation de l\u2019empreinte carbone g\u00e9n\u00e9r\u00e9e par le num\u00e9rique en lien avec le tourisme a \u00e9t\u00e9 lanc\u00e9e.<\/strong><\/p>\n<p>Cette \u00e9valuation vise \u00e0 quantifier et analyser la pollution num\u00e9rique g\u00e9n\u00e9r\u00e9e par les outils num\u00e9riques des offices de tourisme (OT) et \u00e0 la r\u00e9duire. Il s\u2019agit d\u2019\u00e9valuer l\u2019engagement des OT \u00e0 promouvoir un tourisme plus responsable, \u00e9thique et inclusif lors des prises de parole via les outils num\u00e9riques, et d\u2019analyser la capacit\u00e9 de leurs \u00e9cosyst\u00e8mes num\u00e9riques \u00e0 g\u00e9n\u00e9rer des retomb\u00e9es \u00e9conomiques vertueuses. Une action significative a \u00e9t\u00e9 engag\u00e9e par les OT avec une utilisation plus responsable des r\u00e9seaux sociaux. Une communication raisonnable a \u00e9t\u00e9 adopt\u00e9e tout en mettant en avant des \u00e9co-gestes vertueux (mobilit\u00e9 douce, protection de la nature).<\/p>\n","protected":false},"excerpt":{"rendered":"<p>Une \u00e9valuation de l\u2019empreinte carbone g\u00e9n\u00e9r\u00e9e par le num\u00e9rique en lien avec le tourisme a \u00e9t\u00e9 lanc\u00e9e. Cette \u00e9valuation vise \u00e0 quantifier et analyser la pollution num\u00e9rique g\u00e9n\u00e9r\u00e9e par les outils num\u00e9riques des offices de tourisme (OT) et \u00e0 la r\u00e9duire. Il s\u2019agit d\u2019\u00e9valuer l\u2019engagement des OT \u00e0 promouvoir un tourisme plus responsable, \u00e9thique et [&hellip;]<\/p>\n","protected":false},"author":1,"featured_media":2915,"parent":2571,"menu_order":1,"comment_status":"closed","ping_status":"closed","template":"page-sous-partie.php","meta":[],"acf":[],"yoast_head":"<!-- This site is optimized with the Yoast SEO plugin v19.12 - https:\/\/yoast.com\/wordpress\/plugins\/seo\/ -->\n<title>L\u2019empreinte num\u00e9rique du tourisme fait l\u2019objet d\u2019une \u00e9valuation - Rapport du d\u00e9veloppement durable<\/title>\n<meta name=\"robots\" content=\"index, follow, max-snippet:-1, max-image-preview:large, max-video-preview:-1\" \/>\n<link rel=\"canonical\" href=\"https:\/\/dev-durable.agglo-larochelle.fr\/2022\/une-agglo-creative\/numerique\/empreinte-carbone-numerique-du-tourisme-et-utilisation-responsable-des-reseaux-sociaux\/\" \/>\n<meta property=\"og:locale\" content=\"fr_FR\" \/>\n<meta property=\"og:type\" content=\"article\" \/>\n<meta property=\"og:title\" content=\"L\u2019empreinte num\u00e9rique du tourisme fait l\u2019objet d\u2019une \u00e9valuation - Rapport du d\u00e9veloppement durable\" \/>\n<meta property=\"og:description\" content=\"Une \u00e9valuation de l\u2019empreinte carbone g\u00e9n\u00e9r\u00e9e par le num\u00e9rique en lien avec le tourisme a \u00e9t\u00e9 lanc\u00e9e. Cette \u00e9valuation vise \u00e0 quantifier et analyser la pollution num\u00e9rique g\u00e9n\u00e9r\u00e9e par les outils num\u00e9riques des offices de tourisme (OT) et \u00e0 la r\u00e9duire. Il s\u2019agit d\u2019\u00e9valuer l\u2019engagement des OT \u00e0 promouvoir un tourisme plus responsable, \u00e9thique et [&hellip;]\" \/>\n<meta property=\"og:url\" content=\"https:\/\/dev-durable.agglo-larochelle.fr\/2022\/une-agglo-creative\/numerique\/empreinte-carbone-numerique-du-tourisme-et-utilisation-responsable-des-reseaux-sociaux\/\" \/>\n<meta property=\"og:site_name\" content=\"Rapport du d\u00e9veloppement durable\" \/>\n<meta property=\"article:modified_time\" content=\"2022-12-06T08:41:01+00:00\" \/>\n<meta property=\"og:image\" content=\"https:\/\/dev-durable.agglo-larochelle.fr\/2022\/wp-content\/uploads\/2022\/12\/ot.jpg\" \/>\n\t<meta property=\"og:image:width\" content=\"650\" \/>\n\t<meta property=\"og:image:height\" content=\"300\" \/>\n\t<meta property=\"og:image:type\" content=\"image\/jpeg\" \/>\n<meta name=\"twitter:card\" content=\"summary_large_image\" \/>\n<meta name=\"twitter:label1\" content=\"Dur\u00e9e de lecture estim\u00e9e\" \/>\n\t<meta name=\"twitter:data1\" content=\"1 minute\" \/>\n<script type=\"application\/ld+json\" class=\"yoast-schema-graph\">{\"@context\":\"https:\/\/schema.org\",\"@graph\":[{\"@type\":\"WebPage\",\"@id\":\"https:\/\/dev-durable.agglo-larochelle.fr\/2022\/une-agglo-creative\/numerique\/empreinte-carbone-numerique-du-tourisme-et-utilisation-responsable-des-reseaux-sociaux\/\",\"url\":\"https:\/\/dev-durable.agglo-larochelle.fr\/2022\/une-agglo-creative\/numerique\/empreinte-carbone-numerique-du-tourisme-et-utilisation-responsable-des-reseaux-sociaux\/\",\"name\":\"L\u2019empreinte num\u00e9rique du tourisme fait l\u2019objet d\u2019une \u00e9valuation - Rapport du d\u00e9veloppement durable\",\"isPartOf\":{\"@id\":\"https:\/\/dev-durable.agglo-larochelle.fr\/2022\/#website\"},\"datePublished\":\"2022-11-21T16:17:49+00:00\",\"dateModified\":\"2022-12-06T08:41:01+00:00\",\"breadcrumb\":{\"@id\":\"https:\/\/dev-durable.agglo-larochelle.fr\/2022\/une-agglo-creative\/numerique\/empreinte-carbone-numerique-du-tourisme-et-utilisation-responsable-des-reseaux-sociaux\/#breadcrumb\"},\"inLanguage\":\"fr-FR\",\"potentialAction\":[{\"@type\":\"ReadAction\",\"target\":[\"https:\/\/dev-durable.agglo-larochelle.fr\/2022\/une-agglo-creative\/numerique\/empreinte-carbone-numerique-du-tourisme-et-utilisation-responsable-des-reseaux-sociaux\/\"]}]},{\"@type\":\"BreadcrumbList\",\"@id\":\"https:\/\/dev-durable.agglo-larochelle.fr\/2022\/une-agglo-creative\/numerique\/empreinte-carbone-numerique-du-tourisme-et-utilisation-responsable-des-reseaux-sociaux\/#breadcrumb\",\"itemListElement\":[{\"@type\":\"ListItem\",\"position\":1,\"name\":\"Accueil\",\"item\":\"https:\/\/dev-durable.agglo-larochelle.fr\/2022\/\"},{\"@type\":\"ListItem\",\"position\":2,\"name\":\"Une Agglo cr\u00e9ative\",\"item\":\"https:\/\/dev-durable.agglo-larochelle.fr\/2022\/une-agglo-creative\/\"},{\"@type\":\"ListItem\",\"position\":3,\"name\":\"Num\u00e9rique\",\"item\":\"https:\/\/dev-durable.agglo-larochelle.fr\/2022\/une-agglo-creative\/numerique\/\"},{\"@type\":\"ListItem\",\"position\":4,\"name\":\"L\u2019empreinte num\u00e9rique du tourisme fait l\u2019objet d\u2019une \u00e9valuation\"}]},{\"@type\":\"WebSite\",\"@id\":\"https:\/\/dev-durable.agglo-larochelle.fr\/2022\/#website\",\"url\":\"https:\/\/dev-durable.agglo-larochelle.fr\/2022\/\",\"name\":\"Rapport du d\u00e9veloppement durable - 2022\",\"description\":\"Rapport 2022 du d\u00e9veloppement durable\",\"alternateName\":\"Communaut\u00e9 d'Agglom\u00e9ration de La Rochelle\",\"potentialAction\":[{\"@type\":\"SearchAction\",\"target\":{\"@type\":\"EntryPoint\",\"urlTemplate\":\"https:\/\/dev-durable.agglo-larochelle.fr\/2022\/?s={search_term_string}\"},\"query-input\":\"required name=search_term_string\"}],\"inLanguage\":\"fr-FR\"}]}<\/script>\n<!-- \/ Yoast SEO plugin. -->","yoast_head_json":{"title":"L\u2019empreinte num\u00e9rique du tourisme fait l\u2019objet d\u2019une \u00e9valuation - Rapport du d\u00e9veloppement durable","robots":{"index":"index","follow":"follow","max-snippet":"max-snippet:-1","max-image-preview":"max-image-preview:large","max-video-preview":"max-video-preview:-1"},"canonical":"https:\/\/dev-durable.agglo-larochelle.fr\/2022\/une-agglo-creative\/numerique\/empreinte-carbone-numerique-du-tourisme-et-utilisation-responsable-des-reseaux-sociaux\/","og_locale":"fr_FR","og_type":"article","og_title":"L\u2019empreinte num\u00e9rique du tourisme fait l\u2019objet d\u2019une \u00e9valuation - Rapport du d\u00e9veloppement durable","og_description":"Une \u00e9valuation de l\u2019empreinte carbone g\u00e9n\u00e9r\u00e9e par le num\u00e9rique en lien avec le tourisme a \u00e9t\u00e9 lanc\u00e9e. Cette \u00e9valuation vise \u00e0 quantifier et analyser la pollution num\u00e9rique g\u00e9n\u00e9r\u00e9e par les outils num\u00e9riques des offices de tourisme (OT) et \u00e0 la r\u00e9duire. Il s\u2019agit d\u2019\u00e9valuer l\u2019engagement des OT \u00e0 promouvoir un tourisme plus responsable, \u00e9thique et [&hellip;]","og_url":"https:\/\/dev-durable.agglo-larochelle.fr\/2022\/une-agglo-creative\/numerique\/empreinte-carbone-numerique-du-tourisme-et-utilisation-responsable-des-reseaux-sociaux\/","og_site_name":"Rapport du d\u00e9veloppement durable","article_modified_time":"2022-12-06T08:41:01+00:00","og_image":[{"width":650,"height":300,"url":"https:\/\/dev-durable.agglo-larochelle.fr\/2022\/wp-content\/uploads\/2022\/12\/ot.jpg","type":"image\/jpeg"}],"twitter_card":"summary_large_image","twitter_misc":{"Dur\u00e9e de lecture estim\u00e9e":"1 minute"},"schema":{"@context":"https:\/\/schema.org","@graph":[{"@type":"WebPage","@id":"https:\/\/dev-durable.agglo-larochelle.fr\/2022\/une-agglo-creative\/numerique\/empreinte-carbone-numerique-du-tourisme-et-utilisation-responsable-des-reseaux-sociaux\/","url":"https:\/\/dev-durable.agglo-larochelle.fr\/2022\/une-agglo-creative\/numerique\/empreinte-carbone-numerique-du-tourisme-et-utilisation-responsable-des-reseaux-sociaux\/","name":"L\u2019empreinte num\u00e9rique du tourisme fait l\u2019objet d\u2019une \u00e9valuation - Rapport du d\u00e9veloppement durable","isPartOf":{"@id":"https:\/\/dev-durable.agglo-larochelle.fr\/2022\/#website"},"datePublished":"2022-11-21T16:17:49+00:00","dateModified":"2022-12-06T08:41:01+00:00","breadcrumb":{"@id":"https:\/\/dev-durable.agglo-larochelle.fr\/2022\/une-agglo-creative\/numerique\/empreinte-carbone-numerique-du-tourisme-et-utilisation-responsable-des-reseaux-sociaux\/#breadcrumb"},"inLanguage":"fr-FR","potentialAction":[{"@type":"ReadAction","target":["https:\/\/dev-durable.agglo-larochelle.fr\/2022\/une-agglo-creative\/numerique\/empreinte-carbone-numerique-du-tourisme-et-utilisation-responsable-des-reseaux-sociaux\/"]}]},{"@type":"BreadcrumbList","@id":"https:\/\/dev-durable.agglo-larochelle.fr\/2022\/une-agglo-creative\/numerique\/empreinte-carbone-numerique-du-tourisme-et-utilisation-responsable-des-reseaux-sociaux\/#breadcrumb","itemListElement":[{"@type":"ListItem","position":1,"name":"Accueil","item":"https:\/\/dev-durable.agglo-larochelle.fr\/2022\/"},{"@type":"ListItem","position":2,"name":"Une Agglo cr\u00e9ative","item":"https:\/\/dev-durable.agglo-larochelle.fr\/2022\/une-agglo-creative\/"},{"@type":"ListItem","position":3,"name":"Num\u00e9rique","item":"https:\/\/dev-durable.agglo-larochelle.fr\/2022\/une-agglo-creative\/numerique\/"},{"@type":"ListItem","position":4,"name":"L\u2019empreinte num\u00e9rique du tourisme fait l\u2019objet d\u2019une \u00e9valuation"}]},{"@type":"WebSite","@id":"https:\/\/dev-durable.agglo-larochelle.fr\/2022\/#website","url":"https:\/\/dev-durable.agglo-larochelle.fr\/2022\/","name":"Rapport du d\u00e9veloppement durable - 2022","description":"Rapport 2022 du d\u00e9veloppement durable","alternateName":"Communaut\u00e9 d'Agglom\u00e9ration de La Rochelle","potentialAction":[{"@type":"SearchAction","target":{"@type":"EntryPoint","urlTemplate":"https:\/\/dev-durable.agglo-larochelle.fr\/2022\/?s={search_term_string}"},"query-input":"required name=search_term_string"}],"inLanguage":"fr-FR"}]}},"_links":{"self":[{"href":"https:\/\/dev-durable.agglo-larochelle.fr\/2022\/wp-json\/wp\/v2\/pages\/2577"}],"collection":[{"href":"https:\/\/dev-durable.agglo-larochelle.fr\/2022\/wp-json\/wp\/v2\/pages"}],"about":[{"href":"https:\/\/dev-durable.agglo-larochelle.fr\/2022\/wp-json\/wp\/v2\/types\/page"}],"author":[{"embeddable":true,"href":"https:\/\/dev-durable.agglo-larochelle.fr\/2022\/wp-json\/wp\/v2\/users\/1"}],"replies":[{"embeddable":true,"href":"https:\/\/dev-durable.agglo-larochelle.fr\/2022\/wp-json\/wp\/v2\/comments?post=2577"}],"version-history":[{"count":3,"href":"https:\/\/dev-durable.agglo-larochelle.fr\/2022\/wp-json\/wp\/v2\/pages\/2577\/revisions"}],"predecessor-version":[{"id":2640,"href":"https:\/\/dev-durable.agglo-larochelle.fr\/2022\/wp-json\/wp\/v2\/pages\/2577\/revisions\/2640"}],"up":[{"embeddable":true,"href":"https:\/\/dev-durable.agglo-larochelle.fr\/2022\/wp-json\/wp\/v2\/pages\/2571"}],"wp:featuredmedia":[{"embeddable":true,"href":"https:\/\/dev-durable.agglo-larochelle.fr\/2022\/wp-json\/wp\/v2\/media\/2915"}],"wp:attachment":[{"href":"https:\/\/dev-durable.agglo-larochelle.fr\/2022\/wp-json\/wp\/v2\/media?parent=2577"}],"curies":[{"name":"wp","href":"https:\/\/api.w.org\/{rel}","templated":true}]}}