{"id":2581,"date":"2022-11-21T17:19:29","date_gmt":"2022-11-21T16:19:29","guid":{"rendered":"https:\/\/dev-durable.agglo-larochelle.fr\/2022\/?page_id=2581"},"modified":"2022-12-06T10:12:28","modified_gmt":"2022-12-06T09:12:28","slug":"creation-dun-mooc-eco-conception","status":"publish","type":"page","link":"https:\/\/dev-durable.agglo-larochelle.fr\/2022\/une-agglo-creative\/numerique\/creation-dun-mooc-eco-conception\/","title":{"rendered":"Cr\u00e9ation d\u2019un MOOC \u00e9coconception de services num\u00e9riques"},"content":{"rendered":"\n<p><strong>Ce MOOC s\u2019adresse aux \u00e9tudiants et professionnels de la conception de service num\u00e9rique qui souhaitent acqu\u00e9rir les premi\u00e8res cl\u00e9s de compr\u00e9hension et de mise en \u0153uvre de conception responsable.<\/strong><\/p>\n<p>Le num\u00e9rique responsable offre l\u2019opportunit\u00e9 de (re)donner du sens aux actions quotidiennes de la vie professionnelle et personnelle. Afin d\u2019apprendre \u00e0 mettre en \u0153uvre de nouveaux services num\u00e9riques, un MOOC \u201c\u00e9coconception\u201d a \u00e9t\u00e9 d\u00e9velopp\u00e9 pour les \u00e9tudiants et professionnels de la conception. Ce MOOC, compos\u00e9 de dix modules et d\u2019un quizz, a \u00e9t\u00e9 initi\u00e9 par la Communaut\u00e9 d\u2019Agglom\u00e9ration de La Rochelle, r\u00e9alis\u00e9 par l\u2019Institut du Num\u00e9rique Responsable et La Rochelle Universit\u00e9 et financ\u00e9 avec le concours du Grand Plan d\u2019investissement, la R\u00e9gion Nouvelle Aquitaine, l\u2019Union Europ\u00e9enne et l\u2019ADEME dans le cadre du projet \u00ab La Rochelle Territoire Z\u00e9ro Carbone \u00bb.<\/p>\n","protected":false},"excerpt":{"rendered":"<p>Ce MOOC s\u2019adresse aux \u00e9tudiants et professionnels de la conception de service num\u00e9rique qui souhaitent acqu\u00e9rir les premi\u00e8res cl\u00e9s de compr\u00e9hension et de mise en \u0153uvre de conception responsable. Le num\u00e9rique responsable offre l\u2019opportunit\u00e9 de (re)donner du sens aux actions quotidiennes de la vie professionnelle et personnelle. Afin d\u2019apprendre \u00e0 mettre en \u0153uvre de nouveaux [&hellip;]<\/p>\n","protected":false},"author":1,"featured_media":2918,"parent":2571,"menu_order":1,"comment_status":"closed","ping_status":"closed","template":"page-sous-partie.php","meta":[],"acf":[],"yoast_head":"<!-- This site is optimized with the Yoast SEO plugin v19.12 - https:\/\/yoast.com\/wordpress\/plugins\/seo\/ -->\n<title>Cr\u00e9ation d\u2019un MOOC \u00e9coconception de services num\u00e9riques - Rapport du d\u00e9veloppement durable<\/title>\n<meta name=\"robots\" content=\"index, follow, max-snippet:-1, max-image-preview:large, max-video-preview:-1\" \/>\n<link rel=\"canonical\" href=\"https:\/\/dev-durable.agglo-larochelle.fr\/2022\/une-agglo-creative\/numerique\/creation-dun-mooc-eco-conception\/\" \/>\n<meta property=\"og:locale\" content=\"fr_FR\" \/>\n<meta property=\"og:type\" content=\"article\" \/>\n<meta property=\"og:title\" content=\"Cr\u00e9ation d\u2019un MOOC \u00e9coconception de services num\u00e9riques - Rapport du d\u00e9veloppement durable\" \/>\n<meta property=\"og:description\" content=\"Ce MOOC s\u2019adresse aux \u00e9tudiants et professionnels de la conception de service num\u00e9rique qui souhaitent acqu\u00e9rir les premi\u00e8res cl\u00e9s de compr\u00e9hension et de mise en \u0153uvre de conception responsable. Le num\u00e9rique responsable offre l\u2019opportunit\u00e9 de (re)donner du sens aux actions quotidiennes de la vie professionnelle et personnelle. Afin d\u2019apprendre \u00e0 mettre en \u0153uvre de nouveaux [&hellip;]\" \/>\n<meta property=\"og:url\" content=\"https:\/\/dev-durable.agglo-larochelle.fr\/2022\/une-agglo-creative\/numerique\/creation-dun-mooc-eco-conception\/\" \/>\n<meta property=\"og:site_name\" content=\"Rapport du d\u00e9veloppement durable\" \/>\n<meta property=\"article:modified_time\" content=\"2022-12-06T09:12:28+00:00\" \/>\n<meta property=\"og:image\" content=\"https:\/\/dev-durable.agglo-larochelle.fr\/2022\/wp-content\/uploads\/2022\/12\/mooc.jpg\" \/>\n\t<meta property=\"og:image:width\" content=\"650\" \/>\n\t<meta property=\"og:image:height\" content=\"300\" \/>\n\t<meta property=\"og:image:type\" content=\"image\/jpeg\" \/>\n<meta name=\"twitter:card\" content=\"summary_large_image\" \/>\n<meta name=\"twitter:label1\" content=\"Dur\u00e9e de lecture estim\u00e9e\" \/>\n\t<meta name=\"twitter:data1\" content=\"1 minute\" \/>\n<script type=\"application\/ld+json\" class=\"yoast-schema-graph\">{\"@context\":\"https:\/\/schema.org\",\"@graph\":[{\"@type\":\"WebPage\",\"@id\":\"https:\/\/dev-durable.agglo-larochelle.fr\/2022\/une-agglo-creative\/numerique\/creation-dun-mooc-eco-conception\/\",\"url\":\"https:\/\/dev-durable.agglo-larochelle.fr\/2022\/une-agglo-creative\/numerique\/creation-dun-mooc-eco-conception\/\",\"name\":\"Cr\u00e9ation d\u2019un MOOC \u00e9coconception de services num\u00e9riques - Rapport du d\u00e9veloppement durable\",\"isPartOf\":{\"@id\":\"https:\/\/dev-durable.agglo-larochelle.fr\/2022\/#website\"},\"datePublished\":\"2022-11-21T16:19:29+00:00\",\"dateModified\":\"2022-12-06T09:12:28+00:00\",\"breadcrumb\":{\"@id\":\"https:\/\/dev-durable.agglo-larochelle.fr\/2022\/une-agglo-creative\/numerique\/creation-dun-mooc-eco-conception\/#breadcrumb\"},\"inLanguage\":\"fr-FR\",\"potentialAction\":[{\"@type\":\"ReadAction\",\"target\":[\"https:\/\/dev-durable.agglo-larochelle.fr\/2022\/une-agglo-creative\/numerique\/creation-dun-mooc-eco-conception\/\"]}]},{\"@type\":\"BreadcrumbList\",\"@id\":\"https:\/\/dev-durable.agglo-larochelle.fr\/2022\/une-agglo-creative\/numerique\/creation-dun-mooc-eco-conception\/#breadcrumb\",\"itemListElement\":[{\"@type\":\"ListItem\",\"position\":1,\"name\":\"Accueil\",\"item\":\"https:\/\/dev-durable.agglo-larochelle.fr\/2022\/\"},{\"@type\":\"ListItem\",\"position\":2,\"name\":\"Une Agglo cr\u00e9ative\",\"item\":\"https:\/\/dev-durable.agglo-larochelle.fr\/2022\/une-agglo-creative\/\"},{\"@type\":\"ListItem\",\"position\":3,\"name\":\"Num\u00e9rique\",\"item\":\"https:\/\/dev-durable.agglo-larochelle.fr\/2022\/une-agglo-creative\/numerique\/\"},{\"@type\":\"ListItem\",\"position\":4,\"name\":\"Cr\u00e9ation d\u2019un MOOC \u00e9coconception de services num\u00e9riques\"}]},{\"@type\":\"WebSite\",\"@id\":\"https:\/\/dev-durable.agglo-larochelle.fr\/2022\/#website\",\"url\":\"https:\/\/dev-durable.agglo-larochelle.fr\/2022\/\",\"name\":\"Rapport du d\u00e9veloppement durable - 2022\",\"description\":\"Rapport 2022 du d\u00e9veloppement durable\",\"alternateName\":\"Communaut\u00e9 d'Agglom\u00e9ration de La Rochelle\",\"potentialAction\":[{\"@type\":\"SearchAction\",\"target\":{\"@type\":\"EntryPoint\",\"urlTemplate\":\"https:\/\/dev-durable.agglo-larochelle.fr\/2022\/?s={search_term_string}\"},\"query-input\":\"required name=search_term_string\"}],\"inLanguage\":\"fr-FR\"}]}<\/script>\n<!-- \/ Yoast SEO plugin. -->","yoast_head_json":{"title":"Cr\u00e9ation d\u2019un MOOC \u00e9coconception de services num\u00e9riques - Rapport du d\u00e9veloppement durable","robots":{"index":"index","follow":"follow","max-snippet":"max-snippet:-1","max-image-preview":"max-image-preview:large","max-video-preview":"max-video-preview:-1"},"canonical":"https:\/\/dev-durable.agglo-larochelle.fr\/2022\/une-agglo-creative\/numerique\/creation-dun-mooc-eco-conception\/","og_locale":"fr_FR","og_type":"article","og_title":"Cr\u00e9ation d\u2019un MOOC \u00e9coconception de services num\u00e9riques - Rapport du d\u00e9veloppement durable","og_description":"Ce MOOC s\u2019adresse aux \u00e9tudiants et professionnels de la conception de service num\u00e9rique qui souhaitent acqu\u00e9rir les premi\u00e8res cl\u00e9s de compr\u00e9hension et de mise en \u0153uvre de conception responsable. Le num\u00e9rique responsable offre l\u2019opportunit\u00e9 de (re)donner du sens aux actions quotidiennes de la vie professionnelle et personnelle. Afin d\u2019apprendre \u00e0 mettre en \u0153uvre de nouveaux [&hellip;]","og_url":"https:\/\/dev-durable.agglo-larochelle.fr\/2022\/une-agglo-creative\/numerique\/creation-dun-mooc-eco-conception\/","og_site_name":"Rapport du d\u00e9veloppement durable","article_modified_time":"2022-12-06T09:12:28+00:00","og_image":[{"width":650,"height":300,"url":"https:\/\/dev-durable.agglo-larochelle.fr\/2022\/wp-content\/uploads\/2022\/12\/mooc.jpg","type":"image\/jpeg"}],"twitter_card":"summary_large_image","twitter_misc":{"Dur\u00e9e de lecture estim\u00e9e":"1 minute"},"schema":{"@context":"https:\/\/schema.org","@graph":[{"@type":"WebPage","@id":"https:\/\/dev-durable.agglo-larochelle.fr\/2022\/une-agglo-creative\/numerique\/creation-dun-mooc-eco-conception\/","url":"https:\/\/dev-durable.agglo-larochelle.fr\/2022\/une-agglo-creative\/numerique\/creation-dun-mooc-eco-conception\/","name":"Cr\u00e9ation d\u2019un MOOC \u00e9coconception de services num\u00e9riques - Rapport du d\u00e9veloppement durable","isPartOf":{"@id":"https:\/\/dev-durable.agglo-larochelle.fr\/2022\/#website"},"datePublished":"2022-11-21T16:19:29+00:00","dateModified":"2022-12-06T09:12:28+00:00","breadcrumb":{"@id":"https:\/\/dev-durable.agglo-larochelle.fr\/2022\/une-agglo-creative\/numerique\/creation-dun-mooc-eco-conception\/#breadcrumb"},"inLanguage":"fr-FR","potentialAction":[{"@type":"ReadAction","target":["https:\/\/dev-durable.agglo-larochelle.fr\/2022\/une-agglo-creative\/numerique\/creation-dun-mooc-eco-conception\/"]}]},{"@type":"BreadcrumbList","@id":"https:\/\/dev-durable.agglo-larochelle.fr\/2022\/une-agglo-creative\/numerique\/creation-dun-mooc-eco-conception\/#breadcrumb","itemListElement":[{"@type":"ListItem","position":1,"name":"Accueil","item":"https:\/\/dev-durable.agglo-larochelle.fr\/2022\/"},{"@type":"ListItem","position":2,"name":"Une Agglo cr\u00e9ative","item":"https:\/\/dev-durable.agglo-larochelle.fr\/2022\/une-agglo-creative\/"},{"@type":"ListItem","position":3,"name":"Num\u00e9rique","item":"https:\/\/dev-durable.agglo-larochelle.fr\/2022\/une-agglo-creative\/numerique\/"},{"@type":"ListItem","position":4,"name":"Cr\u00e9ation d\u2019un MOOC \u00e9coconception de services num\u00e9riques"}]},{"@type":"WebSite","@id":"https:\/\/dev-durable.agglo-larochelle.fr\/2022\/#website","url":"https:\/\/dev-durable.agglo-larochelle.fr\/2022\/","name":"Rapport du d\u00e9veloppement durable - 2022","description":"Rapport 2022 du d\u00e9veloppement durable","alternateName":"Communaut\u00e9 d'Agglom\u00e9ration de La Rochelle","potentialAction":[{"@type":"SearchAction","target":{"@type":"EntryPoint","urlTemplate":"https:\/\/dev-durable.agglo-larochelle.fr\/2022\/?s={search_term_string}"},"query-input":"required name=search_term_string"}],"inLanguage":"fr-FR"}]}},"_links":{"self":[{"href":"https:\/\/dev-durable.agglo-larochelle.fr\/2022\/wp-json\/wp\/v2\/pages\/2581"}],"collection":[{"href":"https:\/\/dev-durable.agglo-larochelle.fr\/2022\/wp-json\/wp\/v2\/pages"}],"about":[{"href":"https:\/\/dev-durable.agglo-larochelle.fr\/2022\/wp-json\/wp\/v2\/types\/page"}],"author":[{"embeddable":true,"href":"https:\/\/dev-durable.agglo-larochelle.fr\/2022\/wp-json\/wp\/v2\/users\/1"}],"replies":[{"embeddable":true,"href":"https:\/\/dev-durable.agglo-larochelle.fr\/2022\/wp-json\/wp\/v2\/comments?post=2581"}],"version-history":[{"count":3,"href":"https:\/\/dev-durable.agglo-larochelle.fr\/2022\/wp-json\/wp\/v2\/pages\/2581\/revisions"}],"predecessor-version":[{"id":2641,"href":"https:\/\/dev-durable.agglo-larochelle.fr\/2022\/wp-json\/wp\/v2\/pages\/2581\/revisions\/2641"}],"up":[{"embeddable":true,"href":"https:\/\/dev-durable.agglo-larochelle.fr\/2022\/wp-json\/wp\/v2\/pages\/2571"}],"wp:featuredmedia":[{"embeddable":true,"href":"https:\/\/dev-durable.agglo-larochelle.fr\/2022\/wp-json\/wp\/v2\/media\/2918"}],"wp:attachment":[{"href":"https:\/\/dev-durable.agglo-larochelle.fr\/2022\/wp-json\/wp\/v2\/media?parent=2581"}],"curies":[{"name":"wp","href":"https:\/\/api.w.org\/{rel}","templated":true}]}}