{"id":2652,"date":"2022-11-22T17:18:17","date_gmt":"2022-11-22T16:18:17","guid":{"rendered":"https:\/\/dev-durable.agglo-larochelle.fr\/2022\/?page_id=2652"},"modified":"2022-12-06T10:16:12","modified_gmt":"2022-12-06T09:16:12","slug":"avec-le-marching-band-la-culture-federe-le-territoire","status":"publish","type":"page","link":"https:\/\/dev-durable.agglo-larochelle.fr\/2022\/une-agglo-creative\/culture\/avec-le-marching-band-la-culture-federe-le-territoire\/","title":{"rendered":"Avec le Marching Band, la culture f\u00e9d\u00e8re le territoire"},"content":{"rendered":"<p><strong>Le \u00ab\u00a0Marching Band\u00a0\u00bb est l\u2019orchestre itin\u00e9rant du Conservatoire de Musique et Danse de l\u2019Agglom\u00e9ration. Il met en musique toute l\u2019ann\u00e9e les animations sur les communes du territoire.<\/strong><\/p>\n<p>Le projet de territoire de l\u2019Agglom\u00e9ration s\u2019articule autour du bien-\u00eatre de ses habitants et d\u2019une identit\u00e9 commune. Au m\u00eame titre que l\u2019environnement et la neutralit\u00e9 carbone, la culture occupe donc une place de choix. Le Conservatoire de Musique et de Danse de l\u2019Agglom\u00e9ration propose toute l\u2019ann\u00e9e des d\u00e9ambulations en plein air, \u00e0 l\u2019occasion d\u2019\u00e9v\u00e9nements d\u00e9ploy\u00e9s sur tout le territoire. En allant \u00e0 la rencontre des publics, les musiciens participent \u00e0 la coh\u00e9sion sociale et \u00e0 la diffusion de la culture. Le Marching Band est pr\u00e9sent sur un tr\u00e8s grand nombre d\u2019\u00e9v\u00e9nements\u00a0: Journ\u00e9es du Patrimoine, 50 ans de la piscine Lucien Maylin, festivals, etc.<\/p>\n","protected":false},"excerpt":{"rendered":"<p>Le \u00ab\u00a0Marching Band\u00a0\u00bb est l\u2019orchestre itin\u00e9rant du Conservatoire de Musique et Danse de l\u2019Agglom\u00e9ration. Il met en musique toute l\u2019ann\u00e9e les animations sur les communes du territoire. Le projet de territoire de l\u2019Agglom\u00e9ration s\u2019articule autour du bien-\u00eatre de ses habitants et d\u2019une identit\u00e9 commune. Au m\u00eame titre que l\u2019environnement et la neutralit\u00e9 carbone, la culture [&hellip;]<\/p>\n","protected":false},"author":1,"featured_media":2919,"parent":2650,"menu_order":1,"comment_status":"closed","ping_status":"closed","template":"page-sous-partie.php","meta":[],"acf":[],"yoast_head":"<!-- This site is optimized with the Yoast SEO plugin v19.12 - https:\/\/yoast.com\/wordpress\/plugins\/seo\/ -->\n<title>Avec le Marching Band, la culture f\u00e9d\u00e8re le territoire - Rapport du d\u00e9veloppement durable<\/title>\n<meta name=\"robots\" content=\"index, follow, max-snippet:-1, max-image-preview:large, max-video-preview:-1\" \/>\n<link rel=\"canonical\" href=\"https:\/\/dev-durable.agglo-larochelle.fr\/2022\/une-agglo-creative\/culture\/avec-le-marching-band-la-culture-federe-le-territoire\/\" \/>\n<meta property=\"og:locale\" content=\"fr_FR\" \/>\n<meta property=\"og:type\" content=\"article\" \/>\n<meta property=\"og:title\" content=\"Avec le Marching Band, la culture f\u00e9d\u00e8re le territoire - Rapport du d\u00e9veloppement durable\" \/>\n<meta property=\"og:description\" content=\"Le \u00ab\u00a0Marching Band\u00a0\u00bb est l\u2019orchestre itin\u00e9rant du Conservatoire de Musique et Danse de l\u2019Agglom\u00e9ration. Il met en musique toute l\u2019ann\u00e9e les animations sur les communes du territoire. Le projet de territoire de l\u2019Agglom\u00e9ration s\u2019articule autour du bien-\u00eatre de ses habitants et d\u2019une identit\u00e9 commune. Au m\u00eame titre que l\u2019environnement et la neutralit\u00e9 carbone, la culture [&hellip;]\" \/>\n<meta property=\"og:url\" content=\"https:\/\/dev-durable.agglo-larochelle.fr\/2022\/une-agglo-creative\/culture\/avec-le-marching-band-la-culture-federe-le-territoire\/\" \/>\n<meta property=\"og:site_name\" content=\"Rapport du d\u00e9veloppement durable\" \/>\n<meta property=\"article:modified_time\" content=\"2022-12-06T09:16:12+00:00\" \/>\n<meta property=\"og:image\" content=\"https:\/\/dev-durable.agglo-larochelle.fr\/2022\/wp-content\/uploads\/2022\/12\/conservatoire.jpg\" \/>\n\t<meta property=\"og:image:width\" content=\"650\" \/>\n\t<meta property=\"og:image:height\" content=\"300\" \/>\n\t<meta property=\"og:image:type\" content=\"image\/jpeg\" \/>\n<meta name=\"twitter:card\" content=\"summary_large_image\" \/>\n<meta name=\"twitter:label1\" content=\"Dur\u00e9e de lecture estim\u00e9e\" \/>\n\t<meta name=\"twitter:data1\" content=\"1 minute\" \/>\n<script type=\"application\/ld+json\" class=\"yoast-schema-graph\">{\"@context\":\"https:\/\/schema.org\",\"@graph\":[{\"@type\":\"WebPage\",\"@id\":\"https:\/\/dev-durable.agglo-larochelle.fr\/2022\/une-agglo-creative\/culture\/avec-le-marching-band-la-culture-federe-le-territoire\/\",\"url\":\"https:\/\/dev-durable.agglo-larochelle.fr\/2022\/une-agglo-creative\/culture\/avec-le-marching-band-la-culture-federe-le-territoire\/\",\"name\":\"Avec le Marching Band, la culture f\u00e9d\u00e8re le territoire - Rapport du d\u00e9veloppement durable\",\"isPartOf\":{\"@id\":\"https:\/\/dev-durable.agglo-larochelle.fr\/2022\/#website\"},\"datePublished\":\"2022-11-22T16:18:17+00:00\",\"dateModified\":\"2022-12-06T09:16:12+00:00\",\"breadcrumb\":{\"@id\":\"https:\/\/dev-durable.agglo-larochelle.fr\/2022\/une-agglo-creative\/culture\/avec-le-marching-band-la-culture-federe-le-territoire\/#breadcrumb\"},\"inLanguage\":\"fr-FR\",\"potentialAction\":[{\"@type\":\"ReadAction\",\"target\":[\"https:\/\/dev-durable.agglo-larochelle.fr\/2022\/une-agglo-creative\/culture\/avec-le-marching-band-la-culture-federe-le-territoire\/\"]}]},{\"@type\":\"BreadcrumbList\",\"@id\":\"https:\/\/dev-durable.agglo-larochelle.fr\/2022\/une-agglo-creative\/culture\/avec-le-marching-band-la-culture-federe-le-territoire\/#breadcrumb\",\"itemListElement\":[{\"@type\":\"ListItem\",\"position\":1,\"name\":\"Accueil\",\"item\":\"https:\/\/dev-durable.agglo-larochelle.fr\/2022\/\"},{\"@type\":\"ListItem\",\"position\":2,\"name\":\"Une Agglo cr\u00e9ative\",\"item\":\"https:\/\/dev-durable.agglo-larochelle.fr\/2022\/une-agglo-creative\/\"},{\"@type\":\"ListItem\",\"position\":3,\"name\":\"Culture\",\"item\":\"https:\/\/dev-durable.agglo-larochelle.fr\/2022\/une-agglo-creative\/culture\/\"},{\"@type\":\"ListItem\",\"position\":4,\"name\":\"Avec le Marching Band, la culture f\u00e9d\u00e8re le territoire\"}]},{\"@type\":\"WebSite\",\"@id\":\"https:\/\/dev-durable.agglo-larochelle.fr\/2022\/#website\",\"url\":\"https:\/\/dev-durable.agglo-larochelle.fr\/2022\/\",\"name\":\"Rapport du d\u00e9veloppement durable - 2022\",\"description\":\"Rapport 2022 du d\u00e9veloppement durable\",\"alternateName\":\"Communaut\u00e9 d'Agglom\u00e9ration de La Rochelle\",\"potentialAction\":[{\"@type\":\"SearchAction\",\"target\":{\"@type\":\"EntryPoint\",\"urlTemplate\":\"https:\/\/dev-durable.agglo-larochelle.fr\/2022\/?s={search_term_string}\"},\"query-input\":\"required name=search_term_string\"}],\"inLanguage\":\"fr-FR\"}]}<\/script>\n<!-- \/ Yoast SEO plugin. -->","yoast_head_json":{"title":"Avec le Marching Band, la culture f\u00e9d\u00e8re le territoire - Rapport du d\u00e9veloppement durable","robots":{"index":"index","follow":"follow","max-snippet":"max-snippet:-1","max-image-preview":"max-image-preview:large","max-video-preview":"max-video-preview:-1"},"canonical":"https:\/\/dev-durable.agglo-larochelle.fr\/2022\/une-agglo-creative\/culture\/avec-le-marching-band-la-culture-federe-le-territoire\/","og_locale":"fr_FR","og_type":"article","og_title":"Avec le Marching Band, la culture f\u00e9d\u00e8re le territoire - Rapport du d\u00e9veloppement durable","og_description":"Le \u00ab\u00a0Marching Band\u00a0\u00bb est l\u2019orchestre itin\u00e9rant du Conservatoire de Musique et Danse de l\u2019Agglom\u00e9ration. Il met en musique toute l\u2019ann\u00e9e les animations sur les communes du territoire. Le projet de territoire de l\u2019Agglom\u00e9ration s\u2019articule autour du bien-\u00eatre de ses habitants et d\u2019une identit\u00e9 commune. Au m\u00eame titre que l\u2019environnement et la neutralit\u00e9 carbone, la culture [&hellip;]","og_url":"https:\/\/dev-durable.agglo-larochelle.fr\/2022\/une-agglo-creative\/culture\/avec-le-marching-band-la-culture-federe-le-territoire\/","og_site_name":"Rapport du d\u00e9veloppement durable","article_modified_time":"2022-12-06T09:16:12+00:00","og_image":[{"width":650,"height":300,"url":"https:\/\/dev-durable.agglo-larochelle.fr\/2022\/wp-content\/uploads\/2022\/12\/conservatoire.jpg","type":"image\/jpeg"}],"twitter_card":"summary_large_image","twitter_misc":{"Dur\u00e9e de lecture estim\u00e9e":"1 minute"},"schema":{"@context":"https:\/\/schema.org","@graph":[{"@type":"WebPage","@id":"https:\/\/dev-durable.agglo-larochelle.fr\/2022\/une-agglo-creative\/culture\/avec-le-marching-band-la-culture-federe-le-territoire\/","url":"https:\/\/dev-durable.agglo-larochelle.fr\/2022\/une-agglo-creative\/culture\/avec-le-marching-band-la-culture-federe-le-territoire\/","name":"Avec le Marching Band, la culture f\u00e9d\u00e8re le territoire - Rapport du d\u00e9veloppement durable","isPartOf":{"@id":"https:\/\/dev-durable.agglo-larochelle.fr\/2022\/#website"},"datePublished":"2022-11-22T16:18:17+00:00","dateModified":"2022-12-06T09:16:12+00:00","breadcrumb":{"@id":"https:\/\/dev-durable.agglo-larochelle.fr\/2022\/une-agglo-creative\/culture\/avec-le-marching-band-la-culture-federe-le-territoire\/#breadcrumb"},"inLanguage":"fr-FR","potentialAction":[{"@type":"ReadAction","target":["https:\/\/dev-durable.agglo-larochelle.fr\/2022\/une-agglo-creative\/culture\/avec-le-marching-band-la-culture-federe-le-territoire\/"]}]},{"@type":"BreadcrumbList","@id":"https:\/\/dev-durable.agglo-larochelle.fr\/2022\/une-agglo-creative\/culture\/avec-le-marching-band-la-culture-federe-le-territoire\/#breadcrumb","itemListElement":[{"@type":"ListItem","position":1,"name":"Accueil","item":"https:\/\/dev-durable.agglo-larochelle.fr\/2022\/"},{"@type":"ListItem","position":2,"name":"Une Agglo cr\u00e9ative","item":"https:\/\/dev-durable.agglo-larochelle.fr\/2022\/une-agglo-creative\/"},{"@type":"ListItem","position":3,"name":"Culture","item":"https:\/\/dev-durable.agglo-larochelle.fr\/2022\/une-agglo-creative\/culture\/"},{"@type":"ListItem","position":4,"name":"Avec le Marching Band, la culture f\u00e9d\u00e8re le territoire"}]},{"@type":"WebSite","@id":"https:\/\/dev-durable.agglo-larochelle.fr\/2022\/#website","url":"https:\/\/dev-durable.agglo-larochelle.fr\/2022\/","name":"Rapport du d\u00e9veloppement durable - 2022","description":"Rapport 2022 du d\u00e9veloppement durable","alternateName":"Communaut\u00e9 d'Agglom\u00e9ration de La Rochelle","potentialAction":[{"@type":"SearchAction","target":{"@type":"EntryPoint","urlTemplate":"https:\/\/dev-durable.agglo-larochelle.fr\/2022\/?s={search_term_string}"},"query-input":"required name=search_term_string"}],"inLanguage":"fr-FR"}]}},"_links":{"self":[{"href":"https:\/\/dev-durable.agglo-larochelle.fr\/2022\/wp-json\/wp\/v2\/pages\/2652"}],"collection":[{"href":"https:\/\/dev-durable.agglo-larochelle.fr\/2022\/wp-json\/wp\/v2\/pages"}],"about":[{"href":"https:\/\/dev-durable.agglo-larochelle.fr\/2022\/wp-json\/wp\/v2\/types\/page"}],"author":[{"embeddable":true,"href":"https:\/\/dev-durable.agglo-larochelle.fr\/2022\/wp-json\/wp\/v2\/users\/1"}],"replies":[{"embeddable":true,"href":"https:\/\/dev-durable.agglo-larochelle.fr\/2022\/wp-json\/wp\/v2\/comments?post=2652"}],"version-history":[{"count":3,"href":"https:\/\/dev-durable.agglo-larochelle.fr\/2022\/wp-json\/wp\/v2\/pages\/2652\/revisions"}],"predecessor-version":[{"id":2655,"href":"https:\/\/dev-durable.agglo-larochelle.fr\/2022\/wp-json\/wp\/v2\/pages\/2652\/revisions\/2655"}],"up":[{"embeddable":true,"href":"https:\/\/dev-durable.agglo-larochelle.fr\/2022\/wp-json\/wp\/v2\/pages\/2650"}],"wp:featuredmedia":[{"embeddable":true,"href":"https:\/\/dev-durable.agglo-larochelle.fr\/2022\/wp-json\/wp\/v2\/media\/2919"}],"wp:attachment":[{"href":"https:\/\/dev-durable.agglo-larochelle.fr\/2022\/wp-json\/wp\/v2\/media?parent=2652"}],"curies":[{"name":"wp","href":"https:\/\/api.w.org\/{rel}","templated":true}]}}