{"id":2672,"date":"2022-11-23T11:01:40","date_gmt":"2022-11-23T10:01:40","guid":{"rendered":"https:\/\/dev-durable.agglo-larochelle.fr\/2022\/?page_id=2672"},"modified":"2022-12-05T17:29:49","modified_gmt":"2022-12-05T16:29:49","slug":"cinq-premiers-batiments-deconstruits","status":"publish","type":"page","link":"https:\/\/dev-durable.agglo-larochelle.fr\/2022\/une-agglo-solidaire\/amenagement\/cinq-premiers-batiments-deconstruits\/","title":{"rendered":"\u00c0 mi-parcours, le Plan Local de l\u2019Habitat affine son offre"},"content":{"rendered":"<p><strong>L\u2019Agglom\u00e9ration a proc\u00e9d\u00e9 \u00e0 une \u00e9valuation \u00e0 mi-parcours de son Plan Local de l\u2019Habitat 2016-2023. Face \u00e0 une demande forte, le PLH renforce son offre, en l\u2019adaptant aux attentes.<\/strong><\/p>\n<p>L\u2019\u00e9valuation \u00e0 mi-parcours du PLH 2016-2023 fait ressortir le dynamisme de la production de logements, dans un contexte de croissance d\u00e9mographique. Les attentes sont fortes en mati\u00e8re d\u2019offre locative sociale, pour les m\u00e9nages \u00e0 revenus modestes et interm\u00e9diaires. Le PLH adapte son programme d\u2019actions en cons\u00e9quence, en revoyant \u00e0 la hausse la production de logements (\u00e0 hauteur de 2 100 logements\/an), et en accentuant la diversification de l\u2019offre de logements \u00e0 prix abordable. Le PLH int\u00e8gre en outre un volet foncier et soutient la pr\u00e9servation de la vocation r\u00e9sidentielle du parc existant, le d\u00e9veloppement d\u2019une offre adapt\u00e9e aux \u00e9tudiants, apprentis et saisonniers, ainsi qu\u2019en renfor\u00e7ant sa gouvernance, pour un accompagnement accru aux communes.<\/p>\n","protected":false},"excerpt":{"rendered":"<p>L\u2019Agglom\u00e9ration a proc\u00e9d\u00e9 \u00e0 une \u00e9valuation \u00e0 mi-parcours de son Plan Local de l\u2019Habitat 2016-2023. Face \u00e0 une demande forte, le PLH renforce son offre, en l\u2019adaptant aux attentes. L\u2019\u00e9valuation \u00e0 mi-parcours du PLH 2016-2023 fait ressortir le dynamisme de la production de logements, dans un contexte de croissance d\u00e9mographique. Les attentes sont fortes en [&hellip;]<\/p>\n","protected":false},"author":1,"featured_media":2914,"parent":2670,"menu_order":0,"comment_status":"closed","ping_status":"closed","template":"page-sous-partie.php","meta":[],"acf":[],"yoast_head":"<!-- This site is optimized with the Yoast SEO plugin v19.12 - https:\/\/yoast.com\/wordpress\/plugins\/seo\/ -->\n<title>\u00c0 mi-parcours, le Plan Local de l\u2019Habitat affine son offre - Rapport du d\u00e9veloppement durable<\/title>\n<meta name=\"robots\" content=\"index, follow, max-snippet:-1, max-image-preview:large, max-video-preview:-1\" \/>\n<link rel=\"canonical\" href=\"https:\/\/dev-durable.agglo-larochelle.fr\/2022\/une-agglo-solidaire\/amenagement\/cinq-premiers-batiments-deconstruits\/\" \/>\n<meta property=\"og:locale\" content=\"fr_FR\" \/>\n<meta property=\"og:type\" content=\"article\" \/>\n<meta property=\"og:title\" content=\"\u00c0 mi-parcours, le Plan Local de l\u2019Habitat affine son offre - Rapport du d\u00e9veloppement durable\" \/>\n<meta property=\"og:description\" content=\"L\u2019Agglom\u00e9ration a proc\u00e9d\u00e9 \u00e0 une \u00e9valuation \u00e0 mi-parcours de son Plan Local de l\u2019Habitat 2016-2023. Face \u00e0 une demande forte, le PLH renforce son offre, en l\u2019adaptant aux attentes. L\u2019\u00e9valuation \u00e0 mi-parcours du PLH 2016-2023 fait ressortir le dynamisme de la production de logements, dans un contexte de croissance d\u00e9mographique. Les attentes sont fortes en [&hellip;]\" \/>\n<meta property=\"og:url\" content=\"https:\/\/dev-durable.agglo-larochelle.fr\/2022\/une-agglo-solidaire\/amenagement\/cinq-premiers-batiments-deconstruits\/\" \/>\n<meta property=\"og:site_name\" content=\"Rapport du d\u00e9veloppement durable\" \/>\n<meta property=\"article:modified_time\" content=\"2022-12-05T16:29:49+00:00\" \/>\n<meta property=\"og:image\" content=\"https:\/\/dev-durable.agglo-larochelle.fr\/2022\/wp-content\/uploads\/2022\/12\/habitat.jpg\" \/>\n\t<meta property=\"og:image:width\" content=\"650\" \/>\n\t<meta property=\"og:image:height\" content=\"300\" \/>\n\t<meta property=\"og:image:type\" content=\"image\/jpeg\" \/>\n<meta name=\"twitter:card\" content=\"summary_large_image\" \/>\n<meta name=\"twitter:label1\" content=\"Dur\u00e9e de lecture estim\u00e9e\" \/>\n\t<meta name=\"twitter:data1\" content=\"1 minute\" \/>\n<script type=\"application\/ld+json\" class=\"yoast-schema-graph\">{\"@context\":\"https:\/\/schema.org\",\"@graph\":[{\"@type\":\"WebPage\",\"@id\":\"https:\/\/dev-durable.agglo-larochelle.fr\/2022\/une-agglo-solidaire\/amenagement\/cinq-premiers-batiments-deconstruits\/\",\"url\":\"https:\/\/dev-durable.agglo-larochelle.fr\/2022\/une-agglo-solidaire\/amenagement\/cinq-premiers-batiments-deconstruits\/\",\"name\":\"\u00c0 mi-parcours, le Plan Local de l\u2019Habitat affine son offre - Rapport du d\u00e9veloppement durable\",\"isPartOf\":{\"@id\":\"https:\/\/dev-durable.agglo-larochelle.fr\/2022\/#website\"},\"datePublished\":\"2022-11-23T10:01:40+00:00\",\"dateModified\":\"2022-12-05T16:29:49+00:00\",\"breadcrumb\":{\"@id\":\"https:\/\/dev-durable.agglo-larochelle.fr\/2022\/une-agglo-solidaire\/amenagement\/cinq-premiers-batiments-deconstruits\/#breadcrumb\"},\"inLanguage\":\"fr-FR\",\"potentialAction\":[{\"@type\":\"ReadAction\",\"target\":[\"https:\/\/dev-durable.agglo-larochelle.fr\/2022\/une-agglo-solidaire\/amenagement\/cinq-premiers-batiments-deconstruits\/\"]}]},{\"@type\":\"BreadcrumbList\",\"@id\":\"https:\/\/dev-durable.agglo-larochelle.fr\/2022\/une-agglo-solidaire\/amenagement\/cinq-premiers-batiments-deconstruits\/#breadcrumb\",\"itemListElement\":[{\"@type\":\"ListItem\",\"position\":1,\"name\":\"Accueil\",\"item\":\"https:\/\/dev-durable.agglo-larochelle.fr\/2022\/\"},{\"@type\":\"ListItem\",\"position\":2,\"name\":\"Une Agglo solidaire\",\"item\":\"https:\/\/dev-durable.agglo-larochelle.fr\/2022\/une-agglo-solidaire\/\"},{\"@type\":\"ListItem\",\"position\":3,\"name\":\"Am\u00e9nagement\",\"item\":\"https:\/\/dev-durable.agglo-larochelle.fr\/2022\/une-agglo-solidaire\/amenagement\/\"},{\"@type\":\"ListItem\",\"position\":4,\"name\":\"\u00c0 mi-parcours, le Plan Local de l\u2019Habitat affine son offre\"}]},{\"@type\":\"WebSite\",\"@id\":\"https:\/\/dev-durable.agglo-larochelle.fr\/2022\/#website\",\"url\":\"https:\/\/dev-durable.agglo-larochelle.fr\/2022\/\",\"name\":\"Rapport du d\u00e9veloppement durable - 2022\",\"description\":\"Rapport 2022 du d\u00e9veloppement durable\",\"alternateName\":\"Communaut\u00e9 d'Agglom\u00e9ration de La Rochelle\",\"potentialAction\":[{\"@type\":\"SearchAction\",\"target\":{\"@type\":\"EntryPoint\",\"urlTemplate\":\"https:\/\/dev-durable.agglo-larochelle.fr\/2022\/?s={search_term_string}\"},\"query-input\":\"required name=search_term_string\"}],\"inLanguage\":\"fr-FR\"}]}<\/script>\n<!-- \/ Yoast SEO plugin. -->","yoast_head_json":{"title":"\u00c0 mi-parcours, le Plan Local de l\u2019Habitat affine son offre - Rapport du d\u00e9veloppement durable","robots":{"index":"index","follow":"follow","max-snippet":"max-snippet:-1","max-image-preview":"max-image-preview:large","max-video-preview":"max-video-preview:-1"},"canonical":"https:\/\/dev-durable.agglo-larochelle.fr\/2022\/une-agglo-solidaire\/amenagement\/cinq-premiers-batiments-deconstruits\/","og_locale":"fr_FR","og_type":"article","og_title":"\u00c0 mi-parcours, le Plan Local de l\u2019Habitat affine son offre - Rapport du d\u00e9veloppement durable","og_description":"L\u2019Agglom\u00e9ration a proc\u00e9d\u00e9 \u00e0 une \u00e9valuation \u00e0 mi-parcours de son Plan Local de l\u2019Habitat 2016-2023. Face \u00e0 une demande forte, le PLH renforce son offre, en l\u2019adaptant aux attentes. L\u2019\u00e9valuation \u00e0 mi-parcours du PLH 2016-2023 fait ressortir le dynamisme de la production de logements, dans un contexte de croissance d\u00e9mographique. Les attentes sont fortes en [&hellip;]","og_url":"https:\/\/dev-durable.agglo-larochelle.fr\/2022\/une-agglo-solidaire\/amenagement\/cinq-premiers-batiments-deconstruits\/","og_site_name":"Rapport du d\u00e9veloppement durable","article_modified_time":"2022-12-05T16:29:49+00:00","og_image":[{"width":650,"height":300,"url":"https:\/\/dev-durable.agglo-larochelle.fr\/2022\/wp-content\/uploads\/2022\/12\/habitat.jpg","type":"image\/jpeg"}],"twitter_card":"summary_large_image","twitter_misc":{"Dur\u00e9e de lecture estim\u00e9e":"1 minute"},"schema":{"@context":"https:\/\/schema.org","@graph":[{"@type":"WebPage","@id":"https:\/\/dev-durable.agglo-larochelle.fr\/2022\/une-agglo-solidaire\/amenagement\/cinq-premiers-batiments-deconstruits\/","url":"https:\/\/dev-durable.agglo-larochelle.fr\/2022\/une-agglo-solidaire\/amenagement\/cinq-premiers-batiments-deconstruits\/","name":"\u00c0 mi-parcours, le Plan Local de l\u2019Habitat affine son offre - Rapport du d\u00e9veloppement durable","isPartOf":{"@id":"https:\/\/dev-durable.agglo-larochelle.fr\/2022\/#website"},"datePublished":"2022-11-23T10:01:40+00:00","dateModified":"2022-12-05T16:29:49+00:00","breadcrumb":{"@id":"https:\/\/dev-durable.agglo-larochelle.fr\/2022\/une-agglo-solidaire\/amenagement\/cinq-premiers-batiments-deconstruits\/#breadcrumb"},"inLanguage":"fr-FR","potentialAction":[{"@type":"ReadAction","target":["https:\/\/dev-durable.agglo-larochelle.fr\/2022\/une-agglo-solidaire\/amenagement\/cinq-premiers-batiments-deconstruits\/"]}]},{"@type":"BreadcrumbList","@id":"https:\/\/dev-durable.agglo-larochelle.fr\/2022\/une-agglo-solidaire\/amenagement\/cinq-premiers-batiments-deconstruits\/#breadcrumb","itemListElement":[{"@type":"ListItem","position":1,"name":"Accueil","item":"https:\/\/dev-durable.agglo-larochelle.fr\/2022\/"},{"@type":"ListItem","position":2,"name":"Une Agglo solidaire","item":"https:\/\/dev-durable.agglo-larochelle.fr\/2022\/une-agglo-solidaire\/"},{"@type":"ListItem","position":3,"name":"Am\u00e9nagement","item":"https:\/\/dev-durable.agglo-larochelle.fr\/2022\/une-agglo-solidaire\/amenagement\/"},{"@type":"ListItem","position":4,"name":"\u00c0 mi-parcours, le Plan Local de l\u2019Habitat affine son offre"}]},{"@type":"WebSite","@id":"https:\/\/dev-durable.agglo-larochelle.fr\/2022\/#website","url":"https:\/\/dev-durable.agglo-larochelle.fr\/2022\/","name":"Rapport du d\u00e9veloppement durable - 2022","description":"Rapport 2022 du d\u00e9veloppement durable","alternateName":"Communaut\u00e9 d'Agglom\u00e9ration de La Rochelle","potentialAction":[{"@type":"SearchAction","target":{"@type":"EntryPoint","urlTemplate":"https:\/\/dev-durable.agglo-larochelle.fr\/2022\/?s={search_term_string}"},"query-input":"required name=search_term_string"}],"inLanguage":"fr-FR"}]}},"_links":{"self":[{"href":"https:\/\/dev-durable.agglo-larochelle.fr\/2022\/wp-json\/wp\/v2\/pages\/2672"}],"collection":[{"href":"https:\/\/dev-durable.agglo-larochelle.fr\/2022\/wp-json\/wp\/v2\/pages"}],"about":[{"href":"https:\/\/dev-durable.agglo-larochelle.fr\/2022\/wp-json\/wp\/v2\/types\/page"}],"author":[{"embeddable":true,"href":"https:\/\/dev-durable.agglo-larochelle.fr\/2022\/wp-json\/wp\/v2\/users\/1"}],"replies":[{"embeddable":true,"href":"https:\/\/dev-durable.agglo-larochelle.fr\/2022\/wp-json\/wp\/v2\/comments?post=2672"}],"version-history":[{"count":4,"href":"https:\/\/dev-durable.agglo-larochelle.fr\/2022\/wp-json\/wp\/v2\/pages\/2672\/revisions"}],"predecessor-version":[{"id":2676,"href":"https:\/\/dev-durable.agglo-larochelle.fr\/2022\/wp-json\/wp\/v2\/pages\/2672\/revisions\/2676"}],"up":[{"embeddable":true,"href":"https:\/\/dev-durable.agglo-larochelle.fr\/2022\/wp-json\/wp\/v2\/pages\/2670"}],"wp:featuredmedia":[{"embeddable":true,"href":"https:\/\/dev-durable.agglo-larochelle.fr\/2022\/wp-json\/wp\/v2\/media\/2914"}],"wp:attachment":[{"href":"https:\/\/dev-durable.agglo-larochelle.fr\/2022\/wp-json\/wp\/v2\/media?parent=2672"}],"curies":[{"name":"wp","href":"https:\/\/api.w.org\/{rel}","templated":true}]}}