{"id":2696,"date":"2022-11-23T11:26:59","date_gmt":"2022-11-23T10:26:59","guid":{"rendered":"https:\/\/dev-durable.agglo-larochelle.fr\/2022\/?page_id=2696"},"modified":"2022-12-08T10:45:12","modified_gmt":"2022-12-08T09:45:12","slug":"les-documents-sortant-des-collections-de-la-mediatheque-seront-valorises","status":"publish","type":"page","link":"https:\/\/dev-durable.agglo-larochelle.fr\/2022\/une-agglo-solidaire\/culture\/les-documents-sortant-des-collections-de-la-mediatheque-seront-valorises\/","title":{"rendered":"Les documents sortant des collections de la m\u00e9diath\u00e8que seront valoris\u00e9s"},"content":{"rendered":"<p><strong>La m\u00e9diath\u00e8que Michel-Cr\u00e9peau et le m\u00e9diabus font d\u00e9sormais appel \u00e0 un partenaire sp\u00e9cialis\u00e9 pour valoriser les documents sortant des collections.<\/strong><\/p>\n<p>La m\u00e9diath\u00e8que communautaire Michel-Cr\u00e9peau et le m\u00e9diabus actualisent leur politique de r\u00e9gulation de leurs collections. Ces \u00e9quipements culturels communautaires ont int\u00e9gr\u00e9 au circuit existant de sortie des collections un nouveau partenaire, Ammar\u00e9al, librairie d\u2019occasion reconnue Entreprise Solidaire d\u2019Utilit\u00e9 Sociale en 2022, en signant une convention de partenariat. Ce partenariat permettra une meilleure ventilation des documents sortants des collections, entre dons aux biblioth\u00e8ques et associations, et destruction par des fili\u00e8res de valorisation. Au total, ce sont 10\u00a0214 documents qui ont \u00e9t\u00e9 donn\u00e9s dans le cadre de ce partenariat.<\/p>\n","protected":false},"excerpt":{"rendered":"<p>La m\u00e9diath\u00e8que Michel-Cr\u00e9peau et le m\u00e9diabus font d\u00e9sormais appel \u00e0 un partenaire sp\u00e9cialis\u00e9 pour valoriser les documents sortant des collections. La m\u00e9diath\u00e8que communautaire Michel-Cr\u00e9peau et le m\u00e9diabus actualisent leur politique de r\u00e9gulation de leurs collections. Ces \u00e9quipements culturels communautaires ont int\u00e9gr\u00e9 au circuit existant de sortie des collections un nouveau partenaire, Ammar\u00e9al, librairie d\u2019occasion reconnue [&hellip;]<\/p>\n","protected":false},"author":1,"featured_media":2033,"parent":334,"menu_order":2,"comment_status":"closed","ping_status":"closed","template":"page-sous-partie.php","meta":[],"acf":[],"yoast_head":"<!-- This site is optimized with the Yoast SEO plugin v19.12 - https:\/\/yoast.com\/wordpress\/plugins\/seo\/ -->\n<title>Les documents sortant des collections de la m\u00e9diath\u00e8que seront valoris\u00e9s - Rapport du d\u00e9veloppement durable<\/title>\n<meta name=\"robots\" content=\"index, follow, max-snippet:-1, max-image-preview:large, max-video-preview:-1\" \/>\n<link rel=\"canonical\" href=\"https:\/\/dev-durable.agglo-larochelle.fr\/2022\/une-agglo-solidaire\/culture\/les-documents-sortant-des-collections-de-la-mediatheque-seront-valorises\/\" \/>\n<meta property=\"og:locale\" content=\"fr_FR\" \/>\n<meta property=\"og:type\" content=\"article\" \/>\n<meta property=\"og:title\" content=\"Les documents sortant des collections de la m\u00e9diath\u00e8que seront valoris\u00e9s - Rapport du d\u00e9veloppement durable\" \/>\n<meta property=\"og:description\" content=\"La m\u00e9diath\u00e8que Michel-Cr\u00e9peau et le m\u00e9diabus font d\u00e9sormais appel \u00e0 un partenaire sp\u00e9cialis\u00e9 pour valoriser les documents sortant des collections. La m\u00e9diath\u00e8que communautaire Michel-Cr\u00e9peau et le m\u00e9diabus actualisent leur politique de r\u00e9gulation de leurs collections. Ces \u00e9quipements culturels communautaires ont int\u00e9gr\u00e9 au circuit existant de sortie des collections un nouveau partenaire, Ammar\u00e9al, librairie d\u2019occasion reconnue [&hellip;]\" \/>\n<meta property=\"og:url\" content=\"https:\/\/dev-durable.agglo-larochelle.fr\/2022\/une-agglo-solidaire\/culture\/les-documents-sortant-des-collections-de-la-mediatheque-seront-valorises\/\" \/>\n<meta property=\"og:site_name\" content=\"Rapport du d\u00e9veloppement durable\" \/>\n<meta property=\"article:modified_time\" content=\"2022-12-08T09:45:12+00:00\" \/>\n<meta property=\"og:image\" content=\"https:\/\/dev-durable.agglo-larochelle.fr\/2022\/wp-content\/uploads\/2021\/11\/mediatheque_stagiaires-CA_028801.jpg\" \/>\n\t<meta property=\"og:image:width\" content=\"700\" \/>\n\t<meta property=\"og:image:height\" content=\"467\" \/>\n\t<meta property=\"og:image:type\" content=\"image\/jpeg\" \/>\n<meta name=\"twitter:card\" content=\"summary_large_image\" \/>\n<meta name=\"twitter:label1\" content=\"Dur\u00e9e de lecture estim\u00e9e\" \/>\n\t<meta name=\"twitter:data1\" content=\"1 minute\" \/>\n<script type=\"application\/ld+json\" class=\"yoast-schema-graph\">{\"@context\":\"https:\/\/schema.org\",\"@graph\":[{\"@type\":\"WebPage\",\"@id\":\"https:\/\/dev-durable.agglo-larochelle.fr\/2022\/une-agglo-solidaire\/culture\/les-documents-sortant-des-collections-de-la-mediatheque-seront-valorises\/\",\"url\":\"https:\/\/dev-durable.agglo-larochelle.fr\/2022\/une-agglo-solidaire\/culture\/les-documents-sortant-des-collections-de-la-mediatheque-seront-valorises\/\",\"name\":\"Les documents sortant des collections de la m\u00e9diath\u00e8que seront valoris\u00e9s - Rapport du d\u00e9veloppement durable\",\"isPartOf\":{\"@id\":\"https:\/\/dev-durable.agglo-larochelle.fr\/2022\/#website\"},\"datePublished\":\"2022-11-23T10:26:59+00:00\",\"dateModified\":\"2022-12-08T09:45:12+00:00\",\"breadcrumb\":{\"@id\":\"https:\/\/dev-durable.agglo-larochelle.fr\/2022\/une-agglo-solidaire\/culture\/les-documents-sortant-des-collections-de-la-mediatheque-seront-valorises\/#breadcrumb\"},\"inLanguage\":\"fr-FR\",\"potentialAction\":[{\"@type\":\"ReadAction\",\"target\":[\"https:\/\/dev-durable.agglo-larochelle.fr\/2022\/une-agglo-solidaire\/culture\/les-documents-sortant-des-collections-de-la-mediatheque-seront-valorises\/\"]}]},{\"@type\":\"BreadcrumbList\",\"@id\":\"https:\/\/dev-durable.agglo-larochelle.fr\/2022\/une-agglo-solidaire\/culture\/les-documents-sortant-des-collections-de-la-mediatheque-seront-valorises\/#breadcrumb\",\"itemListElement\":[{\"@type\":\"ListItem\",\"position\":1,\"name\":\"Accueil\",\"item\":\"https:\/\/dev-durable.agglo-larochelle.fr\/2022\/\"},{\"@type\":\"ListItem\",\"position\":2,\"name\":\"Une Agglo solidaire\",\"item\":\"https:\/\/dev-durable.agglo-larochelle.fr\/2022\/une-agglo-solidaire\/\"},{\"@type\":\"ListItem\",\"position\":3,\"name\":\"Culture\",\"item\":\"https:\/\/dev-durable.agglo-larochelle.fr\/2022\/une-agglo-solidaire\/culture\/\"},{\"@type\":\"ListItem\",\"position\":4,\"name\":\"Les documents sortant des collections de la m\u00e9diath\u00e8que seront valoris\u00e9s\"}]},{\"@type\":\"WebSite\",\"@id\":\"https:\/\/dev-durable.agglo-larochelle.fr\/2022\/#website\",\"url\":\"https:\/\/dev-durable.agglo-larochelle.fr\/2022\/\",\"name\":\"Rapport du d\u00e9veloppement durable - 2022\",\"description\":\"Rapport 2022 du d\u00e9veloppement durable\",\"alternateName\":\"Communaut\u00e9 d'Agglom\u00e9ration de La Rochelle\",\"potentialAction\":[{\"@type\":\"SearchAction\",\"target\":{\"@type\":\"EntryPoint\",\"urlTemplate\":\"https:\/\/dev-durable.agglo-larochelle.fr\/2022\/?s={search_term_string}\"},\"query-input\":\"required name=search_term_string\"}],\"inLanguage\":\"fr-FR\"}]}<\/script>\n<!-- \/ Yoast SEO plugin. -->","yoast_head_json":{"title":"Les documents sortant des collections de la m\u00e9diath\u00e8que seront valoris\u00e9s - Rapport du d\u00e9veloppement durable","robots":{"index":"index","follow":"follow","max-snippet":"max-snippet:-1","max-image-preview":"max-image-preview:large","max-video-preview":"max-video-preview:-1"},"canonical":"https:\/\/dev-durable.agglo-larochelle.fr\/2022\/une-agglo-solidaire\/culture\/les-documents-sortant-des-collections-de-la-mediatheque-seront-valorises\/","og_locale":"fr_FR","og_type":"article","og_title":"Les documents sortant des collections de la m\u00e9diath\u00e8que seront valoris\u00e9s - Rapport du d\u00e9veloppement durable","og_description":"La m\u00e9diath\u00e8que Michel-Cr\u00e9peau et le m\u00e9diabus font d\u00e9sormais appel \u00e0 un partenaire sp\u00e9cialis\u00e9 pour valoriser les documents sortant des collections. La m\u00e9diath\u00e8que communautaire Michel-Cr\u00e9peau et le m\u00e9diabus actualisent leur politique de r\u00e9gulation de leurs collections. Ces \u00e9quipements culturels communautaires ont int\u00e9gr\u00e9 au circuit existant de sortie des collections un nouveau partenaire, Ammar\u00e9al, librairie d\u2019occasion reconnue [&hellip;]","og_url":"https:\/\/dev-durable.agglo-larochelle.fr\/2022\/une-agglo-solidaire\/culture\/les-documents-sortant-des-collections-de-la-mediatheque-seront-valorises\/","og_site_name":"Rapport du d\u00e9veloppement durable","article_modified_time":"2022-12-08T09:45:12+00:00","og_image":[{"width":700,"height":467,"url":"https:\/\/dev-durable.agglo-larochelle.fr\/2022\/wp-content\/uploads\/2021\/11\/mediatheque_stagiaires-CA_028801.jpg","type":"image\/jpeg"}],"twitter_card":"summary_large_image","twitter_misc":{"Dur\u00e9e de lecture estim\u00e9e":"1 minute"},"schema":{"@context":"https:\/\/schema.org","@graph":[{"@type":"WebPage","@id":"https:\/\/dev-durable.agglo-larochelle.fr\/2022\/une-agglo-solidaire\/culture\/les-documents-sortant-des-collections-de-la-mediatheque-seront-valorises\/","url":"https:\/\/dev-durable.agglo-larochelle.fr\/2022\/une-agglo-solidaire\/culture\/les-documents-sortant-des-collections-de-la-mediatheque-seront-valorises\/","name":"Les documents sortant des collections de la m\u00e9diath\u00e8que seront valoris\u00e9s - Rapport du d\u00e9veloppement durable","isPartOf":{"@id":"https:\/\/dev-durable.agglo-larochelle.fr\/2022\/#website"},"datePublished":"2022-11-23T10:26:59+00:00","dateModified":"2022-12-08T09:45:12+00:00","breadcrumb":{"@id":"https:\/\/dev-durable.agglo-larochelle.fr\/2022\/une-agglo-solidaire\/culture\/les-documents-sortant-des-collections-de-la-mediatheque-seront-valorises\/#breadcrumb"},"inLanguage":"fr-FR","potentialAction":[{"@type":"ReadAction","target":["https:\/\/dev-durable.agglo-larochelle.fr\/2022\/une-agglo-solidaire\/culture\/les-documents-sortant-des-collections-de-la-mediatheque-seront-valorises\/"]}]},{"@type":"BreadcrumbList","@id":"https:\/\/dev-durable.agglo-larochelle.fr\/2022\/une-agglo-solidaire\/culture\/les-documents-sortant-des-collections-de-la-mediatheque-seront-valorises\/#breadcrumb","itemListElement":[{"@type":"ListItem","position":1,"name":"Accueil","item":"https:\/\/dev-durable.agglo-larochelle.fr\/2022\/"},{"@type":"ListItem","position":2,"name":"Une Agglo solidaire","item":"https:\/\/dev-durable.agglo-larochelle.fr\/2022\/une-agglo-solidaire\/"},{"@type":"ListItem","position":3,"name":"Culture","item":"https:\/\/dev-durable.agglo-larochelle.fr\/2022\/une-agglo-solidaire\/culture\/"},{"@type":"ListItem","position":4,"name":"Les documents sortant des collections de la m\u00e9diath\u00e8que seront valoris\u00e9s"}]},{"@type":"WebSite","@id":"https:\/\/dev-durable.agglo-larochelle.fr\/2022\/#website","url":"https:\/\/dev-durable.agglo-larochelle.fr\/2022\/","name":"Rapport du d\u00e9veloppement durable - 2022","description":"Rapport 2022 du d\u00e9veloppement durable","alternateName":"Communaut\u00e9 d'Agglom\u00e9ration de La Rochelle","potentialAction":[{"@type":"SearchAction","target":{"@type":"EntryPoint","urlTemplate":"https:\/\/dev-durable.agglo-larochelle.fr\/2022\/?s={search_term_string}"},"query-input":"required name=search_term_string"}],"inLanguage":"fr-FR"}]}},"_links":{"self":[{"href":"https:\/\/dev-durable.agglo-larochelle.fr\/2022\/wp-json\/wp\/v2\/pages\/2696"}],"collection":[{"href":"https:\/\/dev-durable.agglo-larochelle.fr\/2022\/wp-json\/wp\/v2\/pages"}],"about":[{"href":"https:\/\/dev-durable.agglo-larochelle.fr\/2022\/wp-json\/wp\/v2\/types\/page"}],"author":[{"embeddable":true,"href":"https:\/\/dev-durable.agglo-larochelle.fr\/2022\/wp-json\/wp\/v2\/users\/1"}],"replies":[{"embeddable":true,"href":"https:\/\/dev-durable.agglo-larochelle.fr\/2022\/wp-json\/wp\/v2\/comments?post=2696"}],"version-history":[{"count":2,"href":"https:\/\/dev-durable.agglo-larochelle.fr\/2022\/wp-json\/wp\/v2\/pages\/2696\/revisions"}],"predecessor-version":[{"id":2698,"href":"https:\/\/dev-durable.agglo-larochelle.fr\/2022\/wp-json\/wp\/v2\/pages\/2696\/revisions\/2698"}],"up":[{"embeddable":true,"href":"https:\/\/dev-durable.agglo-larochelle.fr\/2022\/wp-json\/wp\/v2\/pages\/334"}],"wp:featuredmedia":[{"embeddable":true,"href":"https:\/\/dev-durable.agglo-larochelle.fr\/2022\/wp-json\/wp\/v2\/media\/2033"}],"wp:attachment":[{"href":"https:\/\/dev-durable.agglo-larochelle.fr\/2022\/wp-json\/wp\/v2\/media?parent=2696"}],"curies":[{"name":"wp","href":"https:\/\/api.w.org\/{rel}","templated":true}]}}