{"id":2699,"date":"2022-11-23T11:41:51","date_gmt":"2022-11-23T10:41:51","guid":{"rendered":"https:\/\/dev-durable.agglo-larochelle.fr\/2022\/?page_id=2699"},"modified":"2022-12-08T10:41:00","modified_gmt":"2022-12-08T09:41:00","slug":"la-mediatheque-integre-le-pass-culture-et-peut-proposer-ses-actions-culturelles-aux-eleves","status":"publish","type":"page","link":"https:\/\/dev-durable.agglo-larochelle.fr\/2022\/une-agglo-solidaire\/culture\/la-mediatheque-integre-le-pass-culture-et-peut-proposer-ses-actions-culturelles-aux-eleves\/","title":{"rendered":"La m\u00e9diath\u00e8que int\u00e8gre le Pass Culture et peut proposer ses actions culturelles aux \u00e9l\u00e8ves"},"content":{"rendered":"<p><strong>En int\u00e9grant le dispositif Pass Culture, la m\u00e9diath\u00e8que Michel-Cr\u00e9peau peut d\u00e9sormais proposer son offre culturelle aux \u00e9tablissements scolaires.<\/strong><\/p>\n<p>Le Pass Culture, dispositif national, permet aux jeunes \u00e0 partir de 18 ans de b\u00e9n\u00e9ficier d\u2019une somme de 300 \u20ac pour la d\u00e9couverte et l\u2019achat de propositions et de biens culturels. Depuis janvier 2022, l\u2019offre initiale a \u00e9t\u00e9 \u00e9tendue aupr\u00e8s des jeunes de 15 \u00e0 17 ans, et aupr\u00e8s des \u00e9tablissements scolaires, sous forme d\u2019un \u00ab\u00a0cr\u00e9dit virtuel\u00a0\u00bb, pour d\u00e9couvrir des propositions culturelles de proximit\u00e9. L\u2019Agglom\u00e9ration est devenue partenaire de ce dispositif et y int\u00e8gre les propositions de ses \u00e9tablissements culturels pour permettre aux jeunes et aux \u00e9tablissements scolaires de r\u00e9server ces offres. Ce partenariat apporte de la visibilit\u00e9 aux actions des \u00e9tablissements culturels de l\u2019Agglom\u00e9ration.<\/p>\n","protected":false},"excerpt":{"rendered":"<p>En int\u00e9grant le dispositif Pass Culture, la m\u00e9diath\u00e8que Michel-Cr\u00e9peau peut d\u00e9sormais proposer son offre culturelle aux \u00e9tablissements scolaires. Le Pass Culture, dispositif national, permet aux jeunes \u00e0 partir de 18 ans de b\u00e9n\u00e9ficier d\u2019une somme de 300 \u20ac pour la d\u00e9couverte et l\u2019achat de propositions et de biens culturels. Depuis janvier 2022, l\u2019offre initiale a [&hellip;]<\/p>\n","protected":false},"author":1,"featured_media":2926,"parent":334,"menu_order":2,"comment_status":"closed","ping_status":"closed","template":"page-sous-partie.php","meta":[],"acf":[],"yoast_head":"<!-- This site is optimized with the Yoast SEO plugin v19.12 - https:\/\/yoast.com\/wordpress\/plugins\/seo\/ -->\n<title>La m\u00e9diath\u00e8que int\u00e8gre le Pass Culture et peut proposer ses actions culturelles aux \u00e9l\u00e8ves - Rapport du d\u00e9veloppement durable<\/title>\n<meta name=\"robots\" content=\"index, follow, max-snippet:-1, max-image-preview:large, max-video-preview:-1\" \/>\n<link rel=\"canonical\" href=\"https:\/\/dev-durable.agglo-larochelle.fr\/2022\/une-agglo-solidaire\/culture\/la-mediatheque-integre-le-pass-culture-et-peut-proposer-ses-actions-culturelles-aux-eleves\/\" \/>\n<meta property=\"og:locale\" content=\"fr_FR\" \/>\n<meta property=\"og:type\" content=\"article\" \/>\n<meta property=\"og:title\" content=\"La m\u00e9diath\u00e8que int\u00e8gre le Pass Culture et peut proposer ses actions culturelles aux \u00e9l\u00e8ves - Rapport du d\u00e9veloppement durable\" \/>\n<meta property=\"og:description\" content=\"En int\u00e9grant le dispositif Pass Culture, la m\u00e9diath\u00e8que Michel-Cr\u00e9peau peut d\u00e9sormais proposer son offre culturelle aux \u00e9tablissements scolaires. Le Pass Culture, dispositif national, permet aux jeunes \u00e0 partir de 18 ans de b\u00e9n\u00e9ficier d\u2019une somme de 300 \u20ac pour la d\u00e9couverte et l\u2019achat de propositions et de biens culturels. Depuis janvier 2022, l\u2019offre initiale a [&hellip;]\" \/>\n<meta property=\"og:url\" content=\"https:\/\/dev-durable.agglo-larochelle.fr\/2022\/une-agglo-solidaire\/culture\/la-mediatheque-integre-le-pass-culture-et-peut-proposer-ses-actions-culturelles-aux-eleves\/\" \/>\n<meta property=\"og:site_name\" content=\"Rapport du d\u00e9veloppement durable\" \/>\n<meta property=\"article:modified_time\" content=\"2022-12-08T09:41:00+00:00\" \/>\n<meta property=\"og:image\" content=\"https:\/\/dev-durable.agglo-larochelle.fr\/2022\/wp-content\/uploads\/2022\/12\/pass-culture.jpg\" \/>\n\t<meta property=\"og:image:width\" content=\"650\" \/>\n\t<meta property=\"og:image:height\" content=\"300\" \/>\n\t<meta property=\"og:image:type\" content=\"image\/jpeg\" \/>\n<meta name=\"twitter:card\" content=\"summary_large_image\" \/>\n<meta name=\"twitter:label1\" content=\"Dur\u00e9e de lecture estim\u00e9e\" \/>\n\t<meta name=\"twitter:data1\" content=\"1 minute\" \/>\n<script type=\"application\/ld+json\" class=\"yoast-schema-graph\">{\"@context\":\"https:\/\/schema.org\",\"@graph\":[{\"@type\":\"WebPage\",\"@id\":\"https:\/\/dev-durable.agglo-larochelle.fr\/2022\/une-agglo-solidaire\/culture\/la-mediatheque-integre-le-pass-culture-et-peut-proposer-ses-actions-culturelles-aux-eleves\/\",\"url\":\"https:\/\/dev-durable.agglo-larochelle.fr\/2022\/une-agglo-solidaire\/culture\/la-mediatheque-integre-le-pass-culture-et-peut-proposer-ses-actions-culturelles-aux-eleves\/\",\"name\":\"La m\u00e9diath\u00e8que int\u00e8gre le Pass Culture et peut proposer ses actions culturelles aux \u00e9l\u00e8ves - Rapport du d\u00e9veloppement durable\",\"isPartOf\":{\"@id\":\"https:\/\/dev-durable.agglo-larochelle.fr\/2022\/#website\"},\"datePublished\":\"2022-11-23T10:41:51+00:00\",\"dateModified\":\"2022-12-08T09:41:00+00:00\",\"breadcrumb\":{\"@id\":\"https:\/\/dev-durable.agglo-larochelle.fr\/2022\/une-agglo-solidaire\/culture\/la-mediatheque-integre-le-pass-culture-et-peut-proposer-ses-actions-culturelles-aux-eleves\/#breadcrumb\"},\"inLanguage\":\"fr-FR\",\"potentialAction\":[{\"@type\":\"ReadAction\",\"target\":[\"https:\/\/dev-durable.agglo-larochelle.fr\/2022\/une-agglo-solidaire\/culture\/la-mediatheque-integre-le-pass-culture-et-peut-proposer-ses-actions-culturelles-aux-eleves\/\"]}]},{\"@type\":\"BreadcrumbList\",\"@id\":\"https:\/\/dev-durable.agglo-larochelle.fr\/2022\/une-agglo-solidaire\/culture\/la-mediatheque-integre-le-pass-culture-et-peut-proposer-ses-actions-culturelles-aux-eleves\/#breadcrumb\",\"itemListElement\":[{\"@type\":\"ListItem\",\"position\":1,\"name\":\"Accueil\",\"item\":\"https:\/\/dev-durable.agglo-larochelle.fr\/2022\/\"},{\"@type\":\"ListItem\",\"position\":2,\"name\":\"Une Agglo solidaire\",\"item\":\"https:\/\/dev-durable.agglo-larochelle.fr\/2022\/une-agglo-solidaire\/\"},{\"@type\":\"ListItem\",\"position\":3,\"name\":\"Culture\",\"item\":\"https:\/\/dev-durable.agglo-larochelle.fr\/2022\/une-agglo-solidaire\/culture\/\"},{\"@type\":\"ListItem\",\"position\":4,\"name\":\"La m\u00e9diath\u00e8que int\u00e8gre le Pass Culture et peut proposer ses actions culturelles aux \u00e9l\u00e8ves\"}]},{\"@type\":\"WebSite\",\"@id\":\"https:\/\/dev-durable.agglo-larochelle.fr\/2022\/#website\",\"url\":\"https:\/\/dev-durable.agglo-larochelle.fr\/2022\/\",\"name\":\"Rapport du d\u00e9veloppement durable - 2022\",\"description\":\"Rapport 2022 du d\u00e9veloppement durable\",\"alternateName\":\"Communaut\u00e9 d'Agglom\u00e9ration de La Rochelle\",\"potentialAction\":[{\"@type\":\"SearchAction\",\"target\":{\"@type\":\"EntryPoint\",\"urlTemplate\":\"https:\/\/dev-durable.agglo-larochelle.fr\/2022\/?s={search_term_string}\"},\"query-input\":\"required name=search_term_string\"}],\"inLanguage\":\"fr-FR\"}]}<\/script>\n<!-- \/ Yoast SEO plugin. -->","yoast_head_json":{"title":"La m\u00e9diath\u00e8que int\u00e8gre le Pass Culture et peut proposer ses actions culturelles aux \u00e9l\u00e8ves - Rapport du d\u00e9veloppement durable","robots":{"index":"index","follow":"follow","max-snippet":"max-snippet:-1","max-image-preview":"max-image-preview:large","max-video-preview":"max-video-preview:-1"},"canonical":"https:\/\/dev-durable.agglo-larochelle.fr\/2022\/une-agglo-solidaire\/culture\/la-mediatheque-integre-le-pass-culture-et-peut-proposer-ses-actions-culturelles-aux-eleves\/","og_locale":"fr_FR","og_type":"article","og_title":"La m\u00e9diath\u00e8que int\u00e8gre le Pass Culture et peut proposer ses actions culturelles aux \u00e9l\u00e8ves - Rapport du d\u00e9veloppement durable","og_description":"En int\u00e9grant le dispositif Pass Culture, la m\u00e9diath\u00e8que Michel-Cr\u00e9peau peut d\u00e9sormais proposer son offre culturelle aux \u00e9tablissements scolaires. Le Pass Culture, dispositif national, permet aux jeunes \u00e0 partir de 18 ans de b\u00e9n\u00e9ficier d\u2019une somme de 300 \u20ac pour la d\u00e9couverte et l\u2019achat de propositions et de biens culturels. Depuis janvier 2022, l\u2019offre initiale a [&hellip;]","og_url":"https:\/\/dev-durable.agglo-larochelle.fr\/2022\/une-agglo-solidaire\/culture\/la-mediatheque-integre-le-pass-culture-et-peut-proposer-ses-actions-culturelles-aux-eleves\/","og_site_name":"Rapport du d\u00e9veloppement durable","article_modified_time":"2022-12-08T09:41:00+00:00","og_image":[{"width":650,"height":300,"url":"https:\/\/dev-durable.agglo-larochelle.fr\/2022\/wp-content\/uploads\/2022\/12\/pass-culture.jpg","type":"image\/jpeg"}],"twitter_card":"summary_large_image","twitter_misc":{"Dur\u00e9e de lecture estim\u00e9e":"1 minute"},"schema":{"@context":"https:\/\/schema.org","@graph":[{"@type":"WebPage","@id":"https:\/\/dev-durable.agglo-larochelle.fr\/2022\/une-agglo-solidaire\/culture\/la-mediatheque-integre-le-pass-culture-et-peut-proposer-ses-actions-culturelles-aux-eleves\/","url":"https:\/\/dev-durable.agglo-larochelle.fr\/2022\/une-agglo-solidaire\/culture\/la-mediatheque-integre-le-pass-culture-et-peut-proposer-ses-actions-culturelles-aux-eleves\/","name":"La m\u00e9diath\u00e8que int\u00e8gre le Pass Culture et peut proposer ses actions culturelles aux \u00e9l\u00e8ves - Rapport du d\u00e9veloppement durable","isPartOf":{"@id":"https:\/\/dev-durable.agglo-larochelle.fr\/2022\/#website"},"datePublished":"2022-11-23T10:41:51+00:00","dateModified":"2022-12-08T09:41:00+00:00","breadcrumb":{"@id":"https:\/\/dev-durable.agglo-larochelle.fr\/2022\/une-agglo-solidaire\/culture\/la-mediatheque-integre-le-pass-culture-et-peut-proposer-ses-actions-culturelles-aux-eleves\/#breadcrumb"},"inLanguage":"fr-FR","potentialAction":[{"@type":"ReadAction","target":["https:\/\/dev-durable.agglo-larochelle.fr\/2022\/une-agglo-solidaire\/culture\/la-mediatheque-integre-le-pass-culture-et-peut-proposer-ses-actions-culturelles-aux-eleves\/"]}]},{"@type":"BreadcrumbList","@id":"https:\/\/dev-durable.agglo-larochelle.fr\/2022\/une-agglo-solidaire\/culture\/la-mediatheque-integre-le-pass-culture-et-peut-proposer-ses-actions-culturelles-aux-eleves\/#breadcrumb","itemListElement":[{"@type":"ListItem","position":1,"name":"Accueil","item":"https:\/\/dev-durable.agglo-larochelle.fr\/2022\/"},{"@type":"ListItem","position":2,"name":"Une Agglo solidaire","item":"https:\/\/dev-durable.agglo-larochelle.fr\/2022\/une-agglo-solidaire\/"},{"@type":"ListItem","position":3,"name":"Culture","item":"https:\/\/dev-durable.agglo-larochelle.fr\/2022\/une-agglo-solidaire\/culture\/"},{"@type":"ListItem","position":4,"name":"La m\u00e9diath\u00e8que int\u00e8gre le Pass Culture et peut proposer ses actions culturelles aux \u00e9l\u00e8ves"}]},{"@type":"WebSite","@id":"https:\/\/dev-durable.agglo-larochelle.fr\/2022\/#website","url":"https:\/\/dev-durable.agglo-larochelle.fr\/2022\/","name":"Rapport du d\u00e9veloppement durable - 2022","description":"Rapport 2022 du d\u00e9veloppement durable","alternateName":"Communaut\u00e9 d'Agglom\u00e9ration de La Rochelle","potentialAction":[{"@type":"SearchAction","target":{"@type":"EntryPoint","urlTemplate":"https:\/\/dev-durable.agglo-larochelle.fr\/2022\/?s={search_term_string}"},"query-input":"required name=search_term_string"}],"inLanguage":"fr-FR"}]}},"_links":{"self":[{"href":"https:\/\/dev-durable.agglo-larochelle.fr\/2022\/wp-json\/wp\/v2\/pages\/2699"}],"collection":[{"href":"https:\/\/dev-durable.agglo-larochelle.fr\/2022\/wp-json\/wp\/v2\/pages"}],"about":[{"href":"https:\/\/dev-durable.agglo-larochelle.fr\/2022\/wp-json\/wp\/v2\/types\/page"}],"author":[{"embeddable":true,"href":"https:\/\/dev-durable.agglo-larochelle.fr\/2022\/wp-json\/wp\/v2\/users\/1"}],"replies":[{"embeddable":true,"href":"https:\/\/dev-durable.agglo-larochelle.fr\/2022\/wp-json\/wp\/v2\/comments?post=2699"}],"version-history":[{"count":2,"href":"https:\/\/dev-durable.agglo-larochelle.fr\/2022\/wp-json\/wp\/v2\/pages\/2699\/revisions"}],"predecessor-version":[{"id":2701,"href":"https:\/\/dev-durable.agglo-larochelle.fr\/2022\/wp-json\/wp\/v2\/pages\/2699\/revisions\/2701"}],"up":[{"embeddable":true,"href":"https:\/\/dev-durable.agglo-larochelle.fr\/2022\/wp-json\/wp\/v2\/pages\/334"}],"wp:featuredmedia":[{"embeddable":true,"href":"https:\/\/dev-durable.agglo-larochelle.fr\/2022\/wp-json\/wp\/v2\/media\/2926"}],"wp:attachment":[{"href":"https:\/\/dev-durable.agglo-larochelle.fr\/2022\/wp-json\/wp\/v2\/media?parent=2699"}],"curies":[{"name":"wp","href":"https:\/\/api.w.org\/{rel}","templated":true}]}}