{"id":2783,"date":"2022-11-23T17:00:46","date_gmt":"2022-11-23T16:00:46","guid":{"rendered":"https:\/\/dev-durable.agglo-larochelle.fr\/2022\/?page_id=2783"},"modified":"2022-12-08T16:05:16","modified_gmt":"2022-12-08T15:05:16","slug":"loperation-mai-a-velo-veut-inciter-les-habitants-a-utiliser-leur-bicyclette","status":"publish","type":"page","link":"https:\/\/dev-durable.agglo-larochelle.fr\/2022\/une-agglo-sobre-et-durable\/accompagnement-au-changement\/loperation-mai-a-velo-veut-inciter-les-habitants-a-utiliser-leur-bicyclette\/","title":{"rendered":"L\u2019op\u00e9ration \u00ab\u00a0Mai \u00e0 v\u00e9lo\u00a0\u00bb veut inciter les habitants \u00e0 utiliser leur bicyclette"},"content":{"rendered":"<p><strong>Le territoire rochelais s\u2019est associ\u00e9 cette ann\u00e9e \u00e0 l\u2019op\u00e9ration nationale \u00ab Mai \u00e0 v\u00e9lo \u00bb, destin\u00e9e \u00e0 promouvoir l\u2019usage de la bicyclette comme mode de transport au quotidien.<\/strong><\/p>\n<p>Durant tout le mois de mai, les initiatives ont \u00e9t\u00e9 nombreuses et f\u00e9d\u00e9ratrices \u00e0 La Rochelle et dans toute l\u2019agglom\u00e9ration\u00a0: balades de d\u00e9couverte du r\u00e9seau cyclable, \u00ab\u00a0challenges\u00a0\u00bb ludiques entre collectivit\u00e9s et entreprises, sensibilisation \u00e0 la conduite s\u00e9curis\u00e9e, ateliers de r\u00e9paration, \u00ab\u00a0caf\u00e9 Y\u00e9lo\u00a0\u00bb, etc. Cette ann\u00e9e, La Rochelle s\u2019est vue d\u00e9cerner le prix de \u00ab\u00a0premi\u00e8re ville cyclable de France\u00a0\u00bb par la F\u00e9d\u00e9ration des Usagers de la Bicyclette, dans la cat\u00e9gorie \u00ab\u00a0Villes moyennes\u00a0\u00bb.<\/p>\n","protected":false},"excerpt":{"rendered":"<p>Le territoire rochelais s\u2019est associ\u00e9 cette ann\u00e9e \u00e0 l\u2019op\u00e9ration nationale \u00ab Mai \u00e0 v\u00e9lo \u00bb, destin\u00e9e \u00e0 promouvoir l\u2019usage de la bicyclette comme mode de transport au quotidien. Durant tout le mois de mai, les initiatives ont \u00e9t\u00e9 nombreuses et f\u00e9d\u00e9ratrices \u00e0 La Rochelle et dans toute l\u2019agglom\u00e9ration\u00a0: balades de d\u00e9couverte du r\u00e9seau cyclable, \u00ab\u00a0challenges\u00a0\u00bb [&hellip;]<\/p>\n","protected":false},"author":1,"featured_media":2951,"parent":2120,"menu_order":5,"comment_status":"closed","ping_status":"closed","template":"page-sous-partie.php","meta":[],"acf":[],"yoast_head":"<!-- This site is optimized with the Yoast SEO plugin v19.12 - https:\/\/yoast.com\/wordpress\/plugins\/seo\/ -->\n<title>L\u2019op\u00e9ration \u00ab\u00a0Mai \u00e0 v\u00e9lo\u00a0\u00bb veut inciter les habitants \u00e0 utiliser leur bicyclette - Rapport du d\u00e9veloppement durable<\/title>\n<meta name=\"robots\" content=\"index, follow, max-snippet:-1, max-image-preview:large, max-video-preview:-1\" \/>\n<link rel=\"canonical\" href=\"https:\/\/dev-durable.agglo-larochelle.fr\/2022\/une-agglo-sobre-et-durable\/accompagnement-au-changement\/loperation-mai-a-velo-veut-inciter-les-habitants-a-utiliser-leur-bicyclette\/\" \/>\n<meta property=\"og:locale\" content=\"fr_FR\" \/>\n<meta property=\"og:type\" content=\"article\" \/>\n<meta property=\"og:title\" content=\"L\u2019op\u00e9ration \u00ab\u00a0Mai \u00e0 v\u00e9lo\u00a0\u00bb veut inciter les habitants \u00e0 utiliser leur bicyclette - Rapport du d\u00e9veloppement durable\" \/>\n<meta property=\"og:description\" content=\"Le territoire rochelais s\u2019est associ\u00e9 cette ann\u00e9e \u00e0 l\u2019op\u00e9ration nationale \u00ab Mai \u00e0 v\u00e9lo \u00bb, destin\u00e9e \u00e0 promouvoir l\u2019usage de la bicyclette comme mode de transport au quotidien. Durant tout le mois de mai, les initiatives ont \u00e9t\u00e9 nombreuses et f\u00e9d\u00e9ratrices \u00e0 La Rochelle et dans toute l\u2019agglom\u00e9ration\u00a0: balades de d\u00e9couverte du r\u00e9seau cyclable, \u00ab\u00a0challenges\u00a0\u00bb [&hellip;]\" \/>\n<meta property=\"og:url\" content=\"https:\/\/dev-durable.agglo-larochelle.fr\/2022\/une-agglo-sobre-et-durable\/accompagnement-au-changement\/loperation-mai-a-velo-veut-inciter-les-habitants-a-utiliser-leur-bicyclette\/\" \/>\n<meta property=\"og:site_name\" content=\"Rapport du d\u00e9veloppement durable\" \/>\n<meta property=\"article:modified_time\" content=\"2022-12-08T15:05:16+00:00\" \/>\n<meta property=\"og:image\" content=\"https:\/\/dev-durable.agglo-larochelle.fr\/2022\/wp-content\/uploads\/2022\/12\/velos_CA_038765.jpg\" \/>\n\t<meta property=\"og:image:width\" content=\"650\" \/>\n\t<meta property=\"og:image:height\" content=\"300\" \/>\n\t<meta property=\"og:image:type\" content=\"image\/jpeg\" \/>\n<meta name=\"twitter:card\" content=\"summary_large_image\" \/>\n<meta name=\"twitter:label1\" content=\"Dur\u00e9e de lecture estim\u00e9e\" \/>\n\t<meta name=\"twitter:data1\" content=\"1 minute\" \/>\n<script type=\"application\/ld+json\" class=\"yoast-schema-graph\">{\"@context\":\"https:\/\/schema.org\",\"@graph\":[{\"@type\":\"WebPage\",\"@id\":\"https:\/\/dev-durable.agglo-larochelle.fr\/2022\/une-agglo-sobre-et-durable\/accompagnement-au-changement\/loperation-mai-a-velo-veut-inciter-les-habitants-a-utiliser-leur-bicyclette\/\",\"url\":\"https:\/\/dev-durable.agglo-larochelle.fr\/2022\/une-agglo-sobre-et-durable\/accompagnement-au-changement\/loperation-mai-a-velo-veut-inciter-les-habitants-a-utiliser-leur-bicyclette\/\",\"name\":\"L\u2019op\u00e9ration \u00ab\u00a0Mai \u00e0 v\u00e9lo\u00a0\u00bb veut inciter les habitants \u00e0 utiliser leur bicyclette - Rapport du d\u00e9veloppement durable\",\"isPartOf\":{\"@id\":\"https:\/\/dev-durable.agglo-larochelle.fr\/2022\/#website\"},\"datePublished\":\"2022-11-23T16:00:46+00:00\",\"dateModified\":\"2022-12-08T15:05:16+00:00\",\"breadcrumb\":{\"@id\":\"https:\/\/dev-durable.agglo-larochelle.fr\/2022\/une-agglo-sobre-et-durable\/accompagnement-au-changement\/loperation-mai-a-velo-veut-inciter-les-habitants-a-utiliser-leur-bicyclette\/#breadcrumb\"},\"inLanguage\":\"fr-FR\",\"potentialAction\":[{\"@type\":\"ReadAction\",\"target\":[\"https:\/\/dev-durable.agglo-larochelle.fr\/2022\/une-agglo-sobre-et-durable\/accompagnement-au-changement\/loperation-mai-a-velo-veut-inciter-les-habitants-a-utiliser-leur-bicyclette\/\"]}]},{\"@type\":\"BreadcrumbList\",\"@id\":\"https:\/\/dev-durable.agglo-larochelle.fr\/2022\/une-agglo-sobre-et-durable\/accompagnement-au-changement\/loperation-mai-a-velo-veut-inciter-les-habitants-a-utiliser-leur-bicyclette\/#breadcrumb\",\"itemListElement\":[{\"@type\":\"ListItem\",\"position\":1,\"name\":\"Accueil\",\"item\":\"https:\/\/dev-durable.agglo-larochelle.fr\/2022\/\"},{\"@type\":\"ListItem\",\"position\":2,\"name\":\"Une Agglo sobre et durable\",\"item\":\"https:\/\/dev-durable.agglo-larochelle.fr\/2022\/une-agglo-sobre-et-durable\/\"},{\"@type\":\"ListItem\",\"position\":3,\"name\":\"Accompagnement au changement\",\"item\":\"https:\/\/dev-durable.agglo-larochelle.fr\/2022\/une-agglo-sobre-et-durable\/accompagnement-au-changement\/\"},{\"@type\":\"ListItem\",\"position\":4,\"name\":\"L\u2019op\u00e9ration \u00ab\u00a0Mai \u00e0 v\u00e9lo\u00a0\u00bb veut inciter les habitants \u00e0 utiliser leur bicyclette\"}]},{\"@type\":\"WebSite\",\"@id\":\"https:\/\/dev-durable.agglo-larochelle.fr\/2022\/#website\",\"url\":\"https:\/\/dev-durable.agglo-larochelle.fr\/2022\/\",\"name\":\"Rapport du d\u00e9veloppement durable - 2022\",\"description\":\"Rapport 2022 du d\u00e9veloppement durable\",\"alternateName\":\"Communaut\u00e9 d'Agglom\u00e9ration de La Rochelle\",\"potentialAction\":[{\"@type\":\"SearchAction\",\"target\":{\"@type\":\"EntryPoint\",\"urlTemplate\":\"https:\/\/dev-durable.agglo-larochelle.fr\/2022\/?s={search_term_string}\"},\"query-input\":\"required name=search_term_string\"}],\"inLanguage\":\"fr-FR\"}]}<\/script>\n<!-- \/ Yoast SEO plugin. -->","yoast_head_json":{"title":"L\u2019op\u00e9ration \u00ab\u00a0Mai \u00e0 v\u00e9lo\u00a0\u00bb veut inciter les habitants \u00e0 utiliser leur bicyclette - Rapport du d\u00e9veloppement durable","robots":{"index":"index","follow":"follow","max-snippet":"max-snippet:-1","max-image-preview":"max-image-preview:large","max-video-preview":"max-video-preview:-1"},"canonical":"https:\/\/dev-durable.agglo-larochelle.fr\/2022\/une-agglo-sobre-et-durable\/accompagnement-au-changement\/loperation-mai-a-velo-veut-inciter-les-habitants-a-utiliser-leur-bicyclette\/","og_locale":"fr_FR","og_type":"article","og_title":"L\u2019op\u00e9ration \u00ab\u00a0Mai \u00e0 v\u00e9lo\u00a0\u00bb veut inciter les habitants \u00e0 utiliser leur bicyclette - Rapport du d\u00e9veloppement durable","og_description":"Le territoire rochelais s\u2019est associ\u00e9 cette ann\u00e9e \u00e0 l\u2019op\u00e9ration nationale \u00ab Mai \u00e0 v\u00e9lo \u00bb, destin\u00e9e \u00e0 promouvoir l\u2019usage de la bicyclette comme mode de transport au quotidien. Durant tout le mois de mai, les initiatives ont \u00e9t\u00e9 nombreuses et f\u00e9d\u00e9ratrices \u00e0 La Rochelle et dans toute l\u2019agglom\u00e9ration\u00a0: balades de d\u00e9couverte du r\u00e9seau cyclable, \u00ab\u00a0challenges\u00a0\u00bb [&hellip;]","og_url":"https:\/\/dev-durable.agglo-larochelle.fr\/2022\/une-agglo-sobre-et-durable\/accompagnement-au-changement\/loperation-mai-a-velo-veut-inciter-les-habitants-a-utiliser-leur-bicyclette\/","og_site_name":"Rapport du d\u00e9veloppement durable","article_modified_time":"2022-12-08T15:05:16+00:00","og_image":[{"width":650,"height":300,"url":"https:\/\/dev-durable.agglo-larochelle.fr\/2022\/wp-content\/uploads\/2022\/12\/velos_CA_038765.jpg","type":"image\/jpeg"}],"twitter_card":"summary_large_image","twitter_misc":{"Dur\u00e9e de lecture estim\u00e9e":"1 minute"},"schema":{"@context":"https:\/\/schema.org","@graph":[{"@type":"WebPage","@id":"https:\/\/dev-durable.agglo-larochelle.fr\/2022\/une-agglo-sobre-et-durable\/accompagnement-au-changement\/loperation-mai-a-velo-veut-inciter-les-habitants-a-utiliser-leur-bicyclette\/","url":"https:\/\/dev-durable.agglo-larochelle.fr\/2022\/une-agglo-sobre-et-durable\/accompagnement-au-changement\/loperation-mai-a-velo-veut-inciter-les-habitants-a-utiliser-leur-bicyclette\/","name":"L\u2019op\u00e9ration \u00ab\u00a0Mai \u00e0 v\u00e9lo\u00a0\u00bb veut inciter les habitants \u00e0 utiliser leur bicyclette - Rapport du d\u00e9veloppement durable","isPartOf":{"@id":"https:\/\/dev-durable.agglo-larochelle.fr\/2022\/#website"},"datePublished":"2022-11-23T16:00:46+00:00","dateModified":"2022-12-08T15:05:16+00:00","breadcrumb":{"@id":"https:\/\/dev-durable.agglo-larochelle.fr\/2022\/une-agglo-sobre-et-durable\/accompagnement-au-changement\/loperation-mai-a-velo-veut-inciter-les-habitants-a-utiliser-leur-bicyclette\/#breadcrumb"},"inLanguage":"fr-FR","potentialAction":[{"@type":"ReadAction","target":["https:\/\/dev-durable.agglo-larochelle.fr\/2022\/une-agglo-sobre-et-durable\/accompagnement-au-changement\/loperation-mai-a-velo-veut-inciter-les-habitants-a-utiliser-leur-bicyclette\/"]}]},{"@type":"BreadcrumbList","@id":"https:\/\/dev-durable.agglo-larochelle.fr\/2022\/une-agglo-sobre-et-durable\/accompagnement-au-changement\/loperation-mai-a-velo-veut-inciter-les-habitants-a-utiliser-leur-bicyclette\/#breadcrumb","itemListElement":[{"@type":"ListItem","position":1,"name":"Accueil","item":"https:\/\/dev-durable.agglo-larochelle.fr\/2022\/"},{"@type":"ListItem","position":2,"name":"Une Agglo sobre et durable","item":"https:\/\/dev-durable.agglo-larochelle.fr\/2022\/une-agglo-sobre-et-durable\/"},{"@type":"ListItem","position":3,"name":"Accompagnement au changement","item":"https:\/\/dev-durable.agglo-larochelle.fr\/2022\/une-agglo-sobre-et-durable\/accompagnement-au-changement\/"},{"@type":"ListItem","position":4,"name":"L\u2019op\u00e9ration \u00ab\u00a0Mai \u00e0 v\u00e9lo\u00a0\u00bb veut inciter les habitants \u00e0 utiliser leur bicyclette"}]},{"@type":"WebSite","@id":"https:\/\/dev-durable.agglo-larochelle.fr\/2022\/#website","url":"https:\/\/dev-durable.agglo-larochelle.fr\/2022\/","name":"Rapport du d\u00e9veloppement durable - 2022","description":"Rapport 2022 du d\u00e9veloppement durable","alternateName":"Communaut\u00e9 d'Agglom\u00e9ration de La Rochelle","potentialAction":[{"@type":"SearchAction","target":{"@type":"EntryPoint","urlTemplate":"https:\/\/dev-durable.agglo-larochelle.fr\/2022\/?s={search_term_string}"},"query-input":"required name=search_term_string"}],"inLanguage":"fr-FR"}]}},"_links":{"self":[{"href":"https:\/\/dev-durable.agglo-larochelle.fr\/2022\/wp-json\/wp\/v2\/pages\/2783"}],"collection":[{"href":"https:\/\/dev-durable.agglo-larochelle.fr\/2022\/wp-json\/wp\/v2\/pages"}],"about":[{"href":"https:\/\/dev-durable.agglo-larochelle.fr\/2022\/wp-json\/wp\/v2\/types\/page"}],"author":[{"embeddable":true,"href":"https:\/\/dev-durable.agglo-larochelle.fr\/2022\/wp-json\/wp\/v2\/users\/1"}],"replies":[{"embeddable":true,"href":"https:\/\/dev-durable.agglo-larochelle.fr\/2022\/wp-json\/wp\/v2\/comments?post=2783"}],"version-history":[{"count":2,"href":"https:\/\/dev-durable.agglo-larochelle.fr\/2022\/wp-json\/wp\/v2\/pages\/2783\/revisions"}],"predecessor-version":[{"id":2785,"href":"https:\/\/dev-durable.agglo-larochelle.fr\/2022\/wp-json\/wp\/v2\/pages\/2783\/revisions\/2785"}],"up":[{"embeddable":true,"href":"https:\/\/dev-durable.agglo-larochelle.fr\/2022\/wp-json\/wp\/v2\/pages\/2120"}],"wp:featuredmedia":[{"embeddable":true,"href":"https:\/\/dev-durable.agglo-larochelle.fr\/2022\/wp-json\/wp\/v2\/media\/2951"}],"wp:attachment":[{"href":"https:\/\/dev-durable.agglo-larochelle.fr\/2022\/wp-json\/wp\/v2\/media?parent=2783"}],"curies":[{"name":"wp","href":"https:\/\/api.w.org\/{rel}","templated":true}]}}