{"id":2789,"date":"2022-11-23T17:03:26","date_gmt":"2022-11-23T16:03:26","guid":{"rendered":"https:\/\/dev-durable.agglo-larochelle.fr\/2022\/?page_id=2789"},"modified":"2022-12-08T16:06:03","modified_gmt":"2022-12-08T15:06:03","slug":"gestion-integree-des-eaux-de-pluviales-entre-formations-et-guide","status":"publish","type":"page","link":"https:\/\/dev-durable.agglo-larochelle.fr\/2022\/une-agglo-sobre-et-durable\/accompagnement-au-changement\/gestion-integree-des-eaux-de-pluviales-entre-formations-et-guide\/","title":{"rendered":"Gestion int\u00e9gr\u00e9e des eaux de pluviales, entre formations et guide"},"content":{"rendered":"<p><strong>Un s\u00e9minaire consacr\u00e9 \u00e0 la Gestion Int\u00e9gr\u00e9e des Eaux Pluviales (GIEP) a \u00e9t\u00e9 propos\u00e9 aux \u00e9lus et responsables de services afin d\u2019int\u00e9grer cette d\u00e9marche dans leurs actions. Un guide technique a \u00e9galement vu le jour.<\/strong><\/p>\n<p>En mai 2022, \u00e9lus et agents de l\u2019Agglom\u00e9ration ont particip\u00e9 \u00e0 ce s\u00e9minaire, qui a permis de faire le point sur les \u00e9volutions r\u00e9glementaires en faveur de la GIEP, sur ses principes et sa mise en \u0153uvre, sur ce que la collectivit\u00e9 a d\u00e9j\u00e0 mis en place, et sur les fa\u00e7ons d\u2019int\u00e9grer la GIEP dans le PLUi. L\u2019exemple du projet de requalification urbaine Joffre-Rompsay a permis d\u2019illustrer l\u2019int\u00e9gration de cette d\u00e9marche dans un projet urbain.<\/p>\n<p>Afin d\u2019accompagner les concepteurs de projets urbains dans la mise en \u0153uvre de la gestion des eaux pluviales, un Guide technique \u00ab\u00a0Comment int\u00e9grer les eaux pluviales dans les projets d\u2019am\u00e9nagements\u00a0\u00bb a \u00e9galement \u00e9t\u00e9 \u00e9dit\u00e9 par l\u2019Agglom\u00e9ration. Ce Guide pr\u00e9sente des orientations techniques afin d\u2019aider les professionnels \u00e0 concevoir des solutions les plus adapt\u00e9es \u00e0 leurs projets, compte-tenu de leur contexte (type de toitures, voies de circulation, espaces de pleine terre, pente, etc.). Il a pour but de garantir une gestion des eaux pluviales exemplaire et coh\u00e9rente sur l\u2019ensemble du territoire. Enfin une sensibilisation aupr\u00e8s des professionnels de la construction et l&rsquo;am\u00e9nagement a \u00e9galement eu lieu.<\/p>\n","protected":false},"excerpt":{"rendered":"<p>Un s\u00e9minaire consacr\u00e9 \u00e0 la Gestion Int\u00e9gr\u00e9e des Eaux Pluviales (GIEP) a \u00e9t\u00e9 propos\u00e9 aux \u00e9lus et responsables de services afin d\u2019int\u00e9grer cette d\u00e9marche dans leurs actions. Un guide technique a \u00e9galement vu le jour. En mai 2022, \u00e9lus et agents de l\u2019Agglom\u00e9ration ont particip\u00e9 \u00e0 ce s\u00e9minaire, qui a permis de faire le point [&hellip;]<\/p>\n","protected":false},"author":1,"featured_media":2354,"parent":2120,"menu_order":7,"comment_status":"closed","ping_status":"closed","template":"page-sous-partie.php","meta":[],"acf":[],"yoast_head":"<!-- This site is optimized with the Yoast SEO plugin v19.12 - https:\/\/yoast.com\/wordpress\/plugins\/seo\/ -->\n<title>Gestion int\u00e9gr\u00e9e des eaux de pluviales, entre formations et guide - Rapport du d\u00e9veloppement durable<\/title>\n<meta name=\"robots\" content=\"index, follow, max-snippet:-1, max-image-preview:large, max-video-preview:-1\" \/>\n<link rel=\"canonical\" href=\"https:\/\/dev-durable.agglo-larochelle.fr\/2022\/une-agglo-sobre-et-durable\/accompagnement-au-changement\/gestion-integree-des-eaux-de-pluviales-entre-formations-et-guide\/\" \/>\n<meta property=\"og:locale\" content=\"fr_FR\" \/>\n<meta property=\"og:type\" content=\"article\" \/>\n<meta property=\"og:title\" content=\"Gestion int\u00e9gr\u00e9e des eaux de pluviales, entre formations et guide - Rapport du d\u00e9veloppement durable\" \/>\n<meta property=\"og:description\" content=\"Un s\u00e9minaire consacr\u00e9 \u00e0 la Gestion Int\u00e9gr\u00e9e des Eaux Pluviales (GIEP) a \u00e9t\u00e9 propos\u00e9 aux \u00e9lus et responsables de services afin d\u2019int\u00e9grer cette d\u00e9marche dans leurs actions. Un guide technique a \u00e9galement vu le jour. En mai 2022, \u00e9lus et agents de l\u2019Agglom\u00e9ration ont particip\u00e9 \u00e0 ce s\u00e9minaire, qui a permis de faire le point [&hellip;]\" \/>\n<meta property=\"og:url\" content=\"https:\/\/dev-durable.agglo-larochelle.fr\/2022\/une-agglo-sobre-et-durable\/accompagnement-au-changement\/gestion-integree-des-eaux-de-pluviales-entre-formations-et-guide\/\" \/>\n<meta property=\"og:site_name\" content=\"Rapport du d\u00e9veloppement durable\" \/>\n<meta property=\"article:modified_time\" content=\"2022-12-08T15:06:03+00:00\" \/>\n<meta property=\"og:image\" content=\"https:\/\/dev-durable.agglo-larochelle.fr\/2022\/wp-content\/uploads\/2021\/12\/AdobeStock_295526187_pluie.jpeg\" \/>\n\t<meta property=\"og:image:width\" content=\"1773\" \/>\n\t<meta property=\"og:image:height\" content=\"1182\" \/>\n\t<meta property=\"og:image:type\" content=\"image\/jpeg\" \/>\n<meta name=\"twitter:card\" content=\"summary_large_image\" \/>\n<meta name=\"twitter:label1\" content=\"Dur\u00e9e de lecture estim\u00e9e\" \/>\n\t<meta name=\"twitter:data1\" content=\"2 minutes\" \/>\n<script type=\"application\/ld+json\" class=\"yoast-schema-graph\">{\"@context\":\"https:\/\/schema.org\",\"@graph\":[{\"@type\":\"WebPage\",\"@id\":\"https:\/\/dev-durable.agglo-larochelle.fr\/2022\/une-agglo-sobre-et-durable\/accompagnement-au-changement\/gestion-integree-des-eaux-de-pluviales-entre-formations-et-guide\/\",\"url\":\"https:\/\/dev-durable.agglo-larochelle.fr\/2022\/une-agglo-sobre-et-durable\/accompagnement-au-changement\/gestion-integree-des-eaux-de-pluviales-entre-formations-et-guide\/\",\"name\":\"Gestion int\u00e9gr\u00e9e des eaux de pluviales, entre formations et guide - Rapport du d\u00e9veloppement durable\",\"isPartOf\":{\"@id\":\"https:\/\/dev-durable.agglo-larochelle.fr\/2022\/#website\"},\"datePublished\":\"2022-11-23T16:03:26+00:00\",\"dateModified\":\"2022-12-08T15:06:03+00:00\",\"breadcrumb\":{\"@id\":\"https:\/\/dev-durable.agglo-larochelle.fr\/2022\/une-agglo-sobre-et-durable\/accompagnement-au-changement\/gestion-integree-des-eaux-de-pluviales-entre-formations-et-guide\/#breadcrumb\"},\"inLanguage\":\"fr-FR\",\"potentialAction\":[{\"@type\":\"ReadAction\",\"target\":[\"https:\/\/dev-durable.agglo-larochelle.fr\/2022\/une-agglo-sobre-et-durable\/accompagnement-au-changement\/gestion-integree-des-eaux-de-pluviales-entre-formations-et-guide\/\"]}]},{\"@type\":\"BreadcrumbList\",\"@id\":\"https:\/\/dev-durable.agglo-larochelle.fr\/2022\/une-agglo-sobre-et-durable\/accompagnement-au-changement\/gestion-integree-des-eaux-de-pluviales-entre-formations-et-guide\/#breadcrumb\",\"itemListElement\":[{\"@type\":\"ListItem\",\"position\":1,\"name\":\"Accueil\",\"item\":\"https:\/\/dev-durable.agglo-larochelle.fr\/2022\/\"},{\"@type\":\"ListItem\",\"position\":2,\"name\":\"Une Agglo sobre et durable\",\"item\":\"https:\/\/dev-durable.agglo-larochelle.fr\/2022\/une-agglo-sobre-et-durable\/\"},{\"@type\":\"ListItem\",\"position\":3,\"name\":\"Accompagnement au changement\",\"item\":\"https:\/\/dev-durable.agglo-larochelle.fr\/2022\/une-agglo-sobre-et-durable\/accompagnement-au-changement\/\"},{\"@type\":\"ListItem\",\"position\":4,\"name\":\"Gestion int\u00e9gr\u00e9e des eaux de pluviales, entre formations et guide\"}]},{\"@type\":\"WebSite\",\"@id\":\"https:\/\/dev-durable.agglo-larochelle.fr\/2022\/#website\",\"url\":\"https:\/\/dev-durable.agglo-larochelle.fr\/2022\/\",\"name\":\"Rapport du d\u00e9veloppement durable - 2022\",\"description\":\"Rapport 2022 du d\u00e9veloppement durable\",\"alternateName\":\"Communaut\u00e9 d'Agglom\u00e9ration de La Rochelle\",\"potentialAction\":[{\"@type\":\"SearchAction\",\"target\":{\"@type\":\"EntryPoint\",\"urlTemplate\":\"https:\/\/dev-durable.agglo-larochelle.fr\/2022\/?s={search_term_string}\"},\"query-input\":\"required name=search_term_string\"}],\"inLanguage\":\"fr-FR\"}]}<\/script>\n<!-- \/ Yoast SEO plugin. -->","yoast_head_json":{"title":"Gestion int\u00e9gr\u00e9e des eaux de pluviales, entre formations et guide - Rapport du d\u00e9veloppement durable","robots":{"index":"index","follow":"follow","max-snippet":"max-snippet:-1","max-image-preview":"max-image-preview:large","max-video-preview":"max-video-preview:-1"},"canonical":"https:\/\/dev-durable.agglo-larochelle.fr\/2022\/une-agglo-sobre-et-durable\/accompagnement-au-changement\/gestion-integree-des-eaux-de-pluviales-entre-formations-et-guide\/","og_locale":"fr_FR","og_type":"article","og_title":"Gestion int\u00e9gr\u00e9e des eaux de pluviales, entre formations et guide - Rapport du d\u00e9veloppement durable","og_description":"Un s\u00e9minaire consacr\u00e9 \u00e0 la Gestion Int\u00e9gr\u00e9e des Eaux Pluviales (GIEP) a \u00e9t\u00e9 propos\u00e9 aux \u00e9lus et responsables de services afin d\u2019int\u00e9grer cette d\u00e9marche dans leurs actions. Un guide technique a \u00e9galement vu le jour. En mai 2022, \u00e9lus et agents de l\u2019Agglom\u00e9ration ont particip\u00e9 \u00e0 ce s\u00e9minaire, qui a permis de faire le point [&hellip;]","og_url":"https:\/\/dev-durable.agglo-larochelle.fr\/2022\/une-agglo-sobre-et-durable\/accompagnement-au-changement\/gestion-integree-des-eaux-de-pluviales-entre-formations-et-guide\/","og_site_name":"Rapport du d\u00e9veloppement durable","article_modified_time":"2022-12-08T15:06:03+00:00","og_image":[{"width":1773,"height":1182,"url":"https:\/\/dev-durable.agglo-larochelle.fr\/2022\/wp-content\/uploads\/2021\/12\/AdobeStock_295526187_pluie.jpeg","type":"image\/jpeg"}],"twitter_card":"summary_large_image","twitter_misc":{"Dur\u00e9e de lecture estim\u00e9e":"2 minutes"},"schema":{"@context":"https:\/\/schema.org","@graph":[{"@type":"WebPage","@id":"https:\/\/dev-durable.agglo-larochelle.fr\/2022\/une-agglo-sobre-et-durable\/accompagnement-au-changement\/gestion-integree-des-eaux-de-pluviales-entre-formations-et-guide\/","url":"https:\/\/dev-durable.agglo-larochelle.fr\/2022\/une-agglo-sobre-et-durable\/accompagnement-au-changement\/gestion-integree-des-eaux-de-pluviales-entre-formations-et-guide\/","name":"Gestion int\u00e9gr\u00e9e des eaux de pluviales, entre formations et guide - Rapport du d\u00e9veloppement durable","isPartOf":{"@id":"https:\/\/dev-durable.agglo-larochelle.fr\/2022\/#website"},"datePublished":"2022-11-23T16:03:26+00:00","dateModified":"2022-12-08T15:06:03+00:00","breadcrumb":{"@id":"https:\/\/dev-durable.agglo-larochelle.fr\/2022\/une-agglo-sobre-et-durable\/accompagnement-au-changement\/gestion-integree-des-eaux-de-pluviales-entre-formations-et-guide\/#breadcrumb"},"inLanguage":"fr-FR","potentialAction":[{"@type":"ReadAction","target":["https:\/\/dev-durable.agglo-larochelle.fr\/2022\/une-agglo-sobre-et-durable\/accompagnement-au-changement\/gestion-integree-des-eaux-de-pluviales-entre-formations-et-guide\/"]}]},{"@type":"BreadcrumbList","@id":"https:\/\/dev-durable.agglo-larochelle.fr\/2022\/une-agglo-sobre-et-durable\/accompagnement-au-changement\/gestion-integree-des-eaux-de-pluviales-entre-formations-et-guide\/#breadcrumb","itemListElement":[{"@type":"ListItem","position":1,"name":"Accueil","item":"https:\/\/dev-durable.agglo-larochelle.fr\/2022\/"},{"@type":"ListItem","position":2,"name":"Une Agglo sobre et durable","item":"https:\/\/dev-durable.agglo-larochelle.fr\/2022\/une-agglo-sobre-et-durable\/"},{"@type":"ListItem","position":3,"name":"Accompagnement au changement","item":"https:\/\/dev-durable.agglo-larochelle.fr\/2022\/une-agglo-sobre-et-durable\/accompagnement-au-changement\/"},{"@type":"ListItem","position":4,"name":"Gestion int\u00e9gr\u00e9e des eaux de pluviales, entre formations et guide"}]},{"@type":"WebSite","@id":"https:\/\/dev-durable.agglo-larochelle.fr\/2022\/#website","url":"https:\/\/dev-durable.agglo-larochelle.fr\/2022\/","name":"Rapport du d\u00e9veloppement durable - 2022","description":"Rapport 2022 du d\u00e9veloppement durable","alternateName":"Communaut\u00e9 d'Agglom\u00e9ration de La Rochelle","potentialAction":[{"@type":"SearchAction","target":{"@type":"EntryPoint","urlTemplate":"https:\/\/dev-durable.agglo-larochelle.fr\/2022\/?s={search_term_string}"},"query-input":"required name=search_term_string"}],"inLanguage":"fr-FR"}]}},"_links":{"self":[{"href":"https:\/\/dev-durable.agglo-larochelle.fr\/2022\/wp-json\/wp\/v2\/pages\/2789"}],"collection":[{"href":"https:\/\/dev-durable.agglo-larochelle.fr\/2022\/wp-json\/wp\/v2\/pages"}],"about":[{"href":"https:\/\/dev-durable.agglo-larochelle.fr\/2022\/wp-json\/wp\/v2\/types\/page"}],"author":[{"embeddable":true,"href":"https:\/\/dev-durable.agglo-larochelle.fr\/2022\/wp-json\/wp\/v2\/users\/1"}],"replies":[{"embeddable":true,"href":"https:\/\/dev-durable.agglo-larochelle.fr\/2022\/wp-json\/wp\/v2\/comments?post=2789"}],"version-history":[{"count":2,"href":"https:\/\/dev-durable.agglo-larochelle.fr\/2022\/wp-json\/wp\/v2\/pages\/2789\/revisions"}],"predecessor-version":[{"id":2791,"href":"https:\/\/dev-durable.agglo-larochelle.fr\/2022\/wp-json\/wp\/v2\/pages\/2789\/revisions\/2791"}],"up":[{"embeddable":true,"href":"https:\/\/dev-durable.agglo-larochelle.fr\/2022\/wp-json\/wp\/v2\/pages\/2120"}],"wp:featuredmedia":[{"embeddable":true,"href":"https:\/\/dev-durable.agglo-larochelle.fr\/2022\/wp-json\/wp\/v2\/media\/2354"}],"wp:attachment":[{"href":"https:\/\/dev-durable.agglo-larochelle.fr\/2022\/wp-json\/wp\/v2\/media?parent=2789"}],"curies":[{"name":"wp","href":"https:\/\/api.w.org\/{rel}","templated":true}]}}