{"id":2792,"date":"2022-11-23T17:05:11","date_gmt":"2022-11-23T16:05:11","guid":{"rendered":"https:\/\/dev-durable.agglo-larochelle.fr\/2022\/?page_id=2792"},"modified":"2022-12-08T16:06:58","modified_gmt":"2022-12-08T15:06:58","slug":"le-cyber-world-clean-up-day-allege-le-poids-du-numerique","status":"publish","type":"page","link":"https:\/\/dev-durable.agglo-larochelle.fr\/2022\/une-agglo-sobre-et-durable\/accompagnement-au-changement\/le-cyber-world-clean-up-day-allege-le-poids-du-numerique\/","title":{"rendered":"Le Cyber world clean up day all\u00e8ge le poids du num\u00e9rique"},"content":{"rendered":"<p><strong>Les collectivit\u00e9s rochelaises se sont pleinement impliqu\u00e9es dans le World Clean Up Day, semaine mondiale de nettoyage des donn\u00e9es num\u00e9riques, afin de r\u00e9duire le poids de ces donn\u00e9es sur les serveurs.<\/strong><\/p>\n<p>Cette ann\u00e9e, les actions mises en place \u00e0 l\u2019occasion du World Clean Up Day ont pris la forme de sensibilisation des agents de l\u2019Agglom\u00e9ration et des communes-membres\u00a0: webinaire, ateliers Num\u00e9rique responsable, etc. 793 participants, repr\u00e9sentants 20 organisations ont contribu\u00e9 \u00e0 cette op\u00e9ration. Au-del\u00e0 de ces actions, le World Clean Up Day a permis de supprimer les fichiers informatiques et mails inutiles (sans valeur administrative ou patrimoniale) et de comptabiliser cet effort (nombre et poids total de fichiers\/mails supprim\u00e9s). Cette ann\u00e9e, plus d\u2019un million de mails et pr\u00e8s de deux millions de fichiers num\u00e9riques ont \u00e9t\u00e9 supprim\u00e9s, repr\u00e9sentant pr\u00e8s de 4 000 Go.<\/p>\n","protected":false},"excerpt":{"rendered":"<p>Les collectivit\u00e9s rochelaises se sont pleinement impliqu\u00e9es dans le World Clean Up Day, semaine mondiale de nettoyage des donn\u00e9es num\u00e9riques, afin de r\u00e9duire le poids de ces donn\u00e9es sur les serveurs. Cette ann\u00e9e, les actions mises en place \u00e0 l\u2019occasion du World Clean Up Day ont pris la forme de sensibilisation des agents de l\u2019Agglom\u00e9ration [&hellip;]<\/p>\n","protected":false},"author":1,"featured_media":665,"parent":2120,"menu_order":8,"comment_status":"closed","ping_status":"closed","template":"page-sous-partie.php","meta":[],"acf":[],"yoast_head":"<!-- This site is optimized with the Yoast SEO plugin v19.12 - https:\/\/yoast.com\/wordpress\/plugins\/seo\/ -->\n<title>Le Cyber world clean up day all\u00e8ge le poids du num\u00e9rique - Rapport du d\u00e9veloppement durable<\/title>\n<meta name=\"robots\" content=\"index, follow, max-snippet:-1, max-image-preview:large, max-video-preview:-1\" \/>\n<link rel=\"canonical\" href=\"https:\/\/dev-durable.agglo-larochelle.fr\/2022\/une-agglo-sobre-et-durable\/accompagnement-au-changement\/le-cyber-world-clean-up-day-allege-le-poids-du-numerique\/\" \/>\n<meta property=\"og:locale\" content=\"fr_FR\" \/>\n<meta property=\"og:type\" content=\"article\" \/>\n<meta property=\"og:title\" content=\"Le Cyber world clean up day all\u00e8ge le poids du num\u00e9rique - Rapport du d\u00e9veloppement durable\" \/>\n<meta property=\"og:description\" content=\"Les collectivit\u00e9s rochelaises se sont pleinement impliqu\u00e9es dans le World Clean Up Day, semaine mondiale de nettoyage des donn\u00e9es num\u00e9riques, afin de r\u00e9duire le poids de ces donn\u00e9es sur les serveurs. Cette ann\u00e9e, les actions mises en place \u00e0 l\u2019occasion du World Clean Up Day ont pris la forme de sensibilisation des agents de l\u2019Agglom\u00e9ration [&hellip;]\" \/>\n<meta property=\"og:url\" content=\"https:\/\/dev-durable.agglo-larochelle.fr\/2022\/une-agglo-sobre-et-durable\/accompagnement-au-changement\/le-cyber-world-clean-up-day-allege-le-poids-du-numerique\/\" \/>\n<meta property=\"og:site_name\" content=\"Rapport du d\u00e9veloppement durable\" \/>\n<meta property=\"article:modified_time\" content=\"2022-12-08T15:06:58+00:00\" \/>\n<meta property=\"og:image\" content=\"https:\/\/dev-durable.agglo-larochelle.fr\/2022\/wp-content\/uploads\/2018\/11\/dematerialisation-des-procedures-la-rochelle.gif\" \/>\n\t<meta property=\"og:image:width\" content=\"1024\" \/>\n\t<meta property=\"og:image:height\" content=\"654\" \/>\n\t<meta property=\"og:image:type\" content=\"image\/gif\" \/>\n<meta name=\"twitter:card\" content=\"summary_large_image\" \/>\n<meta name=\"twitter:label1\" content=\"Dur\u00e9e de lecture estim\u00e9e\" \/>\n\t<meta name=\"twitter:data1\" content=\"1 minute\" \/>\n<script type=\"application\/ld+json\" class=\"yoast-schema-graph\">{\"@context\":\"https:\/\/schema.org\",\"@graph\":[{\"@type\":\"WebPage\",\"@id\":\"https:\/\/dev-durable.agglo-larochelle.fr\/2022\/une-agglo-sobre-et-durable\/accompagnement-au-changement\/le-cyber-world-clean-up-day-allege-le-poids-du-numerique\/\",\"url\":\"https:\/\/dev-durable.agglo-larochelle.fr\/2022\/une-agglo-sobre-et-durable\/accompagnement-au-changement\/le-cyber-world-clean-up-day-allege-le-poids-du-numerique\/\",\"name\":\"Le Cyber world clean up day all\u00e8ge le poids du num\u00e9rique - Rapport du d\u00e9veloppement durable\",\"isPartOf\":{\"@id\":\"https:\/\/dev-durable.agglo-larochelle.fr\/2022\/#website\"},\"datePublished\":\"2022-11-23T16:05:11+00:00\",\"dateModified\":\"2022-12-08T15:06:58+00:00\",\"breadcrumb\":{\"@id\":\"https:\/\/dev-durable.agglo-larochelle.fr\/2022\/une-agglo-sobre-et-durable\/accompagnement-au-changement\/le-cyber-world-clean-up-day-allege-le-poids-du-numerique\/#breadcrumb\"},\"inLanguage\":\"fr-FR\",\"potentialAction\":[{\"@type\":\"ReadAction\",\"target\":[\"https:\/\/dev-durable.agglo-larochelle.fr\/2022\/une-agglo-sobre-et-durable\/accompagnement-au-changement\/le-cyber-world-clean-up-day-allege-le-poids-du-numerique\/\"]}]},{\"@type\":\"BreadcrumbList\",\"@id\":\"https:\/\/dev-durable.agglo-larochelle.fr\/2022\/une-agglo-sobre-et-durable\/accompagnement-au-changement\/le-cyber-world-clean-up-day-allege-le-poids-du-numerique\/#breadcrumb\",\"itemListElement\":[{\"@type\":\"ListItem\",\"position\":1,\"name\":\"Accueil\",\"item\":\"https:\/\/dev-durable.agglo-larochelle.fr\/2022\/\"},{\"@type\":\"ListItem\",\"position\":2,\"name\":\"Une Agglo sobre et durable\",\"item\":\"https:\/\/dev-durable.agglo-larochelle.fr\/2022\/une-agglo-sobre-et-durable\/\"},{\"@type\":\"ListItem\",\"position\":3,\"name\":\"Accompagnement au changement\",\"item\":\"https:\/\/dev-durable.agglo-larochelle.fr\/2022\/une-agglo-sobre-et-durable\/accompagnement-au-changement\/\"},{\"@type\":\"ListItem\",\"position\":4,\"name\":\"Le Cyber world clean up day all\u00e8ge le poids du num\u00e9rique\"}]},{\"@type\":\"WebSite\",\"@id\":\"https:\/\/dev-durable.agglo-larochelle.fr\/2022\/#website\",\"url\":\"https:\/\/dev-durable.agglo-larochelle.fr\/2022\/\",\"name\":\"Rapport du d\u00e9veloppement durable - 2022\",\"description\":\"Rapport 2022 du d\u00e9veloppement durable\",\"alternateName\":\"Communaut\u00e9 d'Agglom\u00e9ration de La Rochelle\",\"potentialAction\":[{\"@type\":\"SearchAction\",\"target\":{\"@type\":\"EntryPoint\",\"urlTemplate\":\"https:\/\/dev-durable.agglo-larochelle.fr\/2022\/?s={search_term_string}\"},\"query-input\":\"required name=search_term_string\"}],\"inLanguage\":\"fr-FR\"}]}<\/script>\n<!-- \/ Yoast SEO plugin. -->","yoast_head_json":{"title":"Le Cyber world clean up day all\u00e8ge le poids du num\u00e9rique - Rapport du d\u00e9veloppement durable","robots":{"index":"index","follow":"follow","max-snippet":"max-snippet:-1","max-image-preview":"max-image-preview:large","max-video-preview":"max-video-preview:-1"},"canonical":"https:\/\/dev-durable.agglo-larochelle.fr\/2022\/une-agglo-sobre-et-durable\/accompagnement-au-changement\/le-cyber-world-clean-up-day-allege-le-poids-du-numerique\/","og_locale":"fr_FR","og_type":"article","og_title":"Le Cyber world clean up day all\u00e8ge le poids du num\u00e9rique - Rapport du d\u00e9veloppement durable","og_description":"Les collectivit\u00e9s rochelaises se sont pleinement impliqu\u00e9es dans le World Clean Up Day, semaine mondiale de nettoyage des donn\u00e9es num\u00e9riques, afin de r\u00e9duire le poids de ces donn\u00e9es sur les serveurs. Cette ann\u00e9e, les actions mises en place \u00e0 l\u2019occasion du World Clean Up Day ont pris la forme de sensibilisation des agents de l\u2019Agglom\u00e9ration [&hellip;]","og_url":"https:\/\/dev-durable.agglo-larochelle.fr\/2022\/une-agglo-sobre-et-durable\/accompagnement-au-changement\/le-cyber-world-clean-up-day-allege-le-poids-du-numerique\/","og_site_name":"Rapport du d\u00e9veloppement durable","article_modified_time":"2022-12-08T15:06:58+00:00","og_image":[{"width":1024,"height":654,"url":"https:\/\/dev-durable.agglo-larochelle.fr\/2022\/wp-content\/uploads\/2018\/11\/dematerialisation-des-procedures-la-rochelle.gif","type":"image\/gif"}],"twitter_card":"summary_large_image","twitter_misc":{"Dur\u00e9e de lecture estim\u00e9e":"1 minute"},"schema":{"@context":"https:\/\/schema.org","@graph":[{"@type":"WebPage","@id":"https:\/\/dev-durable.agglo-larochelle.fr\/2022\/une-agglo-sobre-et-durable\/accompagnement-au-changement\/le-cyber-world-clean-up-day-allege-le-poids-du-numerique\/","url":"https:\/\/dev-durable.agglo-larochelle.fr\/2022\/une-agglo-sobre-et-durable\/accompagnement-au-changement\/le-cyber-world-clean-up-day-allege-le-poids-du-numerique\/","name":"Le Cyber world clean up day all\u00e8ge le poids du num\u00e9rique - Rapport du d\u00e9veloppement durable","isPartOf":{"@id":"https:\/\/dev-durable.agglo-larochelle.fr\/2022\/#website"},"datePublished":"2022-11-23T16:05:11+00:00","dateModified":"2022-12-08T15:06:58+00:00","breadcrumb":{"@id":"https:\/\/dev-durable.agglo-larochelle.fr\/2022\/une-agglo-sobre-et-durable\/accompagnement-au-changement\/le-cyber-world-clean-up-day-allege-le-poids-du-numerique\/#breadcrumb"},"inLanguage":"fr-FR","potentialAction":[{"@type":"ReadAction","target":["https:\/\/dev-durable.agglo-larochelle.fr\/2022\/une-agglo-sobre-et-durable\/accompagnement-au-changement\/le-cyber-world-clean-up-day-allege-le-poids-du-numerique\/"]}]},{"@type":"BreadcrumbList","@id":"https:\/\/dev-durable.agglo-larochelle.fr\/2022\/une-agglo-sobre-et-durable\/accompagnement-au-changement\/le-cyber-world-clean-up-day-allege-le-poids-du-numerique\/#breadcrumb","itemListElement":[{"@type":"ListItem","position":1,"name":"Accueil","item":"https:\/\/dev-durable.agglo-larochelle.fr\/2022\/"},{"@type":"ListItem","position":2,"name":"Une Agglo sobre et durable","item":"https:\/\/dev-durable.agglo-larochelle.fr\/2022\/une-agglo-sobre-et-durable\/"},{"@type":"ListItem","position":3,"name":"Accompagnement au changement","item":"https:\/\/dev-durable.agglo-larochelle.fr\/2022\/une-agglo-sobre-et-durable\/accompagnement-au-changement\/"},{"@type":"ListItem","position":4,"name":"Le Cyber world clean up day all\u00e8ge le poids du num\u00e9rique"}]},{"@type":"WebSite","@id":"https:\/\/dev-durable.agglo-larochelle.fr\/2022\/#website","url":"https:\/\/dev-durable.agglo-larochelle.fr\/2022\/","name":"Rapport du d\u00e9veloppement durable - 2022","description":"Rapport 2022 du d\u00e9veloppement durable","alternateName":"Communaut\u00e9 d'Agglom\u00e9ration de La Rochelle","potentialAction":[{"@type":"SearchAction","target":{"@type":"EntryPoint","urlTemplate":"https:\/\/dev-durable.agglo-larochelle.fr\/2022\/?s={search_term_string}"},"query-input":"required name=search_term_string"}],"inLanguage":"fr-FR"}]}},"_links":{"self":[{"href":"https:\/\/dev-durable.agglo-larochelle.fr\/2022\/wp-json\/wp\/v2\/pages\/2792"}],"collection":[{"href":"https:\/\/dev-durable.agglo-larochelle.fr\/2022\/wp-json\/wp\/v2\/pages"}],"about":[{"href":"https:\/\/dev-durable.agglo-larochelle.fr\/2022\/wp-json\/wp\/v2\/types\/page"}],"author":[{"embeddable":true,"href":"https:\/\/dev-durable.agglo-larochelle.fr\/2022\/wp-json\/wp\/v2\/users\/1"}],"replies":[{"embeddable":true,"href":"https:\/\/dev-durable.agglo-larochelle.fr\/2022\/wp-json\/wp\/v2\/comments?post=2792"}],"version-history":[{"count":2,"href":"https:\/\/dev-durable.agglo-larochelle.fr\/2022\/wp-json\/wp\/v2\/pages\/2792\/revisions"}],"predecessor-version":[{"id":2794,"href":"https:\/\/dev-durable.agglo-larochelle.fr\/2022\/wp-json\/wp\/v2\/pages\/2792\/revisions\/2794"}],"up":[{"embeddable":true,"href":"https:\/\/dev-durable.agglo-larochelle.fr\/2022\/wp-json\/wp\/v2\/pages\/2120"}],"wp:featuredmedia":[{"embeddable":true,"href":"https:\/\/dev-durable.agglo-larochelle.fr\/2022\/wp-json\/wp\/v2\/media\/665"}],"wp:attachment":[{"href":"https:\/\/dev-durable.agglo-larochelle.fr\/2022\/wp-json\/wp\/v2\/media?parent=2792"}],"curies":[{"name":"wp","href":"https:\/\/api.w.org\/{rel}","templated":true}]}}