{"id":2795,"date":"2022-11-23T17:07:59","date_gmt":"2022-11-23T16:07:59","guid":{"rendered":"https:\/\/dev-durable.agglo-larochelle.fr\/2022\/?page_id=2795"},"modified":"2022-12-08T16:08:22","modified_gmt":"2022-12-08T15:08:22","slug":"la-rochelle-presente-son-bilan-carbone-numerique","status":"publish","type":"page","link":"https:\/\/dev-durable.agglo-larochelle.fr\/2022\/une-agglo-sobre-et-durable\/accompagnement-au-changement\/la-rochelle-presente-son-bilan-carbone-numerique\/","title":{"rendered":"La Rochelle pr\u00e9sente son Bilan carbone num\u00e9rique"},"content":{"rendered":"<p><strong>Un mois avant le World Clean Up Day organis\u00e9 en mars 2022, la Ville et l\u2019Agglom\u00e9ration ont pr\u00e9sent\u00e9 leur bilan carbone num\u00e9rique.\u00a0<\/strong><\/p>\n<p>Ce bilan concernait la production num\u00e9rique des services informatiques et d\u2019information des collectivit\u00e9s, et leurs prestataires externes, ainsi que les \u00e9coles de La Rochelle, en prenant 2020 comme ann\u00e9e de r\u00e9f\u00e9rence. Le r\u00e9sultat : 680 tonnes d\u2019\u00e9quivalent CO2 par an, largement imputable \u00e0 la fabrication du mat\u00e9riel informatique. Cet \u00e9tat des lieux \u00e9tant fait, les collectivit\u00e9s orientent leur strat\u00e9gie Num\u00e9rique responsable selon 2 grands axes : poursuivre les actions d\u2019information et de formation ; travailler la politique d\u2019achat du mat\u00e9riel informatique et bureautique en choisissant des \u00e9quipements sobres et r\u00e9parables, en allongeant leur dur\u00e9e de vie et en encourageant le r\u00e9emploi.<\/p>\n","protected":false},"excerpt":{"rendered":"<p>Un mois avant le World Clean Up Day organis\u00e9 en mars 2022, la Ville et l\u2019Agglom\u00e9ration ont pr\u00e9sent\u00e9 leur bilan carbone num\u00e9rique.\u00a0 Ce bilan concernait la production num\u00e9rique des services informatiques et d\u2019information des collectivit\u00e9s, et leurs prestataires externes, ainsi que les \u00e9coles de La Rochelle, en prenant 2020 comme ann\u00e9e de r\u00e9f\u00e9rence. Le r\u00e9sultat [&hellip;]<\/p>\n","protected":false},"author":1,"featured_media":2184,"parent":2120,"menu_order":9,"comment_status":"closed","ping_status":"closed","template":"page-sous-partie.php","meta":[],"acf":[],"yoast_head":"<!-- This site is optimized with the Yoast SEO plugin v19.12 - https:\/\/yoast.com\/wordpress\/plugins\/seo\/ -->\n<title>La Rochelle pr\u00e9sente son Bilan carbone num\u00e9rique - Rapport du d\u00e9veloppement durable<\/title>\n<meta name=\"robots\" content=\"index, follow, max-snippet:-1, max-image-preview:large, max-video-preview:-1\" \/>\n<link rel=\"canonical\" href=\"https:\/\/dev-durable.agglo-larochelle.fr\/2022\/une-agglo-sobre-et-durable\/accompagnement-au-changement\/la-rochelle-presente-son-bilan-carbone-numerique\/\" \/>\n<meta property=\"og:locale\" content=\"fr_FR\" \/>\n<meta property=\"og:type\" content=\"article\" \/>\n<meta property=\"og:title\" content=\"La Rochelle pr\u00e9sente son Bilan carbone num\u00e9rique - Rapport du d\u00e9veloppement durable\" \/>\n<meta property=\"og:description\" content=\"Un mois avant le World Clean Up Day organis\u00e9 en mars 2022, la Ville et l\u2019Agglom\u00e9ration ont pr\u00e9sent\u00e9 leur bilan carbone num\u00e9rique.\u00a0 Ce bilan concernait la production num\u00e9rique des services informatiques et d\u2019information des collectivit\u00e9s, et leurs prestataires externes, ainsi que les \u00e9coles de La Rochelle, en prenant 2020 comme ann\u00e9e de r\u00e9f\u00e9rence. Le r\u00e9sultat [&hellip;]\" \/>\n<meta property=\"og:url\" content=\"https:\/\/dev-durable.agglo-larochelle.fr\/2022\/une-agglo-sobre-et-durable\/accompagnement-au-changement\/la-rochelle-presente-son-bilan-carbone-numerique\/\" \/>\n<meta property=\"og:site_name\" content=\"Rapport du d\u00e9veloppement durable\" \/>\n<meta property=\"article:modified_time\" content=\"2022-12-08T15:08:22+00:00\" \/>\n<meta property=\"og:image\" content=\"https:\/\/dev-durable.agglo-larochelle.fr\/2022\/wp-content\/uploads\/2021\/11\/Numerique_responsable_MLRC_116634-1.jpg\" \/>\n\t<meta property=\"og:image:width\" content=\"750\" \/>\n\t<meta property=\"og:image:height\" content=\"499\" \/>\n\t<meta property=\"og:image:type\" content=\"image\/jpeg\" \/>\n<meta name=\"twitter:card\" content=\"summary_large_image\" \/>\n<meta name=\"twitter:label1\" content=\"Dur\u00e9e de lecture estim\u00e9e\" \/>\n\t<meta name=\"twitter:data1\" content=\"1 minute\" \/>\n<script type=\"application\/ld+json\" class=\"yoast-schema-graph\">{\"@context\":\"https:\/\/schema.org\",\"@graph\":[{\"@type\":\"WebPage\",\"@id\":\"https:\/\/dev-durable.agglo-larochelle.fr\/2022\/une-agglo-sobre-et-durable\/accompagnement-au-changement\/la-rochelle-presente-son-bilan-carbone-numerique\/\",\"url\":\"https:\/\/dev-durable.agglo-larochelle.fr\/2022\/une-agglo-sobre-et-durable\/accompagnement-au-changement\/la-rochelle-presente-son-bilan-carbone-numerique\/\",\"name\":\"La Rochelle pr\u00e9sente son Bilan carbone num\u00e9rique - Rapport du d\u00e9veloppement durable\",\"isPartOf\":{\"@id\":\"https:\/\/dev-durable.agglo-larochelle.fr\/2022\/#website\"},\"datePublished\":\"2022-11-23T16:07:59+00:00\",\"dateModified\":\"2022-12-08T15:08:22+00:00\",\"breadcrumb\":{\"@id\":\"https:\/\/dev-durable.agglo-larochelle.fr\/2022\/une-agglo-sobre-et-durable\/accompagnement-au-changement\/la-rochelle-presente-son-bilan-carbone-numerique\/#breadcrumb\"},\"inLanguage\":\"fr-FR\",\"potentialAction\":[{\"@type\":\"ReadAction\",\"target\":[\"https:\/\/dev-durable.agglo-larochelle.fr\/2022\/une-agglo-sobre-et-durable\/accompagnement-au-changement\/la-rochelle-presente-son-bilan-carbone-numerique\/\"]}]},{\"@type\":\"BreadcrumbList\",\"@id\":\"https:\/\/dev-durable.agglo-larochelle.fr\/2022\/une-agglo-sobre-et-durable\/accompagnement-au-changement\/la-rochelle-presente-son-bilan-carbone-numerique\/#breadcrumb\",\"itemListElement\":[{\"@type\":\"ListItem\",\"position\":1,\"name\":\"Accueil\",\"item\":\"https:\/\/dev-durable.agglo-larochelle.fr\/2022\/\"},{\"@type\":\"ListItem\",\"position\":2,\"name\":\"Une Agglo sobre et durable\",\"item\":\"https:\/\/dev-durable.agglo-larochelle.fr\/2022\/une-agglo-sobre-et-durable\/\"},{\"@type\":\"ListItem\",\"position\":3,\"name\":\"Accompagnement au changement\",\"item\":\"https:\/\/dev-durable.agglo-larochelle.fr\/2022\/une-agglo-sobre-et-durable\/accompagnement-au-changement\/\"},{\"@type\":\"ListItem\",\"position\":4,\"name\":\"La Rochelle pr\u00e9sente son Bilan carbone num\u00e9rique\"}]},{\"@type\":\"WebSite\",\"@id\":\"https:\/\/dev-durable.agglo-larochelle.fr\/2022\/#website\",\"url\":\"https:\/\/dev-durable.agglo-larochelle.fr\/2022\/\",\"name\":\"Rapport du d\u00e9veloppement durable - 2022\",\"description\":\"Rapport 2022 du d\u00e9veloppement durable\",\"alternateName\":\"Communaut\u00e9 d'Agglom\u00e9ration de La Rochelle\",\"potentialAction\":[{\"@type\":\"SearchAction\",\"target\":{\"@type\":\"EntryPoint\",\"urlTemplate\":\"https:\/\/dev-durable.agglo-larochelle.fr\/2022\/?s={search_term_string}\"},\"query-input\":\"required name=search_term_string\"}],\"inLanguage\":\"fr-FR\"}]}<\/script>\n<!-- \/ Yoast SEO plugin. -->","yoast_head_json":{"title":"La Rochelle pr\u00e9sente son Bilan carbone num\u00e9rique - Rapport du d\u00e9veloppement durable","robots":{"index":"index","follow":"follow","max-snippet":"max-snippet:-1","max-image-preview":"max-image-preview:large","max-video-preview":"max-video-preview:-1"},"canonical":"https:\/\/dev-durable.agglo-larochelle.fr\/2022\/une-agglo-sobre-et-durable\/accompagnement-au-changement\/la-rochelle-presente-son-bilan-carbone-numerique\/","og_locale":"fr_FR","og_type":"article","og_title":"La Rochelle pr\u00e9sente son Bilan carbone num\u00e9rique - Rapport du d\u00e9veloppement durable","og_description":"Un mois avant le World Clean Up Day organis\u00e9 en mars 2022, la Ville et l\u2019Agglom\u00e9ration ont pr\u00e9sent\u00e9 leur bilan carbone num\u00e9rique.\u00a0 Ce bilan concernait la production num\u00e9rique des services informatiques et d\u2019information des collectivit\u00e9s, et leurs prestataires externes, ainsi que les \u00e9coles de La Rochelle, en prenant 2020 comme ann\u00e9e de r\u00e9f\u00e9rence. Le r\u00e9sultat [&hellip;]","og_url":"https:\/\/dev-durable.agglo-larochelle.fr\/2022\/une-agglo-sobre-et-durable\/accompagnement-au-changement\/la-rochelle-presente-son-bilan-carbone-numerique\/","og_site_name":"Rapport du d\u00e9veloppement durable","article_modified_time":"2022-12-08T15:08:22+00:00","og_image":[{"width":750,"height":499,"url":"https:\/\/dev-durable.agglo-larochelle.fr\/2022\/wp-content\/uploads\/2021\/11\/Numerique_responsable_MLRC_116634-1.jpg","type":"image\/jpeg"}],"twitter_card":"summary_large_image","twitter_misc":{"Dur\u00e9e de lecture estim\u00e9e":"1 minute"},"schema":{"@context":"https:\/\/schema.org","@graph":[{"@type":"WebPage","@id":"https:\/\/dev-durable.agglo-larochelle.fr\/2022\/une-agglo-sobre-et-durable\/accompagnement-au-changement\/la-rochelle-presente-son-bilan-carbone-numerique\/","url":"https:\/\/dev-durable.agglo-larochelle.fr\/2022\/une-agglo-sobre-et-durable\/accompagnement-au-changement\/la-rochelle-presente-son-bilan-carbone-numerique\/","name":"La Rochelle pr\u00e9sente son Bilan carbone num\u00e9rique - Rapport du d\u00e9veloppement durable","isPartOf":{"@id":"https:\/\/dev-durable.agglo-larochelle.fr\/2022\/#website"},"datePublished":"2022-11-23T16:07:59+00:00","dateModified":"2022-12-08T15:08:22+00:00","breadcrumb":{"@id":"https:\/\/dev-durable.agglo-larochelle.fr\/2022\/une-agglo-sobre-et-durable\/accompagnement-au-changement\/la-rochelle-presente-son-bilan-carbone-numerique\/#breadcrumb"},"inLanguage":"fr-FR","potentialAction":[{"@type":"ReadAction","target":["https:\/\/dev-durable.agglo-larochelle.fr\/2022\/une-agglo-sobre-et-durable\/accompagnement-au-changement\/la-rochelle-presente-son-bilan-carbone-numerique\/"]}]},{"@type":"BreadcrumbList","@id":"https:\/\/dev-durable.agglo-larochelle.fr\/2022\/une-agglo-sobre-et-durable\/accompagnement-au-changement\/la-rochelle-presente-son-bilan-carbone-numerique\/#breadcrumb","itemListElement":[{"@type":"ListItem","position":1,"name":"Accueil","item":"https:\/\/dev-durable.agglo-larochelle.fr\/2022\/"},{"@type":"ListItem","position":2,"name":"Une Agglo sobre et durable","item":"https:\/\/dev-durable.agglo-larochelle.fr\/2022\/une-agglo-sobre-et-durable\/"},{"@type":"ListItem","position":3,"name":"Accompagnement au changement","item":"https:\/\/dev-durable.agglo-larochelle.fr\/2022\/une-agglo-sobre-et-durable\/accompagnement-au-changement\/"},{"@type":"ListItem","position":4,"name":"La Rochelle pr\u00e9sente son Bilan carbone num\u00e9rique"}]},{"@type":"WebSite","@id":"https:\/\/dev-durable.agglo-larochelle.fr\/2022\/#website","url":"https:\/\/dev-durable.agglo-larochelle.fr\/2022\/","name":"Rapport du d\u00e9veloppement durable - 2022","description":"Rapport 2022 du d\u00e9veloppement durable","alternateName":"Communaut\u00e9 d'Agglom\u00e9ration de La Rochelle","potentialAction":[{"@type":"SearchAction","target":{"@type":"EntryPoint","urlTemplate":"https:\/\/dev-durable.agglo-larochelle.fr\/2022\/?s={search_term_string}"},"query-input":"required name=search_term_string"}],"inLanguage":"fr-FR"}]}},"_links":{"self":[{"href":"https:\/\/dev-durable.agglo-larochelle.fr\/2022\/wp-json\/wp\/v2\/pages\/2795"}],"collection":[{"href":"https:\/\/dev-durable.agglo-larochelle.fr\/2022\/wp-json\/wp\/v2\/pages"}],"about":[{"href":"https:\/\/dev-durable.agglo-larochelle.fr\/2022\/wp-json\/wp\/v2\/types\/page"}],"author":[{"embeddable":true,"href":"https:\/\/dev-durable.agglo-larochelle.fr\/2022\/wp-json\/wp\/v2\/users\/1"}],"replies":[{"embeddable":true,"href":"https:\/\/dev-durable.agglo-larochelle.fr\/2022\/wp-json\/wp\/v2\/comments?post=2795"}],"version-history":[{"count":2,"href":"https:\/\/dev-durable.agglo-larochelle.fr\/2022\/wp-json\/wp\/v2\/pages\/2795\/revisions"}],"predecessor-version":[{"id":2798,"href":"https:\/\/dev-durable.agglo-larochelle.fr\/2022\/wp-json\/wp\/v2\/pages\/2795\/revisions\/2798"}],"up":[{"embeddable":true,"href":"https:\/\/dev-durable.agglo-larochelle.fr\/2022\/wp-json\/wp\/v2\/pages\/2120"}],"wp:featuredmedia":[{"embeddable":true,"href":"https:\/\/dev-durable.agglo-larochelle.fr\/2022\/wp-json\/wp\/v2\/media\/2184"}],"wp:attachment":[{"href":"https:\/\/dev-durable.agglo-larochelle.fr\/2022\/wp-json\/wp\/v2\/media?parent=2795"}],"curies":[{"name":"wp","href":"https:\/\/api.w.org\/{rel}","templated":true}]}}