{"id":2819,"date":"2022-11-23T17:26:28","date_gmt":"2022-11-23T16:26:28","guid":{"rendered":"https:\/\/dev-durable.agglo-larochelle.fr\/2022\/?page_id=2819"},"modified":"2022-12-08T16:29:28","modified_gmt":"2022-12-08T15:29:28","slug":"lagglomeration-anime-une-strategie-territoriale-elargie-pour-beneficier-de-fonds-europeens","status":"publish","type":"page","link":"https:\/\/dev-durable.agglo-larochelle.fr\/2022\/un-territoire-de-cooperations\/financements\/lagglomeration-anime-une-strategie-territoriale-elargie-pour-beneficier-de-fonds-europeens\/","title":{"rendered":"L\u2019Agglom\u00e9ration anime une strat\u00e9gie territoriale \u00e9largie pour b\u00e9n\u00e9ficier de fonds europ\u00e9ens"},"content":{"rendered":"<p><strong>L\u2019Agglom\u00e9ration de La Rochelle et les Communaut\u00e9s de Communes de l\u2019\u00cele de R\u00e9, Aunis sud et Aunis Atlantique ont r\u00e9pondu \u00e0 un appel \u00e0 candidatures commun dans le cadre de la politique contractuelle de la R\u00e9gion Nouvelle-Aquitaine pour l\u2019obtention de fonds europ\u00e9en.<\/strong><\/p>\n<p>Les quatre collectivit\u00e9s ont \u00e9labor\u00e9 une strat\u00e9gie territoriale commune reposant sur quatre objectifs prioritaires : faciliter les d\u00e9placements et am\u00e9liorer la desserte du territoire, en d\u00e9veloppement une alternative cr\u00e9dible \u00e0 \u00ab l\u2019autosolisme \u00bb dans les d\u00e9placements domicile-travail ; proposer une offre d\u2019alimentation et de productions de proximit\u00e9 et de qualit\u00e9, par le d\u00e9veloppement d\u2019approvisionnement en circuits courts ; soutenir les nouvelles formes d\u2019habitat et de services aux publics, pour favoriser l\u2019acc\u00e8s des jeunes au parc locatif et renforcer les liens avec les usagers ; promouvoir une \u00e9conomie bleue durable sur le territoire, en cr\u00e9ant des synergies entre les fili\u00e8res. En tant qu\u2019animateur de cette strat\u00e9gie territoriale, l\u2019Agglom\u00e9ration de La Rochelle aura pour mission d\u2019informer les porteurs de projets sur les financements possibles et de les accompagner tout au long de la vie de leurs projets.<\/p>\n","protected":false},"excerpt":{"rendered":"<p>L\u2019Agglom\u00e9ration de La Rochelle et les Communaut\u00e9s de Communes de l\u2019\u00cele de R\u00e9, Aunis sud et Aunis Atlantique ont r\u00e9pondu \u00e0 un appel \u00e0 candidatures commun dans le cadre de la politique contractuelle de la R\u00e9gion Nouvelle-Aquitaine pour l\u2019obtention de fonds europ\u00e9en. Les quatre collectivit\u00e9s ont \u00e9labor\u00e9 une strat\u00e9gie territoriale commune reposant sur quatre objectifs [&hellip;]<\/p>\n","protected":false},"author":1,"featured_media":660,"parent":2815,"menu_order":1,"comment_status":"closed","ping_status":"closed","template":"page-sous-partie.php","meta":[],"acf":[],"yoast_head":"<!-- This site is optimized with the Yoast SEO plugin v19.12 - https:\/\/yoast.com\/wordpress\/plugins\/seo\/ -->\n<title>L\u2019Agglom\u00e9ration anime une strat\u00e9gie territoriale \u00e9largie pour b\u00e9n\u00e9ficier de fonds europ\u00e9ens - Rapport du d\u00e9veloppement durable<\/title>\n<meta name=\"robots\" content=\"index, follow, max-snippet:-1, max-image-preview:large, max-video-preview:-1\" \/>\n<link rel=\"canonical\" href=\"https:\/\/dev-durable.agglo-larochelle.fr\/2022\/un-territoire-de-cooperations\/financements\/lagglomeration-anime-une-strategie-territoriale-elargie-pour-beneficier-de-fonds-europeens\/\" \/>\n<meta property=\"og:locale\" content=\"fr_FR\" \/>\n<meta property=\"og:type\" content=\"article\" \/>\n<meta property=\"og:title\" content=\"L\u2019Agglom\u00e9ration anime une strat\u00e9gie territoriale \u00e9largie pour b\u00e9n\u00e9ficier de fonds europ\u00e9ens - Rapport du d\u00e9veloppement durable\" \/>\n<meta property=\"og:description\" content=\"L\u2019Agglom\u00e9ration de La Rochelle et les Communaut\u00e9s de Communes de l\u2019\u00cele de R\u00e9, Aunis sud et Aunis Atlantique ont r\u00e9pondu \u00e0 un appel \u00e0 candidatures commun dans le cadre de la politique contractuelle de la R\u00e9gion Nouvelle-Aquitaine pour l\u2019obtention de fonds europ\u00e9en. Les quatre collectivit\u00e9s ont \u00e9labor\u00e9 une strat\u00e9gie territoriale commune reposant sur quatre objectifs [&hellip;]\" \/>\n<meta property=\"og:url\" content=\"https:\/\/dev-durable.agglo-larochelle.fr\/2022\/un-territoire-de-cooperations\/financements\/lagglomeration-anime-une-strategie-territoriale-elargie-pour-beneficier-de-fonds-europeens\/\" \/>\n<meta property=\"og:site_name\" content=\"Rapport du d\u00e9veloppement durable\" \/>\n<meta property=\"article:modified_time\" content=\"2022-12-08T15:29:28+00:00\" \/>\n<meta property=\"og:image\" content=\"https:\/\/dev-durable.agglo-larochelle.fr\/2022\/wp-content\/uploads\/2018\/11\/reseau-des-communes-CDA-La-Rochelle.gif\" \/>\n\t<meta property=\"og:image:width\" content=\"1024\" \/>\n\t<meta property=\"og:image:height\" content=\"654\" \/>\n\t<meta property=\"og:image:type\" content=\"image\/gif\" \/>\n<meta name=\"twitter:card\" content=\"summary_large_image\" \/>\n<meta name=\"twitter:label1\" content=\"Dur\u00e9e de lecture estim\u00e9e\" \/>\n\t<meta name=\"twitter:data1\" content=\"1 minute\" \/>\n<script type=\"application\/ld+json\" class=\"yoast-schema-graph\">{\"@context\":\"https:\/\/schema.org\",\"@graph\":[{\"@type\":\"WebPage\",\"@id\":\"https:\/\/dev-durable.agglo-larochelle.fr\/2022\/un-territoire-de-cooperations\/financements\/lagglomeration-anime-une-strategie-territoriale-elargie-pour-beneficier-de-fonds-europeens\/\",\"url\":\"https:\/\/dev-durable.agglo-larochelle.fr\/2022\/un-territoire-de-cooperations\/financements\/lagglomeration-anime-une-strategie-territoriale-elargie-pour-beneficier-de-fonds-europeens\/\",\"name\":\"L\u2019Agglom\u00e9ration anime une strat\u00e9gie territoriale \u00e9largie pour b\u00e9n\u00e9ficier de fonds europ\u00e9ens - Rapport du d\u00e9veloppement durable\",\"isPartOf\":{\"@id\":\"https:\/\/dev-durable.agglo-larochelle.fr\/2022\/#website\"},\"datePublished\":\"2022-11-23T16:26:28+00:00\",\"dateModified\":\"2022-12-08T15:29:28+00:00\",\"breadcrumb\":{\"@id\":\"https:\/\/dev-durable.agglo-larochelle.fr\/2022\/un-territoire-de-cooperations\/financements\/lagglomeration-anime-une-strategie-territoriale-elargie-pour-beneficier-de-fonds-europeens\/#breadcrumb\"},\"inLanguage\":\"fr-FR\",\"potentialAction\":[{\"@type\":\"ReadAction\",\"target\":[\"https:\/\/dev-durable.agglo-larochelle.fr\/2022\/un-territoire-de-cooperations\/financements\/lagglomeration-anime-une-strategie-territoriale-elargie-pour-beneficier-de-fonds-europeens\/\"]}]},{\"@type\":\"BreadcrumbList\",\"@id\":\"https:\/\/dev-durable.agglo-larochelle.fr\/2022\/un-territoire-de-cooperations\/financements\/lagglomeration-anime-une-strategie-territoriale-elargie-pour-beneficier-de-fonds-europeens\/#breadcrumb\",\"itemListElement\":[{\"@type\":\"ListItem\",\"position\":1,\"name\":\"Accueil\",\"item\":\"https:\/\/dev-durable.agglo-larochelle.fr\/2022\/\"},{\"@type\":\"ListItem\",\"position\":2,\"name\":\"Un territoire de coop\u00e9rations\",\"item\":\"https:\/\/dev-durable.agglo-larochelle.fr\/2022\/un-territoire-de-cooperations\/\"},{\"@type\":\"ListItem\",\"position\":3,\"name\":\"Financements\",\"item\":\"https:\/\/dev-durable.agglo-larochelle.fr\/2022\/un-territoire-de-cooperations\/financements\/\"},{\"@type\":\"ListItem\",\"position\":4,\"name\":\"L\u2019Agglom\u00e9ration anime une strat\u00e9gie territoriale \u00e9largie pour b\u00e9n\u00e9ficier de fonds europ\u00e9ens\"}]},{\"@type\":\"WebSite\",\"@id\":\"https:\/\/dev-durable.agglo-larochelle.fr\/2022\/#website\",\"url\":\"https:\/\/dev-durable.agglo-larochelle.fr\/2022\/\",\"name\":\"Rapport du d\u00e9veloppement durable - 2022\",\"description\":\"Rapport 2022 du d\u00e9veloppement durable\",\"alternateName\":\"Communaut\u00e9 d'Agglom\u00e9ration de La Rochelle\",\"potentialAction\":[{\"@type\":\"SearchAction\",\"target\":{\"@type\":\"EntryPoint\",\"urlTemplate\":\"https:\/\/dev-durable.agglo-larochelle.fr\/2022\/?s={search_term_string}\"},\"query-input\":\"required name=search_term_string\"}],\"inLanguage\":\"fr-FR\"}]}<\/script>\n<!-- \/ Yoast SEO plugin. -->","yoast_head_json":{"title":"L\u2019Agglom\u00e9ration anime une strat\u00e9gie territoriale \u00e9largie pour b\u00e9n\u00e9ficier de fonds europ\u00e9ens - Rapport du d\u00e9veloppement durable","robots":{"index":"index","follow":"follow","max-snippet":"max-snippet:-1","max-image-preview":"max-image-preview:large","max-video-preview":"max-video-preview:-1"},"canonical":"https:\/\/dev-durable.agglo-larochelle.fr\/2022\/un-territoire-de-cooperations\/financements\/lagglomeration-anime-une-strategie-territoriale-elargie-pour-beneficier-de-fonds-europeens\/","og_locale":"fr_FR","og_type":"article","og_title":"L\u2019Agglom\u00e9ration anime une strat\u00e9gie territoriale \u00e9largie pour b\u00e9n\u00e9ficier de fonds europ\u00e9ens - Rapport du d\u00e9veloppement durable","og_description":"L\u2019Agglom\u00e9ration de La Rochelle et les Communaut\u00e9s de Communes de l\u2019\u00cele de R\u00e9, Aunis sud et Aunis Atlantique ont r\u00e9pondu \u00e0 un appel \u00e0 candidatures commun dans le cadre de la politique contractuelle de la R\u00e9gion Nouvelle-Aquitaine pour l\u2019obtention de fonds europ\u00e9en. Les quatre collectivit\u00e9s ont \u00e9labor\u00e9 une strat\u00e9gie territoriale commune reposant sur quatre objectifs [&hellip;]","og_url":"https:\/\/dev-durable.agglo-larochelle.fr\/2022\/un-territoire-de-cooperations\/financements\/lagglomeration-anime-une-strategie-territoriale-elargie-pour-beneficier-de-fonds-europeens\/","og_site_name":"Rapport du d\u00e9veloppement durable","article_modified_time":"2022-12-08T15:29:28+00:00","og_image":[{"width":1024,"height":654,"url":"https:\/\/dev-durable.agglo-larochelle.fr\/2022\/wp-content\/uploads\/2018\/11\/reseau-des-communes-CDA-La-Rochelle.gif","type":"image\/gif"}],"twitter_card":"summary_large_image","twitter_misc":{"Dur\u00e9e de lecture estim\u00e9e":"1 minute"},"schema":{"@context":"https:\/\/schema.org","@graph":[{"@type":"WebPage","@id":"https:\/\/dev-durable.agglo-larochelle.fr\/2022\/un-territoire-de-cooperations\/financements\/lagglomeration-anime-une-strategie-territoriale-elargie-pour-beneficier-de-fonds-europeens\/","url":"https:\/\/dev-durable.agglo-larochelle.fr\/2022\/un-territoire-de-cooperations\/financements\/lagglomeration-anime-une-strategie-territoriale-elargie-pour-beneficier-de-fonds-europeens\/","name":"L\u2019Agglom\u00e9ration anime une strat\u00e9gie territoriale \u00e9largie pour b\u00e9n\u00e9ficier de fonds europ\u00e9ens - Rapport du d\u00e9veloppement durable","isPartOf":{"@id":"https:\/\/dev-durable.agglo-larochelle.fr\/2022\/#website"},"datePublished":"2022-11-23T16:26:28+00:00","dateModified":"2022-12-08T15:29:28+00:00","breadcrumb":{"@id":"https:\/\/dev-durable.agglo-larochelle.fr\/2022\/un-territoire-de-cooperations\/financements\/lagglomeration-anime-une-strategie-territoriale-elargie-pour-beneficier-de-fonds-europeens\/#breadcrumb"},"inLanguage":"fr-FR","potentialAction":[{"@type":"ReadAction","target":["https:\/\/dev-durable.agglo-larochelle.fr\/2022\/un-territoire-de-cooperations\/financements\/lagglomeration-anime-une-strategie-territoriale-elargie-pour-beneficier-de-fonds-europeens\/"]}]},{"@type":"BreadcrumbList","@id":"https:\/\/dev-durable.agglo-larochelle.fr\/2022\/un-territoire-de-cooperations\/financements\/lagglomeration-anime-une-strategie-territoriale-elargie-pour-beneficier-de-fonds-europeens\/#breadcrumb","itemListElement":[{"@type":"ListItem","position":1,"name":"Accueil","item":"https:\/\/dev-durable.agglo-larochelle.fr\/2022\/"},{"@type":"ListItem","position":2,"name":"Un territoire de coop\u00e9rations","item":"https:\/\/dev-durable.agglo-larochelle.fr\/2022\/un-territoire-de-cooperations\/"},{"@type":"ListItem","position":3,"name":"Financements","item":"https:\/\/dev-durable.agglo-larochelle.fr\/2022\/un-territoire-de-cooperations\/financements\/"},{"@type":"ListItem","position":4,"name":"L\u2019Agglom\u00e9ration anime une strat\u00e9gie territoriale \u00e9largie pour b\u00e9n\u00e9ficier de fonds europ\u00e9ens"}]},{"@type":"WebSite","@id":"https:\/\/dev-durable.agglo-larochelle.fr\/2022\/#website","url":"https:\/\/dev-durable.agglo-larochelle.fr\/2022\/","name":"Rapport du d\u00e9veloppement durable - 2022","description":"Rapport 2022 du d\u00e9veloppement durable","alternateName":"Communaut\u00e9 d'Agglom\u00e9ration de La Rochelle","potentialAction":[{"@type":"SearchAction","target":{"@type":"EntryPoint","urlTemplate":"https:\/\/dev-durable.agglo-larochelle.fr\/2022\/?s={search_term_string}"},"query-input":"required name=search_term_string"}],"inLanguage":"fr-FR"}]}},"_links":{"self":[{"href":"https:\/\/dev-durable.agglo-larochelle.fr\/2022\/wp-json\/wp\/v2\/pages\/2819"}],"collection":[{"href":"https:\/\/dev-durable.agglo-larochelle.fr\/2022\/wp-json\/wp\/v2\/pages"}],"about":[{"href":"https:\/\/dev-durable.agglo-larochelle.fr\/2022\/wp-json\/wp\/v2\/types\/page"}],"author":[{"embeddable":true,"href":"https:\/\/dev-durable.agglo-larochelle.fr\/2022\/wp-json\/wp\/v2\/users\/1"}],"replies":[{"embeddable":true,"href":"https:\/\/dev-durable.agglo-larochelle.fr\/2022\/wp-json\/wp\/v2\/comments?post=2819"}],"version-history":[{"count":2,"href":"https:\/\/dev-durable.agglo-larochelle.fr\/2022\/wp-json\/wp\/v2\/pages\/2819\/revisions"}],"predecessor-version":[{"id":2821,"href":"https:\/\/dev-durable.agglo-larochelle.fr\/2022\/wp-json\/wp\/v2\/pages\/2819\/revisions\/2821"}],"up":[{"embeddable":true,"href":"https:\/\/dev-durable.agglo-larochelle.fr\/2022\/wp-json\/wp\/v2\/pages\/2815"}],"wp:featuredmedia":[{"embeddable":true,"href":"https:\/\/dev-durable.agglo-larochelle.fr\/2022\/wp-json\/wp\/v2\/media\/660"}],"wp:attachment":[{"href":"https:\/\/dev-durable.agglo-larochelle.fr\/2022\/wp-json\/wp\/v2\/media?parent=2819"}],"curies":[{"name":"wp","href":"https:\/\/api.w.org\/{rel}","templated":true}]}}