{"id":2825,"date":"2022-11-24T09:55:26","date_gmt":"2022-11-24T08:55:26","guid":{"rendered":"https:\/\/dev-durable.agglo-larochelle.fr\/2022\/?page_id=2825"},"modified":"2022-12-08T16:42:40","modified_gmt":"2022-12-08T15:42:40","slug":"le-pole-metropolitain-centre-atlantique-sagrandit","status":"publish","type":"page","link":"https:\/\/dev-durable.agglo-larochelle.fr\/2022\/un-territoire-de-cooperations\/pole-metropolitain\/le-pole-metropolitain-centre-atlantique-sagrandit\/","title":{"rendered":"Le P\u00f4le m\u00e9tropolitain Centre Atlantique s\u2019agrandit"},"content":{"rendered":"\n<p><strong>Le p\u00f4le m\u00e9tropolitain Centre-Atlantique a agrandi son p\u00e9rim\u00e8tre en accueillant la Communaut\u00e9 de Communes Sud Vend\u00e9e Littoral (Lu\u00e7on). Le P\u00f4le compte d\u00e9sormais 10 Etablissements Publics de Coop\u00e9ration Intercommunale.<\/strong><\/p>\n<p>Les Communaut\u00e9s d&rsquo;Agglom\u00e9rations de La Rochelle, du Niortais et de Rochefort Oc\u00e9an, et les Communaut\u00e9s de communes Val de G\u00e2tine, Aunis Atlantique, Aunis Sud, Haut Val de S\u00e8vre, du Pays de Fontenay-Vend\u00e9e et de Vend\u00e9e-S\u00e8vre-Autise ont souhait\u00e9 en 2015 cr\u00e9er de nouvelles coop\u00e9rations sur un large bassin de vie, en cr\u00e9ant le P\u00f4le Centre Atlantique. Il a vocation \u00e0 d\u00e9velopper des projets et strat\u00e9gies communs, et de repr\u00e9senter le territoire \u00e0 l\u2019\u00e9chelle r\u00e9gionale, nationale et europ\u00e9enne, en \u00e9tant force de proposition. Ses domaines d\u2019intervention sont le d\u00e9veloppement \u00e9conomique, le tourisme, l\u2019enseignement sup\u00e9rieur, la mobilit\u00e9, l\u2019am\u00e9nagement de l\u2019espace, l\u2019environnement.<\/p>\n","protected":false},"excerpt":{"rendered":"<p>Le p\u00f4le m\u00e9tropolitain Centre-Atlantique a agrandi son p\u00e9rim\u00e8tre en accueillant la Communaut\u00e9 de Communes Sud Vend\u00e9e Littoral (Lu\u00e7on). Le P\u00f4le compte d\u00e9sormais 10 Etablissements Publics de Coop\u00e9ration Intercommunale. Les Communaut\u00e9s d&rsquo;Agglom\u00e9rations de La Rochelle, du Niortais et de Rochefort Oc\u00e9an, et les Communaut\u00e9s de communes Val de G\u00e2tine, Aunis Atlantique, Aunis Sud, Haut Val de [&hellip;]<\/p>\n","protected":false},"author":1,"featured_media":659,"parent":2822,"menu_order":4,"comment_status":"closed","ping_status":"closed","template":"page-sous-partie.php","meta":[],"acf":[],"yoast_head":"<!-- This site is optimized with the Yoast SEO plugin v19.12 - https:\/\/yoast.com\/wordpress\/plugins\/seo\/ -->\n<title>Le P\u00f4le m\u00e9tropolitain Centre Atlantique s\u2019agrandit - Rapport du d\u00e9veloppement durable<\/title>\n<meta name=\"robots\" content=\"index, follow, max-snippet:-1, max-image-preview:large, max-video-preview:-1\" \/>\n<link rel=\"canonical\" href=\"https:\/\/dev-durable.agglo-larochelle.fr\/2022\/un-territoire-de-cooperations\/pole-metropolitain\/le-pole-metropolitain-centre-atlantique-sagrandit\/\" \/>\n<meta property=\"og:locale\" content=\"fr_FR\" \/>\n<meta property=\"og:type\" content=\"article\" \/>\n<meta property=\"og:title\" content=\"Le P\u00f4le m\u00e9tropolitain Centre Atlantique s\u2019agrandit - Rapport du d\u00e9veloppement durable\" \/>\n<meta property=\"og:description\" content=\"Le p\u00f4le m\u00e9tropolitain Centre-Atlantique a agrandi son p\u00e9rim\u00e8tre en accueillant la Communaut\u00e9 de Communes Sud Vend\u00e9e Littoral (Lu\u00e7on). Le P\u00f4le compte d\u00e9sormais 10 Etablissements Publics de Coop\u00e9ration Intercommunale. Les Communaut\u00e9s d&rsquo;Agglom\u00e9rations de La Rochelle, du Niortais et de Rochefort Oc\u00e9an, et les Communaut\u00e9s de communes Val de G\u00e2tine, Aunis Atlantique, Aunis Sud, Haut Val de [&hellip;]\" \/>\n<meta property=\"og:url\" content=\"https:\/\/dev-durable.agglo-larochelle.fr\/2022\/un-territoire-de-cooperations\/pole-metropolitain\/le-pole-metropolitain-centre-atlantique-sagrandit\/\" \/>\n<meta property=\"og:site_name\" content=\"Rapport du d\u00e9veloppement durable\" \/>\n<meta property=\"article:modified_time\" content=\"2022-12-08T15:42:40+00:00\" \/>\n<meta property=\"og:image\" content=\"https:\/\/dev-durable.agglo-larochelle.fr\/2022\/wp-content\/uploads\/2018\/11\/amenagement-territoire-et-biodiversite-la-rochelle.gif\" \/>\n\t<meta property=\"og:image:width\" content=\"1024\" \/>\n\t<meta property=\"og:image:height\" content=\"654\" \/>\n\t<meta property=\"og:image:type\" content=\"image\/gif\" \/>\n<meta name=\"twitter:card\" content=\"summary_large_image\" \/>\n<meta name=\"twitter:label1\" content=\"Dur\u00e9e de lecture estim\u00e9e\" \/>\n\t<meta name=\"twitter:data1\" content=\"1 minute\" \/>\n<script type=\"application\/ld+json\" class=\"yoast-schema-graph\">{\"@context\":\"https:\/\/schema.org\",\"@graph\":[{\"@type\":\"WebPage\",\"@id\":\"https:\/\/dev-durable.agglo-larochelle.fr\/2022\/un-territoire-de-cooperations\/pole-metropolitain\/le-pole-metropolitain-centre-atlantique-sagrandit\/\",\"url\":\"https:\/\/dev-durable.agglo-larochelle.fr\/2022\/un-territoire-de-cooperations\/pole-metropolitain\/le-pole-metropolitain-centre-atlantique-sagrandit\/\",\"name\":\"Le P\u00f4le m\u00e9tropolitain Centre Atlantique s\u2019agrandit - Rapport du d\u00e9veloppement durable\",\"isPartOf\":{\"@id\":\"https:\/\/dev-durable.agglo-larochelle.fr\/2022\/#website\"},\"datePublished\":\"2022-11-24T08:55:26+00:00\",\"dateModified\":\"2022-12-08T15:42:40+00:00\",\"breadcrumb\":{\"@id\":\"https:\/\/dev-durable.agglo-larochelle.fr\/2022\/un-territoire-de-cooperations\/pole-metropolitain\/le-pole-metropolitain-centre-atlantique-sagrandit\/#breadcrumb\"},\"inLanguage\":\"fr-FR\",\"potentialAction\":[{\"@type\":\"ReadAction\",\"target\":[\"https:\/\/dev-durable.agglo-larochelle.fr\/2022\/un-territoire-de-cooperations\/pole-metropolitain\/le-pole-metropolitain-centre-atlantique-sagrandit\/\"]}]},{\"@type\":\"BreadcrumbList\",\"@id\":\"https:\/\/dev-durable.agglo-larochelle.fr\/2022\/un-territoire-de-cooperations\/pole-metropolitain\/le-pole-metropolitain-centre-atlantique-sagrandit\/#breadcrumb\",\"itemListElement\":[{\"@type\":\"ListItem\",\"position\":1,\"name\":\"Accueil\",\"item\":\"https:\/\/dev-durable.agglo-larochelle.fr\/2022\/\"},{\"@type\":\"ListItem\",\"position\":2,\"name\":\"Un territoire de coop\u00e9rations\",\"item\":\"https:\/\/dev-durable.agglo-larochelle.fr\/2022\/un-territoire-de-cooperations\/\"},{\"@type\":\"ListItem\",\"position\":3,\"name\":\"P\u00f4le m\u00e9tropolitain\",\"item\":\"https:\/\/dev-durable.agglo-larochelle.fr\/2022\/un-territoire-de-cooperations\/pole-metropolitain\/\"},{\"@type\":\"ListItem\",\"position\":4,\"name\":\"Le P\u00f4le m\u00e9tropolitain Centre Atlantique s\u2019agrandit\"}]},{\"@type\":\"WebSite\",\"@id\":\"https:\/\/dev-durable.agglo-larochelle.fr\/2022\/#website\",\"url\":\"https:\/\/dev-durable.agglo-larochelle.fr\/2022\/\",\"name\":\"Rapport du d\u00e9veloppement durable - 2022\",\"description\":\"Rapport 2022 du d\u00e9veloppement durable\",\"alternateName\":\"Communaut\u00e9 d'Agglom\u00e9ration de La Rochelle\",\"potentialAction\":[{\"@type\":\"SearchAction\",\"target\":{\"@type\":\"EntryPoint\",\"urlTemplate\":\"https:\/\/dev-durable.agglo-larochelle.fr\/2022\/?s={search_term_string}\"},\"query-input\":\"required name=search_term_string\"}],\"inLanguage\":\"fr-FR\"}]}<\/script>\n<!-- \/ Yoast SEO plugin. -->","yoast_head_json":{"title":"Le P\u00f4le m\u00e9tropolitain Centre Atlantique s\u2019agrandit - Rapport du d\u00e9veloppement durable","robots":{"index":"index","follow":"follow","max-snippet":"max-snippet:-1","max-image-preview":"max-image-preview:large","max-video-preview":"max-video-preview:-1"},"canonical":"https:\/\/dev-durable.agglo-larochelle.fr\/2022\/un-territoire-de-cooperations\/pole-metropolitain\/le-pole-metropolitain-centre-atlantique-sagrandit\/","og_locale":"fr_FR","og_type":"article","og_title":"Le P\u00f4le m\u00e9tropolitain Centre Atlantique s\u2019agrandit - Rapport du d\u00e9veloppement durable","og_description":"Le p\u00f4le m\u00e9tropolitain Centre-Atlantique a agrandi son p\u00e9rim\u00e8tre en accueillant la Communaut\u00e9 de Communes Sud Vend\u00e9e Littoral (Lu\u00e7on). Le P\u00f4le compte d\u00e9sormais 10 Etablissements Publics de Coop\u00e9ration Intercommunale. Les Communaut\u00e9s d&rsquo;Agglom\u00e9rations de La Rochelle, du Niortais et de Rochefort Oc\u00e9an, et les Communaut\u00e9s de communes Val de G\u00e2tine, Aunis Atlantique, Aunis Sud, Haut Val de [&hellip;]","og_url":"https:\/\/dev-durable.agglo-larochelle.fr\/2022\/un-territoire-de-cooperations\/pole-metropolitain\/le-pole-metropolitain-centre-atlantique-sagrandit\/","og_site_name":"Rapport du d\u00e9veloppement durable","article_modified_time":"2022-12-08T15:42:40+00:00","og_image":[{"width":1024,"height":654,"url":"https:\/\/dev-durable.agglo-larochelle.fr\/2022\/wp-content\/uploads\/2018\/11\/amenagement-territoire-et-biodiversite-la-rochelle.gif","type":"image\/gif"}],"twitter_card":"summary_large_image","twitter_misc":{"Dur\u00e9e de lecture estim\u00e9e":"1 minute"},"schema":{"@context":"https:\/\/schema.org","@graph":[{"@type":"WebPage","@id":"https:\/\/dev-durable.agglo-larochelle.fr\/2022\/un-territoire-de-cooperations\/pole-metropolitain\/le-pole-metropolitain-centre-atlantique-sagrandit\/","url":"https:\/\/dev-durable.agglo-larochelle.fr\/2022\/un-territoire-de-cooperations\/pole-metropolitain\/le-pole-metropolitain-centre-atlantique-sagrandit\/","name":"Le P\u00f4le m\u00e9tropolitain Centre Atlantique s\u2019agrandit - Rapport du d\u00e9veloppement durable","isPartOf":{"@id":"https:\/\/dev-durable.agglo-larochelle.fr\/2022\/#website"},"datePublished":"2022-11-24T08:55:26+00:00","dateModified":"2022-12-08T15:42:40+00:00","breadcrumb":{"@id":"https:\/\/dev-durable.agglo-larochelle.fr\/2022\/un-territoire-de-cooperations\/pole-metropolitain\/le-pole-metropolitain-centre-atlantique-sagrandit\/#breadcrumb"},"inLanguage":"fr-FR","potentialAction":[{"@type":"ReadAction","target":["https:\/\/dev-durable.agglo-larochelle.fr\/2022\/un-territoire-de-cooperations\/pole-metropolitain\/le-pole-metropolitain-centre-atlantique-sagrandit\/"]}]},{"@type":"BreadcrumbList","@id":"https:\/\/dev-durable.agglo-larochelle.fr\/2022\/un-territoire-de-cooperations\/pole-metropolitain\/le-pole-metropolitain-centre-atlantique-sagrandit\/#breadcrumb","itemListElement":[{"@type":"ListItem","position":1,"name":"Accueil","item":"https:\/\/dev-durable.agglo-larochelle.fr\/2022\/"},{"@type":"ListItem","position":2,"name":"Un territoire de coop\u00e9rations","item":"https:\/\/dev-durable.agglo-larochelle.fr\/2022\/un-territoire-de-cooperations\/"},{"@type":"ListItem","position":3,"name":"P\u00f4le m\u00e9tropolitain","item":"https:\/\/dev-durable.agglo-larochelle.fr\/2022\/un-territoire-de-cooperations\/pole-metropolitain\/"},{"@type":"ListItem","position":4,"name":"Le P\u00f4le m\u00e9tropolitain Centre Atlantique s\u2019agrandit"}]},{"@type":"WebSite","@id":"https:\/\/dev-durable.agglo-larochelle.fr\/2022\/#website","url":"https:\/\/dev-durable.agglo-larochelle.fr\/2022\/","name":"Rapport du d\u00e9veloppement durable - 2022","description":"Rapport 2022 du d\u00e9veloppement durable","alternateName":"Communaut\u00e9 d'Agglom\u00e9ration de La Rochelle","potentialAction":[{"@type":"SearchAction","target":{"@type":"EntryPoint","urlTemplate":"https:\/\/dev-durable.agglo-larochelle.fr\/2022\/?s={search_term_string}"},"query-input":"required name=search_term_string"}],"inLanguage":"fr-FR"}]}},"_links":{"self":[{"href":"https:\/\/dev-durable.agglo-larochelle.fr\/2022\/wp-json\/wp\/v2\/pages\/2825"}],"collection":[{"href":"https:\/\/dev-durable.agglo-larochelle.fr\/2022\/wp-json\/wp\/v2\/pages"}],"about":[{"href":"https:\/\/dev-durable.agglo-larochelle.fr\/2022\/wp-json\/wp\/v2\/types\/page"}],"author":[{"embeddable":true,"href":"https:\/\/dev-durable.agglo-larochelle.fr\/2022\/wp-json\/wp\/v2\/users\/1"}],"replies":[{"embeddable":true,"href":"https:\/\/dev-durable.agglo-larochelle.fr\/2022\/wp-json\/wp\/v2\/comments?post=2825"}],"version-history":[{"count":2,"href":"https:\/\/dev-durable.agglo-larochelle.fr\/2022\/wp-json\/wp\/v2\/pages\/2825\/revisions"}],"predecessor-version":[{"id":2827,"href":"https:\/\/dev-durable.agglo-larochelle.fr\/2022\/wp-json\/wp\/v2\/pages\/2825\/revisions\/2827"}],"up":[{"embeddable":true,"href":"https:\/\/dev-durable.agglo-larochelle.fr\/2022\/wp-json\/wp\/v2\/pages\/2822"}],"wp:featuredmedia":[{"embeddable":true,"href":"https:\/\/dev-durable.agglo-larochelle.fr\/2022\/wp-json\/wp\/v2\/media\/659"}],"wp:attachment":[{"href":"https:\/\/dev-durable.agglo-larochelle.fr\/2022\/wp-json\/wp\/v2\/media?parent=2825"}],"curies":[{"name":"wp","href":"https:\/\/api.w.org\/{rel}","templated":true}]}}