{"id":2831,"date":"2022-11-24T09:59:10","date_gmt":"2022-11-24T08:59:10","guid":{"rendered":"https:\/\/dev-durable.agglo-larochelle.fr\/2022\/?page_id=2831"},"modified":"2022-12-08T16:45:01","modified_gmt":"2022-12-08T15:45:01","slug":"le-projet-alimentaire-de-territoire-entre-dans-sa-deuxieme-phase","status":"publish","type":"page","link":"https:\/\/dev-durable.agglo-larochelle.fr\/2022\/un-territoire-de-cooperations\/transition-ecologique\/le-projet-alimentaire-de-territoire-entre-dans-sa-deuxieme-phase\/","title":{"rendered":"Le Projet Alimentaire de Territoire entre dans sa deuxi\u00e8me phase"},"content":{"rendered":"\n<p><strong>Le PAT est un projet de territoire, organis\u00e9 autour de trois axes : alimentation saine et locale pour les consommateurs, viabilit\u00e9 \u00e9conomique pour les producteurs, exigence environnementale pour le territoire.<\/strong><\/p>\n<p>Apr\u00e8s deux ann\u00e9es d\u2019\u00e9mergence accompagn\u00e9es par la DRAAF Nouvelle-Aquitaine, et l\u2019organisation de diff\u00e9rents temps d\u2019\u00e9change et de construction avec les acteurs du syst\u00e8me alimentaire, le PAT La Rochelle-Aunis-R\u00e9 a pr\u00e9sent\u00e9 fin 2022 son plan d\u2019actions (pr\u00e8s d\u2019une quarantaine r\u00e9parties autour de trois objectifs strat\u00e9giques). Le PAT a \u00e9galement pr\u00e9cis\u00e9 les modalit\u00e9s de sa gouvernance, autour d\u2019un comit\u00e9 de pilotage, d\u2019un parlement et de groupes de travail. En s\u2019appuyant sur la relocalisation des productions, la structuration de la demande, la mise en relation avec la production et l\u2019accompagnement des changements de comportements alimentaires, le PAT s\u2019adresse \u00e0 l\u2019ensemble de la cha\u00eene alimentaire, du champ \u00e0 l\u2019assiette.<\/p>\n","protected":false},"excerpt":{"rendered":"<p>Le PAT est un projet de territoire, organis\u00e9 autour de trois axes : alimentation saine et locale pour les consommateurs, viabilit\u00e9 \u00e9conomique pour les producteurs, exigence environnementale pour le territoire. Apr\u00e8s deux ann\u00e9es d\u2019\u00e9mergence accompagn\u00e9es par la DRAAF Nouvelle-Aquitaine, et l\u2019organisation de diff\u00e9rents temps d\u2019\u00e9change et de construction avec les acteurs du syst\u00e8me alimentaire, le [&hellip;]<\/p>\n","protected":false},"author":1,"featured_media":1945,"parent":2828,"menu_order":1,"comment_status":"closed","ping_status":"closed","template":"page-sous-partie.php","meta":[],"acf":[],"yoast_head":"<!-- This site is optimized with the Yoast SEO plugin v19.12 - https:\/\/yoast.com\/wordpress\/plugins\/seo\/ -->\n<title>Le Projet Alimentaire de Territoire entre dans sa deuxi\u00e8me phase - Rapport du d\u00e9veloppement durable<\/title>\n<meta name=\"robots\" content=\"index, follow, max-snippet:-1, max-image-preview:large, max-video-preview:-1\" \/>\n<link rel=\"canonical\" href=\"https:\/\/dev-durable.agglo-larochelle.fr\/2022\/un-territoire-de-cooperations\/transition-ecologique\/le-projet-alimentaire-de-territoire-entre-dans-sa-deuxieme-phase\/\" \/>\n<meta property=\"og:locale\" content=\"fr_FR\" \/>\n<meta property=\"og:type\" content=\"article\" \/>\n<meta property=\"og:title\" content=\"Le Projet Alimentaire de Territoire entre dans sa deuxi\u00e8me phase - Rapport du d\u00e9veloppement durable\" \/>\n<meta property=\"og:description\" content=\"Le PAT est un projet de territoire, organis\u00e9 autour de trois axes : alimentation saine et locale pour les consommateurs, viabilit\u00e9 \u00e9conomique pour les producteurs, exigence environnementale pour le territoire. Apr\u00e8s deux ann\u00e9es d\u2019\u00e9mergence accompagn\u00e9es par la DRAAF Nouvelle-Aquitaine, et l\u2019organisation de diff\u00e9rents temps d\u2019\u00e9change et de construction avec les acteurs du syst\u00e8me alimentaire, le [&hellip;]\" \/>\n<meta property=\"og:url\" content=\"https:\/\/dev-durable.agglo-larochelle.fr\/2022\/un-territoire-de-cooperations\/transition-ecologique\/le-projet-alimentaire-de-territoire-entre-dans-sa-deuxieme-phase\/\" \/>\n<meta property=\"og:site_name\" content=\"Rapport du d\u00e9veloppement durable\" \/>\n<meta property=\"article:modified_time\" content=\"2022-12-08T15:45:01+00:00\" \/>\n<meta property=\"og:image\" content=\"https:\/\/dev-durable.agglo-larochelle.fr\/2022\/wp-content\/uploads\/2021\/11\/Projet_alimentaire_territoire_CA_029118.jpg\" \/>\n\t<meta property=\"og:image:width\" content=\"700\" \/>\n\t<meta property=\"og:image:height\" content=\"466\" \/>\n\t<meta property=\"og:image:type\" content=\"image\/jpeg\" \/>\n<meta name=\"twitter:card\" content=\"summary_large_image\" \/>\n<meta name=\"twitter:label1\" content=\"Dur\u00e9e de lecture estim\u00e9e\" \/>\n\t<meta name=\"twitter:data1\" content=\"1 minute\" \/>\n<script type=\"application\/ld+json\" class=\"yoast-schema-graph\">{\"@context\":\"https:\/\/schema.org\",\"@graph\":[{\"@type\":\"WebPage\",\"@id\":\"https:\/\/dev-durable.agglo-larochelle.fr\/2022\/un-territoire-de-cooperations\/transition-ecologique\/le-projet-alimentaire-de-territoire-entre-dans-sa-deuxieme-phase\/\",\"url\":\"https:\/\/dev-durable.agglo-larochelle.fr\/2022\/un-territoire-de-cooperations\/transition-ecologique\/le-projet-alimentaire-de-territoire-entre-dans-sa-deuxieme-phase\/\",\"name\":\"Le Projet Alimentaire de Territoire entre dans sa deuxi\u00e8me phase - Rapport du d\u00e9veloppement durable\",\"isPartOf\":{\"@id\":\"https:\/\/dev-durable.agglo-larochelle.fr\/2022\/#website\"},\"datePublished\":\"2022-11-24T08:59:10+00:00\",\"dateModified\":\"2022-12-08T15:45:01+00:00\",\"breadcrumb\":{\"@id\":\"https:\/\/dev-durable.agglo-larochelle.fr\/2022\/un-territoire-de-cooperations\/transition-ecologique\/le-projet-alimentaire-de-territoire-entre-dans-sa-deuxieme-phase\/#breadcrumb\"},\"inLanguage\":\"fr-FR\",\"potentialAction\":[{\"@type\":\"ReadAction\",\"target\":[\"https:\/\/dev-durable.agglo-larochelle.fr\/2022\/un-territoire-de-cooperations\/transition-ecologique\/le-projet-alimentaire-de-territoire-entre-dans-sa-deuxieme-phase\/\"]}]},{\"@type\":\"BreadcrumbList\",\"@id\":\"https:\/\/dev-durable.agglo-larochelle.fr\/2022\/un-territoire-de-cooperations\/transition-ecologique\/le-projet-alimentaire-de-territoire-entre-dans-sa-deuxieme-phase\/#breadcrumb\",\"itemListElement\":[{\"@type\":\"ListItem\",\"position\":1,\"name\":\"Accueil\",\"item\":\"https:\/\/dev-durable.agglo-larochelle.fr\/2022\/\"},{\"@type\":\"ListItem\",\"position\":2,\"name\":\"Un territoire de coop\u00e9rations\",\"item\":\"https:\/\/dev-durable.agglo-larochelle.fr\/2022\/un-territoire-de-cooperations\/\"},{\"@type\":\"ListItem\",\"position\":3,\"name\":\"Transition \u00e9cologique\",\"item\":\"https:\/\/dev-durable.agglo-larochelle.fr\/2022\/un-territoire-de-cooperations\/transition-ecologique\/\"},{\"@type\":\"ListItem\",\"position\":4,\"name\":\"Le Projet Alimentaire de Territoire entre dans sa deuxi\u00e8me phase\"}]},{\"@type\":\"WebSite\",\"@id\":\"https:\/\/dev-durable.agglo-larochelle.fr\/2022\/#website\",\"url\":\"https:\/\/dev-durable.agglo-larochelle.fr\/2022\/\",\"name\":\"Rapport du d\u00e9veloppement durable - 2022\",\"description\":\"Rapport 2022 du d\u00e9veloppement durable\",\"alternateName\":\"Communaut\u00e9 d'Agglom\u00e9ration de La Rochelle\",\"potentialAction\":[{\"@type\":\"SearchAction\",\"target\":{\"@type\":\"EntryPoint\",\"urlTemplate\":\"https:\/\/dev-durable.agglo-larochelle.fr\/2022\/?s={search_term_string}\"},\"query-input\":\"required name=search_term_string\"}],\"inLanguage\":\"fr-FR\"}]}<\/script>\n<!-- \/ Yoast SEO plugin. -->","yoast_head_json":{"title":"Le Projet Alimentaire de Territoire entre dans sa deuxi\u00e8me phase - Rapport du d\u00e9veloppement durable","robots":{"index":"index","follow":"follow","max-snippet":"max-snippet:-1","max-image-preview":"max-image-preview:large","max-video-preview":"max-video-preview:-1"},"canonical":"https:\/\/dev-durable.agglo-larochelle.fr\/2022\/un-territoire-de-cooperations\/transition-ecologique\/le-projet-alimentaire-de-territoire-entre-dans-sa-deuxieme-phase\/","og_locale":"fr_FR","og_type":"article","og_title":"Le Projet Alimentaire de Territoire entre dans sa deuxi\u00e8me phase - Rapport du d\u00e9veloppement durable","og_description":"Le PAT est un projet de territoire, organis\u00e9 autour de trois axes : alimentation saine et locale pour les consommateurs, viabilit\u00e9 \u00e9conomique pour les producteurs, exigence environnementale pour le territoire. Apr\u00e8s deux ann\u00e9es d\u2019\u00e9mergence accompagn\u00e9es par la DRAAF Nouvelle-Aquitaine, et l\u2019organisation de diff\u00e9rents temps d\u2019\u00e9change et de construction avec les acteurs du syst\u00e8me alimentaire, le [&hellip;]","og_url":"https:\/\/dev-durable.agglo-larochelle.fr\/2022\/un-territoire-de-cooperations\/transition-ecologique\/le-projet-alimentaire-de-territoire-entre-dans-sa-deuxieme-phase\/","og_site_name":"Rapport du d\u00e9veloppement durable","article_modified_time":"2022-12-08T15:45:01+00:00","og_image":[{"width":700,"height":466,"url":"https:\/\/dev-durable.agglo-larochelle.fr\/2022\/wp-content\/uploads\/2021\/11\/Projet_alimentaire_territoire_CA_029118.jpg","type":"image\/jpeg"}],"twitter_card":"summary_large_image","twitter_misc":{"Dur\u00e9e de lecture estim\u00e9e":"1 minute"},"schema":{"@context":"https:\/\/schema.org","@graph":[{"@type":"WebPage","@id":"https:\/\/dev-durable.agglo-larochelle.fr\/2022\/un-territoire-de-cooperations\/transition-ecologique\/le-projet-alimentaire-de-territoire-entre-dans-sa-deuxieme-phase\/","url":"https:\/\/dev-durable.agglo-larochelle.fr\/2022\/un-territoire-de-cooperations\/transition-ecologique\/le-projet-alimentaire-de-territoire-entre-dans-sa-deuxieme-phase\/","name":"Le Projet Alimentaire de Territoire entre dans sa deuxi\u00e8me phase - Rapport du d\u00e9veloppement durable","isPartOf":{"@id":"https:\/\/dev-durable.agglo-larochelle.fr\/2022\/#website"},"datePublished":"2022-11-24T08:59:10+00:00","dateModified":"2022-12-08T15:45:01+00:00","breadcrumb":{"@id":"https:\/\/dev-durable.agglo-larochelle.fr\/2022\/un-territoire-de-cooperations\/transition-ecologique\/le-projet-alimentaire-de-territoire-entre-dans-sa-deuxieme-phase\/#breadcrumb"},"inLanguage":"fr-FR","potentialAction":[{"@type":"ReadAction","target":["https:\/\/dev-durable.agglo-larochelle.fr\/2022\/un-territoire-de-cooperations\/transition-ecologique\/le-projet-alimentaire-de-territoire-entre-dans-sa-deuxieme-phase\/"]}]},{"@type":"BreadcrumbList","@id":"https:\/\/dev-durable.agglo-larochelle.fr\/2022\/un-territoire-de-cooperations\/transition-ecologique\/le-projet-alimentaire-de-territoire-entre-dans-sa-deuxieme-phase\/#breadcrumb","itemListElement":[{"@type":"ListItem","position":1,"name":"Accueil","item":"https:\/\/dev-durable.agglo-larochelle.fr\/2022\/"},{"@type":"ListItem","position":2,"name":"Un territoire de coop\u00e9rations","item":"https:\/\/dev-durable.agglo-larochelle.fr\/2022\/un-territoire-de-cooperations\/"},{"@type":"ListItem","position":3,"name":"Transition \u00e9cologique","item":"https:\/\/dev-durable.agglo-larochelle.fr\/2022\/un-territoire-de-cooperations\/transition-ecologique\/"},{"@type":"ListItem","position":4,"name":"Le Projet Alimentaire de Territoire entre dans sa deuxi\u00e8me phase"}]},{"@type":"WebSite","@id":"https:\/\/dev-durable.agglo-larochelle.fr\/2022\/#website","url":"https:\/\/dev-durable.agglo-larochelle.fr\/2022\/","name":"Rapport du d\u00e9veloppement durable - 2022","description":"Rapport 2022 du d\u00e9veloppement durable","alternateName":"Communaut\u00e9 d'Agglom\u00e9ration de La Rochelle","potentialAction":[{"@type":"SearchAction","target":{"@type":"EntryPoint","urlTemplate":"https:\/\/dev-durable.agglo-larochelle.fr\/2022\/?s={search_term_string}"},"query-input":"required name=search_term_string"}],"inLanguage":"fr-FR"}]}},"_links":{"self":[{"href":"https:\/\/dev-durable.agglo-larochelle.fr\/2022\/wp-json\/wp\/v2\/pages\/2831"}],"collection":[{"href":"https:\/\/dev-durable.agglo-larochelle.fr\/2022\/wp-json\/wp\/v2\/pages"}],"about":[{"href":"https:\/\/dev-durable.agglo-larochelle.fr\/2022\/wp-json\/wp\/v2\/types\/page"}],"author":[{"embeddable":true,"href":"https:\/\/dev-durable.agglo-larochelle.fr\/2022\/wp-json\/wp\/v2\/users\/1"}],"replies":[{"embeddable":true,"href":"https:\/\/dev-durable.agglo-larochelle.fr\/2022\/wp-json\/wp\/v2\/comments?post=2831"}],"version-history":[{"count":3,"href":"https:\/\/dev-durable.agglo-larochelle.fr\/2022\/wp-json\/wp\/v2\/pages\/2831\/revisions"}],"predecessor-version":[{"id":2834,"href":"https:\/\/dev-durable.agglo-larochelle.fr\/2022\/wp-json\/wp\/v2\/pages\/2831\/revisions\/2834"}],"up":[{"embeddable":true,"href":"https:\/\/dev-durable.agglo-larochelle.fr\/2022\/wp-json\/wp\/v2\/pages\/2828"}],"wp:featuredmedia":[{"embeddable":true,"href":"https:\/\/dev-durable.agglo-larochelle.fr\/2022\/wp-json\/wp\/v2\/media\/1945"}],"wp:attachment":[{"href":"https:\/\/dev-durable.agglo-larochelle.fr\/2022\/wp-json\/wp\/v2\/media?parent=2831"}],"curies":[{"name":"wp","href":"https:\/\/api.w.org\/{rel}","templated":true}]}}