{"id":2836,"date":"2022-11-24T10:02:44","date_gmt":"2022-11-24T09:02:44","guid":{"rendered":"https:\/\/dev-durable.agglo-larochelle.fr\/2022\/?page_id=2836"},"modified":"2022-12-08T16:45:53","modified_gmt":"2022-12-08T15:45:53","slug":"projet-urbact-global-goals-for-cities-reseau-europeen-de-bonnes-pratiques","status":"publish","type":"page","link":"https:\/\/dev-durable.agglo-larochelle.fr\/2022\/un-territoire-de-cooperations\/transition-ecologique\/projet-urbact-global-goals-for-cities-reseau-europeen-de-bonnes-pratiques\/","title":{"rendered":"Projet URBACT \u201cGlobal Goals for Cities\u201d : r\u00e9seau europ\u00e9en de bonnes pratiques"},"content":{"rendered":"\n<p><strong>Avec le projet URBACT, l\u2019Agglom\u00e9ration s\u2019engage \u00e0 \u00e9changer sur les Objectifs de D\u00e9veloppement Durable avec 18 villes europ\u00e9ennes.<\/strong><\/p>\n<p>L\u2019Agglom\u00e9ration participe depuis son origine \u00e0 un partenariat europ\u00e9en URBACT dont l\u2019ambition est de mettre en \u0153uvre, sur le territoire, les 17 Objectifs de D\u00e9veloppement Durable de l\u2019ONU fix\u00e9s dans le cadre de l\u2019Agenda 2030. Baptis\u00e9 \u201cGlobal Goals for Cities\u201d, ce projet se pr\u00e9sente sous la forme d\u2019un r\u00e9seau de 19 villes europ\u00e9ennes ayant fait le choix d\u2019\u00e9changer et de partager leurs actions en faveur du d\u00e9veloppement durable. Localement, le partenariat europ\u00e9en URBACT permet la mise en place d\u2019un groupe de travail anim\u00e9 par les services de l\u2019Agglo, afin de proposer une vision partag\u00e9e des projets strat\u00e9giques du territoire \u00e0 l\u2019horizon 2030 \u2013 au regard des 17 ODD et de leurs 169 cibles \u2013 ainsi qu\u2019un plan d\u2019actions pr\u00e9cisant la fa\u00e7on dont les acteurs pourront contribuer \u00e0 leur r\u00e9alisation.<\/p>\n","protected":false},"excerpt":{"rendered":"<p>Avec le projet URBACT, l\u2019Agglom\u00e9ration s\u2019engage \u00e0 \u00e9changer sur les Objectifs de D\u00e9veloppement Durable avec 18 villes europ\u00e9ennes. L\u2019Agglom\u00e9ration participe depuis son origine \u00e0 un partenariat europ\u00e9en URBACT dont l\u2019ambition est de mettre en \u0153uvre, sur le territoire, les 17 Objectifs de D\u00e9veloppement Durable de l\u2019ONU fix\u00e9s dans le cadre de l\u2019Agenda 2030. Baptis\u00e9 \u201cGlobal [&hellip;]<\/p>\n","protected":false},"author":1,"featured_media":1951,"parent":2828,"menu_order":2,"comment_status":"closed","ping_status":"closed","template":"page-sous-partie.php","meta":[],"acf":[],"yoast_head":"<!-- This site is optimized with the Yoast SEO plugin v19.12 - https:\/\/yoast.com\/wordpress\/plugins\/seo\/ -->\n<title>Projet URBACT \u201cGlobal Goals for Cities\u201d : r\u00e9seau europ\u00e9en de bonnes pratiques - Rapport du d\u00e9veloppement durable<\/title>\n<meta name=\"robots\" content=\"index, follow, max-snippet:-1, max-image-preview:large, max-video-preview:-1\" \/>\n<link rel=\"canonical\" href=\"https:\/\/dev-durable.agglo-larochelle.fr\/2022\/un-territoire-de-cooperations\/transition-ecologique\/projet-urbact-global-goals-for-cities-reseau-europeen-de-bonnes-pratiques\/\" \/>\n<meta property=\"og:locale\" content=\"fr_FR\" \/>\n<meta property=\"og:type\" content=\"article\" \/>\n<meta property=\"og:title\" content=\"Projet URBACT \u201cGlobal Goals for Cities\u201d : r\u00e9seau europ\u00e9en de bonnes pratiques - Rapport du d\u00e9veloppement durable\" \/>\n<meta property=\"og:description\" content=\"Avec le projet URBACT, l\u2019Agglom\u00e9ration s\u2019engage \u00e0 \u00e9changer sur les Objectifs de D\u00e9veloppement Durable avec 18 villes europ\u00e9ennes. L\u2019Agglom\u00e9ration participe depuis son origine \u00e0 un partenariat europ\u00e9en URBACT dont l\u2019ambition est de mettre en \u0153uvre, sur le territoire, les 17 Objectifs de D\u00e9veloppement Durable de l\u2019ONU fix\u00e9s dans le cadre de l\u2019Agenda 2030. Baptis\u00e9 \u201cGlobal [&hellip;]\" \/>\n<meta property=\"og:url\" content=\"https:\/\/dev-durable.agglo-larochelle.fr\/2022\/un-territoire-de-cooperations\/transition-ecologique\/projet-urbact-global-goals-for-cities-reseau-europeen-de-bonnes-pratiques\/\" \/>\n<meta property=\"og:site_name\" content=\"Rapport du d\u00e9veloppement durable\" \/>\n<meta property=\"article:modified_time\" content=\"2022-12-08T15:45:53+00:00\" \/>\n<meta property=\"og:image\" content=\"https:\/\/dev-durable.agglo-larochelle.fr\/2022\/wp-content\/uploads\/2021\/11\/Appliquer_ODD.jpg\" \/>\n\t<meta property=\"og:image:width\" content=\"810\" \/>\n\t<meta property=\"og:image:height\" content=\"540\" \/>\n\t<meta property=\"og:image:type\" content=\"image\/jpeg\" \/>\n<meta name=\"twitter:card\" content=\"summary_large_image\" \/>\n<meta name=\"twitter:label1\" content=\"Dur\u00e9e de lecture estim\u00e9e\" \/>\n\t<meta name=\"twitter:data1\" content=\"1 minute\" \/>\n<script type=\"application\/ld+json\" class=\"yoast-schema-graph\">{\"@context\":\"https:\/\/schema.org\",\"@graph\":[{\"@type\":\"WebPage\",\"@id\":\"https:\/\/dev-durable.agglo-larochelle.fr\/2022\/un-territoire-de-cooperations\/transition-ecologique\/projet-urbact-global-goals-for-cities-reseau-europeen-de-bonnes-pratiques\/\",\"url\":\"https:\/\/dev-durable.agglo-larochelle.fr\/2022\/un-territoire-de-cooperations\/transition-ecologique\/projet-urbact-global-goals-for-cities-reseau-europeen-de-bonnes-pratiques\/\",\"name\":\"Projet URBACT \u201cGlobal Goals for Cities\u201d : r\u00e9seau europ\u00e9en de bonnes pratiques - Rapport du d\u00e9veloppement durable\",\"isPartOf\":{\"@id\":\"https:\/\/dev-durable.agglo-larochelle.fr\/2022\/#website\"},\"datePublished\":\"2022-11-24T09:02:44+00:00\",\"dateModified\":\"2022-12-08T15:45:53+00:00\",\"breadcrumb\":{\"@id\":\"https:\/\/dev-durable.agglo-larochelle.fr\/2022\/un-territoire-de-cooperations\/transition-ecologique\/projet-urbact-global-goals-for-cities-reseau-europeen-de-bonnes-pratiques\/#breadcrumb\"},\"inLanguage\":\"fr-FR\",\"potentialAction\":[{\"@type\":\"ReadAction\",\"target\":[\"https:\/\/dev-durable.agglo-larochelle.fr\/2022\/un-territoire-de-cooperations\/transition-ecologique\/projet-urbact-global-goals-for-cities-reseau-europeen-de-bonnes-pratiques\/\"]}]},{\"@type\":\"BreadcrumbList\",\"@id\":\"https:\/\/dev-durable.agglo-larochelle.fr\/2022\/un-territoire-de-cooperations\/transition-ecologique\/projet-urbact-global-goals-for-cities-reseau-europeen-de-bonnes-pratiques\/#breadcrumb\",\"itemListElement\":[{\"@type\":\"ListItem\",\"position\":1,\"name\":\"Accueil\",\"item\":\"https:\/\/dev-durable.agglo-larochelle.fr\/2022\/\"},{\"@type\":\"ListItem\",\"position\":2,\"name\":\"Un territoire de coop\u00e9rations\",\"item\":\"https:\/\/dev-durable.agglo-larochelle.fr\/2022\/un-territoire-de-cooperations\/\"},{\"@type\":\"ListItem\",\"position\":3,\"name\":\"Transition \u00e9cologique\",\"item\":\"https:\/\/dev-durable.agglo-larochelle.fr\/2022\/un-territoire-de-cooperations\/transition-ecologique\/\"},{\"@type\":\"ListItem\",\"position\":4,\"name\":\"Projet URBACT \u201cGlobal Goals for Cities\u201d : r\u00e9seau europ\u00e9en de bonnes pratiques\"}]},{\"@type\":\"WebSite\",\"@id\":\"https:\/\/dev-durable.agglo-larochelle.fr\/2022\/#website\",\"url\":\"https:\/\/dev-durable.agglo-larochelle.fr\/2022\/\",\"name\":\"Rapport du d\u00e9veloppement durable - 2022\",\"description\":\"Rapport 2022 du d\u00e9veloppement durable\",\"alternateName\":\"Communaut\u00e9 d'Agglom\u00e9ration de La Rochelle\",\"potentialAction\":[{\"@type\":\"SearchAction\",\"target\":{\"@type\":\"EntryPoint\",\"urlTemplate\":\"https:\/\/dev-durable.agglo-larochelle.fr\/2022\/?s={search_term_string}\"},\"query-input\":\"required name=search_term_string\"}],\"inLanguage\":\"fr-FR\"}]}<\/script>\n<!-- \/ Yoast SEO plugin. -->","yoast_head_json":{"title":"Projet URBACT \u201cGlobal Goals for Cities\u201d : r\u00e9seau europ\u00e9en de bonnes pratiques - Rapport du d\u00e9veloppement durable","robots":{"index":"index","follow":"follow","max-snippet":"max-snippet:-1","max-image-preview":"max-image-preview:large","max-video-preview":"max-video-preview:-1"},"canonical":"https:\/\/dev-durable.agglo-larochelle.fr\/2022\/un-territoire-de-cooperations\/transition-ecologique\/projet-urbact-global-goals-for-cities-reseau-europeen-de-bonnes-pratiques\/","og_locale":"fr_FR","og_type":"article","og_title":"Projet URBACT \u201cGlobal Goals for Cities\u201d : r\u00e9seau europ\u00e9en de bonnes pratiques - Rapport du d\u00e9veloppement durable","og_description":"Avec le projet URBACT, l\u2019Agglom\u00e9ration s\u2019engage \u00e0 \u00e9changer sur les Objectifs de D\u00e9veloppement Durable avec 18 villes europ\u00e9ennes. L\u2019Agglom\u00e9ration participe depuis son origine \u00e0 un partenariat europ\u00e9en URBACT dont l\u2019ambition est de mettre en \u0153uvre, sur le territoire, les 17 Objectifs de D\u00e9veloppement Durable de l\u2019ONU fix\u00e9s dans le cadre de l\u2019Agenda 2030. Baptis\u00e9 \u201cGlobal [&hellip;]","og_url":"https:\/\/dev-durable.agglo-larochelle.fr\/2022\/un-territoire-de-cooperations\/transition-ecologique\/projet-urbact-global-goals-for-cities-reseau-europeen-de-bonnes-pratiques\/","og_site_name":"Rapport du d\u00e9veloppement durable","article_modified_time":"2022-12-08T15:45:53+00:00","og_image":[{"width":810,"height":540,"url":"https:\/\/dev-durable.agglo-larochelle.fr\/2022\/wp-content\/uploads\/2021\/11\/Appliquer_ODD.jpg","type":"image\/jpeg"}],"twitter_card":"summary_large_image","twitter_misc":{"Dur\u00e9e de lecture estim\u00e9e":"1 minute"},"schema":{"@context":"https:\/\/schema.org","@graph":[{"@type":"WebPage","@id":"https:\/\/dev-durable.agglo-larochelle.fr\/2022\/un-territoire-de-cooperations\/transition-ecologique\/projet-urbact-global-goals-for-cities-reseau-europeen-de-bonnes-pratiques\/","url":"https:\/\/dev-durable.agglo-larochelle.fr\/2022\/un-territoire-de-cooperations\/transition-ecologique\/projet-urbact-global-goals-for-cities-reseau-europeen-de-bonnes-pratiques\/","name":"Projet URBACT \u201cGlobal Goals for Cities\u201d : r\u00e9seau europ\u00e9en de bonnes pratiques - Rapport du d\u00e9veloppement durable","isPartOf":{"@id":"https:\/\/dev-durable.agglo-larochelle.fr\/2022\/#website"},"datePublished":"2022-11-24T09:02:44+00:00","dateModified":"2022-12-08T15:45:53+00:00","breadcrumb":{"@id":"https:\/\/dev-durable.agglo-larochelle.fr\/2022\/un-territoire-de-cooperations\/transition-ecologique\/projet-urbact-global-goals-for-cities-reseau-europeen-de-bonnes-pratiques\/#breadcrumb"},"inLanguage":"fr-FR","potentialAction":[{"@type":"ReadAction","target":["https:\/\/dev-durable.agglo-larochelle.fr\/2022\/un-territoire-de-cooperations\/transition-ecologique\/projet-urbact-global-goals-for-cities-reseau-europeen-de-bonnes-pratiques\/"]}]},{"@type":"BreadcrumbList","@id":"https:\/\/dev-durable.agglo-larochelle.fr\/2022\/un-territoire-de-cooperations\/transition-ecologique\/projet-urbact-global-goals-for-cities-reseau-europeen-de-bonnes-pratiques\/#breadcrumb","itemListElement":[{"@type":"ListItem","position":1,"name":"Accueil","item":"https:\/\/dev-durable.agglo-larochelle.fr\/2022\/"},{"@type":"ListItem","position":2,"name":"Un territoire de coop\u00e9rations","item":"https:\/\/dev-durable.agglo-larochelle.fr\/2022\/un-territoire-de-cooperations\/"},{"@type":"ListItem","position":3,"name":"Transition \u00e9cologique","item":"https:\/\/dev-durable.agglo-larochelle.fr\/2022\/un-territoire-de-cooperations\/transition-ecologique\/"},{"@type":"ListItem","position":4,"name":"Projet URBACT \u201cGlobal Goals for Cities\u201d : r\u00e9seau europ\u00e9en de bonnes pratiques"}]},{"@type":"WebSite","@id":"https:\/\/dev-durable.agglo-larochelle.fr\/2022\/#website","url":"https:\/\/dev-durable.agglo-larochelle.fr\/2022\/","name":"Rapport du d\u00e9veloppement durable - 2022","description":"Rapport 2022 du d\u00e9veloppement durable","alternateName":"Communaut\u00e9 d'Agglom\u00e9ration de La Rochelle","potentialAction":[{"@type":"SearchAction","target":{"@type":"EntryPoint","urlTemplate":"https:\/\/dev-durable.agglo-larochelle.fr\/2022\/?s={search_term_string}"},"query-input":"required name=search_term_string"}],"inLanguage":"fr-FR"}]}},"_links":{"self":[{"href":"https:\/\/dev-durable.agglo-larochelle.fr\/2022\/wp-json\/wp\/v2\/pages\/2836"}],"collection":[{"href":"https:\/\/dev-durable.agglo-larochelle.fr\/2022\/wp-json\/wp\/v2\/pages"}],"about":[{"href":"https:\/\/dev-durable.agglo-larochelle.fr\/2022\/wp-json\/wp\/v2\/types\/page"}],"author":[{"embeddable":true,"href":"https:\/\/dev-durable.agglo-larochelle.fr\/2022\/wp-json\/wp\/v2\/users\/1"}],"replies":[{"embeddable":true,"href":"https:\/\/dev-durable.agglo-larochelle.fr\/2022\/wp-json\/wp\/v2\/comments?post=2836"}],"version-history":[{"count":2,"href":"https:\/\/dev-durable.agglo-larochelle.fr\/2022\/wp-json\/wp\/v2\/pages\/2836\/revisions"}],"predecessor-version":[{"id":2838,"href":"https:\/\/dev-durable.agglo-larochelle.fr\/2022\/wp-json\/wp\/v2\/pages\/2836\/revisions\/2838"}],"up":[{"embeddable":true,"href":"https:\/\/dev-durable.agglo-larochelle.fr\/2022\/wp-json\/wp\/v2\/pages\/2828"}],"wp:featuredmedia":[{"embeddable":true,"href":"https:\/\/dev-durable.agglo-larochelle.fr\/2022\/wp-json\/wp\/v2\/media\/1951"}],"wp:attachment":[{"href":"https:\/\/dev-durable.agglo-larochelle.fr\/2022\/wp-json\/wp\/v2\/media?parent=2836"}],"curies":[{"name":"wp","href":"https:\/\/api.w.org\/{rel}","templated":true}]}}