{"id":2841,"date":"2022-11-24T10:05:26","date_gmt":"2022-11-24T09:05:26","guid":{"rendered":"https:\/\/dev-durable.agglo-larochelle.fr\/2022\/?page_id=2841"},"modified":"2022-12-08T16:46:31","modified_gmt":"2022-12-08T15:46:31","slug":"une-entente-intercommunautaire-pour-agrandir-et-moderniser-le-centre-de-tri-altriane","status":"publish","type":"page","link":"https:\/\/dev-durable.agglo-larochelle.fr\/2022\/un-territoire-de-cooperations\/protection-des-ressources\/une-entente-intercommunautaire-pour-agrandir-et-moderniser-le-centre-de-tri-altriane\/","title":{"rendered":"Une entente intercommunautaire pour agrandir et moderniser le centre de tri ALTRIANE"},"content":{"rendered":"\n<p><strong>L\u2019Agglom\u00e9ration, CYCLAD et le SIL ont cr\u00e9\u00e9 cet \u00e9t\u00e9 une entente intercommunautaire en vue notamment de se doter d\u2019un \u00e9quipement de tri commun performant.<\/strong><\/p>\n<p>Afin de renforcer la coop\u00e9ration en mati\u00e8re de tri des d\u00e9chets, de collecte s\u00e9lective et de traitement des refus de tri existant entre l\u2019Agglom\u00e9ration de La Rochelle, le Syndicat mixte de Collecte et de Traitement des Ordures M\u00e9nag\u00e8res nord de la Charente-Maritime (CYCLAD) et le Syndicat Intercommunautaire du Littoral (SIL), les trois collectivit\u00e9s ont d\u00e9cid\u00e9 cet \u00e9t\u00e9 de s\u2019associer et de mettre en place une entente intercommunautaire. Cette entente a pour objet une co-gestion du tri des d\u00e9chets m\u00e9nagers et assimil\u00e9s, ainsi que le co-financement, la co-r\u00e9alisation et la co-exploitation d\u2019un centre de tri commun, ALTRIANE, construit sous la ma\u00eetrise d\u2019ouvrage de l\u2019Agglom\u00e9ration.<\/p>\n","protected":false},"excerpt":{"rendered":"<p>L\u2019Agglom\u00e9ration, CYCLAD et le SIL ont cr\u00e9\u00e9 cet \u00e9t\u00e9 une entente intercommunautaire en vue notamment de se doter d\u2019un \u00e9quipement de tri commun performant. Afin de renforcer la coop\u00e9ration en mati\u00e8re de tri des d\u00e9chets, de collecte s\u00e9lective et de traitement des refus de tri existant entre l\u2019Agglom\u00e9ration de La Rochelle, le Syndicat mixte de [&hellip;]<\/p>\n","protected":false},"author":1,"featured_media":2942,"parent":2835,"menu_order":1,"comment_status":"closed","ping_status":"closed","template":"page-sous-partie.php","meta":[],"acf":[],"yoast_head":"<!-- This site is optimized with the Yoast SEO plugin v19.12 - https:\/\/yoast.com\/wordpress\/plugins\/seo\/ -->\n<title>Une entente intercommunautaire pour agrandir et moderniser le centre de tri ALTRIANE - Rapport du d\u00e9veloppement durable<\/title>\n<meta name=\"robots\" content=\"index, follow, max-snippet:-1, max-image-preview:large, max-video-preview:-1\" \/>\n<link rel=\"canonical\" href=\"https:\/\/dev-durable.agglo-larochelle.fr\/2022\/un-territoire-de-cooperations\/protection-des-ressources\/une-entente-intercommunautaire-pour-agrandir-et-moderniser-le-centre-de-tri-altriane\/\" \/>\n<meta property=\"og:locale\" content=\"fr_FR\" \/>\n<meta property=\"og:type\" content=\"article\" \/>\n<meta property=\"og:title\" content=\"Une entente intercommunautaire pour agrandir et moderniser le centre de tri ALTRIANE - Rapport du d\u00e9veloppement durable\" \/>\n<meta property=\"og:description\" content=\"L\u2019Agglom\u00e9ration, CYCLAD et le SIL ont cr\u00e9\u00e9 cet \u00e9t\u00e9 une entente intercommunautaire en vue notamment de se doter d\u2019un \u00e9quipement de tri commun performant. Afin de renforcer la coop\u00e9ration en mati\u00e8re de tri des d\u00e9chets, de collecte s\u00e9lective et de traitement des refus de tri existant entre l\u2019Agglom\u00e9ration de La Rochelle, le Syndicat mixte de [&hellip;]\" \/>\n<meta property=\"og:url\" content=\"https:\/\/dev-durable.agglo-larochelle.fr\/2022\/un-territoire-de-cooperations\/protection-des-ressources\/une-entente-intercommunautaire-pour-agrandir-et-moderniser-le-centre-de-tri-altriane\/\" \/>\n<meta property=\"og:site_name\" content=\"Rapport du d\u00e9veloppement durable\" \/>\n<meta property=\"article:modified_time\" content=\"2022-12-08T15:46:31+00:00\" \/>\n<meta property=\"og:image\" content=\"https:\/\/dev-durable.agglo-larochelle.fr\/2022\/wp-content\/uploads\/2022\/12\/dechets-CA_029172.jpg\" \/>\n\t<meta property=\"og:image:width\" content=\"650\" \/>\n\t<meta property=\"og:image:height\" content=\"301\" \/>\n\t<meta property=\"og:image:type\" content=\"image\/jpeg\" \/>\n<meta name=\"twitter:card\" content=\"summary_large_image\" \/>\n<meta name=\"twitter:label1\" content=\"Dur\u00e9e de lecture estim\u00e9e\" \/>\n\t<meta name=\"twitter:data1\" content=\"1 minute\" \/>\n<script type=\"application\/ld+json\" class=\"yoast-schema-graph\">{\"@context\":\"https:\/\/schema.org\",\"@graph\":[{\"@type\":\"WebPage\",\"@id\":\"https:\/\/dev-durable.agglo-larochelle.fr\/2022\/un-territoire-de-cooperations\/protection-des-ressources\/une-entente-intercommunautaire-pour-agrandir-et-moderniser-le-centre-de-tri-altriane\/\",\"url\":\"https:\/\/dev-durable.agglo-larochelle.fr\/2022\/un-territoire-de-cooperations\/protection-des-ressources\/une-entente-intercommunautaire-pour-agrandir-et-moderniser-le-centre-de-tri-altriane\/\",\"name\":\"Une entente intercommunautaire pour agrandir et moderniser le centre de tri ALTRIANE - Rapport du d\u00e9veloppement durable\",\"isPartOf\":{\"@id\":\"https:\/\/dev-durable.agglo-larochelle.fr\/2022\/#website\"},\"datePublished\":\"2022-11-24T09:05:26+00:00\",\"dateModified\":\"2022-12-08T15:46:31+00:00\",\"breadcrumb\":{\"@id\":\"https:\/\/dev-durable.agglo-larochelle.fr\/2022\/un-territoire-de-cooperations\/protection-des-ressources\/une-entente-intercommunautaire-pour-agrandir-et-moderniser-le-centre-de-tri-altriane\/#breadcrumb\"},\"inLanguage\":\"fr-FR\",\"potentialAction\":[{\"@type\":\"ReadAction\",\"target\":[\"https:\/\/dev-durable.agglo-larochelle.fr\/2022\/un-territoire-de-cooperations\/protection-des-ressources\/une-entente-intercommunautaire-pour-agrandir-et-moderniser-le-centre-de-tri-altriane\/\"]}]},{\"@type\":\"BreadcrumbList\",\"@id\":\"https:\/\/dev-durable.agglo-larochelle.fr\/2022\/un-territoire-de-cooperations\/protection-des-ressources\/une-entente-intercommunautaire-pour-agrandir-et-moderniser-le-centre-de-tri-altriane\/#breadcrumb\",\"itemListElement\":[{\"@type\":\"ListItem\",\"position\":1,\"name\":\"Accueil\",\"item\":\"https:\/\/dev-durable.agglo-larochelle.fr\/2022\/\"},{\"@type\":\"ListItem\",\"position\":2,\"name\":\"Un territoire de coop\u00e9rations\",\"item\":\"https:\/\/dev-durable.agglo-larochelle.fr\/2022\/un-territoire-de-cooperations\/\"},{\"@type\":\"ListItem\",\"position\":3,\"name\":\"Protection des ressources\",\"item\":\"https:\/\/dev-durable.agglo-larochelle.fr\/2022\/un-territoire-de-cooperations\/protection-des-ressources\/\"},{\"@type\":\"ListItem\",\"position\":4,\"name\":\"Une entente intercommunautaire pour agrandir et moderniser le centre de tri ALTRIANE\"}]},{\"@type\":\"WebSite\",\"@id\":\"https:\/\/dev-durable.agglo-larochelle.fr\/2022\/#website\",\"url\":\"https:\/\/dev-durable.agglo-larochelle.fr\/2022\/\",\"name\":\"Rapport du d\u00e9veloppement durable - 2022\",\"description\":\"Rapport 2022 du d\u00e9veloppement durable\",\"alternateName\":\"Communaut\u00e9 d'Agglom\u00e9ration de La Rochelle\",\"potentialAction\":[{\"@type\":\"SearchAction\",\"target\":{\"@type\":\"EntryPoint\",\"urlTemplate\":\"https:\/\/dev-durable.agglo-larochelle.fr\/2022\/?s={search_term_string}\"},\"query-input\":\"required name=search_term_string\"}],\"inLanguage\":\"fr-FR\"}]}<\/script>\n<!-- \/ Yoast SEO plugin. -->","yoast_head_json":{"title":"Une entente intercommunautaire pour agrandir et moderniser le centre de tri ALTRIANE - Rapport du d\u00e9veloppement durable","robots":{"index":"index","follow":"follow","max-snippet":"max-snippet:-1","max-image-preview":"max-image-preview:large","max-video-preview":"max-video-preview:-1"},"canonical":"https:\/\/dev-durable.agglo-larochelle.fr\/2022\/un-territoire-de-cooperations\/protection-des-ressources\/une-entente-intercommunautaire-pour-agrandir-et-moderniser-le-centre-de-tri-altriane\/","og_locale":"fr_FR","og_type":"article","og_title":"Une entente intercommunautaire pour agrandir et moderniser le centre de tri ALTRIANE - Rapport du d\u00e9veloppement durable","og_description":"L\u2019Agglom\u00e9ration, CYCLAD et le SIL ont cr\u00e9\u00e9 cet \u00e9t\u00e9 une entente intercommunautaire en vue notamment de se doter d\u2019un \u00e9quipement de tri commun performant. Afin de renforcer la coop\u00e9ration en mati\u00e8re de tri des d\u00e9chets, de collecte s\u00e9lective et de traitement des refus de tri existant entre l\u2019Agglom\u00e9ration de La Rochelle, le Syndicat mixte de [&hellip;]","og_url":"https:\/\/dev-durable.agglo-larochelle.fr\/2022\/un-territoire-de-cooperations\/protection-des-ressources\/une-entente-intercommunautaire-pour-agrandir-et-moderniser-le-centre-de-tri-altriane\/","og_site_name":"Rapport du d\u00e9veloppement durable","article_modified_time":"2022-12-08T15:46:31+00:00","og_image":[{"width":650,"height":301,"url":"https:\/\/dev-durable.agglo-larochelle.fr\/2022\/wp-content\/uploads\/2022\/12\/dechets-CA_029172.jpg","type":"image\/jpeg"}],"twitter_card":"summary_large_image","twitter_misc":{"Dur\u00e9e de lecture estim\u00e9e":"1 minute"},"schema":{"@context":"https:\/\/schema.org","@graph":[{"@type":"WebPage","@id":"https:\/\/dev-durable.agglo-larochelle.fr\/2022\/un-territoire-de-cooperations\/protection-des-ressources\/une-entente-intercommunautaire-pour-agrandir-et-moderniser-le-centre-de-tri-altriane\/","url":"https:\/\/dev-durable.agglo-larochelle.fr\/2022\/un-territoire-de-cooperations\/protection-des-ressources\/une-entente-intercommunautaire-pour-agrandir-et-moderniser-le-centre-de-tri-altriane\/","name":"Une entente intercommunautaire pour agrandir et moderniser le centre de tri ALTRIANE - Rapport du d\u00e9veloppement durable","isPartOf":{"@id":"https:\/\/dev-durable.agglo-larochelle.fr\/2022\/#website"},"datePublished":"2022-11-24T09:05:26+00:00","dateModified":"2022-12-08T15:46:31+00:00","breadcrumb":{"@id":"https:\/\/dev-durable.agglo-larochelle.fr\/2022\/un-territoire-de-cooperations\/protection-des-ressources\/une-entente-intercommunautaire-pour-agrandir-et-moderniser-le-centre-de-tri-altriane\/#breadcrumb"},"inLanguage":"fr-FR","potentialAction":[{"@type":"ReadAction","target":["https:\/\/dev-durable.agglo-larochelle.fr\/2022\/un-territoire-de-cooperations\/protection-des-ressources\/une-entente-intercommunautaire-pour-agrandir-et-moderniser-le-centre-de-tri-altriane\/"]}]},{"@type":"BreadcrumbList","@id":"https:\/\/dev-durable.agglo-larochelle.fr\/2022\/un-territoire-de-cooperations\/protection-des-ressources\/une-entente-intercommunautaire-pour-agrandir-et-moderniser-le-centre-de-tri-altriane\/#breadcrumb","itemListElement":[{"@type":"ListItem","position":1,"name":"Accueil","item":"https:\/\/dev-durable.agglo-larochelle.fr\/2022\/"},{"@type":"ListItem","position":2,"name":"Un territoire de coop\u00e9rations","item":"https:\/\/dev-durable.agglo-larochelle.fr\/2022\/un-territoire-de-cooperations\/"},{"@type":"ListItem","position":3,"name":"Protection des ressources","item":"https:\/\/dev-durable.agglo-larochelle.fr\/2022\/un-territoire-de-cooperations\/protection-des-ressources\/"},{"@type":"ListItem","position":4,"name":"Une entente intercommunautaire pour agrandir et moderniser le centre de tri ALTRIANE"}]},{"@type":"WebSite","@id":"https:\/\/dev-durable.agglo-larochelle.fr\/2022\/#website","url":"https:\/\/dev-durable.agglo-larochelle.fr\/2022\/","name":"Rapport du d\u00e9veloppement durable - 2022","description":"Rapport 2022 du d\u00e9veloppement durable","alternateName":"Communaut\u00e9 d'Agglom\u00e9ration de La Rochelle","potentialAction":[{"@type":"SearchAction","target":{"@type":"EntryPoint","urlTemplate":"https:\/\/dev-durable.agglo-larochelle.fr\/2022\/?s={search_term_string}"},"query-input":"required name=search_term_string"}],"inLanguage":"fr-FR"}]}},"_links":{"self":[{"href":"https:\/\/dev-durable.agglo-larochelle.fr\/2022\/wp-json\/wp\/v2\/pages\/2841"}],"collection":[{"href":"https:\/\/dev-durable.agglo-larochelle.fr\/2022\/wp-json\/wp\/v2\/pages"}],"about":[{"href":"https:\/\/dev-durable.agglo-larochelle.fr\/2022\/wp-json\/wp\/v2\/types\/page"}],"author":[{"embeddable":true,"href":"https:\/\/dev-durable.agglo-larochelle.fr\/2022\/wp-json\/wp\/v2\/users\/1"}],"replies":[{"embeddable":true,"href":"https:\/\/dev-durable.agglo-larochelle.fr\/2022\/wp-json\/wp\/v2\/comments?post=2841"}],"version-history":[{"count":3,"href":"https:\/\/dev-durable.agglo-larochelle.fr\/2022\/wp-json\/wp\/v2\/pages\/2841\/revisions"}],"predecessor-version":[{"id":2844,"href":"https:\/\/dev-durable.agglo-larochelle.fr\/2022\/wp-json\/wp\/v2\/pages\/2841\/revisions\/2844"}],"up":[{"embeddable":true,"href":"https:\/\/dev-durable.agglo-larochelle.fr\/2022\/wp-json\/wp\/v2\/pages\/2835"}],"wp:featuredmedia":[{"embeddable":true,"href":"https:\/\/dev-durable.agglo-larochelle.fr\/2022\/wp-json\/wp\/v2\/media\/2942"}],"wp:attachment":[{"href":"https:\/\/dev-durable.agglo-larochelle.fr\/2022\/wp-json\/wp\/v2\/media?parent=2841"}],"curies":[{"name":"wp","href":"https:\/\/api.w.org\/{rel}","templated":true}]}}