{"id":2847,"date":"2022-11-24T10:14:59","date_gmt":"2022-11-24T09:14:59","guid":{"rendered":"https:\/\/dev-durable.agglo-larochelle.fr\/2022\/?page_id=2847"},"modified":"2022-12-08T16:47:41","modified_gmt":"2022-12-08T15:47:41","slug":"haiti-poursuite-des-actions-de-formation","status":"publish","type":"page","link":"https:\/\/dev-durable.agglo-larochelle.fr\/2022\/un-territoire-de-cooperations\/cooperation-decentralisee\/haiti-poursuite-des-actions-de-formation\/","title":{"rendered":"Ha\u00efti\/poursuite des actions de formation"},"content":{"rendered":"\n<p><strong>La Rochelle Solidarit\u00e9 Internationale, \u00e0 laquelle l\u2019Agglom\u00e9ration a confi\u00e9 l\u2019organisation des actions de coop\u00e9ration avec Port-au-Prince dans le cadre d\u2019une convention triennale, a maintenu son soutien aux actions de formation.<\/strong><\/p>\n<p>Malgr\u00e9 le contexte complexe sur place, les formations visant \u00e0 professionnaliser les jeunes adultes les plus d\u00e9favoris\u00e9s de Port-au-Prince ont pu continuer en 2022. Dans le domaine de la ma\u00e7onnerie, l\u2019\u00e9lectricit\u00e9 et la plomberie, les formations maintiennent un engagement sur la parit\u00e9 des \u00e9l\u00e8ves inscrits.<\/p>\n","protected":false},"excerpt":{"rendered":"<p>La Rochelle Solidarit\u00e9 Internationale, \u00e0 laquelle l\u2019Agglom\u00e9ration a confi\u00e9 l\u2019organisation des actions de coop\u00e9ration avec Port-au-Prince dans le cadre d\u2019une convention triennale, a maintenu son soutien aux actions de formation. Malgr\u00e9 le contexte complexe sur place, les formations visant \u00e0 professionnaliser les jeunes adultes les plus d\u00e9favoris\u00e9s de Port-au-Prince ont pu continuer en 2022. Dans [&hellip;]<\/p>\n","protected":false},"author":1,"featured_media":2039,"parent":2845,"menu_order":3,"comment_status":"closed","ping_status":"closed","template":"page-sous-partie.php","meta":[],"acf":[],"yoast_head":"<!-- This site is optimized with the Yoast SEO plugin v19.12 - https:\/\/yoast.com\/wordpress\/plugins\/seo\/ -->\n<title>Ha\u00efti\/poursuite des actions de formation - Rapport du d\u00e9veloppement durable<\/title>\n<meta name=\"robots\" content=\"index, follow, max-snippet:-1, max-image-preview:large, max-video-preview:-1\" \/>\n<link rel=\"canonical\" href=\"https:\/\/dev-durable.agglo-larochelle.fr\/2022\/un-territoire-de-cooperations\/cooperation-decentralisee\/haiti-poursuite-des-actions-de-formation\/\" \/>\n<meta property=\"og:locale\" content=\"fr_FR\" \/>\n<meta property=\"og:type\" content=\"article\" \/>\n<meta property=\"og:title\" content=\"Ha\u00efti\/poursuite des actions de formation - Rapport du d\u00e9veloppement durable\" \/>\n<meta property=\"og:description\" content=\"La Rochelle Solidarit\u00e9 Internationale, \u00e0 laquelle l\u2019Agglom\u00e9ration a confi\u00e9 l\u2019organisation des actions de coop\u00e9ration avec Port-au-Prince dans le cadre d\u2019une convention triennale, a maintenu son soutien aux actions de formation. Malgr\u00e9 le contexte complexe sur place, les formations visant \u00e0 professionnaliser les jeunes adultes les plus d\u00e9favoris\u00e9s de Port-au-Prince ont pu continuer en 2022. Dans [&hellip;]\" \/>\n<meta property=\"og:url\" content=\"https:\/\/dev-durable.agglo-larochelle.fr\/2022\/un-territoire-de-cooperations\/cooperation-decentralisee\/haiti-poursuite-des-actions-de-formation\/\" \/>\n<meta property=\"og:site_name\" content=\"Rapport du d\u00e9veloppement durable\" \/>\n<meta property=\"article:modified_time\" content=\"2022-12-08T15:47:41+00:00\" \/>\n<meta property=\"og:image\" content=\"https:\/\/dev-durable.agglo-larochelle.fr\/2022\/wp-content\/uploads\/2021\/11\/soutien_pedagogique_Haiti_AdobeStock_32860708.jpg\" \/>\n\t<meta property=\"og:image:width\" content=\"700\" \/>\n\t<meta property=\"og:image:height\" content=\"468\" \/>\n\t<meta property=\"og:image:type\" content=\"image\/jpeg\" \/>\n<meta name=\"twitter:card\" content=\"summary_large_image\" \/>\n<meta name=\"twitter:label1\" content=\"Dur\u00e9e de lecture estim\u00e9e\" \/>\n\t<meta name=\"twitter:data1\" content=\"1 minute\" \/>\n<script type=\"application\/ld+json\" class=\"yoast-schema-graph\">{\"@context\":\"https:\/\/schema.org\",\"@graph\":[{\"@type\":\"WebPage\",\"@id\":\"https:\/\/dev-durable.agglo-larochelle.fr\/2022\/un-territoire-de-cooperations\/cooperation-decentralisee\/haiti-poursuite-des-actions-de-formation\/\",\"url\":\"https:\/\/dev-durable.agglo-larochelle.fr\/2022\/un-territoire-de-cooperations\/cooperation-decentralisee\/haiti-poursuite-des-actions-de-formation\/\",\"name\":\"Ha\u00efti\/poursuite des actions de formation - Rapport du d\u00e9veloppement durable\",\"isPartOf\":{\"@id\":\"https:\/\/dev-durable.agglo-larochelle.fr\/2022\/#website\"},\"datePublished\":\"2022-11-24T09:14:59+00:00\",\"dateModified\":\"2022-12-08T15:47:41+00:00\",\"breadcrumb\":{\"@id\":\"https:\/\/dev-durable.agglo-larochelle.fr\/2022\/un-territoire-de-cooperations\/cooperation-decentralisee\/haiti-poursuite-des-actions-de-formation\/#breadcrumb\"},\"inLanguage\":\"fr-FR\",\"potentialAction\":[{\"@type\":\"ReadAction\",\"target\":[\"https:\/\/dev-durable.agglo-larochelle.fr\/2022\/un-territoire-de-cooperations\/cooperation-decentralisee\/haiti-poursuite-des-actions-de-formation\/\"]}]},{\"@type\":\"BreadcrumbList\",\"@id\":\"https:\/\/dev-durable.agglo-larochelle.fr\/2022\/un-territoire-de-cooperations\/cooperation-decentralisee\/haiti-poursuite-des-actions-de-formation\/#breadcrumb\",\"itemListElement\":[{\"@type\":\"ListItem\",\"position\":1,\"name\":\"Accueil\",\"item\":\"https:\/\/dev-durable.agglo-larochelle.fr\/2022\/\"},{\"@type\":\"ListItem\",\"position\":2,\"name\":\"Un territoire de coop\u00e9rations\",\"item\":\"https:\/\/dev-durable.agglo-larochelle.fr\/2022\/un-territoire-de-cooperations\/\"},{\"@type\":\"ListItem\",\"position\":3,\"name\":\"Coop\u00e9ration d\u00e9centralis\u00e9e\",\"item\":\"https:\/\/dev-durable.agglo-larochelle.fr\/2022\/un-territoire-de-cooperations\/cooperation-decentralisee\/\"},{\"@type\":\"ListItem\",\"position\":4,\"name\":\"Ha\u00efti\/poursuite des actions de formation\"}]},{\"@type\":\"WebSite\",\"@id\":\"https:\/\/dev-durable.agglo-larochelle.fr\/2022\/#website\",\"url\":\"https:\/\/dev-durable.agglo-larochelle.fr\/2022\/\",\"name\":\"Rapport du d\u00e9veloppement durable - 2022\",\"description\":\"Rapport 2022 du d\u00e9veloppement durable\",\"alternateName\":\"Communaut\u00e9 d'Agglom\u00e9ration de La Rochelle\",\"potentialAction\":[{\"@type\":\"SearchAction\",\"target\":{\"@type\":\"EntryPoint\",\"urlTemplate\":\"https:\/\/dev-durable.agglo-larochelle.fr\/2022\/?s={search_term_string}\"},\"query-input\":\"required name=search_term_string\"}],\"inLanguage\":\"fr-FR\"}]}<\/script>\n<!-- \/ Yoast SEO plugin. -->","yoast_head_json":{"title":"Ha\u00efti\/poursuite des actions de formation - Rapport du d\u00e9veloppement durable","robots":{"index":"index","follow":"follow","max-snippet":"max-snippet:-1","max-image-preview":"max-image-preview:large","max-video-preview":"max-video-preview:-1"},"canonical":"https:\/\/dev-durable.agglo-larochelle.fr\/2022\/un-territoire-de-cooperations\/cooperation-decentralisee\/haiti-poursuite-des-actions-de-formation\/","og_locale":"fr_FR","og_type":"article","og_title":"Ha\u00efti\/poursuite des actions de formation - Rapport du d\u00e9veloppement durable","og_description":"La Rochelle Solidarit\u00e9 Internationale, \u00e0 laquelle l\u2019Agglom\u00e9ration a confi\u00e9 l\u2019organisation des actions de coop\u00e9ration avec Port-au-Prince dans le cadre d\u2019une convention triennale, a maintenu son soutien aux actions de formation. Malgr\u00e9 le contexte complexe sur place, les formations visant \u00e0 professionnaliser les jeunes adultes les plus d\u00e9favoris\u00e9s de Port-au-Prince ont pu continuer en 2022. Dans [&hellip;]","og_url":"https:\/\/dev-durable.agglo-larochelle.fr\/2022\/un-territoire-de-cooperations\/cooperation-decentralisee\/haiti-poursuite-des-actions-de-formation\/","og_site_name":"Rapport du d\u00e9veloppement durable","article_modified_time":"2022-12-08T15:47:41+00:00","og_image":[{"width":700,"height":468,"url":"https:\/\/dev-durable.agglo-larochelle.fr\/2022\/wp-content\/uploads\/2021\/11\/soutien_pedagogique_Haiti_AdobeStock_32860708.jpg","type":"image\/jpeg"}],"twitter_card":"summary_large_image","twitter_misc":{"Dur\u00e9e de lecture estim\u00e9e":"1 minute"},"schema":{"@context":"https:\/\/schema.org","@graph":[{"@type":"WebPage","@id":"https:\/\/dev-durable.agglo-larochelle.fr\/2022\/un-territoire-de-cooperations\/cooperation-decentralisee\/haiti-poursuite-des-actions-de-formation\/","url":"https:\/\/dev-durable.agglo-larochelle.fr\/2022\/un-territoire-de-cooperations\/cooperation-decentralisee\/haiti-poursuite-des-actions-de-formation\/","name":"Ha\u00efti\/poursuite des actions de formation - Rapport du d\u00e9veloppement durable","isPartOf":{"@id":"https:\/\/dev-durable.agglo-larochelle.fr\/2022\/#website"},"datePublished":"2022-11-24T09:14:59+00:00","dateModified":"2022-12-08T15:47:41+00:00","breadcrumb":{"@id":"https:\/\/dev-durable.agglo-larochelle.fr\/2022\/un-territoire-de-cooperations\/cooperation-decentralisee\/haiti-poursuite-des-actions-de-formation\/#breadcrumb"},"inLanguage":"fr-FR","potentialAction":[{"@type":"ReadAction","target":["https:\/\/dev-durable.agglo-larochelle.fr\/2022\/un-territoire-de-cooperations\/cooperation-decentralisee\/haiti-poursuite-des-actions-de-formation\/"]}]},{"@type":"BreadcrumbList","@id":"https:\/\/dev-durable.agglo-larochelle.fr\/2022\/un-territoire-de-cooperations\/cooperation-decentralisee\/haiti-poursuite-des-actions-de-formation\/#breadcrumb","itemListElement":[{"@type":"ListItem","position":1,"name":"Accueil","item":"https:\/\/dev-durable.agglo-larochelle.fr\/2022\/"},{"@type":"ListItem","position":2,"name":"Un territoire de coop\u00e9rations","item":"https:\/\/dev-durable.agglo-larochelle.fr\/2022\/un-territoire-de-cooperations\/"},{"@type":"ListItem","position":3,"name":"Coop\u00e9ration d\u00e9centralis\u00e9e","item":"https:\/\/dev-durable.agglo-larochelle.fr\/2022\/un-territoire-de-cooperations\/cooperation-decentralisee\/"},{"@type":"ListItem","position":4,"name":"Ha\u00efti\/poursuite des actions de formation"}]},{"@type":"WebSite","@id":"https:\/\/dev-durable.agglo-larochelle.fr\/2022\/#website","url":"https:\/\/dev-durable.agglo-larochelle.fr\/2022\/","name":"Rapport du d\u00e9veloppement durable - 2022","description":"Rapport 2022 du d\u00e9veloppement durable","alternateName":"Communaut\u00e9 d'Agglom\u00e9ration de La Rochelle","potentialAction":[{"@type":"SearchAction","target":{"@type":"EntryPoint","urlTemplate":"https:\/\/dev-durable.agglo-larochelle.fr\/2022\/?s={search_term_string}"},"query-input":"required name=search_term_string"}],"inLanguage":"fr-FR"}]}},"_links":{"self":[{"href":"https:\/\/dev-durable.agglo-larochelle.fr\/2022\/wp-json\/wp\/v2\/pages\/2847"}],"collection":[{"href":"https:\/\/dev-durable.agglo-larochelle.fr\/2022\/wp-json\/wp\/v2\/pages"}],"about":[{"href":"https:\/\/dev-durable.agglo-larochelle.fr\/2022\/wp-json\/wp\/v2\/types\/page"}],"author":[{"embeddable":true,"href":"https:\/\/dev-durable.agglo-larochelle.fr\/2022\/wp-json\/wp\/v2\/users\/1"}],"replies":[{"embeddable":true,"href":"https:\/\/dev-durable.agglo-larochelle.fr\/2022\/wp-json\/wp\/v2\/comments?post=2847"}],"version-history":[{"count":2,"href":"https:\/\/dev-durable.agglo-larochelle.fr\/2022\/wp-json\/wp\/v2\/pages\/2847\/revisions"}],"predecessor-version":[{"id":2850,"href":"https:\/\/dev-durable.agglo-larochelle.fr\/2022\/wp-json\/wp\/v2\/pages\/2847\/revisions\/2850"}],"up":[{"embeddable":true,"href":"https:\/\/dev-durable.agglo-larochelle.fr\/2022\/wp-json\/wp\/v2\/pages\/2845"}],"wp:featuredmedia":[{"embeddable":true,"href":"https:\/\/dev-durable.agglo-larochelle.fr\/2022\/wp-json\/wp\/v2\/media\/2039"}],"wp:attachment":[{"href":"https:\/\/dev-durable.agglo-larochelle.fr\/2022\/wp-json\/wp\/v2\/media?parent=2847"}],"curies":[{"name":"wp","href":"https:\/\/api.w.org\/{rel}","templated":true}]}}