{"id":2851,"date":"2022-11-24T10:20:09","date_gmt":"2022-11-24T09:20:09","guid":{"rendered":"https:\/\/dev-durable.agglo-larochelle.fr\/2022\/?page_id=2851"},"modified":"2022-12-08T16:48:49","modified_gmt":"2022-12-08T15:48:49","slug":"kendari-cooperations-autour-de-leau-et-de-legalite-femmes-hommes","status":"publish","type":"page","link":"https:\/\/dev-durable.agglo-larochelle.fr\/2022\/un-territoire-de-cooperations\/cooperation-decentralisee\/kendari-cooperations-autour-de-leau-et-de-legalite-femmes-hommes\/","title":{"rendered":"Kendari\/coop\u00e9rations autour de l\u2019eau et de l\u2019\u00e9galit\u00e9 femmes\/hommes"},"content":{"rendered":"\n<p><strong>L\u2019Agglom\u00e9ration de La Rochelle accompagne techniquement et scientifiquement la ville indon\u00e9sienne de Kendari. Des projets en faveur de l\u2019\u00e9galit\u00e9 femmes\/hommes sont \u00e9galement d\u00e9velopp\u00e9s.<\/strong><\/p>\n<p>Le programme de coop\u00e9ration entre La Rochelle et Kendari se poursuit. Les deux collectivit\u00e9s mettent aujourd\u2019hui en \u0153uvre des actions de coop\u00e9ration autour des questions du cycle de l\u2019eau. Cette ann\u00e9e, les actions ont concern\u00e9 la remise en conformit\u00e9 des \u00e9quipements d\u2019exploitation et production d\u2019eau. Le programme de coop\u00e9ration triennal a permis de constater une am\u00e9lioration dans la qualit\u00e9 de la production et de la distribution d\u2019eau propre, notamment sur le volet \u00e9lectrom\u00e9canique, la mise en s\u00e9curit\u00e9 et le branchement de nouveaux usagers. Parall\u00e8lement \u00e0 ce volet technique, la coop\u00e9ration entre les deux villes a \u00e9galement pris la forme d\u2019un clip, \u00ab 24h dans la vie d\u2019une femme \u00bb, portant un regard crois\u00e9 sur la vie de deux femmes, \u00e0 La Rochelle et Kendari.<\/p>\n","protected":false},"excerpt":{"rendered":"<p>L\u2019Agglom\u00e9ration de La Rochelle accompagne techniquement et scientifiquement la ville indon\u00e9sienne de Kendari. Des projets en faveur de l\u2019\u00e9galit\u00e9 femmes\/hommes sont \u00e9galement d\u00e9velopp\u00e9s. Le programme de coop\u00e9ration entre La Rochelle et Kendari se poursuit. Les deux collectivit\u00e9s mettent aujourd\u2019hui en \u0153uvre des actions de coop\u00e9ration autour des questions du cycle de l\u2019eau. Cette ann\u00e9e, les [&hellip;]<\/p>\n","protected":false},"author":1,"featured_media":2174,"parent":2845,"menu_order":3,"comment_status":"closed","ping_status":"closed","template":"page-sous-partie.php","meta":[],"acf":[],"yoast_head":"<!-- This site is optimized with the Yoast SEO plugin v19.12 - https:\/\/yoast.com\/wordpress\/plugins\/seo\/ -->\n<title>Kendari\/coop\u00e9rations autour de l\u2019eau et de l\u2019\u00e9galit\u00e9 femmes\/hommes - Rapport du d\u00e9veloppement durable<\/title>\n<meta name=\"robots\" content=\"index, follow, max-snippet:-1, max-image-preview:large, max-video-preview:-1\" \/>\n<link rel=\"canonical\" href=\"https:\/\/dev-durable.agglo-larochelle.fr\/2022\/un-territoire-de-cooperations\/cooperation-decentralisee\/kendari-cooperations-autour-de-leau-et-de-legalite-femmes-hommes\/\" \/>\n<meta property=\"og:locale\" content=\"fr_FR\" \/>\n<meta property=\"og:type\" content=\"article\" \/>\n<meta property=\"og:title\" content=\"Kendari\/coop\u00e9rations autour de l\u2019eau et de l\u2019\u00e9galit\u00e9 femmes\/hommes - Rapport du d\u00e9veloppement durable\" \/>\n<meta property=\"og:description\" content=\"L\u2019Agglom\u00e9ration de La Rochelle accompagne techniquement et scientifiquement la ville indon\u00e9sienne de Kendari. Des projets en faveur de l\u2019\u00e9galit\u00e9 femmes\/hommes sont \u00e9galement d\u00e9velopp\u00e9s. Le programme de coop\u00e9ration entre La Rochelle et Kendari se poursuit. Les deux collectivit\u00e9s mettent aujourd\u2019hui en \u0153uvre des actions de coop\u00e9ration autour des questions du cycle de l\u2019eau. Cette ann\u00e9e, les [&hellip;]\" \/>\n<meta property=\"og:url\" content=\"https:\/\/dev-durable.agglo-larochelle.fr\/2022\/un-territoire-de-cooperations\/cooperation-decentralisee\/kendari-cooperations-autour-de-leau-et-de-legalite-femmes-hommes\/\" \/>\n<meta property=\"og:site_name\" content=\"Rapport du d\u00e9veloppement durable\" \/>\n<meta property=\"article:modified_time\" content=\"2022-12-08T15:48:49+00:00\" \/>\n<meta property=\"og:image\" content=\"https:\/\/dev-durable.agglo-larochelle.fr\/2022\/wp-content\/uploads\/2021\/11\/Rapport_egalite_femmes_hommes_AdobeStock_228337582.jpg\" \/>\n\t<meta property=\"og:image:width\" content=\"750\" \/>\n\t<meta property=\"og:image:height\" content=\"500\" \/>\n\t<meta property=\"og:image:type\" content=\"image\/jpeg\" \/>\n<meta name=\"twitter:card\" content=\"summary_large_image\" \/>\n<meta name=\"twitter:label1\" content=\"Dur\u00e9e de lecture estim\u00e9e\" \/>\n\t<meta name=\"twitter:data1\" content=\"1 minute\" \/>\n<script type=\"application\/ld+json\" class=\"yoast-schema-graph\">{\"@context\":\"https:\/\/schema.org\",\"@graph\":[{\"@type\":\"WebPage\",\"@id\":\"https:\/\/dev-durable.agglo-larochelle.fr\/2022\/un-territoire-de-cooperations\/cooperation-decentralisee\/kendari-cooperations-autour-de-leau-et-de-legalite-femmes-hommes\/\",\"url\":\"https:\/\/dev-durable.agglo-larochelle.fr\/2022\/un-territoire-de-cooperations\/cooperation-decentralisee\/kendari-cooperations-autour-de-leau-et-de-legalite-femmes-hommes\/\",\"name\":\"Kendari\/coop\u00e9rations autour de l\u2019eau et de l\u2019\u00e9galit\u00e9 femmes\/hommes - Rapport du d\u00e9veloppement durable\",\"isPartOf\":{\"@id\":\"https:\/\/dev-durable.agglo-larochelle.fr\/2022\/#website\"},\"datePublished\":\"2022-11-24T09:20:09+00:00\",\"dateModified\":\"2022-12-08T15:48:49+00:00\",\"breadcrumb\":{\"@id\":\"https:\/\/dev-durable.agglo-larochelle.fr\/2022\/un-territoire-de-cooperations\/cooperation-decentralisee\/kendari-cooperations-autour-de-leau-et-de-legalite-femmes-hommes\/#breadcrumb\"},\"inLanguage\":\"fr-FR\",\"potentialAction\":[{\"@type\":\"ReadAction\",\"target\":[\"https:\/\/dev-durable.agglo-larochelle.fr\/2022\/un-territoire-de-cooperations\/cooperation-decentralisee\/kendari-cooperations-autour-de-leau-et-de-legalite-femmes-hommes\/\"]}]},{\"@type\":\"BreadcrumbList\",\"@id\":\"https:\/\/dev-durable.agglo-larochelle.fr\/2022\/un-territoire-de-cooperations\/cooperation-decentralisee\/kendari-cooperations-autour-de-leau-et-de-legalite-femmes-hommes\/#breadcrumb\",\"itemListElement\":[{\"@type\":\"ListItem\",\"position\":1,\"name\":\"Accueil\",\"item\":\"https:\/\/dev-durable.agglo-larochelle.fr\/2022\/\"},{\"@type\":\"ListItem\",\"position\":2,\"name\":\"Un territoire de coop\u00e9rations\",\"item\":\"https:\/\/dev-durable.agglo-larochelle.fr\/2022\/un-territoire-de-cooperations\/\"},{\"@type\":\"ListItem\",\"position\":3,\"name\":\"Coop\u00e9ration d\u00e9centralis\u00e9e\",\"item\":\"https:\/\/dev-durable.agglo-larochelle.fr\/2022\/un-territoire-de-cooperations\/cooperation-decentralisee\/\"},{\"@type\":\"ListItem\",\"position\":4,\"name\":\"Kendari\/coop\u00e9rations autour de l\u2019eau et de l\u2019\u00e9galit\u00e9 femmes\/hommes\"}]},{\"@type\":\"WebSite\",\"@id\":\"https:\/\/dev-durable.agglo-larochelle.fr\/2022\/#website\",\"url\":\"https:\/\/dev-durable.agglo-larochelle.fr\/2022\/\",\"name\":\"Rapport du d\u00e9veloppement durable - 2022\",\"description\":\"Rapport 2022 du d\u00e9veloppement durable\",\"alternateName\":\"Communaut\u00e9 d'Agglom\u00e9ration de La Rochelle\",\"potentialAction\":[{\"@type\":\"SearchAction\",\"target\":{\"@type\":\"EntryPoint\",\"urlTemplate\":\"https:\/\/dev-durable.agglo-larochelle.fr\/2022\/?s={search_term_string}\"},\"query-input\":\"required name=search_term_string\"}],\"inLanguage\":\"fr-FR\"}]}<\/script>\n<!-- \/ Yoast SEO plugin. -->","yoast_head_json":{"title":"Kendari\/coop\u00e9rations autour de l\u2019eau et de l\u2019\u00e9galit\u00e9 femmes\/hommes - Rapport du d\u00e9veloppement durable","robots":{"index":"index","follow":"follow","max-snippet":"max-snippet:-1","max-image-preview":"max-image-preview:large","max-video-preview":"max-video-preview:-1"},"canonical":"https:\/\/dev-durable.agglo-larochelle.fr\/2022\/un-territoire-de-cooperations\/cooperation-decentralisee\/kendari-cooperations-autour-de-leau-et-de-legalite-femmes-hommes\/","og_locale":"fr_FR","og_type":"article","og_title":"Kendari\/coop\u00e9rations autour de l\u2019eau et de l\u2019\u00e9galit\u00e9 femmes\/hommes - Rapport du d\u00e9veloppement durable","og_description":"L\u2019Agglom\u00e9ration de La Rochelle accompagne techniquement et scientifiquement la ville indon\u00e9sienne de Kendari. Des projets en faveur de l\u2019\u00e9galit\u00e9 femmes\/hommes sont \u00e9galement d\u00e9velopp\u00e9s. Le programme de coop\u00e9ration entre La Rochelle et Kendari se poursuit. Les deux collectivit\u00e9s mettent aujourd\u2019hui en \u0153uvre des actions de coop\u00e9ration autour des questions du cycle de l\u2019eau. Cette ann\u00e9e, les [&hellip;]","og_url":"https:\/\/dev-durable.agglo-larochelle.fr\/2022\/un-territoire-de-cooperations\/cooperation-decentralisee\/kendari-cooperations-autour-de-leau-et-de-legalite-femmes-hommes\/","og_site_name":"Rapport du d\u00e9veloppement durable","article_modified_time":"2022-12-08T15:48:49+00:00","og_image":[{"width":750,"height":500,"url":"https:\/\/dev-durable.agglo-larochelle.fr\/2022\/wp-content\/uploads\/2021\/11\/Rapport_egalite_femmes_hommes_AdobeStock_228337582.jpg","type":"image\/jpeg"}],"twitter_card":"summary_large_image","twitter_misc":{"Dur\u00e9e de lecture estim\u00e9e":"1 minute"},"schema":{"@context":"https:\/\/schema.org","@graph":[{"@type":"WebPage","@id":"https:\/\/dev-durable.agglo-larochelle.fr\/2022\/un-territoire-de-cooperations\/cooperation-decentralisee\/kendari-cooperations-autour-de-leau-et-de-legalite-femmes-hommes\/","url":"https:\/\/dev-durable.agglo-larochelle.fr\/2022\/un-territoire-de-cooperations\/cooperation-decentralisee\/kendari-cooperations-autour-de-leau-et-de-legalite-femmes-hommes\/","name":"Kendari\/coop\u00e9rations autour de l\u2019eau et de l\u2019\u00e9galit\u00e9 femmes\/hommes - Rapport du d\u00e9veloppement durable","isPartOf":{"@id":"https:\/\/dev-durable.agglo-larochelle.fr\/2022\/#website"},"datePublished":"2022-11-24T09:20:09+00:00","dateModified":"2022-12-08T15:48:49+00:00","breadcrumb":{"@id":"https:\/\/dev-durable.agglo-larochelle.fr\/2022\/un-territoire-de-cooperations\/cooperation-decentralisee\/kendari-cooperations-autour-de-leau-et-de-legalite-femmes-hommes\/#breadcrumb"},"inLanguage":"fr-FR","potentialAction":[{"@type":"ReadAction","target":["https:\/\/dev-durable.agglo-larochelle.fr\/2022\/un-territoire-de-cooperations\/cooperation-decentralisee\/kendari-cooperations-autour-de-leau-et-de-legalite-femmes-hommes\/"]}]},{"@type":"BreadcrumbList","@id":"https:\/\/dev-durable.agglo-larochelle.fr\/2022\/un-territoire-de-cooperations\/cooperation-decentralisee\/kendari-cooperations-autour-de-leau-et-de-legalite-femmes-hommes\/#breadcrumb","itemListElement":[{"@type":"ListItem","position":1,"name":"Accueil","item":"https:\/\/dev-durable.agglo-larochelle.fr\/2022\/"},{"@type":"ListItem","position":2,"name":"Un territoire de coop\u00e9rations","item":"https:\/\/dev-durable.agglo-larochelle.fr\/2022\/un-territoire-de-cooperations\/"},{"@type":"ListItem","position":3,"name":"Coop\u00e9ration d\u00e9centralis\u00e9e","item":"https:\/\/dev-durable.agglo-larochelle.fr\/2022\/un-territoire-de-cooperations\/cooperation-decentralisee\/"},{"@type":"ListItem","position":4,"name":"Kendari\/coop\u00e9rations autour de l\u2019eau et de l\u2019\u00e9galit\u00e9 femmes\/hommes"}]},{"@type":"WebSite","@id":"https:\/\/dev-durable.agglo-larochelle.fr\/2022\/#website","url":"https:\/\/dev-durable.agglo-larochelle.fr\/2022\/","name":"Rapport du d\u00e9veloppement durable - 2022","description":"Rapport 2022 du d\u00e9veloppement durable","alternateName":"Communaut\u00e9 d'Agglom\u00e9ration de La Rochelle","potentialAction":[{"@type":"SearchAction","target":{"@type":"EntryPoint","urlTemplate":"https:\/\/dev-durable.agglo-larochelle.fr\/2022\/?s={search_term_string}"},"query-input":"required name=search_term_string"}],"inLanguage":"fr-FR"}]}},"_links":{"self":[{"href":"https:\/\/dev-durable.agglo-larochelle.fr\/2022\/wp-json\/wp\/v2\/pages\/2851"}],"collection":[{"href":"https:\/\/dev-durable.agglo-larochelle.fr\/2022\/wp-json\/wp\/v2\/pages"}],"about":[{"href":"https:\/\/dev-durable.agglo-larochelle.fr\/2022\/wp-json\/wp\/v2\/types\/page"}],"author":[{"embeddable":true,"href":"https:\/\/dev-durable.agglo-larochelle.fr\/2022\/wp-json\/wp\/v2\/users\/1"}],"replies":[{"embeddable":true,"href":"https:\/\/dev-durable.agglo-larochelle.fr\/2022\/wp-json\/wp\/v2\/comments?post=2851"}],"version-history":[{"count":2,"href":"https:\/\/dev-durable.agglo-larochelle.fr\/2022\/wp-json\/wp\/v2\/pages\/2851\/revisions"}],"predecessor-version":[{"id":2853,"href":"https:\/\/dev-durable.agglo-larochelle.fr\/2022\/wp-json\/wp\/v2\/pages\/2851\/revisions\/2853"}],"up":[{"embeddable":true,"href":"https:\/\/dev-durable.agglo-larochelle.fr\/2022\/wp-json\/wp\/v2\/pages\/2845"}],"wp:featuredmedia":[{"embeddable":true,"href":"https:\/\/dev-durable.agglo-larochelle.fr\/2022\/wp-json\/wp\/v2\/media\/2174"}],"wp:attachment":[{"href":"https:\/\/dev-durable.agglo-larochelle.fr\/2022\/wp-json\/wp\/v2\/media?parent=2851"}],"curies":[{"name":"wp","href":"https:\/\/api.w.org\/{rel}","templated":true}]}}