{"id":2854,"date":"2022-11-24T10:21:33","date_gmt":"2022-11-24T09:21:33","guid":{"rendered":"https:\/\/dev-durable.agglo-larochelle.fr\/2022\/?page_id=2854"},"modified":"2022-12-08T16:50:19","modified_gmt":"2022-12-08T15:50:19","slug":"campeche-labellisation-dun-eco-quartier","status":"publish","type":"page","link":"https:\/\/dev-durable.agglo-larochelle.fr\/2022\/un-territoire-de-cooperations\/cooperation-decentralisee\/campeche-labellisation-dun-eco-quartier\/","title":{"rendered":"Campeche\/labellisation d\u2019un \u00e9co-quartier"},"content":{"rendered":"\n<p><strong>L\u2019Agglom\u00e9ration de La Rochelle partage ses savoir-faire techniques en mati\u00e8re d\u2019\u00e9cologie urbaine pour accompagner la mise en \u0153uvre d\u2019un \u00e9coquartier \u00e0 Campeche au Mexique.<\/strong><\/p>\n<p>Cette ann\u00e9e a marqu\u00e9 l\u2019aboutissement d\u2019un processus de longue dur\u00e9e, avec \u00e0 la cl\u00e9 l\u2019attribution de la labellisation \u00ab \u00e9co-quartier \u00bb d\u2019un quartier d\u00e9favoris\u00e9 de l\u2019\u00c9tat de Campeche. La d\u00e9marche aboutissant \u00e0 cette labellisation a int\u00e9gr\u00e9 tous les Objectifs D\u00e9veloppement Durable, notamment ceux portant sur la lutte contre la marginalisation, l\u2019acc\u00e8s aux services publiques de base et la lutte contre les in\u00e9galit\u00e9s sociales et de genre.<\/p>\n","protected":false},"excerpt":{"rendered":"<p>L\u2019Agglom\u00e9ration de La Rochelle partage ses savoir-faire techniques en mati\u00e8re d\u2019\u00e9cologie urbaine pour accompagner la mise en \u0153uvre d\u2019un \u00e9coquartier \u00e0 Campeche au Mexique. Cette ann\u00e9e a marqu\u00e9 l\u2019aboutissement d\u2019un processus de longue dur\u00e9e, avec \u00e0 la cl\u00e9 l\u2019attribution de la labellisation \u00ab \u00e9co-quartier \u00bb d\u2019un quartier d\u00e9favoris\u00e9 de l\u2019\u00c9tat de Campeche. La d\u00e9marche aboutissant [&hellip;]<\/p>\n","protected":false},"author":1,"featured_media":1968,"parent":2845,"menu_order":3,"comment_status":"closed","ping_status":"closed","template":"page-sous-partie.php","meta":[],"acf":[],"yoast_head":"<!-- This site is optimized with the Yoast SEO plugin v19.12 - https:\/\/yoast.com\/wordpress\/plugins\/seo\/ -->\n<title>Campeche\/labellisation d\u2019un \u00e9co-quartier - Rapport du d\u00e9veloppement durable<\/title>\n<meta name=\"robots\" content=\"index, follow, max-snippet:-1, max-image-preview:large, max-video-preview:-1\" \/>\n<link rel=\"canonical\" href=\"https:\/\/dev-durable.agglo-larochelle.fr\/2022\/un-territoire-de-cooperations\/cooperation-decentralisee\/campeche-labellisation-dun-eco-quartier\/\" \/>\n<meta property=\"og:locale\" content=\"fr_FR\" \/>\n<meta property=\"og:type\" content=\"article\" \/>\n<meta property=\"og:title\" content=\"Campeche\/labellisation d\u2019un \u00e9co-quartier - Rapport du d\u00e9veloppement durable\" \/>\n<meta property=\"og:description\" content=\"L\u2019Agglom\u00e9ration de La Rochelle partage ses savoir-faire techniques en mati\u00e8re d\u2019\u00e9cologie urbaine pour accompagner la mise en \u0153uvre d\u2019un \u00e9coquartier \u00e0 Campeche au Mexique. Cette ann\u00e9e a marqu\u00e9 l\u2019aboutissement d\u2019un processus de longue dur\u00e9e, avec \u00e0 la cl\u00e9 l\u2019attribution de la labellisation \u00ab \u00e9co-quartier \u00bb d\u2019un quartier d\u00e9favoris\u00e9 de l\u2019\u00c9tat de Campeche. La d\u00e9marche aboutissant [&hellip;]\" \/>\n<meta property=\"og:url\" content=\"https:\/\/dev-durable.agglo-larochelle.fr\/2022\/un-territoire-de-cooperations\/cooperation-decentralisee\/campeche-labellisation-dun-eco-quartier\/\" \/>\n<meta property=\"og:site_name\" content=\"Rapport du d\u00e9veloppement durable\" \/>\n<meta property=\"article:modified_time\" content=\"2022-12-08T15:50:19+00:00\" \/>\n<meta property=\"og:image\" content=\"https:\/\/dev-durable.agglo-larochelle.fr\/2022\/wp-content\/uploads\/2021\/11\/AdobeStock_332388048.jpg\" \/>\n\t<meta property=\"og:image:width\" content=\"720\" \/>\n\t<meta property=\"og:image:height\" content=\"363\" \/>\n\t<meta property=\"og:image:type\" content=\"image\/jpeg\" \/>\n<meta name=\"twitter:card\" content=\"summary_large_image\" \/>\n<meta name=\"twitter:label1\" content=\"Dur\u00e9e de lecture estim\u00e9e\" \/>\n\t<meta name=\"twitter:data1\" content=\"1 minute\" \/>\n<script type=\"application\/ld+json\" class=\"yoast-schema-graph\">{\"@context\":\"https:\/\/schema.org\",\"@graph\":[{\"@type\":\"WebPage\",\"@id\":\"https:\/\/dev-durable.agglo-larochelle.fr\/2022\/un-territoire-de-cooperations\/cooperation-decentralisee\/campeche-labellisation-dun-eco-quartier\/\",\"url\":\"https:\/\/dev-durable.agglo-larochelle.fr\/2022\/un-territoire-de-cooperations\/cooperation-decentralisee\/campeche-labellisation-dun-eco-quartier\/\",\"name\":\"Campeche\/labellisation d\u2019un \u00e9co-quartier - Rapport du d\u00e9veloppement durable\",\"isPartOf\":{\"@id\":\"https:\/\/dev-durable.agglo-larochelle.fr\/2022\/#website\"},\"datePublished\":\"2022-11-24T09:21:33+00:00\",\"dateModified\":\"2022-12-08T15:50:19+00:00\",\"breadcrumb\":{\"@id\":\"https:\/\/dev-durable.agglo-larochelle.fr\/2022\/un-territoire-de-cooperations\/cooperation-decentralisee\/campeche-labellisation-dun-eco-quartier\/#breadcrumb\"},\"inLanguage\":\"fr-FR\",\"potentialAction\":[{\"@type\":\"ReadAction\",\"target\":[\"https:\/\/dev-durable.agglo-larochelle.fr\/2022\/un-territoire-de-cooperations\/cooperation-decentralisee\/campeche-labellisation-dun-eco-quartier\/\"]}]},{\"@type\":\"BreadcrumbList\",\"@id\":\"https:\/\/dev-durable.agglo-larochelle.fr\/2022\/un-territoire-de-cooperations\/cooperation-decentralisee\/campeche-labellisation-dun-eco-quartier\/#breadcrumb\",\"itemListElement\":[{\"@type\":\"ListItem\",\"position\":1,\"name\":\"Accueil\",\"item\":\"https:\/\/dev-durable.agglo-larochelle.fr\/2022\/\"},{\"@type\":\"ListItem\",\"position\":2,\"name\":\"Un territoire de coop\u00e9rations\",\"item\":\"https:\/\/dev-durable.agglo-larochelle.fr\/2022\/un-territoire-de-cooperations\/\"},{\"@type\":\"ListItem\",\"position\":3,\"name\":\"Coop\u00e9ration d\u00e9centralis\u00e9e\",\"item\":\"https:\/\/dev-durable.agglo-larochelle.fr\/2022\/un-territoire-de-cooperations\/cooperation-decentralisee\/\"},{\"@type\":\"ListItem\",\"position\":4,\"name\":\"Campeche\/labellisation d\u2019un \u00e9co-quartier\"}]},{\"@type\":\"WebSite\",\"@id\":\"https:\/\/dev-durable.agglo-larochelle.fr\/2022\/#website\",\"url\":\"https:\/\/dev-durable.agglo-larochelle.fr\/2022\/\",\"name\":\"Rapport du d\u00e9veloppement durable - 2022\",\"description\":\"Rapport 2022 du d\u00e9veloppement durable\",\"alternateName\":\"Communaut\u00e9 d'Agglom\u00e9ration de La Rochelle\",\"potentialAction\":[{\"@type\":\"SearchAction\",\"target\":{\"@type\":\"EntryPoint\",\"urlTemplate\":\"https:\/\/dev-durable.agglo-larochelle.fr\/2022\/?s={search_term_string}\"},\"query-input\":\"required name=search_term_string\"}],\"inLanguage\":\"fr-FR\"}]}<\/script>\n<!-- \/ Yoast SEO plugin. -->","yoast_head_json":{"title":"Campeche\/labellisation d\u2019un \u00e9co-quartier - Rapport du d\u00e9veloppement durable","robots":{"index":"index","follow":"follow","max-snippet":"max-snippet:-1","max-image-preview":"max-image-preview:large","max-video-preview":"max-video-preview:-1"},"canonical":"https:\/\/dev-durable.agglo-larochelle.fr\/2022\/un-territoire-de-cooperations\/cooperation-decentralisee\/campeche-labellisation-dun-eco-quartier\/","og_locale":"fr_FR","og_type":"article","og_title":"Campeche\/labellisation d\u2019un \u00e9co-quartier - Rapport du d\u00e9veloppement durable","og_description":"L\u2019Agglom\u00e9ration de La Rochelle partage ses savoir-faire techniques en mati\u00e8re d\u2019\u00e9cologie urbaine pour accompagner la mise en \u0153uvre d\u2019un \u00e9coquartier \u00e0 Campeche au Mexique. Cette ann\u00e9e a marqu\u00e9 l\u2019aboutissement d\u2019un processus de longue dur\u00e9e, avec \u00e0 la cl\u00e9 l\u2019attribution de la labellisation \u00ab \u00e9co-quartier \u00bb d\u2019un quartier d\u00e9favoris\u00e9 de l\u2019\u00c9tat de Campeche. La d\u00e9marche aboutissant [&hellip;]","og_url":"https:\/\/dev-durable.agglo-larochelle.fr\/2022\/un-territoire-de-cooperations\/cooperation-decentralisee\/campeche-labellisation-dun-eco-quartier\/","og_site_name":"Rapport du d\u00e9veloppement durable","article_modified_time":"2022-12-08T15:50:19+00:00","og_image":[{"width":720,"height":363,"url":"https:\/\/dev-durable.agglo-larochelle.fr\/2022\/wp-content\/uploads\/2021\/11\/AdobeStock_332388048.jpg","type":"image\/jpeg"}],"twitter_card":"summary_large_image","twitter_misc":{"Dur\u00e9e de lecture estim\u00e9e":"1 minute"},"schema":{"@context":"https:\/\/schema.org","@graph":[{"@type":"WebPage","@id":"https:\/\/dev-durable.agglo-larochelle.fr\/2022\/un-territoire-de-cooperations\/cooperation-decentralisee\/campeche-labellisation-dun-eco-quartier\/","url":"https:\/\/dev-durable.agglo-larochelle.fr\/2022\/un-territoire-de-cooperations\/cooperation-decentralisee\/campeche-labellisation-dun-eco-quartier\/","name":"Campeche\/labellisation d\u2019un \u00e9co-quartier - Rapport du d\u00e9veloppement durable","isPartOf":{"@id":"https:\/\/dev-durable.agglo-larochelle.fr\/2022\/#website"},"datePublished":"2022-11-24T09:21:33+00:00","dateModified":"2022-12-08T15:50:19+00:00","breadcrumb":{"@id":"https:\/\/dev-durable.agglo-larochelle.fr\/2022\/un-territoire-de-cooperations\/cooperation-decentralisee\/campeche-labellisation-dun-eco-quartier\/#breadcrumb"},"inLanguage":"fr-FR","potentialAction":[{"@type":"ReadAction","target":["https:\/\/dev-durable.agglo-larochelle.fr\/2022\/un-territoire-de-cooperations\/cooperation-decentralisee\/campeche-labellisation-dun-eco-quartier\/"]}]},{"@type":"BreadcrumbList","@id":"https:\/\/dev-durable.agglo-larochelle.fr\/2022\/un-territoire-de-cooperations\/cooperation-decentralisee\/campeche-labellisation-dun-eco-quartier\/#breadcrumb","itemListElement":[{"@type":"ListItem","position":1,"name":"Accueil","item":"https:\/\/dev-durable.agglo-larochelle.fr\/2022\/"},{"@type":"ListItem","position":2,"name":"Un territoire de coop\u00e9rations","item":"https:\/\/dev-durable.agglo-larochelle.fr\/2022\/un-territoire-de-cooperations\/"},{"@type":"ListItem","position":3,"name":"Coop\u00e9ration d\u00e9centralis\u00e9e","item":"https:\/\/dev-durable.agglo-larochelle.fr\/2022\/un-territoire-de-cooperations\/cooperation-decentralisee\/"},{"@type":"ListItem","position":4,"name":"Campeche\/labellisation d\u2019un \u00e9co-quartier"}]},{"@type":"WebSite","@id":"https:\/\/dev-durable.agglo-larochelle.fr\/2022\/#website","url":"https:\/\/dev-durable.agglo-larochelle.fr\/2022\/","name":"Rapport du d\u00e9veloppement durable - 2022","description":"Rapport 2022 du d\u00e9veloppement durable","alternateName":"Communaut\u00e9 d'Agglom\u00e9ration de La Rochelle","potentialAction":[{"@type":"SearchAction","target":{"@type":"EntryPoint","urlTemplate":"https:\/\/dev-durable.agglo-larochelle.fr\/2022\/?s={search_term_string}"},"query-input":"required name=search_term_string"}],"inLanguage":"fr-FR"}]}},"_links":{"self":[{"href":"https:\/\/dev-durable.agglo-larochelle.fr\/2022\/wp-json\/wp\/v2\/pages\/2854"}],"collection":[{"href":"https:\/\/dev-durable.agglo-larochelle.fr\/2022\/wp-json\/wp\/v2\/pages"}],"about":[{"href":"https:\/\/dev-durable.agglo-larochelle.fr\/2022\/wp-json\/wp\/v2\/types\/page"}],"author":[{"embeddable":true,"href":"https:\/\/dev-durable.agglo-larochelle.fr\/2022\/wp-json\/wp\/v2\/users\/1"}],"replies":[{"embeddable":true,"href":"https:\/\/dev-durable.agglo-larochelle.fr\/2022\/wp-json\/wp\/v2\/comments?post=2854"}],"version-history":[{"count":2,"href":"https:\/\/dev-durable.agglo-larochelle.fr\/2022\/wp-json\/wp\/v2\/pages\/2854\/revisions"}],"predecessor-version":[{"id":2856,"href":"https:\/\/dev-durable.agglo-larochelle.fr\/2022\/wp-json\/wp\/v2\/pages\/2854\/revisions\/2856"}],"up":[{"embeddable":true,"href":"https:\/\/dev-durable.agglo-larochelle.fr\/2022\/wp-json\/wp\/v2\/pages\/2845"}],"wp:featuredmedia":[{"embeddable":true,"href":"https:\/\/dev-durable.agglo-larochelle.fr\/2022\/wp-json\/wp\/v2\/media\/1968"}],"wp:attachment":[{"href":"https:\/\/dev-durable.agglo-larochelle.fr\/2022\/wp-json\/wp\/v2\/media?parent=2854"}],"curies":[{"name":"wp","href":"https:\/\/api.w.org\/{rel}","templated":true}]}}