{"id":2859,"date":"2022-11-24T11:00:50","date_gmt":"2022-11-24T10:00:50","guid":{"rendered":"https:\/\/dev-durable.agglo-larochelle.fr\/2022\/?page_id=2859"},"modified":"2022-12-05T17:11:48","modified_gmt":"2022-12-05T16:11:48","slug":"installation-dun-nouveau-conseil-de-developpement-100-citoyen","status":"publish","type":"page","link":"https:\/\/dev-durable.agglo-larochelle.fr\/2022\/une-agglo-creative\/gouvernance-et-animation-du-territoire\/installation-dun-nouveau-conseil-de-developpement-100-citoyen\/","title":{"rendered":"Installation d\u2019un nouveau Conseil de d\u00e9veloppement 100% citoyen"},"content":{"rendered":"\n<p><strong>Le mandat du Conseil de d\u00e9veloppement \u00e9tant arriv\u00e9 \u00e0 son terme, la Communaut\u00e9 d\u2019Agglom\u00e9ration a profit\u00e9 de cette occasion pour affirmer son choix d\u2019associer plus \u00e9troitement les citoyennes et citoyens \u00e0 la vie publique.<\/strong><\/p>\n<p>La composition du Conseil de d\u00e9veloppement \u00e9volue ainsi vers un conseil compos\u00e9 de citoyens et non de personnes repr\u00e9sentantes de structures organis\u00e9es. A l\u2019image du Conseil communautaire, cette nouvelle assembl\u00e9e 100 % citoyenne, d\u00e9nomm\u00e9e Codev, est compos\u00e9e de 82 membres issus des 28 communes. Le Conseil de d\u00e9veloppement conduira ses travaux sur saisine de la CdA et par auto-saisine, sur tout sujet qui lui semblera pr\u00e9senter un int\u00e9r\u00eat pour le territoire et ses habitants.<\/p>\n","protected":false},"excerpt":{"rendered":"<p>Le mandat du Conseil de d\u00e9veloppement \u00e9tant arriv\u00e9 \u00e0 son terme, la Communaut\u00e9 d\u2019Agglom\u00e9ration a profit\u00e9 de cette occasion pour affirmer son choix d\u2019associer plus \u00e9troitement les citoyennes et citoyens \u00e0 la vie publique. La composition du Conseil de d\u00e9veloppement \u00e9volue ainsi vers un conseil compos\u00e9 de citoyens et non de personnes repr\u00e9sentantes de structures [&hellip;]<\/p>\n","protected":false},"author":1,"featured_media":2912,"parent":289,"menu_order":2,"comment_status":"closed","ping_status":"closed","template":"page-sous-partie.php","meta":[],"acf":[],"yoast_head":"<!-- This site is optimized with the Yoast SEO plugin v19.12 - https:\/\/yoast.com\/wordpress\/plugins\/seo\/ -->\n<title>Installation d\u2019un nouveau Conseil de d\u00e9veloppement 100% citoyen - Rapport du d\u00e9veloppement durable<\/title>\n<meta name=\"robots\" content=\"index, follow, max-snippet:-1, max-image-preview:large, max-video-preview:-1\" \/>\n<link rel=\"canonical\" href=\"https:\/\/dev-durable.agglo-larochelle.fr\/2022\/une-agglo-creative\/gouvernance-et-animation-du-territoire\/installation-dun-nouveau-conseil-de-developpement-100-citoyen\/\" \/>\n<meta property=\"og:locale\" content=\"fr_FR\" \/>\n<meta property=\"og:type\" content=\"article\" \/>\n<meta property=\"og:title\" content=\"Installation d\u2019un nouveau Conseil de d\u00e9veloppement 100% citoyen - Rapport du d\u00e9veloppement durable\" \/>\n<meta property=\"og:description\" content=\"Le mandat du Conseil de d\u00e9veloppement \u00e9tant arriv\u00e9 \u00e0 son terme, la Communaut\u00e9 d\u2019Agglom\u00e9ration a profit\u00e9 de cette occasion pour affirmer son choix d\u2019associer plus \u00e9troitement les citoyennes et citoyens \u00e0 la vie publique. La composition du Conseil de d\u00e9veloppement \u00e9volue ainsi vers un conseil compos\u00e9 de citoyens et non de personnes repr\u00e9sentantes de structures [&hellip;]\" \/>\n<meta property=\"og:url\" content=\"https:\/\/dev-durable.agglo-larochelle.fr\/2022\/une-agglo-creative\/gouvernance-et-animation-du-territoire\/installation-dun-nouveau-conseil-de-developpement-100-citoyen\/\" \/>\n<meta property=\"og:site_name\" content=\"Rapport du d\u00e9veloppement durable\" \/>\n<meta property=\"article:modified_time\" content=\"2022-12-05T16:11:48+00:00\" \/>\n<meta property=\"og:image\" content=\"https:\/\/dev-durable.agglo-larochelle.fr\/2022\/wp-content\/uploads\/2022\/12\/codev.jpg\" \/>\n\t<meta property=\"og:image:width\" content=\"650\" \/>\n\t<meta property=\"og:image:height\" content=\"300\" \/>\n\t<meta property=\"og:image:type\" content=\"image\/jpeg\" \/>\n<meta name=\"twitter:card\" content=\"summary_large_image\" \/>\n<meta name=\"twitter:label1\" content=\"Dur\u00e9e de lecture estim\u00e9e\" \/>\n\t<meta name=\"twitter:data1\" content=\"1 minute\" \/>\n<script type=\"application\/ld+json\" class=\"yoast-schema-graph\">{\"@context\":\"https:\/\/schema.org\",\"@graph\":[{\"@type\":\"WebPage\",\"@id\":\"https:\/\/dev-durable.agglo-larochelle.fr\/2022\/une-agglo-creative\/gouvernance-et-animation-du-territoire\/installation-dun-nouveau-conseil-de-developpement-100-citoyen\/\",\"url\":\"https:\/\/dev-durable.agglo-larochelle.fr\/2022\/une-agglo-creative\/gouvernance-et-animation-du-territoire\/installation-dun-nouveau-conseil-de-developpement-100-citoyen\/\",\"name\":\"Installation d\u2019un nouveau Conseil de d\u00e9veloppement 100% citoyen - Rapport du d\u00e9veloppement durable\",\"isPartOf\":{\"@id\":\"https:\/\/dev-durable.agglo-larochelle.fr\/2022\/#website\"},\"datePublished\":\"2022-11-24T10:00:50+00:00\",\"dateModified\":\"2022-12-05T16:11:48+00:00\",\"breadcrumb\":{\"@id\":\"https:\/\/dev-durable.agglo-larochelle.fr\/2022\/une-agglo-creative\/gouvernance-et-animation-du-territoire\/installation-dun-nouveau-conseil-de-developpement-100-citoyen\/#breadcrumb\"},\"inLanguage\":\"fr-FR\",\"potentialAction\":[{\"@type\":\"ReadAction\",\"target\":[\"https:\/\/dev-durable.agglo-larochelle.fr\/2022\/une-agglo-creative\/gouvernance-et-animation-du-territoire\/installation-dun-nouveau-conseil-de-developpement-100-citoyen\/\"]}]},{\"@type\":\"BreadcrumbList\",\"@id\":\"https:\/\/dev-durable.agglo-larochelle.fr\/2022\/une-agglo-creative\/gouvernance-et-animation-du-territoire\/installation-dun-nouveau-conseil-de-developpement-100-citoyen\/#breadcrumb\",\"itemListElement\":[{\"@type\":\"ListItem\",\"position\":1,\"name\":\"Accueil\",\"item\":\"https:\/\/dev-durable.agglo-larochelle.fr\/2022\/\"},{\"@type\":\"ListItem\",\"position\":2,\"name\":\"Une Agglo cr\u00e9ative\",\"item\":\"https:\/\/dev-durable.agglo-larochelle.fr\/2022\/une-agglo-creative\/\"},{\"@type\":\"ListItem\",\"position\":3,\"name\":\"Gouvernance et animation du territoire\",\"item\":\"https:\/\/dev-durable.agglo-larochelle.fr\/2022\/une-agglo-creative\/gouvernance-et-animation-du-territoire\/\"},{\"@type\":\"ListItem\",\"position\":4,\"name\":\"Installation d\u2019un nouveau Conseil de d\u00e9veloppement 100% citoyen\"}]},{\"@type\":\"WebSite\",\"@id\":\"https:\/\/dev-durable.agglo-larochelle.fr\/2022\/#website\",\"url\":\"https:\/\/dev-durable.agglo-larochelle.fr\/2022\/\",\"name\":\"Rapport du d\u00e9veloppement durable - 2022\",\"description\":\"Rapport 2022 du d\u00e9veloppement durable\",\"alternateName\":\"Communaut\u00e9 d'Agglom\u00e9ration de La Rochelle\",\"potentialAction\":[{\"@type\":\"SearchAction\",\"target\":{\"@type\":\"EntryPoint\",\"urlTemplate\":\"https:\/\/dev-durable.agglo-larochelle.fr\/2022\/?s={search_term_string}\"},\"query-input\":\"required name=search_term_string\"}],\"inLanguage\":\"fr-FR\"}]}<\/script>\n<!-- \/ Yoast SEO plugin. -->","yoast_head_json":{"title":"Installation d\u2019un nouveau Conseil de d\u00e9veloppement 100% citoyen - Rapport du d\u00e9veloppement durable","robots":{"index":"index","follow":"follow","max-snippet":"max-snippet:-1","max-image-preview":"max-image-preview:large","max-video-preview":"max-video-preview:-1"},"canonical":"https:\/\/dev-durable.agglo-larochelle.fr\/2022\/une-agglo-creative\/gouvernance-et-animation-du-territoire\/installation-dun-nouveau-conseil-de-developpement-100-citoyen\/","og_locale":"fr_FR","og_type":"article","og_title":"Installation d\u2019un nouveau Conseil de d\u00e9veloppement 100% citoyen - Rapport du d\u00e9veloppement durable","og_description":"Le mandat du Conseil de d\u00e9veloppement \u00e9tant arriv\u00e9 \u00e0 son terme, la Communaut\u00e9 d\u2019Agglom\u00e9ration a profit\u00e9 de cette occasion pour affirmer son choix d\u2019associer plus \u00e9troitement les citoyennes et citoyens \u00e0 la vie publique. La composition du Conseil de d\u00e9veloppement \u00e9volue ainsi vers un conseil compos\u00e9 de citoyens et non de personnes repr\u00e9sentantes de structures [&hellip;]","og_url":"https:\/\/dev-durable.agglo-larochelle.fr\/2022\/une-agglo-creative\/gouvernance-et-animation-du-territoire\/installation-dun-nouveau-conseil-de-developpement-100-citoyen\/","og_site_name":"Rapport du d\u00e9veloppement durable","article_modified_time":"2022-12-05T16:11:48+00:00","og_image":[{"width":650,"height":300,"url":"https:\/\/dev-durable.agglo-larochelle.fr\/2022\/wp-content\/uploads\/2022\/12\/codev.jpg","type":"image\/jpeg"}],"twitter_card":"summary_large_image","twitter_misc":{"Dur\u00e9e de lecture estim\u00e9e":"1 minute"},"schema":{"@context":"https:\/\/schema.org","@graph":[{"@type":"WebPage","@id":"https:\/\/dev-durable.agglo-larochelle.fr\/2022\/une-agglo-creative\/gouvernance-et-animation-du-territoire\/installation-dun-nouveau-conseil-de-developpement-100-citoyen\/","url":"https:\/\/dev-durable.agglo-larochelle.fr\/2022\/une-agglo-creative\/gouvernance-et-animation-du-territoire\/installation-dun-nouveau-conseil-de-developpement-100-citoyen\/","name":"Installation d\u2019un nouveau Conseil de d\u00e9veloppement 100% citoyen - Rapport du d\u00e9veloppement durable","isPartOf":{"@id":"https:\/\/dev-durable.agglo-larochelle.fr\/2022\/#website"},"datePublished":"2022-11-24T10:00:50+00:00","dateModified":"2022-12-05T16:11:48+00:00","breadcrumb":{"@id":"https:\/\/dev-durable.agglo-larochelle.fr\/2022\/une-agglo-creative\/gouvernance-et-animation-du-territoire\/installation-dun-nouveau-conseil-de-developpement-100-citoyen\/#breadcrumb"},"inLanguage":"fr-FR","potentialAction":[{"@type":"ReadAction","target":["https:\/\/dev-durable.agglo-larochelle.fr\/2022\/une-agglo-creative\/gouvernance-et-animation-du-territoire\/installation-dun-nouveau-conseil-de-developpement-100-citoyen\/"]}]},{"@type":"BreadcrumbList","@id":"https:\/\/dev-durable.agglo-larochelle.fr\/2022\/une-agglo-creative\/gouvernance-et-animation-du-territoire\/installation-dun-nouveau-conseil-de-developpement-100-citoyen\/#breadcrumb","itemListElement":[{"@type":"ListItem","position":1,"name":"Accueil","item":"https:\/\/dev-durable.agglo-larochelle.fr\/2022\/"},{"@type":"ListItem","position":2,"name":"Une Agglo cr\u00e9ative","item":"https:\/\/dev-durable.agglo-larochelle.fr\/2022\/une-agglo-creative\/"},{"@type":"ListItem","position":3,"name":"Gouvernance et animation du territoire","item":"https:\/\/dev-durable.agglo-larochelle.fr\/2022\/une-agglo-creative\/gouvernance-et-animation-du-territoire\/"},{"@type":"ListItem","position":4,"name":"Installation d\u2019un nouveau Conseil de d\u00e9veloppement 100% citoyen"}]},{"@type":"WebSite","@id":"https:\/\/dev-durable.agglo-larochelle.fr\/2022\/#website","url":"https:\/\/dev-durable.agglo-larochelle.fr\/2022\/","name":"Rapport du d\u00e9veloppement durable - 2022","description":"Rapport 2022 du d\u00e9veloppement durable","alternateName":"Communaut\u00e9 d'Agglom\u00e9ration de La Rochelle","potentialAction":[{"@type":"SearchAction","target":{"@type":"EntryPoint","urlTemplate":"https:\/\/dev-durable.agglo-larochelle.fr\/2022\/?s={search_term_string}"},"query-input":"required name=search_term_string"}],"inLanguage":"fr-FR"}]}},"_links":{"self":[{"href":"https:\/\/dev-durable.agglo-larochelle.fr\/2022\/wp-json\/wp\/v2\/pages\/2859"}],"collection":[{"href":"https:\/\/dev-durable.agglo-larochelle.fr\/2022\/wp-json\/wp\/v2\/pages"}],"about":[{"href":"https:\/\/dev-durable.agglo-larochelle.fr\/2022\/wp-json\/wp\/v2\/types\/page"}],"author":[{"embeddable":true,"href":"https:\/\/dev-durable.agglo-larochelle.fr\/2022\/wp-json\/wp\/v2\/users\/1"}],"replies":[{"embeddable":true,"href":"https:\/\/dev-durable.agglo-larochelle.fr\/2022\/wp-json\/wp\/v2\/comments?post=2859"}],"version-history":[{"count":2,"href":"https:\/\/dev-durable.agglo-larochelle.fr\/2022\/wp-json\/wp\/v2\/pages\/2859\/revisions"}],"predecessor-version":[{"id":2861,"href":"https:\/\/dev-durable.agglo-larochelle.fr\/2022\/wp-json\/wp\/v2\/pages\/2859\/revisions\/2861"}],"up":[{"embeddable":true,"href":"https:\/\/dev-durable.agglo-larochelle.fr\/2022\/wp-json\/wp\/v2\/pages\/289"}],"wp:featuredmedia":[{"embeddable":true,"href":"https:\/\/dev-durable.agglo-larochelle.fr\/2022\/wp-json\/wp\/v2\/media\/2912"}],"wp:attachment":[{"href":"https:\/\/dev-durable.agglo-larochelle.fr\/2022\/wp-json\/wp\/v2\/media?parent=2859"}],"curies":[{"name":"wp","href":"https:\/\/api.w.org\/{rel}","templated":true}]}}