{"id":7,"date":"2018-10-05T09:57:01","date_gmt":"2018-10-05T07:57:01","guid":{"rendered":"https:\/\/dev-durable.agglo-larochelle.fr\/20226.0.2\/?page_id=7"},"modified":"2022-11-23T17:22:21","modified_gmt":"2022-11-23T16:22:21","slug":"une-agglo-creative","status":"publish","type":"page","link":"https:\/\/dev-durable.agglo-larochelle.fr\/2022\/une-agglo-creative\/","title":{"rendered":"Une Agglo cr\u00e9ative"},"content":{"rendered":"<p><strong>L\u2019Agglom\u00e9ration de La Rochelle fait preuve d\u2019inventivit\u00e9, d\u2019innovation, d\u2019imagination pour proposer des solutions nouvelles en mati\u00e8re d\u2019am\u00e9nagement, d\u2019\u00e9nergie, d\u2019\u00e9conomie, d\u2019\u00e9cologie, de gouvernance\u2026 Elle encourage et soutient toutes les initiatives en faveur de la transition, quand elles sont vectrices de bien-\u00eatre et b\u00e9n\u00e9fiques pour l\u2019environnement et le d\u00e9veloppement.<\/strong><\/p>\n","protected":false},"excerpt":{"rendered":"<p>L\u2019Agglom\u00e9ration de La Rochelle fait preuve d\u2019inventivit\u00e9, d\u2019innovation, d\u2019imagination pour proposer des solutions nouvelles en mati\u00e8re d\u2019am\u00e9nagement, d\u2019\u00e9nergie, d\u2019\u00e9conomie, d\u2019\u00e9cologie, de gouvernance\u2026 Elle encourage et soutient toutes les initiatives en faveur de la transition, quand elles sont vectrices de bien-\u00eatre et b\u00e9n\u00e9fiques pour l\u2019environnement et le d\u00e9veloppement.<\/p>\n","protected":false},"author":1,"featured_media":2469,"parent":0,"menu_order":2,"comment_status":"closed","ping_status":"closed","template":"page-grande-partie.php","meta":[],"acf":[],"yoast_head":"<!-- This site is optimized with the Yoast SEO plugin v19.12 - https:\/\/yoast.com\/wordpress\/plugins\/seo\/ -->\n<title>Une Agglo cr\u00e9ative - Rapport du d\u00e9veloppement durable<\/title>\n<meta name=\"robots\" content=\"index, follow, max-snippet:-1, max-image-preview:large, max-video-preview:-1\" \/>\n<link rel=\"canonical\" href=\"https:\/\/dev-durable.agglo-larochelle.fr\/2022\/une-agglo-creative\/\" \/>\n<meta property=\"og:locale\" content=\"fr_FR\" \/>\n<meta property=\"og:type\" content=\"article\" \/>\n<meta property=\"og:title\" content=\"Une Agglo cr\u00e9ative - Rapport du d\u00e9veloppement durable\" \/>\n<meta property=\"og:description\" content=\"L\u2019Agglom\u00e9ration de La Rochelle fait preuve d\u2019inventivit\u00e9, d\u2019innovation, d\u2019imagination pour proposer des solutions nouvelles en mati\u00e8re d\u2019am\u00e9nagement, d\u2019\u00e9nergie, d\u2019\u00e9conomie, d\u2019\u00e9cologie, de gouvernance\u2026 Elle encourage et soutient toutes les initiatives en faveur de la transition, quand elles sont vectrices de bien-\u00eatre et b\u00e9n\u00e9fiques pour l\u2019environnement et le d\u00e9veloppement.\" \/>\n<meta property=\"og:url\" content=\"https:\/\/dev-durable.agglo-larochelle.fr\/2022\/une-agglo-creative\/\" \/>\n<meta property=\"og:site_name\" content=\"Rapport du d\u00e9veloppement durable\" \/>\n<meta property=\"article:modified_time\" content=\"2022-11-23T16:22:21+00:00\" \/>\n<meta property=\"og:image\" content=\"https:\/\/dev-durable.agglo-larochelle.fr\/2022\/wp-content\/uploads\/2022\/09\/cda-rapport-dd-agglo-creative.jpg\" \/>\n\t<meta property=\"og:image:width\" content=\"1000\" \/>\n\t<meta property=\"og:image:height\" content=\"665\" \/>\n\t<meta property=\"og:image:type\" content=\"image\/jpeg\" \/>\n<meta name=\"twitter:card\" content=\"summary_large_image\" \/>\n<meta name=\"twitter:label1\" content=\"Dur\u00e9e de lecture estim\u00e9e\" \/>\n\t<meta name=\"twitter:data1\" content=\"1 minute\" \/>\n<script type=\"application\/ld+json\" class=\"yoast-schema-graph\">{\"@context\":\"https:\/\/schema.org\",\"@graph\":[{\"@type\":\"WebPage\",\"@id\":\"https:\/\/dev-durable.agglo-larochelle.fr\/2022\/une-agglo-creative\/\",\"url\":\"https:\/\/dev-durable.agglo-larochelle.fr\/2022\/une-agglo-creative\/\",\"name\":\"Une Agglo cr\u00e9ative - Rapport du d\u00e9veloppement durable\",\"isPartOf\":{\"@id\":\"https:\/\/dev-durable.agglo-larochelle.fr\/2022\/#website\"},\"datePublished\":\"2018-10-05T07:57:01+00:00\",\"dateModified\":\"2022-11-23T16:22:21+00:00\",\"breadcrumb\":{\"@id\":\"https:\/\/dev-durable.agglo-larochelle.fr\/2022\/une-agglo-creative\/#breadcrumb\"},\"inLanguage\":\"fr-FR\",\"potentialAction\":[{\"@type\":\"ReadAction\",\"target\":[\"https:\/\/dev-durable.agglo-larochelle.fr\/2022\/une-agglo-creative\/\"]}]},{\"@type\":\"BreadcrumbList\",\"@id\":\"https:\/\/dev-durable.agglo-larochelle.fr\/2022\/une-agglo-creative\/#breadcrumb\",\"itemListElement\":[{\"@type\":\"ListItem\",\"position\":1,\"name\":\"Accueil\",\"item\":\"https:\/\/dev-durable.agglo-larochelle.fr\/2022\/\"},{\"@type\":\"ListItem\",\"position\":2,\"name\":\"Une Agglo cr\u00e9ative\"}]},{\"@type\":\"WebSite\",\"@id\":\"https:\/\/dev-durable.agglo-larochelle.fr\/2022\/#website\",\"url\":\"https:\/\/dev-durable.agglo-larochelle.fr\/2022\/\",\"name\":\"Rapport du d\u00e9veloppement durable - 2022\",\"description\":\"Rapport 2022 du d\u00e9veloppement durable\",\"alternateName\":\"Communaut\u00e9 d'Agglom\u00e9ration de La Rochelle\",\"potentialAction\":[{\"@type\":\"SearchAction\",\"target\":{\"@type\":\"EntryPoint\",\"urlTemplate\":\"https:\/\/dev-durable.agglo-larochelle.fr\/2022\/?s={search_term_string}\"},\"query-input\":\"required name=search_term_string\"}],\"inLanguage\":\"fr-FR\"}]}<\/script>\n<!-- \/ Yoast SEO plugin. -->","yoast_head_json":{"title":"Une Agglo cr\u00e9ative - Rapport du d\u00e9veloppement durable","robots":{"index":"index","follow":"follow","max-snippet":"max-snippet:-1","max-image-preview":"max-image-preview:large","max-video-preview":"max-video-preview:-1"},"canonical":"https:\/\/dev-durable.agglo-larochelle.fr\/2022\/une-agglo-creative\/","og_locale":"fr_FR","og_type":"article","og_title":"Une Agglo cr\u00e9ative - Rapport du d\u00e9veloppement durable","og_description":"L\u2019Agglom\u00e9ration de La Rochelle fait preuve d\u2019inventivit\u00e9, d\u2019innovation, d\u2019imagination pour proposer des solutions nouvelles en mati\u00e8re d\u2019am\u00e9nagement, d\u2019\u00e9nergie, d\u2019\u00e9conomie, d\u2019\u00e9cologie, de gouvernance\u2026 Elle encourage et soutient toutes les initiatives en faveur de la transition, quand elles sont vectrices de bien-\u00eatre et b\u00e9n\u00e9fiques pour l\u2019environnement et le d\u00e9veloppement.","og_url":"https:\/\/dev-durable.agglo-larochelle.fr\/2022\/une-agglo-creative\/","og_site_name":"Rapport du d\u00e9veloppement durable","article_modified_time":"2022-11-23T16:22:21+00:00","og_image":[{"width":1000,"height":665,"url":"https:\/\/dev-durable.agglo-larochelle.fr\/2022\/wp-content\/uploads\/2022\/09\/cda-rapport-dd-agglo-creative.jpg","type":"image\/jpeg"}],"twitter_card":"summary_large_image","twitter_misc":{"Dur\u00e9e de lecture estim\u00e9e":"1 minute"},"schema":{"@context":"https:\/\/schema.org","@graph":[{"@type":"WebPage","@id":"https:\/\/dev-durable.agglo-larochelle.fr\/2022\/une-agglo-creative\/","url":"https:\/\/dev-durable.agglo-larochelle.fr\/2022\/une-agglo-creative\/","name":"Une Agglo cr\u00e9ative - Rapport du d\u00e9veloppement durable","isPartOf":{"@id":"https:\/\/dev-durable.agglo-larochelle.fr\/2022\/#website"},"datePublished":"2018-10-05T07:57:01+00:00","dateModified":"2022-11-23T16:22:21+00:00","breadcrumb":{"@id":"https:\/\/dev-durable.agglo-larochelle.fr\/2022\/une-agglo-creative\/#breadcrumb"},"inLanguage":"fr-FR","potentialAction":[{"@type":"ReadAction","target":["https:\/\/dev-durable.agglo-larochelle.fr\/2022\/une-agglo-creative\/"]}]},{"@type":"BreadcrumbList","@id":"https:\/\/dev-durable.agglo-larochelle.fr\/2022\/une-agglo-creative\/#breadcrumb","itemListElement":[{"@type":"ListItem","position":1,"name":"Accueil","item":"https:\/\/dev-durable.agglo-larochelle.fr\/2022\/"},{"@type":"ListItem","position":2,"name":"Une Agglo cr\u00e9ative"}]},{"@type":"WebSite","@id":"https:\/\/dev-durable.agglo-larochelle.fr\/2022\/#website","url":"https:\/\/dev-durable.agglo-larochelle.fr\/2022\/","name":"Rapport du d\u00e9veloppement durable - 2022","description":"Rapport 2022 du d\u00e9veloppement durable","alternateName":"Communaut\u00e9 d'Agglom\u00e9ration de La Rochelle","potentialAction":[{"@type":"SearchAction","target":{"@type":"EntryPoint","urlTemplate":"https:\/\/dev-durable.agglo-larochelle.fr\/2022\/?s={search_term_string}"},"query-input":"required name=search_term_string"}],"inLanguage":"fr-FR"}]}},"_links":{"self":[{"href":"https:\/\/dev-durable.agglo-larochelle.fr\/2022\/wp-json\/wp\/v2\/pages\/7"}],"collection":[{"href":"https:\/\/dev-durable.agglo-larochelle.fr\/2022\/wp-json\/wp\/v2\/pages"}],"about":[{"href":"https:\/\/dev-durable.agglo-larochelle.fr\/2022\/wp-json\/wp\/v2\/types\/page"}],"author":[{"embeddable":true,"href":"https:\/\/dev-durable.agglo-larochelle.fr\/2022\/wp-json\/wp\/v2\/users\/1"}],"replies":[{"embeddable":true,"href":"https:\/\/dev-durable.agglo-larochelle.fr\/2022\/wp-json\/wp\/v2\/comments?post=7"}],"version-history":[{"count":11,"href":"https:\/\/dev-durable.agglo-larochelle.fr\/2022\/wp-json\/wp\/v2\/pages\/7\/revisions"}],"predecessor-version":[{"id":2603,"href":"https:\/\/dev-durable.agglo-larochelle.fr\/2022\/wp-json\/wp\/v2\/pages\/7\/revisions\/2603"}],"wp:featuredmedia":[{"embeddable":true,"href":"https:\/\/dev-durable.agglo-larochelle.fr\/2022\/wp-json\/wp\/v2\/media\/2469"}],"wp:attachment":[{"href":"https:\/\/dev-durable.agglo-larochelle.fr\/2022\/wp-json\/wp\/v2\/media?parent=7"}],"curies":[{"name":"wp","href":"https:\/\/api.w.org\/{rel}","templated":true}]}}