{"id":761,"date":"2019-12-02T09:27:49","date_gmt":"2019-12-02T08:27:49","guid":{"rendered":"https:\/\/dev-durable.agglo-larochelle.fr\/20226.0.2\/?page_id=761"},"modified":"2022-12-02T10:31:01","modified_gmt":"2022-12-02T09:31:01","slug":"les-4-odd-les-plus-mis-en-avant-dans-ce-rapport","status":"publish","type":"page","link":"https:\/\/dev-durable.agglo-larochelle.fr\/2022\/les-objectifs-du-developpement-durable\/les-4-odd-les-plus-mis-en-avant-dans-ce-rapport\/","title":{"rendered":"Les 4 ODD les plus pr\u00e9sents dans ce rapport"},"content":{"rendered":"\n<p style=\"font-size:16px\">Les ODD qui sont le plus mis en avant avec les actions pr\u00e9sent\u00e9es dans ce rapport 2022 restent :<\/p>\n\n\n\n<div style=\"height:25px\" aria-hidden=\"true\" class=\"wp-block-spacer\"><\/div>\n\n\n\n<div class=\"is-layout-flex wp-container-3 wp-block-columns are-vertically-aligned-center\">\n<div class=\"is-layout-flow wp-block-column is-vertically-aligned-center\" style=\"flex-basis:180px\">\n<figure class=\"wp-block-image size-full\"><img decoding=\"async\" width=\"170\" height=\"170\" src=\"https:\/\/dev-durable.agglo-larochelle.fr\/2022\/wp-content\/uploads\/2022\/09\/F_SDG-goals_icons-individual-rgb-13-min.png\" alt=\"13 \u2013 Mesures relatives \u00e0 la lutte contre les changements climatiques\" class=\"wp-image-2406\" srcset=\"https:\/\/dev-durable.agglo-larochelle.fr\/2022\/wp-content\/uploads\/2022\/09\/F_SDG-goals_icons-individual-rgb-13-min.png 170w, https:\/\/dev-durable.agglo-larochelle.fr\/2022\/wp-content\/uploads\/2022\/09\/F_SDG-goals_icons-individual-rgb-13-min-78x78.png 78w\" sizes=\"(max-width: 170px) 100vw, 170px\" \/><\/figure>\n<\/div>\n\n\n\n<div class=\"is-layout-flow wp-block-column is-vertically-aligned-center\" style=\"flex-basis:66.66%\">\n<p><strong>L\u2019ODD 13<\/strong> sur la lutte contre les changements climatiques permet de mettre en avant les actions qui participent activement aux objectifs internationaux (La Rochelle territoire Z\u00e9ro Carbone est \u00e0 ce titre une feuille de route locale pour r\u00e9pondre \u00e0 cet ODD), mais aussi celles qui permettent de d\u00e9velopper les \u00e9nergies renouvelables\u00a0: des \u00ab boucles \u00e9nerg\u00e9tiques d\u2019autoconsommation collective \u00bb sont en phase d\u2019\u00e9tude ou de d\u00e9veloppement en plusieurs points du territoire, l\u2019Agglo \u00e9tudie la possibilit\u00e9 de se doter d\u2019un outil de pilotage et de portage afin d\u2019encourager les projets de d\u00e9veloppement des \u00e9nergies renouvelables et de r\u00e9cup\u00e9ration (EnRR), limiter les \u00e9missions de gaz \u00e0 effet de serre (accompagnement des communes sur leur bilan carbone\u2026) et toujours sensibiliser et \u00e9duquer les publics.<\/p>\n<\/div>\n<\/div>\n\n\n\n<div style=\"height:25px\" aria-hidden=\"true\" class=\"wp-block-spacer\"><\/div>\n\n\n\n<div class=\"is-layout-flex wp-container-6 wp-block-columns are-vertically-aligned-center\">\n<div class=\"is-layout-flow wp-block-column is-vertically-aligned-center\" style=\"flex-basis:180px\">\n<figure class=\"wp-block-image size-full\"><img decoding=\"async\" width=\"170\" height=\"170\" src=\"https:\/\/dev-durable.agglo-larochelle.fr\/2022\/wp-content\/uploads\/2022\/09\/F_SDG-goals_icons-individual-rgb-12-min.png\" alt=\"12 \u2013 Consommation et production responsables\" class=\"wp-image-2405\" srcset=\"https:\/\/dev-durable.agglo-larochelle.fr\/2022\/wp-content\/uploads\/2022\/09\/F_SDG-goals_icons-individual-rgb-12-min.png 170w, https:\/\/dev-durable.agglo-larochelle.fr\/2022\/wp-content\/uploads\/2022\/09\/F_SDG-goals_icons-individual-rgb-12-min-78x78.png 78w\" sizes=\"(max-width: 170px) 100vw, 170px\" \/><\/figure>\n<\/div>\n\n\n\n<div class=\"is-layout-flow wp-block-column is-vertically-aligned-center\" style=\"flex-basis:66.66%\">\n<p><strong><strong>L\u2019ODD 12<\/strong><\/strong> sur la consommation responsable regroupe \u00e0 la fois les actions et politiques de l\u2019Agglo qui participent \u00e0 une gestion durable des ressources naturelles, \u00e0 l\u2019\u00e9conomie circulaire (dispositif Vague Bleue), \u00e0 la gestion des d\u00e9chets, aux pratiques \u00e9co-responsables de l\u2019administration, \u00e0 la sensibilisation et \u00e0 l\u2019\u00e9ducation au d\u00e9veloppement durable, \u00e0 encourager et soutenir l\u2019innovation sociale (la strat\u00e9gie Tiers Lieux)\u2026<\/p>\n<\/div>\n<\/div>\n\n\n\n<div style=\"height:25px\" aria-hidden=\"true\" class=\"wp-block-spacer\"><\/div>\n\n\n\n<div class=\"is-layout-flex wp-container-9 wp-block-columns are-vertically-aligned-center\">\n<div class=\"is-layout-flow wp-block-column is-vertically-aligned-center\" style=\"flex-basis:180px\">\n<figure class=\"wp-block-image size-full\"><img decoding=\"async\" width=\"170\" height=\"170\" src=\"https:\/\/dev-durable.agglo-larochelle.fr\/2022\/wp-content\/uploads\/2022\/09\/F_SDG-goals_icons-individual-rgb-04-min.png\" alt=\"4 \u2013 \u00c9ducation de qualit\u00e9\" class=\"wp-image-2397\" srcset=\"https:\/\/dev-durable.agglo-larochelle.fr\/2022\/wp-content\/uploads\/2022\/09\/F_SDG-goals_icons-individual-rgb-04-min.png 170w, https:\/\/dev-durable.agglo-larochelle.fr\/2022\/wp-content\/uploads\/2022\/09\/F_SDG-goals_icons-individual-rgb-04-min-78x78.png 78w\" sizes=\"(max-width: 170px) 100vw, 170px\" \/><\/figure>\n<\/div>\n\n\n\n<div class=\"is-layout-flow wp-block-column is-vertically-aligned-center\" style=\"flex-basis:66.66%\">\n<p><strong>L\u2019ODD 4<\/strong> sur l\u2019\u00e9ducation de qualit\u00e9\u00a0: assurer l\u2019acc\u00e8s de tous, sur un pied d\u2019\u00e9galit\u00e9 et promouvoir les possibilit\u00e9s d\u2019apprentissage tout au long de la vie, cet ODD inclue les actions de sensibilisation via l\u2019outil p\u00e9dagogique de la fresque du climat, la mise en place de la chaire universitaire \u00ab\u00a0participation m\u00e9diation et transition citoyenne\u00a0\u00bb, des animations grands publics (balades thermographiques, chronique mensuelle sur RCF \u00ab\u00a0minute \u00e9nergie\u00a0\u00bb, intervention sur France Bleue La Rochelle, \u2026<\/p>\n<\/div>\n<\/div>\n\n\n\n<div style=\"height:25px\" aria-hidden=\"true\" class=\"wp-block-spacer\"><\/div>\n\n\n\n<div class=\"is-layout-flex wp-container-12 wp-block-columns are-vertically-aligned-center\">\n<div class=\"is-layout-flow wp-block-column is-vertically-aligned-center\" style=\"flex-basis:180px\">\n<figure class=\"wp-block-image size-full\"><img decoding=\"async\" width=\"170\" height=\"170\" src=\"https:\/\/dev-durable.agglo-larochelle.fr\/2022\/wp-content\/uploads\/2022\/09\/F_SDG-goals_icons-individual-rgb-11-min.png\" alt=\"11 \u2013 Villes et communaut\u00e9s durables\" class=\"wp-image-2404\" srcset=\"https:\/\/dev-durable.agglo-larochelle.fr\/2022\/wp-content\/uploads\/2022\/09\/F_SDG-goals_icons-individual-rgb-11-min.png 170w, https:\/\/dev-durable.agglo-larochelle.fr\/2022\/wp-content\/uploads\/2022\/09\/F_SDG-goals_icons-individual-rgb-11-min-78x78.png 78w\" sizes=\"(max-width: 170px) 100vw, 170px\" \/><\/figure>\n<\/div>\n\n\n\n<div class=\"is-layout-flow wp-block-column is-vertically-aligned-center\" style=\"flex-basis:66.66%\">\n<p><strong>L\u2019ODD 11<\/strong> sur les villes et communaut\u00e9s durables incluent toutes les actions qui rel\u00e8vent de la planification (modification du PLUi), de la politique de la mobilit\u00e9, l\u2019acc\u00e8s \u00e0 tous \u00e0 un syst\u00e8me de transport (le P\u00f4le d\u2019\u00e9changes multimodal de la gare qui facilite les mobilit\u00e9s bas-carbone), de l\u2019urbanisme (un r\u00e9f\u00e9rentiel commun pour l\u2019urbanisme de demain\u00a0: le PACTE, Partenariat pour l\u2019Am\u00e9nagement et la Construction en Transition \u00c9cologique), de la prise en compte des enjeux de sant\u00e9 environnementale (mesures de la qualit\u00e9 de l\u2019air, diagnostic local Sant\u00e9 Environnement, mesures de pesticide dans l\u2019air)&#8230;.<\/p>\n<\/div>\n<\/div>\n","protected":false},"excerpt":{"rendered":"<p>Les ODD qui sont le plus mis en avant avec les actions pr\u00e9sent\u00e9es dans ce rapport 2022 restent : L\u2019ODD 13 sur la lutte contre les changements climatiques permet de mettre en avant les actions qui participent activement aux objectifs internationaux (La Rochelle territoire Z\u00e9ro Carbone est \u00e0 ce titre une feuille de route locale [&hellip;]<\/p>\n","protected":false},"author":1,"featured_media":0,"parent":754,"menu_order":0,"comment_status":"closed","ping_status":"closed","template":"page-odd.php","meta":[],"acf":[],"yoast_head":"<!-- This site is optimized with the Yoast SEO plugin v19.12 - https:\/\/yoast.com\/wordpress\/plugins\/seo\/ -->\n<title>Les 4 ODD les plus pr\u00e9sents dans ce rapport - Rapport du d\u00e9veloppement durable<\/title>\n<meta name=\"robots\" content=\"index, follow, max-snippet:-1, max-image-preview:large, max-video-preview:-1\" \/>\n<link rel=\"canonical\" href=\"https:\/\/dev-durable.agglo-larochelle.fr\/2022\/les-objectifs-du-developpement-durable\/les-4-odd-les-plus-mis-en-avant-dans-ce-rapport\/\" \/>\n<meta property=\"og:locale\" content=\"fr_FR\" \/>\n<meta property=\"og:type\" content=\"article\" \/>\n<meta property=\"og:title\" content=\"Les 4 ODD les plus pr\u00e9sents dans ce rapport - Rapport du d\u00e9veloppement durable\" \/>\n<meta property=\"og:description\" content=\"Les ODD qui sont le plus mis en avant avec les actions pr\u00e9sent\u00e9es dans ce rapport 2022 restent : L\u2019ODD 13 sur la lutte contre les changements climatiques permet de mettre en avant les actions qui participent activement aux objectifs internationaux (La Rochelle territoire Z\u00e9ro Carbone est \u00e0 ce titre une feuille de route locale [&hellip;]\" \/>\n<meta property=\"og:url\" content=\"https:\/\/dev-durable.agglo-larochelle.fr\/2022\/les-objectifs-du-developpement-durable\/les-4-odd-les-plus-mis-en-avant-dans-ce-rapport\/\" \/>\n<meta property=\"og:site_name\" content=\"Rapport du d\u00e9veloppement durable\" \/>\n<meta property=\"article:modified_time\" content=\"2022-12-02T09:31:01+00:00\" \/>\n<meta property=\"og:image\" content=\"https:\/\/dev-durable.agglo-larochelle.fr\/2022\/wp-content\/uploads\/2022\/09\/F_SDG-goals_icons-individual-rgb-13-min.png\" \/>\n<meta name=\"twitter:card\" content=\"summary_large_image\" \/>\n<meta name=\"twitter:label1\" content=\"Dur\u00e9e de lecture estim\u00e9e\" \/>\n\t<meta name=\"twitter:data1\" content=\"3 minutes\" \/>\n<script type=\"application\/ld+json\" class=\"yoast-schema-graph\">{\"@context\":\"https:\/\/schema.org\",\"@graph\":[{\"@type\":\"WebPage\",\"@id\":\"https:\/\/dev-durable.agglo-larochelle.fr\/2022\/les-objectifs-du-developpement-durable\/les-4-odd-les-plus-mis-en-avant-dans-ce-rapport\/\",\"url\":\"https:\/\/dev-durable.agglo-larochelle.fr\/2022\/les-objectifs-du-developpement-durable\/les-4-odd-les-plus-mis-en-avant-dans-ce-rapport\/\",\"name\":\"Les 4 ODD les plus pr\u00e9sents dans ce rapport - Rapport du d\u00e9veloppement durable\",\"isPartOf\":{\"@id\":\"https:\/\/dev-durable.agglo-larochelle.fr\/2022\/#website\"},\"datePublished\":\"2019-12-02T08:27:49+00:00\",\"dateModified\":\"2022-12-02T09:31:01+00:00\",\"breadcrumb\":{\"@id\":\"https:\/\/dev-durable.agglo-larochelle.fr\/2022\/les-objectifs-du-developpement-durable\/les-4-odd-les-plus-mis-en-avant-dans-ce-rapport\/#breadcrumb\"},\"inLanguage\":\"fr-FR\",\"potentialAction\":[{\"@type\":\"ReadAction\",\"target\":[\"https:\/\/dev-durable.agglo-larochelle.fr\/2022\/les-objectifs-du-developpement-durable\/les-4-odd-les-plus-mis-en-avant-dans-ce-rapport\/\"]}]},{\"@type\":\"BreadcrumbList\",\"@id\":\"https:\/\/dev-durable.agglo-larochelle.fr\/2022\/les-objectifs-du-developpement-durable\/les-4-odd-les-plus-mis-en-avant-dans-ce-rapport\/#breadcrumb\",\"itemListElement\":[{\"@type\":\"ListItem\",\"position\":1,\"name\":\"Accueil\",\"item\":\"https:\/\/dev-durable.agglo-larochelle.fr\/2022\/\"},{\"@type\":\"ListItem\",\"position\":2,\"name\":\"Les objectifs du d\u00e9veloppement durable\",\"item\":\"https:\/\/dev-durable.agglo-larochelle.fr\/2022\/les-objectifs-du-developpement-durable\/\"},{\"@type\":\"ListItem\",\"position\":3,\"name\":\"Les 4 ODD les plus pr\u00e9sents dans ce rapport\"}]},{\"@type\":\"WebSite\",\"@id\":\"https:\/\/dev-durable.agglo-larochelle.fr\/2022\/#website\",\"url\":\"https:\/\/dev-durable.agglo-larochelle.fr\/2022\/\",\"name\":\"Rapport du d\u00e9veloppement durable - 2022\",\"description\":\"Rapport 2022 du d\u00e9veloppement durable\",\"alternateName\":\"Communaut\u00e9 d'Agglom\u00e9ration de La Rochelle\",\"potentialAction\":[{\"@type\":\"SearchAction\",\"target\":{\"@type\":\"EntryPoint\",\"urlTemplate\":\"https:\/\/dev-durable.agglo-larochelle.fr\/2022\/?s={search_term_string}\"},\"query-input\":\"required name=search_term_string\"}],\"inLanguage\":\"fr-FR\"}]}<\/script>\n<!-- \/ Yoast SEO plugin. -->","yoast_head_json":{"title":"Les 4 ODD les plus pr\u00e9sents dans ce rapport - Rapport du d\u00e9veloppement durable","robots":{"index":"index","follow":"follow","max-snippet":"max-snippet:-1","max-image-preview":"max-image-preview:large","max-video-preview":"max-video-preview:-1"},"canonical":"https:\/\/dev-durable.agglo-larochelle.fr\/2022\/les-objectifs-du-developpement-durable\/les-4-odd-les-plus-mis-en-avant-dans-ce-rapport\/","og_locale":"fr_FR","og_type":"article","og_title":"Les 4 ODD les plus pr\u00e9sents dans ce rapport - Rapport du d\u00e9veloppement durable","og_description":"Les ODD qui sont le plus mis en avant avec les actions pr\u00e9sent\u00e9es dans ce rapport 2022 restent : L\u2019ODD 13 sur la lutte contre les changements climatiques permet de mettre en avant les actions qui participent activement aux objectifs internationaux (La Rochelle territoire Z\u00e9ro Carbone est \u00e0 ce titre une feuille de route locale [&hellip;]","og_url":"https:\/\/dev-durable.agglo-larochelle.fr\/2022\/les-objectifs-du-developpement-durable\/les-4-odd-les-plus-mis-en-avant-dans-ce-rapport\/","og_site_name":"Rapport du d\u00e9veloppement durable","article_modified_time":"2022-12-02T09:31:01+00:00","og_image":[{"url":"https:\/\/dev-durable.agglo-larochelle.fr\/2022\/wp-content\/uploads\/2022\/09\/F_SDG-goals_icons-individual-rgb-13-min.png"}],"twitter_card":"summary_large_image","twitter_misc":{"Dur\u00e9e de lecture estim\u00e9e":"3 minutes"},"schema":{"@context":"https:\/\/schema.org","@graph":[{"@type":"WebPage","@id":"https:\/\/dev-durable.agglo-larochelle.fr\/2022\/les-objectifs-du-developpement-durable\/les-4-odd-les-plus-mis-en-avant-dans-ce-rapport\/","url":"https:\/\/dev-durable.agglo-larochelle.fr\/2022\/les-objectifs-du-developpement-durable\/les-4-odd-les-plus-mis-en-avant-dans-ce-rapport\/","name":"Les 4 ODD les plus pr\u00e9sents dans ce rapport - Rapport du d\u00e9veloppement durable","isPartOf":{"@id":"https:\/\/dev-durable.agglo-larochelle.fr\/2022\/#website"},"datePublished":"2019-12-02T08:27:49+00:00","dateModified":"2022-12-02T09:31:01+00:00","breadcrumb":{"@id":"https:\/\/dev-durable.agglo-larochelle.fr\/2022\/les-objectifs-du-developpement-durable\/les-4-odd-les-plus-mis-en-avant-dans-ce-rapport\/#breadcrumb"},"inLanguage":"fr-FR","potentialAction":[{"@type":"ReadAction","target":["https:\/\/dev-durable.agglo-larochelle.fr\/2022\/les-objectifs-du-developpement-durable\/les-4-odd-les-plus-mis-en-avant-dans-ce-rapport\/"]}]},{"@type":"BreadcrumbList","@id":"https:\/\/dev-durable.agglo-larochelle.fr\/2022\/les-objectifs-du-developpement-durable\/les-4-odd-les-plus-mis-en-avant-dans-ce-rapport\/#breadcrumb","itemListElement":[{"@type":"ListItem","position":1,"name":"Accueil","item":"https:\/\/dev-durable.agglo-larochelle.fr\/2022\/"},{"@type":"ListItem","position":2,"name":"Les objectifs du d\u00e9veloppement durable","item":"https:\/\/dev-durable.agglo-larochelle.fr\/2022\/les-objectifs-du-developpement-durable\/"},{"@type":"ListItem","position":3,"name":"Les 4 ODD les plus pr\u00e9sents dans ce rapport"}]},{"@type":"WebSite","@id":"https:\/\/dev-durable.agglo-larochelle.fr\/2022\/#website","url":"https:\/\/dev-durable.agglo-larochelle.fr\/2022\/","name":"Rapport du d\u00e9veloppement durable - 2022","description":"Rapport 2022 du d\u00e9veloppement durable","alternateName":"Communaut\u00e9 d'Agglom\u00e9ration de La Rochelle","potentialAction":[{"@type":"SearchAction","target":{"@type":"EntryPoint","urlTemplate":"https:\/\/dev-durable.agglo-larochelle.fr\/2022\/?s={search_term_string}"},"query-input":"required name=search_term_string"}],"inLanguage":"fr-FR"}]}},"_links":{"self":[{"href":"https:\/\/dev-durable.agglo-larochelle.fr\/2022\/wp-json\/wp\/v2\/pages\/761"}],"collection":[{"href":"https:\/\/dev-durable.agglo-larochelle.fr\/2022\/wp-json\/wp\/v2\/pages"}],"about":[{"href":"https:\/\/dev-durable.agglo-larochelle.fr\/2022\/wp-json\/wp\/v2\/types\/page"}],"author":[{"embeddable":true,"href":"https:\/\/dev-durable.agglo-larochelle.fr\/2022\/wp-json\/wp\/v2\/users\/1"}],"replies":[{"embeddable":true,"href":"https:\/\/dev-durable.agglo-larochelle.fr\/2022\/wp-json\/wp\/v2\/comments?post=761"}],"version-history":[{"count":40,"href":"https:\/\/dev-durable.agglo-larochelle.fr\/2022\/wp-json\/wp\/v2\/pages\/761\/revisions"}],"predecessor-version":[{"id":2887,"href":"https:\/\/dev-durable.agglo-larochelle.fr\/2022\/wp-json\/wp\/v2\/pages\/761\/revisions\/2887"}],"up":[{"embeddable":true,"href":"https:\/\/dev-durable.agglo-larochelle.fr\/2022\/wp-json\/wp\/v2\/pages\/754"}],"wp:attachment":[{"href":"https:\/\/dev-durable.agglo-larochelle.fr\/2022\/wp-json\/wp\/v2\/media?parent=761"}],"curies":[{"name":"wp","href":"https:\/\/api.w.org\/{rel}","templated":true}]}}