{"id":763,"date":"2019-12-02T09:29:27","date_gmt":"2019-12-02T08:29:27","guid":{"rendered":"https:\/\/dev-durable.agglo-larochelle.fr\/20226.0.2\/?page_id=763"},"modified":"2022-09-08T14:46:29","modified_gmt":"2022-09-08T12:46:29","slug":"lodd-11-villes-et-communautes-durables","status":"publish","type":"page","link":"https:\/\/dev-durable.agglo-larochelle.fr\/2022\/les-objectifs-du-developpement-durable\/lodd-11-villes-et-communautes-durables\/","title":{"rendered":"L&rsquo;ODD 13 : Mesures relatives \u00e0 la lutte contre les changements climatiques"},"content":{"rendered":"<p style=\"text-align: left;\"><a href=\"https:\/\/www.agenda-2030.fr\/beta\" target=\"_blank\" rel=\"noopener\">www.agenda-2030.fr<\/a><\/p>\n<p>Prendre d\u2019urgence des mesures pour lutter contre les changements climatiques et leurs r\u00e9percussions.<\/p>\n<p>\u00a0<\/p>\n\n\n<figure class=\"wp-block-image size-full\"><img decoding=\"async\" width=\"170\" height=\"170\" src=\"https:\/\/dev-durable.agglo-larochelle.fr\/2022\/wp-content\/uploads\/2022\/09\/F_SDG-goals_icons-individual-rgb-13-min.png\" alt=\"\" class=\"wp-image-2406\" srcset=\"https:\/\/dev-durable.agglo-larochelle.fr\/2022\/wp-content\/uploads\/2022\/09\/F_SDG-goals_icons-individual-rgb-13-min.png 170w, https:\/\/dev-durable.agglo-larochelle.fr\/2022\/wp-content\/uploads\/2022\/09\/F_SDG-goals_icons-individual-rgb-13-min-78x78.png 78w\" sizes=\"(max-width: 170px) 100vw, 170px\" \/><\/figure>\n","protected":false},"excerpt":{"rendered":"<p>www.agenda-2030.fr Prendre d\u2019urgence des mesures pour lutter contre les changements climatiques et leurs r\u00e9percussions. \u00a0<\/p>\n","protected":false},"author":1,"featured_media":0,"parent":754,"menu_order":0,"comment_status":"closed","ping_status":"closed","template":"page-odd.php","meta":[],"acf":[],"yoast_head":"<!-- This site is optimized with the Yoast SEO plugin v19.12 - https:\/\/yoast.com\/wordpress\/plugins\/seo\/ -->\n<title>L&#039;ODD 13 : Mesures relatives \u00e0 la lutte contre les changements climatiques - Rapport du d\u00e9veloppement durable<\/title>\n<meta name=\"robots\" content=\"index, follow, max-snippet:-1, max-image-preview:large, max-video-preview:-1\" \/>\n<link rel=\"canonical\" href=\"https:\/\/dev-durable.agglo-larochelle.fr\/2022\/les-objectifs-du-developpement-durable\/lodd-11-villes-et-communautes-durables\/\" \/>\n<meta property=\"og:locale\" content=\"fr_FR\" \/>\n<meta property=\"og:type\" content=\"article\" \/>\n<meta property=\"og:title\" content=\"L&#039;ODD 13 : Mesures relatives \u00e0 la lutte contre les changements climatiques - Rapport du d\u00e9veloppement durable\" \/>\n<meta property=\"og:description\" content=\"www.agenda-2030.fr Prendre d\u2019urgence des mesures pour lutter contre les changements climatiques et leurs r\u00e9percussions. \u00a0\" \/>\n<meta property=\"og:url\" content=\"https:\/\/dev-durable.agglo-larochelle.fr\/2022\/les-objectifs-du-developpement-durable\/lodd-11-villes-et-communautes-durables\/\" \/>\n<meta property=\"og:site_name\" content=\"Rapport du d\u00e9veloppement durable\" \/>\n<meta property=\"article:modified_time\" content=\"2022-09-08T12:46:29+00:00\" \/>\n<meta property=\"og:image\" content=\"https:\/\/dev-durable.agglo-larochelle.fr\/2022\/wp-content\/uploads\/2022\/09\/F_SDG-goals_icons-individual-rgb-13-min.png\" \/>\n<meta name=\"twitter:card\" content=\"summary_large_image\" \/>\n<script type=\"application\/ld+json\" class=\"yoast-schema-graph\">{\"@context\":\"https:\/\/schema.org\",\"@graph\":[{\"@type\":\"WebPage\",\"@id\":\"https:\/\/dev-durable.agglo-larochelle.fr\/2022\/les-objectifs-du-developpement-durable\/lodd-11-villes-et-communautes-durables\/\",\"url\":\"https:\/\/dev-durable.agglo-larochelle.fr\/2022\/les-objectifs-du-developpement-durable\/lodd-11-villes-et-communautes-durables\/\",\"name\":\"L'ODD 13 : Mesures relatives \u00e0 la lutte contre les changements climatiques - Rapport du d\u00e9veloppement durable\",\"isPartOf\":{\"@id\":\"https:\/\/dev-durable.agglo-larochelle.fr\/2022\/#website\"},\"datePublished\":\"2019-12-02T08:29:27+00:00\",\"dateModified\":\"2022-09-08T12:46:29+00:00\",\"breadcrumb\":{\"@id\":\"https:\/\/dev-durable.agglo-larochelle.fr\/2022\/les-objectifs-du-developpement-durable\/lodd-11-villes-et-communautes-durables\/#breadcrumb\"},\"inLanguage\":\"fr-FR\",\"potentialAction\":[{\"@type\":\"ReadAction\",\"target\":[\"https:\/\/dev-durable.agglo-larochelle.fr\/2022\/les-objectifs-du-developpement-durable\/lodd-11-villes-et-communautes-durables\/\"]}]},{\"@type\":\"BreadcrumbList\",\"@id\":\"https:\/\/dev-durable.agglo-larochelle.fr\/2022\/les-objectifs-du-developpement-durable\/lodd-11-villes-et-communautes-durables\/#breadcrumb\",\"itemListElement\":[{\"@type\":\"ListItem\",\"position\":1,\"name\":\"Accueil\",\"item\":\"https:\/\/dev-durable.agglo-larochelle.fr\/2022\/\"},{\"@type\":\"ListItem\",\"position\":2,\"name\":\"Les objectifs du d\u00e9veloppement durable\",\"item\":\"https:\/\/dev-durable.agglo-larochelle.fr\/2022\/les-objectifs-du-developpement-durable\/\"},{\"@type\":\"ListItem\",\"position\":3,\"name\":\"L&rsquo;ODD 13 : Mesures relatives \u00e0 la lutte contre les changements climatiques\"}]},{\"@type\":\"WebSite\",\"@id\":\"https:\/\/dev-durable.agglo-larochelle.fr\/2022\/#website\",\"url\":\"https:\/\/dev-durable.agglo-larochelle.fr\/2022\/\",\"name\":\"Rapport du d\u00e9veloppement durable - 2022\",\"description\":\"Rapport 2022 du d\u00e9veloppement durable\",\"alternateName\":\"Communaut\u00e9 d'Agglom\u00e9ration de La Rochelle\",\"potentialAction\":[{\"@type\":\"SearchAction\",\"target\":{\"@type\":\"EntryPoint\",\"urlTemplate\":\"https:\/\/dev-durable.agglo-larochelle.fr\/2022\/?s={search_term_string}\"},\"query-input\":\"required name=search_term_string\"}],\"inLanguage\":\"fr-FR\"}]}<\/script>\n<!-- \/ Yoast SEO plugin. -->","yoast_head_json":{"title":"L'ODD 13 : Mesures relatives \u00e0 la lutte contre les changements climatiques - Rapport du d\u00e9veloppement durable","robots":{"index":"index","follow":"follow","max-snippet":"max-snippet:-1","max-image-preview":"max-image-preview:large","max-video-preview":"max-video-preview:-1"},"canonical":"https:\/\/dev-durable.agglo-larochelle.fr\/2022\/les-objectifs-du-developpement-durable\/lodd-11-villes-et-communautes-durables\/","og_locale":"fr_FR","og_type":"article","og_title":"L'ODD 13 : Mesures relatives \u00e0 la lutte contre les changements climatiques - Rapport du d\u00e9veloppement durable","og_description":"www.agenda-2030.fr Prendre d\u2019urgence des mesures pour lutter contre les changements climatiques et leurs r\u00e9percussions. \u00a0","og_url":"https:\/\/dev-durable.agglo-larochelle.fr\/2022\/les-objectifs-du-developpement-durable\/lodd-11-villes-et-communautes-durables\/","og_site_name":"Rapport du d\u00e9veloppement durable","article_modified_time":"2022-09-08T12:46:29+00:00","og_image":[{"url":"https:\/\/dev-durable.agglo-larochelle.fr\/2022\/wp-content\/uploads\/2022\/09\/F_SDG-goals_icons-individual-rgb-13-min.png"}],"twitter_card":"summary_large_image","schema":{"@context":"https:\/\/schema.org","@graph":[{"@type":"WebPage","@id":"https:\/\/dev-durable.agglo-larochelle.fr\/2022\/les-objectifs-du-developpement-durable\/lodd-11-villes-et-communautes-durables\/","url":"https:\/\/dev-durable.agglo-larochelle.fr\/2022\/les-objectifs-du-developpement-durable\/lodd-11-villes-et-communautes-durables\/","name":"L'ODD 13 : Mesures relatives \u00e0 la lutte contre les changements climatiques - Rapport du d\u00e9veloppement durable","isPartOf":{"@id":"https:\/\/dev-durable.agglo-larochelle.fr\/2022\/#website"},"datePublished":"2019-12-02T08:29:27+00:00","dateModified":"2022-09-08T12:46:29+00:00","breadcrumb":{"@id":"https:\/\/dev-durable.agglo-larochelle.fr\/2022\/les-objectifs-du-developpement-durable\/lodd-11-villes-et-communautes-durables\/#breadcrumb"},"inLanguage":"fr-FR","potentialAction":[{"@type":"ReadAction","target":["https:\/\/dev-durable.agglo-larochelle.fr\/2022\/les-objectifs-du-developpement-durable\/lodd-11-villes-et-communautes-durables\/"]}]},{"@type":"BreadcrumbList","@id":"https:\/\/dev-durable.agglo-larochelle.fr\/2022\/les-objectifs-du-developpement-durable\/lodd-11-villes-et-communautes-durables\/#breadcrumb","itemListElement":[{"@type":"ListItem","position":1,"name":"Accueil","item":"https:\/\/dev-durable.agglo-larochelle.fr\/2022\/"},{"@type":"ListItem","position":2,"name":"Les objectifs du d\u00e9veloppement durable","item":"https:\/\/dev-durable.agglo-larochelle.fr\/2022\/les-objectifs-du-developpement-durable\/"},{"@type":"ListItem","position":3,"name":"L&rsquo;ODD 13 : Mesures relatives \u00e0 la lutte contre les changements climatiques"}]},{"@type":"WebSite","@id":"https:\/\/dev-durable.agglo-larochelle.fr\/2022\/#website","url":"https:\/\/dev-durable.agglo-larochelle.fr\/2022\/","name":"Rapport du d\u00e9veloppement durable - 2022","description":"Rapport 2022 du d\u00e9veloppement durable","alternateName":"Communaut\u00e9 d'Agglom\u00e9ration de La Rochelle","potentialAction":[{"@type":"SearchAction","target":{"@type":"EntryPoint","urlTemplate":"https:\/\/dev-durable.agglo-larochelle.fr\/2022\/?s={search_term_string}"},"query-input":"required name=search_term_string"}],"inLanguage":"fr-FR"}]}},"_links":{"self":[{"href":"https:\/\/dev-durable.agglo-larochelle.fr\/2022\/wp-json\/wp\/v2\/pages\/763"}],"collection":[{"href":"https:\/\/dev-durable.agglo-larochelle.fr\/2022\/wp-json\/wp\/v2\/pages"}],"about":[{"href":"https:\/\/dev-durable.agglo-larochelle.fr\/2022\/wp-json\/wp\/v2\/types\/page"}],"author":[{"embeddable":true,"href":"https:\/\/dev-durable.agglo-larochelle.fr\/2022\/wp-json\/wp\/v2\/users\/1"}],"replies":[{"embeddable":true,"href":"https:\/\/dev-durable.agglo-larochelle.fr\/2022\/wp-json\/wp\/v2\/comments?post=763"}],"version-history":[{"count":22,"href":"https:\/\/dev-durable.agglo-larochelle.fr\/2022\/wp-json\/wp\/v2\/pages\/763\/revisions"}],"predecessor-version":[{"id":2429,"href":"https:\/\/dev-durable.agglo-larochelle.fr\/2022\/wp-json\/wp\/v2\/pages\/763\/revisions\/2429"}],"up":[{"embeddable":true,"href":"https:\/\/dev-durable.agglo-larochelle.fr\/2022\/wp-json\/wp\/v2\/pages\/754"}],"wp:attachment":[{"href":"https:\/\/dev-durable.agglo-larochelle.fr\/2022\/wp-json\/wp\/v2\/media?parent=763"}],"curies":[{"name":"wp","href":"https:\/\/api.w.org\/{rel}","templated":true}]}}