{"id":862,"date":"2019-12-03T13:50:17","date_gmt":"2019-12-03T12:50:17","guid":{"rendered":"https:\/\/dev-durable.agglo-larochelle.fr\/20226.0.2\/?page_id=862"},"modified":"2022-12-05T15:18:36","modified_gmt":"2022-12-05T14:18:36","slug":"champ-pinson","status":"publish","type":"page","link":"https:\/\/dev-durable.agglo-larochelle.fr\/2022\/une-agglo-creative\/amenagement\/champ-pinson\/","title":{"rendered":"Un PACTE pour partager et r\u00e9pondre aux ambitions du territoire en mati\u00e8re d\u2019am\u00e9nagement et de construction"},"content":{"rendered":"\n<p><strong>En adoptant le PACTE, Partenariat pour l\u2019Am\u00e9nagement et la Construction en Transition \u00c9cologique, l\u2019Agglom\u00e9ration et les communes membres se dotent d\u2019un r\u00e9f\u00e9rentiel commun pour l\u2019urbanisme de demain.<\/strong><\/p>\n<p>Ce PACTE, adopt\u00e9 en 2022, n\u2019est pas un texte r\u00e9glementaire mais un outil d\u2019accompagnement op\u00e9rationnel au service des acteurs de l\u2019am\u00e9nagement et de l\u2019urbanisme sur le territoire, autour d\u2019une ambition commune. Il doit servir d\u00e8s lors qu\u2019une intention de projet se fait jour, en amont m\u00eame du d\u00e9p\u00f4t d\u2019autorisations d\u2019urbanisme. Le PACTE se d\u00e9ploie autour de trois axes : un territoire frugal (la r\u00e9duction de l\u2019empreinte \u00e9cologique des projets), un territoire vivant (la valorisation de la nature dans les projets urbains et architecturaux), un territoire sain et solidaire (le soin port\u00e9 \u00e0 la qualit\u00e9 de vie, \u00e0 la diversit\u00e9 et \u00e0 la qualit\u00e9 de l\u2019habitat, \u00e0 la concertation). Le PACTE propose un cadre de n\u00e9gociation clair entre les acteurs de l\u2019am\u00e9nagement et de la construction sur le territoire, compl\u00e9mentaire aux r\u00e9glementations applicables.<\/p>\n","protected":false},"excerpt":{"rendered":"<p>En adoptant le PACTE, Partenariat pour l\u2019Am\u00e9nagement et la Construction en Transition \u00c9cologique, l\u2019Agglom\u00e9ration et les communes membres se dotent d\u2019un r\u00e9f\u00e9rentiel commun pour l\u2019urbanisme de demain. Ce PACTE, adopt\u00e9 en 2022, n\u2019est pas un texte r\u00e9glementaire mais un outil d\u2019accompagnement op\u00e9rationnel au service des acteurs de l\u2019am\u00e9nagement et de l\u2019urbanisme sur le territoire, autour [&hellip;]<\/p>\n","protected":false},"author":1,"featured_media":2889,"parent":9,"menu_order":1,"comment_status":"closed","ping_status":"closed","template":"page-sous-partie.php","meta":[],"acf":[],"yoast_head":"<!-- This site is optimized with the Yoast SEO plugin v19.12 - https:\/\/yoast.com\/wordpress\/plugins\/seo\/ -->\n<title>Un PACTE pour partager et r\u00e9pondre aux ambitions du territoire en mati\u00e8re d\u2019am\u00e9nagement et de construction - Rapport du d\u00e9veloppement durable<\/title>\n<meta name=\"robots\" content=\"index, follow, max-snippet:-1, max-image-preview:large, max-video-preview:-1\" \/>\n<link rel=\"canonical\" href=\"https:\/\/dev-durable.agglo-larochelle.fr\/2022\/une-agglo-creative\/amenagement\/champ-pinson\/\" \/>\n<meta property=\"og:locale\" content=\"fr_FR\" \/>\n<meta property=\"og:type\" content=\"article\" \/>\n<meta property=\"og:title\" content=\"Un PACTE pour partager et r\u00e9pondre aux ambitions du territoire en mati\u00e8re d\u2019am\u00e9nagement et de construction - Rapport du d\u00e9veloppement durable\" \/>\n<meta property=\"og:description\" content=\"En adoptant le PACTE, Partenariat pour l\u2019Am\u00e9nagement et la Construction en Transition \u00c9cologique, l\u2019Agglom\u00e9ration et les communes membres se dotent d\u2019un r\u00e9f\u00e9rentiel commun pour l\u2019urbanisme de demain. Ce PACTE, adopt\u00e9 en 2022, n\u2019est pas un texte r\u00e9glementaire mais un outil d\u2019accompagnement op\u00e9rationnel au service des acteurs de l\u2019am\u00e9nagement et de l\u2019urbanisme sur le territoire, autour [&hellip;]\" \/>\n<meta property=\"og:url\" content=\"https:\/\/dev-durable.agglo-larochelle.fr\/2022\/une-agglo-creative\/amenagement\/champ-pinson\/\" \/>\n<meta property=\"og:site_name\" content=\"Rapport du d\u00e9veloppement durable\" \/>\n<meta property=\"article:modified_time\" content=\"2022-12-05T14:18:36+00:00\" \/>\n<meta property=\"og:image\" content=\"https:\/\/dev-durable.agglo-larochelle.fr\/2022\/wp-content\/uploads\/2022\/12\/amenagement_CA_035993.jpg\" \/>\n\t<meta property=\"og:image:width\" content=\"650\" \/>\n\t<meta property=\"og:image:height\" content=\"301\" \/>\n\t<meta property=\"og:image:type\" content=\"image\/jpeg\" \/>\n<meta name=\"twitter:card\" content=\"summary_large_image\" \/>\n<meta name=\"twitter:label1\" content=\"Dur\u00e9e de lecture estim\u00e9e\" \/>\n\t<meta name=\"twitter:data1\" content=\"1 minute\" \/>\n<script type=\"application\/ld+json\" class=\"yoast-schema-graph\">{\"@context\":\"https:\/\/schema.org\",\"@graph\":[{\"@type\":\"WebPage\",\"@id\":\"https:\/\/dev-durable.agglo-larochelle.fr\/2022\/une-agglo-creative\/amenagement\/champ-pinson\/\",\"url\":\"https:\/\/dev-durable.agglo-larochelle.fr\/2022\/une-agglo-creative\/amenagement\/champ-pinson\/\",\"name\":\"Un PACTE pour partager et r\u00e9pondre aux ambitions du territoire en mati\u00e8re d\u2019am\u00e9nagement et de construction - Rapport du d\u00e9veloppement durable\",\"isPartOf\":{\"@id\":\"https:\/\/dev-durable.agglo-larochelle.fr\/2022\/#website\"},\"datePublished\":\"2019-12-03T12:50:17+00:00\",\"dateModified\":\"2022-12-05T14:18:36+00:00\",\"breadcrumb\":{\"@id\":\"https:\/\/dev-durable.agglo-larochelle.fr\/2022\/une-agglo-creative\/amenagement\/champ-pinson\/#breadcrumb\"},\"inLanguage\":\"fr-FR\",\"potentialAction\":[{\"@type\":\"ReadAction\",\"target\":[\"https:\/\/dev-durable.agglo-larochelle.fr\/2022\/une-agglo-creative\/amenagement\/champ-pinson\/\"]}]},{\"@type\":\"BreadcrumbList\",\"@id\":\"https:\/\/dev-durable.agglo-larochelle.fr\/2022\/une-agglo-creative\/amenagement\/champ-pinson\/#breadcrumb\",\"itemListElement\":[{\"@type\":\"ListItem\",\"position\":1,\"name\":\"Accueil\",\"item\":\"https:\/\/dev-durable.agglo-larochelle.fr\/2022\/\"},{\"@type\":\"ListItem\",\"position\":2,\"name\":\"Une Agglo cr\u00e9ative\",\"item\":\"https:\/\/dev-durable.agglo-larochelle.fr\/2022\/une-agglo-creative\/\"},{\"@type\":\"ListItem\",\"position\":3,\"name\":\"Am\u00e9nagement\",\"item\":\"https:\/\/dev-durable.agglo-larochelle.fr\/2022\/une-agglo-creative\/amenagement\/\"},{\"@type\":\"ListItem\",\"position\":4,\"name\":\"Un PACTE pour partager et r\u00e9pondre aux ambitions du territoire en mati\u00e8re d\u2019am\u00e9nagement et de construction\"}]},{\"@type\":\"WebSite\",\"@id\":\"https:\/\/dev-durable.agglo-larochelle.fr\/2022\/#website\",\"url\":\"https:\/\/dev-durable.agglo-larochelle.fr\/2022\/\",\"name\":\"Rapport du d\u00e9veloppement durable - 2022\",\"description\":\"Rapport 2022 du d\u00e9veloppement durable\",\"alternateName\":\"Communaut\u00e9 d'Agglom\u00e9ration de La Rochelle\",\"potentialAction\":[{\"@type\":\"SearchAction\",\"target\":{\"@type\":\"EntryPoint\",\"urlTemplate\":\"https:\/\/dev-durable.agglo-larochelle.fr\/2022\/?s={search_term_string}\"},\"query-input\":\"required name=search_term_string\"}],\"inLanguage\":\"fr-FR\"}]}<\/script>\n<!-- \/ Yoast SEO plugin. -->","yoast_head_json":{"title":"Un PACTE pour partager et r\u00e9pondre aux ambitions du territoire en mati\u00e8re d\u2019am\u00e9nagement et de construction - Rapport du d\u00e9veloppement durable","robots":{"index":"index","follow":"follow","max-snippet":"max-snippet:-1","max-image-preview":"max-image-preview:large","max-video-preview":"max-video-preview:-1"},"canonical":"https:\/\/dev-durable.agglo-larochelle.fr\/2022\/une-agglo-creative\/amenagement\/champ-pinson\/","og_locale":"fr_FR","og_type":"article","og_title":"Un PACTE pour partager et r\u00e9pondre aux ambitions du territoire en mati\u00e8re d\u2019am\u00e9nagement et de construction - Rapport du d\u00e9veloppement durable","og_description":"En adoptant le PACTE, Partenariat pour l\u2019Am\u00e9nagement et la Construction en Transition \u00c9cologique, l\u2019Agglom\u00e9ration et les communes membres se dotent d\u2019un r\u00e9f\u00e9rentiel commun pour l\u2019urbanisme de demain. Ce PACTE, adopt\u00e9 en 2022, n\u2019est pas un texte r\u00e9glementaire mais un outil d\u2019accompagnement op\u00e9rationnel au service des acteurs de l\u2019am\u00e9nagement et de l\u2019urbanisme sur le territoire, autour [&hellip;]","og_url":"https:\/\/dev-durable.agglo-larochelle.fr\/2022\/une-agglo-creative\/amenagement\/champ-pinson\/","og_site_name":"Rapport du d\u00e9veloppement durable","article_modified_time":"2022-12-05T14:18:36+00:00","og_image":[{"width":650,"height":301,"url":"https:\/\/dev-durable.agglo-larochelle.fr\/2022\/wp-content\/uploads\/2022\/12\/amenagement_CA_035993.jpg","type":"image\/jpeg"}],"twitter_card":"summary_large_image","twitter_misc":{"Dur\u00e9e de lecture estim\u00e9e":"1 minute"},"schema":{"@context":"https:\/\/schema.org","@graph":[{"@type":"WebPage","@id":"https:\/\/dev-durable.agglo-larochelle.fr\/2022\/une-agglo-creative\/amenagement\/champ-pinson\/","url":"https:\/\/dev-durable.agglo-larochelle.fr\/2022\/une-agglo-creative\/amenagement\/champ-pinson\/","name":"Un PACTE pour partager et r\u00e9pondre aux ambitions du territoire en mati\u00e8re d\u2019am\u00e9nagement et de construction - Rapport du d\u00e9veloppement durable","isPartOf":{"@id":"https:\/\/dev-durable.agglo-larochelle.fr\/2022\/#website"},"datePublished":"2019-12-03T12:50:17+00:00","dateModified":"2022-12-05T14:18:36+00:00","breadcrumb":{"@id":"https:\/\/dev-durable.agglo-larochelle.fr\/2022\/une-agglo-creative\/amenagement\/champ-pinson\/#breadcrumb"},"inLanguage":"fr-FR","potentialAction":[{"@type":"ReadAction","target":["https:\/\/dev-durable.agglo-larochelle.fr\/2022\/une-agglo-creative\/amenagement\/champ-pinson\/"]}]},{"@type":"BreadcrumbList","@id":"https:\/\/dev-durable.agglo-larochelle.fr\/2022\/une-agglo-creative\/amenagement\/champ-pinson\/#breadcrumb","itemListElement":[{"@type":"ListItem","position":1,"name":"Accueil","item":"https:\/\/dev-durable.agglo-larochelle.fr\/2022\/"},{"@type":"ListItem","position":2,"name":"Une Agglo cr\u00e9ative","item":"https:\/\/dev-durable.agglo-larochelle.fr\/2022\/une-agglo-creative\/"},{"@type":"ListItem","position":3,"name":"Am\u00e9nagement","item":"https:\/\/dev-durable.agglo-larochelle.fr\/2022\/une-agglo-creative\/amenagement\/"},{"@type":"ListItem","position":4,"name":"Un PACTE pour partager et r\u00e9pondre aux ambitions du territoire en mati\u00e8re d\u2019am\u00e9nagement et de construction"}]},{"@type":"WebSite","@id":"https:\/\/dev-durable.agglo-larochelle.fr\/2022\/#website","url":"https:\/\/dev-durable.agglo-larochelle.fr\/2022\/","name":"Rapport du d\u00e9veloppement durable - 2022","description":"Rapport 2022 du d\u00e9veloppement durable","alternateName":"Communaut\u00e9 d'Agglom\u00e9ration de La Rochelle","potentialAction":[{"@type":"SearchAction","target":{"@type":"EntryPoint","urlTemplate":"https:\/\/dev-durable.agglo-larochelle.fr\/2022\/?s={search_term_string}"},"query-input":"required name=search_term_string"}],"inLanguage":"fr-FR"}]}},"_links":{"self":[{"href":"https:\/\/dev-durable.agglo-larochelle.fr\/2022\/wp-json\/wp\/v2\/pages\/862"}],"collection":[{"href":"https:\/\/dev-durable.agglo-larochelle.fr\/2022\/wp-json\/wp\/v2\/pages"}],"about":[{"href":"https:\/\/dev-durable.agglo-larochelle.fr\/2022\/wp-json\/wp\/v2\/types\/page"}],"author":[{"embeddable":true,"href":"https:\/\/dev-durable.agglo-larochelle.fr\/2022\/wp-json\/wp\/v2\/users\/1"}],"replies":[{"embeddable":true,"href":"https:\/\/dev-durable.agglo-larochelle.fr\/2022\/wp-json\/wp\/v2\/comments?post=862"}],"version-history":[{"count":17,"href":"https:\/\/dev-durable.agglo-larochelle.fr\/2022\/wp-json\/wp\/v2\/pages\/862\/revisions"}],"predecessor-version":[{"id":2607,"href":"https:\/\/dev-durable.agglo-larochelle.fr\/2022\/wp-json\/wp\/v2\/pages\/862\/revisions\/2607"}],"up":[{"embeddable":true,"href":"https:\/\/dev-durable.agglo-larochelle.fr\/2022\/wp-json\/wp\/v2\/pages\/9"}],"wp:featuredmedia":[{"embeddable":true,"href":"https:\/\/dev-durable.agglo-larochelle.fr\/2022\/wp-json\/wp\/v2\/media\/2889"}],"wp:attachment":[{"href":"https:\/\/dev-durable.agglo-larochelle.fr\/2022\/wp-json\/wp\/v2\/media?parent=862"}],"curies":[{"name":"wp","href":"https:\/\/api.w.org\/{rel}","templated":true}]}}