{"id":864,"date":"2019-12-03T13:51:00","date_gmt":"2019-12-03T12:51:00","guid":{"rendered":"https:\/\/dev-durable.agglo-larochelle.fr\/20226.0.2\/?page_id=864"},"modified":"2022-12-05T15:21:43","modified_gmt":"2022-12-05T14:21:43","slug":"ami","status":"publish","type":"page","link":"https:\/\/dev-durable.agglo-larochelle.fr\/2022\/une-agglo-creative\/amenagement\/ami\/","title":{"rendered":"L\u2019\u00e9co-quartier de Bongraine, laur\u00e9at du Programme d\u2019Investissement Avenir (PIA)"},"content":{"rendered":"\n<p><strong>Les contours du projet d\u2019\u00e9co-quartier de Bongraine sont d\u00e9sormais arr\u00eat\u00e9s\u00a0: quartier paysager, biodiversit\u00e9, mobilit\u00e9s douces, habitat diversifi\u00e9, implication citoyenne. Le projet re\u00e7oit le soutien du PIA France 2030.<\/strong><\/p>\n<p>L\u2019Agglom\u00e9ration et la ville d\u2019Aytr\u00e9 se sont engag\u00e9es, depuis 2011, dans la r\u00e9alisation d\u2019un \u00e9co-quartier sur le site de Bongraine \u00e0 Aytr\u00e9, op\u00e9ration qui a pris la forme d\u2019une Zone d\u2019Am\u00e9nagement Concert\u00e9 (ZAC). Dans ce cadre, l\u2019Agglo a pr\u00e9sent\u00e9 un dossier de candidature \u00ab Bongraine, territoire en transition\u00a0\u00bb aupr\u00e8s du Programme d\u2019Investissement d\u2019Avenir (PIA) France 2030 \u00ab\u00a0D\u00e9monstrateurs de la Ville Durable\u00a0\u00bb. Cette candidature, qui se d\u00e9cline autour de quatre axes &#8211; le pouvoir d\u2019agir des habitants, la biodiversit\u00e9, la performance environnementale, les changements de pratiques &#8211; a \u00e9t\u00e9 retenue. Une convention de financement sign\u00e9e avec la Caisse des D\u00e9p\u00f4ts permet d\u00e9sormais de lancer la premi\u00e8re phase d\u2019incubation des projets.<\/p>\n","protected":false},"excerpt":{"rendered":"<p>Les contours du projet d\u2019\u00e9co-quartier de Bongraine sont d\u00e9sormais arr\u00eat\u00e9s\u00a0: quartier paysager, biodiversit\u00e9, mobilit\u00e9s douces, habitat diversifi\u00e9, implication citoyenne. Le projet re\u00e7oit le soutien du PIA France 2030. L\u2019Agglom\u00e9ration et la ville d\u2019Aytr\u00e9 se sont engag\u00e9es, depuis 2011, dans la r\u00e9alisation d\u2019un \u00e9co-quartier sur le site de Bongraine \u00e0 Aytr\u00e9, op\u00e9ration qui a pris la [&hellip;]<\/p>\n","protected":false},"author":1,"featured_media":1908,"parent":9,"menu_order":2,"comment_status":"closed","ping_status":"closed","template":"page-sous-partie.php","meta":[],"acf":[],"yoast_head":"<!-- This site is optimized with the Yoast SEO plugin v19.12 - https:\/\/yoast.com\/wordpress\/plugins\/seo\/ -->\n<title>L\u2019\u00e9co-quartier de Bongraine, laur\u00e9at du Programme d\u2019Investissement Avenir (PIA) - Rapport du d\u00e9veloppement durable<\/title>\n<meta name=\"robots\" content=\"index, follow, max-snippet:-1, max-image-preview:large, max-video-preview:-1\" \/>\n<link rel=\"canonical\" href=\"https:\/\/dev-durable.agglo-larochelle.fr\/2022\/une-agglo-creative\/amenagement\/ami\/\" \/>\n<meta property=\"og:locale\" content=\"fr_FR\" \/>\n<meta property=\"og:type\" content=\"article\" \/>\n<meta property=\"og:title\" content=\"L\u2019\u00e9co-quartier de Bongraine, laur\u00e9at du Programme d\u2019Investissement Avenir (PIA) - Rapport du d\u00e9veloppement durable\" \/>\n<meta property=\"og:description\" content=\"Les contours du projet d\u2019\u00e9co-quartier de Bongraine sont d\u00e9sormais arr\u00eat\u00e9s\u00a0: quartier paysager, biodiversit\u00e9, mobilit\u00e9s douces, habitat diversifi\u00e9, implication citoyenne. Le projet re\u00e7oit le soutien du PIA France 2030. L\u2019Agglom\u00e9ration et la ville d\u2019Aytr\u00e9 se sont engag\u00e9es, depuis 2011, dans la r\u00e9alisation d\u2019un \u00e9co-quartier sur le site de Bongraine \u00e0 Aytr\u00e9, op\u00e9ration qui a pris la [&hellip;]\" \/>\n<meta property=\"og:url\" content=\"https:\/\/dev-durable.agglo-larochelle.fr\/2022\/une-agglo-creative\/amenagement\/ami\/\" \/>\n<meta property=\"og:site_name\" content=\"Rapport du d\u00e9veloppement durable\" \/>\n<meta property=\"article:modified_time\" content=\"2022-12-05T14:21:43+00:00\" \/>\n<meta property=\"og:image\" content=\"https:\/\/dev-durable.agglo-larochelle.fr\/2022\/wp-content\/uploads\/2021\/11\/Bongraine_CA_034650.jpg\" \/>\n\t<meta property=\"og:image:width\" content=\"700\" \/>\n\t<meta property=\"og:image:height\" content=\"466\" \/>\n\t<meta property=\"og:image:type\" content=\"image\/jpeg\" \/>\n<meta name=\"twitter:card\" content=\"summary_large_image\" \/>\n<meta name=\"twitter:label1\" content=\"Dur\u00e9e de lecture estim\u00e9e\" \/>\n\t<meta name=\"twitter:data1\" content=\"1 minute\" \/>\n<script type=\"application\/ld+json\" class=\"yoast-schema-graph\">{\"@context\":\"https:\/\/schema.org\",\"@graph\":[{\"@type\":\"WebPage\",\"@id\":\"https:\/\/dev-durable.agglo-larochelle.fr\/2022\/une-agglo-creative\/amenagement\/ami\/\",\"url\":\"https:\/\/dev-durable.agglo-larochelle.fr\/2022\/une-agglo-creative\/amenagement\/ami\/\",\"name\":\"L\u2019\u00e9co-quartier de Bongraine, laur\u00e9at du Programme d\u2019Investissement Avenir (PIA) - Rapport du d\u00e9veloppement durable\",\"isPartOf\":{\"@id\":\"https:\/\/dev-durable.agglo-larochelle.fr\/2022\/#website\"},\"datePublished\":\"2019-12-03T12:51:00+00:00\",\"dateModified\":\"2022-12-05T14:21:43+00:00\",\"breadcrumb\":{\"@id\":\"https:\/\/dev-durable.agglo-larochelle.fr\/2022\/une-agglo-creative\/amenagement\/ami\/#breadcrumb\"},\"inLanguage\":\"fr-FR\",\"potentialAction\":[{\"@type\":\"ReadAction\",\"target\":[\"https:\/\/dev-durable.agglo-larochelle.fr\/2022\/une-agglo-creative\/amenagement\/ami\/\"]}]},{\"@type\":\"BreadcrumbList\",\"@id\":\"https:\/\/dev-durable.agglo-larochelle.fr\/2022\/une-agglo-creative\/amenagement\/ami\/#breadcrumb\",\"itemListElement\":[{\"@type\":\"ListItem\",\"position\":1,\"name\":\"Accueil\",\"item\":\"https:\/\/dev-durable.agglo-larochelle.fr\/2022\/\"},{\"@type\":\"ListItem\",\"position\":2,\"name\":\"Une Agglo cr\u00e9ative\",\"item\":\"https:\/\/dev-durable.agglo-larochelle.fr\/2022\/une-agglo-creative\/\"},{\"@type\":\"ListItem\",\"position\":3,\"name\":\"Am\u00e9nagement\",\"item\":\"https:\/\/dev-durable.agglo-larochelle.fr\/2022\/une-agglo-creative\/amenagement\/\"},{\"@type\":\"ListItem\",\"position\":4,\"name\":\"L\u2019\u00e9co-quartier de Bongraine, laur\u00e9at du Programme d\u2019Investissement Avenir (PIA)\"}]},{\"@type\":\"WebSite\",\"@id\":\"https:\/\/dev-durable.agglo-larochelle.fr\/2022\/#website\",\"url\":\"https:\/\/dev-durable.agglo-larochelle.fr\/2022\/\",\"name\":\"Rapport du d\u00e9veloppement durable - 2022\",\"description\":\"Rapport 2022 du d\u00e9veloppement durable\",\"alternateName\":\"Communaut\u00e9 d'Agglom\u00e9ration de La Rochelle\",\"potentialAction\":[{\"@type\":\"SearchAction\",\"target\":{\"@type\":\"EntryPoint\",\"urlTemplate\":\"https:\/\/dev-durable.agglo-larochelle.fr\/2022\/?s={search_term_string}\"},\"query-input\":\"required name=search_term_string\"}],\"inLanguage\":\"fr-FR\"}]}<\/script>\n<!-- \/ Yoast SEO plugin. -->","yoast_head_json":{"title":"L\u2019\u00e9co-quartier de Bongraine, laur\u00e9at du Programme d\u2019Investissement Avenir (PIA) - Rapport du d\u00e9veloppement durable","robots":{"index":"index","follow":"follow","max-snippet":"max-snippet:-1","max-image-preview":"max-image-preview:large","max-video-preview":"max-video-preview:-1"},"canonical":"https:\/\/dev-durable.agglo-larochelle.fr\/2022\/une-agglo-creative\/amenagement\/ami\/","og_locale":"fr_FR","og_type":"article","og_title":"L\u2019\u00e9co-quartier de Bongraine, laur\u00e9at du Programme d\u2019Investissement Avenir (PIA) - Rapport du d\u00e9veloppement durable","og_description":"Les contours du projet d\u2019\u00e9co-quartier de Bongraine sont d\u00e9sormais arr\u00eat\u00e9s\u00a0: quartier paysager, biodiversit\u00e9, mobilit\u00e9s douces, habitat diversifi\u00e9, implication citoyenne. Le projet re\u00e7oit le soutien du PIA France 2030. L\u2019Agglom\u00e9ration et la ville d\u2019Aytr\u00e9 se sont engag\u00e9es, depuis 2011, dans la r\u00e9alisation d\u2019un \u00e9co-quartier sur le site de Bongraine \u00e0 Aytr\u00e9, op\u00e9ration qui a pris la [&hellip;]","og_url":"https:\/\/dev-durable.agglo-larochelle.fr\/2022\/une-agglo-creative\/amenagement\/ami\/","og_site_name":"Rapport du d\u00e9veloppement durable","article_modified_time":"2022-12-05T14:21:43+00:00","og_image":[{"width":700,"height":466,"url":"https:\/\/dev-durable.agglo-larochelle.fr\/2022\/wp-content\/uploads\/2021\/11\/Bongraine_CA_034650.jpg","type":"image\/jpeg"}],"twitter_card":"summary_large_image","twitter_misc":{"Dur\u00e9e de lecture estim\u00e9e":"1 minute"},"schema":{"@context":"https:\/\/schema.org","@graph":[{"@type":"WebPage","@id":"https:\/\/dev-durable.agglo-larochelle.fr\/2022\/une-agglo-creative\/amenagement\/ami\/","url":"https:\/\/dev-durable.agglo-larochelle.fr\/2022\/une-agglo-creative\/amenagement\/ami\/","name":"L\u2019\u00e9co-quartier de Bongraine, laur\u00e9at du Programme d\u2019Investissement Avenir (PIA) - Rapport du d\u00e9veloppement durable","isPartOf":{"@id":"https:\/\/dev-durable.agglo-larochelle.fr\/2022\/#website"},"datePublished":"2019-12-03T12:51:00+00:00","dateModified":"2022-12-05T14:21:43+00:00","breadcrumb":{"@id":"https:\/\/dev-durable.agglo-larochelle.fr\/2022\/une-agglo-creative\/amenagement\/ami\/#breadcrumb"},"inLanguage":"fr-FR","potentialAction":[{"@type":"ReadAction","target":["https:\/\/dev-durable.agglo-larochelle.fr\/2022\/une-agglo-creative\/amenagement\/ami\/"]}]},{"@type":"BreadcrumbList","@id":"https:\/\/dev-durable.agglo-larochelle.fr\/2022\/une-agglo-creative\/amenagement\/ami\/#breadcrumb","itemListElement":[{"@type":"ListItem","position":1,"name":"Accueil","item":"https:\/\/dev-durable.agglo-larochelle.fr\/2022\/"},{"@type":"ListItem","position":2,"name":"Une Agglo cr\u00e9ative","item":"https:\/\/dev-durable.agglo-larochelle.fr\/2022\/une-agglo-creative\/"},{"@type":"ListItem","position":3,"name":"Am\u00e9nagement","item":"https:\/\/dev-durable.agglo-larochelle.fr\/2022\/une-agglo-creative\/amenagement\/"},{"@type":"ListItem","position":4,"name":"L\u2019\u00e9co-quartier de Bongraine, laur\u00e9at du Programme d\u2019Investissement Avenir (PIA)"}]},{"@type":"WebSite","@id":"https:\/\/dev-durable.agglo-larochelle.fr\/2022\/#website","url":"https:\/\/dev-durable.agglo-larochelle.fr\/2022\/","name":"Rapport du d\u00e9veloppement durable - 2022","description":"Rapport 2022 du d\u00e9veloppement durable","alternateName":"Communaut\u00e9 d'Agglom\u00e9ration de La Rochelle","potentialAction":[{"@type":"SearchAction","target":{"@type":"EntryPoint","urlTemplate":"https:\/\/dev-durable.agglo-larochelle.fr\/2022\/?s={search_term_string}"},"query-input":"required name=search_term_string"}],"inLanguage":"fr-FR"}]}},"_links":{"self":[{"href":"https:\/\/dev-durable.agglo-larochelle.fr\/2022\/wp-json\/wp\/v2\/pages\/864"}],"collection":[{"href":"https:\/\/dev-durable.agglo-larochelle.fr\/2022\/wp-json\/wp\/v2\/pages"}],"about":[{"href":"https:\/\/dev-durable.agglo-larochelle.fr\/2022\/wp-json\/wp\/v2\/types\/page"}],"author":[{"embeddable":true,"href":"https:\/\/dev-durable.agglo-larochelle.fr\/2022\/wp-json\/wp\/v2\/users\/1"}],"replies":[{"embeddable":true,"href":"https:\/\/dev-durable.agglo-larochelle.fr\/2022\/wp-json\/wp\/v2\/comments?post=864"}],"version-history":[{"count":15,"href":"https:\/\/dev-durable.agglo-larochelle.fr\/2022\/wp-json\/wp\/v2\/pages\/864\/revisions"}],"predecessor-version":[{"id":2608,"href":"https:\/\/dev-durable.agglo-larochelle.fr\/2022\/wp-json\/wp\/v2\/pages\/864\/revisions\/2608"}],"up":[{"embeddable":true,"href":"https:\/\/dev-durable.agglo-larochelle.fr\/2022\/wp-json\/wp\/v2\/pages\/9"}],"wp:featuredmedia":[{"embeddable":true,"href":"https:\/\/dev-durable.agglo-larochelle.fr\/2022\/wp-json\/wp\/v2\/media\/1908"}],"wp:attachment":[{"href":"https:\/\/dev-durable.agglo-larochelle.fr\/2022\/wp-json\/wp\/v2\/media?parent=864"}],"curies":[{"name":"wp","href":"https:\/\/api.w.org\/{rel}","templated":true}]}}