{"id":866,"date":"2019-12-03T13:51:33","date_gmt":"2019-12-03T12:51:33","guid":{"rendered":"https:\/\/dev-durable.agglo-larochelle.fr\/20226.0.2\/?page_id=866"},"modified":"2022-12-05T15:23:34","modified_gmt":"2022-12-05T14:23:34","slug":"doublement-libre-service-velo","status":"publish","type":"page","link":"https:\/\/dev-durable.agglo-larochelle.fr\/2022\/une-agglo-creative\/amenagement\/doublement-libre-service-velo\/","title":{"rendered":"La ZAC de la Gare \u00e0 Dompierre adapte ses \u00e9quipements publics"},"content":{"rendered":"\n<p><strong>La Zone d\u2019Am\u00e9nagement Concert\u00e9 (ZAC) multi-sites de la Gare de Dompierre-sur-Mer est une op\u00e9ration d\u2019am\u00e9nagement \u00e0 vocation d\u2019habitat. Les \u00e9quipements li\u00e9s aux mobilit\u00e9s et aux espaces d\u2019agr\u00e9ment sont adapt\u00e9s pour r\u00e9pondre aux besoins.<\/strong><\/p>\n<p>Le programme des \u00e9quipements publics concernant la ZAC de la gare, avait \u00e9t\u00e9 approuv\u00e9 en 2007 et modifi\u00e9 en 2012. Afin de tenir compte des nouvelles r\u00e9glementations et des nouveaux besoins g\u00e9n\u00e9r\u00e9s par la ZAC, il a d\u00fb faire l\u2019objet d\u2019une nouvelle adaptation, portant notamment sur les infrastructures et les liaisons cyclables entre la ZAC et les voies environnantes, la prise en consid\u00e9ration de l\u2019am\u00e9nagement d\u2019un parc urbain et de nouveaux projets d\u2019\u00e9quipement.<\/p>\n","protected":false},"excerpt":{"rendered":"<p>La Zone d\u2019Am\u00e9nagement Concert\u00e9 (ZAC) multi-sites de la Gare de Dompierre-sur-Mer est une op\u00e9ration d\u2019am\u00e9nagement \u00e0 vocation d\u2019habitat. Les \u00e9quipements li\u00e9s aux mobilit\u00e9s et aux espaces d\u2019agr\u00e9ment sont adapt\u00e9s pour r\u00e9pondre aux besoins. Le programme des \u00e9quipements publics concernant la ZAC de la gare, avait \u00e9t\u00e9 approuv\u00e9 en 2007 et modifi\u00e9 en 2012. Afin de [&hellip;]<\/p>\n","protected":false},"author":1,"featured_media":659,"parent":9,"menu_order":3,"comment_status":"closed","ping_status":"closed","template":"page-sous-partie.php","meta":[],"acf":[],"yoast_head":"<!-- This site is optimized with the Yoast SEO plugin v19.12 - https:\/\/yoast.com\/wordpress\/plugins\/seo\/ -->\n<title>La ZAC de la Gare \u00e0 Dompierre adapte ses \u00e9quipements publics - Rapport du d\u00e9veloppement durable<\/title>\n<meta name=\"robots\" content=\"index, follow, max-snippet:-1, max-image-preview:large, max-video-preview:-1\" \/>\n<link rel=\"canonical\" href=\"https:\/\/dev-durable.agglo-larochelle.fr\/2022\/une-agglo-creative\/amenagement\/doublement-libre-service-velo\/\" \/>\n<meta property=\"og:locale\" content=\"fr_FR\" \/>\n<meta property=\"og:type\" content=\"article\" \/>\n<meta property=\"og:title\" content=\"La ZAC de la Gare \u00e0 Dompierre adapte ses \u00e9quipements publics - Rapport du d\u00e9veloppement durable\" \/>\n<meta property=\"og:description\" content=\"La Zone d\u2019Am\u00e9nagement Concert\u00e9 (ZAC) multi-sites de la Gare de Dompierre-sur-Mer est une op\u00e9ration d\u2019am\u00e9nagement \u00e0 vocation d\u2019habitat. Les \u00e9quipements li\u00e9s aux mobilit\u00e9s et aux espaces d\u2019agr\u00e9ment sont adapt\u00e9s pour r\u00e9pondre aux besoins. Le programme des \u00e9quipements publics concernant la ZAC de la gare, avait \u00e9t\u00e9 approuv\u00e9 en 2007 et modifi\u00e9 en 2012. Afin de [&hellip;]\" \/>\n<meta property=\"og:url\" content=\"https:\/\/dev-durable.agglo-larochelle.fr\/2022\/une-agglo-creative\/amenagement\/doublement-libre-service-velo\/\" \/>\n<meta property=\"og:site_name\" content=\"Rapport du d\u00e9veloppement durable\" \/>\n<meta property=\"article:modified_time\" content=\"2022-12-05T14:23:34+00:00\" \/>\n<meta property=\"og:image\" content=\"https:\/\/dev-durable.agglo-larochelle.fr\/2022\/wp-content\/uploads\/2018\/11\/amenagement-territoire-et-biodiversite-la-rochelle.gif\" \/>\n\t<meta property=\"og:image:width\" content=\"1024\" \/>\n\t<meta property=\"og:image:height\" content=\"654\" \/>\n\t<meta property=\"og:image:type\" content=\"image\/gif\" \/>\n<meta name=\"twitter:card\" content=\"summary_large_image\" \/>\n<meta name=\"twitter:label1\" content=\"Dur\u00e9e de lecture estim\u00e9e\" \/>\n\t<meta name=\"twitter:data1\" content=\"1 minute\" \/>\n<script type=\"application\/ld+json\" class=\"yoast-schema-graph\">{\"@context\":\"https:\/\/schema.org\",\"@graph\":[{\"@type\":\"WebPage\",\"@id\":\"https:\/\/dev-durable.agglo-larochelle.fr\/2022\/une-agglo-creative\/amenagement\/doublement-libre-service-velo\/\",\"url\":\"https:\/\/dev-durable.agglo-larochelle.fr\/2022\/une-agglo-creative\/amenagement\/doublement-libre-service-velo\/\",\"name\":\"La ZAC de la Gare \u00e0 Dompierre adapte ses \u00e9quipements publics - Rapport du d\u00e9veloppement durable\",\"isPartOf\":{\"@id\":\"https:\/\/dev-durable.agglo-larochelle.fr\/2022\/#website\"},\"datePublished\":\"2019-12-03T12:51:33+00:00\",\"dateModified\":\"2022-12-05T14:23:34+00:00\",\"breadcrumb\":{\"@id\":\"https:\/\/dev-durable.agglo-larochelle.fr\/2022\/une-agglo-creative\/amenagement\/doublement-libre-service-velo\/#breadcrumb\"},\"inLanguage\":\"fr-FR\",\"potentialAction\":[{\"@type\":\"ReadAction\",\"target\":[\"https:\/\/dev-durable.agglo-larochelle.fr\/2022\/une-agglo-creative\/amenagement\/doublement-libre-service-velo\/\"]}]},{\"@type\":\"BreadcrumbList\",\"@id\":\"https:\/\/dev-durable.agglo-larochelle.fr\/2022\/une-agglo-creative\/amenagement\/doublement-libre-service-velo\/#breadcrumb\",\"itemListElement\":[{\"@type\":\"ListItem\",\"position\":1,\"name\":\"Accueil\",\"item\":\"https:\/\/dev-durable.agglo-larochelle.fr\/2022\/\"},{\"@type\":\"ListItem\",\"position\":2,\"name\":\"Une Agglo cr\u00e9ative\",\"item\":\"https:\/\/dev-durable.agglo-larochelle.fr\/2022\/une-agglo-creative\/\"},{\"@type\":\"ListItem\",\"position\":3,\"name\":\"Am\u00e9nagement\",\"item\":\"https:\/\/dev-durable.agglo-larochelle.fr\/2022\/une-agglo-creative\/amenagement\/\"},{\"@type\":\"ListItem\",\"position\":4,\"name\":\"La ZAC de la Gare \u00e0 Dompierre adapte ses \u00e9quipements publics\"}]},{\"@type\":\"WebSite\",\"@id\":\"https:\/\/dev-durable.agglo-larochelle.fr\/2022\/#website\",\"url\":\"https:\/\/dev-durable.agglo-larochelle.fr\/2022\/\",\"name\":\"Rapport du d\u00e9veloppement durable - 2022\",\"description\":\"Rapport 2022 du d\u00e9veloppement durable\",\"alternateName\":\"Communaut\u00e9 d'Agglom\u00e9ration de La Rochelle\",\"potentialAction\":[{\"@type\":\"SearchAction\",\"target\":{\"@type\":\"EntryPoint\",\"urlTemplate\":\"https:\/\/dev-durable.agglo-larochelle.fr\/2022\/?s={search_term_string}\"},\"query-input\":\"required name=search_term_string\"}],\"inLanguage\":\"fr-FR\"}]}<\/script>\n<!-- \/ Yoast SEO plugin. -->","yoast_head_json":{"title":"La ZAC de la Gare \u00e0 Dompierre adapte ses \u00e9quipements publics - Rapport du d\u00e9veloppement durable","robots":{"index":"index","follow":"follow","max-snippet":"max-snippet:-1","max-image-preview":"max-image-preview:large","max-video-preview":"max-video-preview:-1"},"canonical":"https:\/\/dev-durable.agglo-larochelle.fr\/2022\/une-agglo-creative\/amenagement\/doublement-libre-service-velo\/","og_locale":"fr_FR","og_type":"article","og_title":"La ZAC de la Gare \u00e0 Dompierre adapte ses \u00e9quipements publics - Rapport du d\u00e9veloppement durable","og_description":"La Zone d\u2019Am\u00e9nagement Concert\u00e9 (ZAC) multi-sites de la Gare de Dompierre-sur-Mer est une op\u00e9ration d\u2019am\u00e9nagement \u00e0 vocation d\u2019habitat. Les \u00e9quipements li\u00e9s aux mobilit\u00e9s et aux espaces d\u2019agr\u00e9ment sont adapt\u00e9s pour r\u00e9pondre aux besoins. Le programme des \u00e9quipements publics concernant la ZAC de la gare, avait \u00e9t\u00e9 approuv\u00e9 en 2007 et modifi\u00e9 en 2012. Afin de [&hellip;]","og_url":"https:\/\/dev-durable.agglo-larochelle.fr\/2022\/une-agglo-creative\/amenagement\/doublement-libre-service-velo\/","og_site_name":"Rapport du d\u00e9veloppement durable","article_modified_time":"2022-12-05T14:23:34+00:00","og_image":[{"width":1024,"height":654,"url":"https:\/\/dev-durable.agglo-larochelle.fr\/2022\/wp-content\/uploads\/2018\/11\/amenagement-territoire-et-biodiversite-la-rochelle.gif","type":"image\/gif"}],"twitter_card":"summary_large_image","twitter_misc":{"Dur\u00e9e de lecture estim\u00e9e":"1 minute"},"schema":{"@context":"https:\/\/schema.org","@graph":[{"@type":"WebPage","@id":"https:\/\/dev-durable.agglo-larochelle.fr\/2022\/une-agglo-creative\/amenagement\/doublement-libre-service-velo\/","url":"https:\/\/dev-durable.agglo-larochelle.fr\/2022\/une-agglo-creative\/amenagement\/doublement-libre-service-velo\/","name":"La ZAC de la Gare \u00e0 Dompierre adapte ses \u00e9quipements publics - Rapport du d\u00e9veloppement durable","isPartOf":{"@id":"https:\/\/dev-durable.agglo-larochelle.fr\/2022\/#website"},"datePublished":"2019-12-03T12:51:33+00:00","dateModified":"2022-12-05T14:23:34+00:00","breadcrumb":{"@id":"https:\/\/dev-durable.agglo-larochelle.fr\/2022\/une-agglo-creative\/amenagement\/doublement-libre-service-velo\/#breadcrumb"},"inLanguage":"fr-FR","potentialAction":[{"@type":"ReadAction","target":["https:\/\/dev-durable.agglo-larochelle.fr\/2022\/une-agglo-creative\/amenagement\/doublement-libre-service-velo\/"]}]},{"@type":"BreadcrumbList","@id":"https:\/\/dev-durable.agglo-larochelle.fr\/2022\/une-agglo-creative\/amenagement\/doublement-libre-service-velo\/#breadcrumb","itemListElement":[{"@type":"ListItem","position":1,"name":"Accueil","item":"https:\/\/dev-durable.agglo-larochelle.fr\/2022\/"},{"@type":"ListItem","position":2,"name":"Une Agglo cr\u00e9ative","item":"https:\/\/dev-durable.agglo-larochelle.fr\/2022\/une-agglo-creative\/"},{"@type":"ListItem","position":3,"name":"Am\u00e9nagement","item":"https:\/\/dev-durable.agglo-larochelle.fr\/2022\/une-agglo-creative\/amenagement\/"},{"@type":"ListItem","position":4,"name":"La ZAC de la Gare \u00e0 Dompierre adapte ses \u00e9quipements publics"}]},{"@type":"WebSite","@id":"https:\/\/dev-durable.agglo-larochelle.fr\/2022\/#website","url":"https:\/\/dev-durable.agglo-larochelle.fr\/2022\/","name":"Rapport du d\u00e9veloppement durable - 2022","description":"Rapport 2022 du d\u00e9veloppement durable","alternateName":"Communaut\u00e9 d'Agglom\u00e9ration de La Rochelle","potentialAction":[{"@type":"SearchAction","target":{"@type":"EntryPoint","urlTemplate":"https:\/\/dev-durable.agglo-larochelle.fr\/2022\/?s={search_term_string}"},"query-input":"required name=search_term_string"}],"inLanguage":"fr-FR"}]}},"_links":{"self":[{"href":"https:\/\/dev-durable.agglo-larochelle.fr\/2022\/wp-json\/wp\/v2\/pages\/866"}],"collection":[{"href":"https:\/\/dev-durable.agglo-larochelle.fr\/2022\/wp-json\/wp\/v2\/pages"}],"about":[{"href":"https:\/\/dev-durable.agglo-larochelle.fr\/2022\/wp-json\/wp\/v2\/types\/page"}],"author":[{"embeddable":true,"href":"https:\/\/dev-durable.agglo-larochelle.fr\/2022\/wp-json\/wp\/v2\/users\/1"}],"replies":[{"embeddable":true,"href":"https:\/\/dev-durable.agglo-larochelle.fr\/2022\/wp-json\/wp\/v2\/comments?post=866"}],"version-history":[{"count":13,"href":"https:\/\/dev-durable.agglo-larochelle.fr\/2022\/wp-json\/wp\/v2\/pages\/866\/revisions"}],"predecessor-version":[{"id":2609,"href":"https:\/\/dev-durable.agglo-larochelle.fr\/2022\/wp-json\/wp\/v2\/pages\/866\/revisions\/2609"}],"up":[{"embeddable":true,"href":"https:\/\/dev-durable.agglo-larochelle.fr\/2022\/wp-json\/wp\/v2\/pages\/9"}],"wp:featuredmedia":[{"embeddable":true,"href":"https:\/\/dev-durable.agglo-larochelle.fr\/2022\/wp-json\/wp\/v2\/media\/659"}],"wp:attachment":[{"href":"https:\/\/dev-durable.agglo-larochelle.fr\/2022\/wp-json\/wp\/v2\/media?parent=866"}],"curies":[{"name":"wp","href":"https:\/\/api.w.org\/{rel}","templated":true}]}}