{"id":869,"date":"2019-12-03T13:53:06","date_gmt":"2019-12-03T12:53:06","guid":{"rendered":"https:\/\/dev-durable.agglo-larochelle.fr\/20226.0.2\/?page_id=869"},"modified":"2022-12-05T15:25:16","modified_gmt":"2022-12-05T14:25:16","slug":"lrtzc-signature-accord-consortium","status":"publish","type":"page","link":"https:\/\/dev-durable.agglo-larochelle.fr\/2022\/une-agglo-creative\/transition-energetique\/lrtzc-signature-accord-consortium\/","title":{"rendered":"Le Plan Climat Air \u00c9nergie Territorial (PCAET) est entr\u00e9 dans son processus d\u2019adoption"},"content":{"rendered":"\n<p><strong>Apr\u00e8s en avoir arr\u00eat\u00e9 le texte en 2022, le PCAET est entr\u00e9 dans une proc\u00e9dure d\u2019instruction et de consultation qui va s\u2019\u00e9tendre sur toute une ann\u00e9e, avant que le Conseil communautaire ne se prononce sur son adoption.<\/strong><\/p>\n<p>Les Plans Climat Air \u00c9nergie Territoriaux sont des projets territoriaux de d\u00e9veloppement durable \u00e0 caract\u00e8re r\u00e9glementaire dont la port\u00e9e est \u00e0 la fois strat\u00e9gique et op\u00e9rationnelle. L\u2019\u00e9tablissement du PCAET de l\u2019Agglom\u00e9ration, initi\u00e9 en 2017, s\u2019inscrit dans le prolongement des dispositifs engag\u00e9s sur la th\u00e9matique climat-\u00e9nergie (TEPCV, Cit\u2019ergie, La Rochelle Territoire Z\u00e9ro Carbone&#8230;), en y renfor\u00e7ant la th\u00e9matique \u00ab qualit\u00e9 de l\u2019air \u00bb. Une d\u00e9marche de concertation, impliquant acteurs du territoire et associations de citoyens, a permis de d\u00e9finir les objectifs et le programme d\u2019actions du plan. Ce PCAET confirme l\u2019ambition du territoire d\u2019atteindre la neutralit\u00e9 carbone d\u00e8s 2040, soit 10 ans plus t\u00f4t que l\u2019horizon temporel fix\u00e9 par la Strat\u00e9gie Nationale Bas Carbone, et d\u2019atteindre le niveau \u00ab Territoire \u00e0 \u00c9nergie Positive \u00bb en 2050. Les prochaines \u00e9tapes int\u00e9grant notamment la consultation publique seront r\u00e9alis\u00e9es en 2023.<\/p>\n","protected":false},"excerpt":{"rendered":"<p>Apr\u00e8s en avoir arr\u00eat\u00e9 le texte en 2022, le PCAET est entr\u00e9 dans une proc\u00e9dure d\u2019instruction et de consultation qui va s\u2019\u00e9tendre sur toute une ann\u00e9e, avant que le Conseil communautaire ne se prononce sur son adoption. Les Plans Climat Air \u00c9nergie Territoriaux sont des projets territoriaux de d\u00e9veloppement durable \u00e0 caract\u00e8re r\u00e9glementaire dont la [&hellip;]<\/p>\n","protected":false},"author":1,"featured_media":2469,"parent":32,"menu_order":1,"comment_status":"closed","ping_status":"closed","template":"page-sous-partie.php","meta":[],"acf":[],"yoast_head":"<!-- This site is optimized with the Yoast SEO plugin v19.12 - https:\/\/yoast.com\/wordpress\/plugins\/seo\/ -->\n<title>Le Plan Climat Air \u00c9nergie Territorial (PCAET) est entr\u00e9 dans son processus d\u2019adoption - Rapport du d\u00e9veloppement durable<\/title>\n<meta name=\"robots\" content=\"index, follow, max-snippet:-1, max-image-preview:large, max-video-preview:-1\" \/>\n<link rel=\"canonical\" href=\"https:\/\/dev-durable.agglo-larochelle.fr\/2022\/une-agglo-creative\/transition-energetique\/lrtzc-signature-accord-consortium\/\" \/>\n<meta property=\"og:locale\" content=\"fr_FR\" \/>\n<meta property=\"og:type\" content=\"article\" \/>\n<meta property=\"og:title\" content=\"Le Plan Climat Air \u00c9nergie Territorial (PCAET) est entr\u00e9 dans son processus d\u2019adoption - Rapport du d\u00e9veloppement durable\" \/>\n<meta property=\"og:description\" content=\"Apr\u00e8s en avoir arr\u00eat\u00e9 le texte en 2022, le PCAET est entr\u00e9 dans une proc\u00e9dure d\u2019instruction et de consultation qui va s\u2019\u00e9tendre sur toute une ann\u00e9e, avant que le Conseil communautaire ne se prononce sur son adoption. Les Plans Climat Air \u00c9nergie Territoriaux sont des projets territoriaux de d\u00e9veloppement durable \u00e0 caract\u00e8re r\u00e9glementaire dont la [&hellip;]\" \/>\n<meta property=\"og:url\" content=\"https:\/\/dev-durable.agglo-larochelle.fr\/2022\/une-agglo-creative\/transition-energetique\/lrtzc-signature-accord-consortium\/\" \/>\n<meta property=\"og:site_name\" content=\"Rapport du d\u00e9veloppement durable\" \/>\n<meta property=\"article:modified_time\" content=\"2022-12-05T14:25:16+00:00\" \/>\n<meta property=\"og:image\" content=\"https:\/\/dev-durable.agglo-larochelle.fr\/2022\/wp-content\/uploads\/2022\/09\/cda-rapport-dd-agglo-creative.jpg\" \/>\n\t<meta property=\"og:image:width\" content=\"1000\" \/>\n\t<meta property=\"og:image:height\" content=\"665\" \/>\n\t<meta property=\"og:image:type\" content=\"image\/jpeg\" \/>\n<meta name=\"twitter:card\" content=\"summary_large_image\" \/>\n<meta name=\"twitter:label1\" content=\"Dur\u00e9e de lecture estim\u00e9e\" \/>\n\t<meta name=\"twitter:data1\" content=\"1 minute\" \/>\n<script type=\"application\/ld+json\" class=\"yoast-schema-graph\">{\"@context\":\"https:\/\/schema.org\",\"@graph\":[{\"@type\":\"WebPage\",\"@id\":\"https:\/\/dev-durable.agglo-larochelle.fr\/2022\/une-agglo-creative\/transition-energetique\/lrtzc-signature-accord-consortium\/\",\"url\":\"https:\/\/dev-durable.agglo-larochelle.fr\/2022\/une-agglo-creative\/transition-energetique\/lrtzc-signature-accord-consortium\/\",\"name\":\"Le Plan Climat Air \u00c9nergie Territorial (PCAET) est entr\u00e9 dans son processus d\u2019adoption - Rapport du d\u00e9veloppement durable\",\"isPartOf\":{\"@id\":\"https:\/\/dev-durable.agglo-larochelle.fr\/2022\/#website\"},\"datePublished\":\"2019-12-03T12:53:06+00:00\",\"dateModified\":\"2022-12-05T14:25:16+00:00\",\"breadcrumb\":{\"@id\":\"https:\/\/dev-durable.agglo-larochelle.fr\/2022\/une-agglo-creative\/transition-energetique\/lrtzc-signature-accord-consortium\/#breadcrumb\"},\"inLanguage\":\"fr-FR\",\"potentialAction\":[{\"@type\":\"ReadAction\",\"target\":[\"https:\/\/dev-durable.agglo-larochelle.fr\/2022\/une-agglo-creative\/transition-energetique\/lrtzc-signature-accord-consortium\/\"]}]},{\"@type\":\"BreadcrumbList\",\"@id\":\"https:\/\/dev-durable.agglo-larochelle.fr\/2022\/une-agglo-creative\/transition-energetique\/lrtzc-signature-accord-consortium\/#breadcrumb\",\"itemListElement\":[{\"@type\":\"ListItem\",\"position\":1,\"name\":\"Accueil\",\"item\":\"https:\/\/dev-durable.agglo-larochelle.fr\/2022\/\"},{\"@type\":\"ListItem\",\"position\":2,\"name\":\"Une Agglo cr\u00e9ative\",\"item\":\"https:\/\/dev-durable.agglo-larochelle.fr\/2022\/une-agglo-creative\/\"},{\"@type\":\"ListItem\",\"position\":3,\"name\":\"Transition \u00e9nerg\u00e9tique\",\"item\":\"https:\/\/dev-durable.agglo-larochelle.fr\/2022\/une-agglo-creative\/transition-energetique\/\"},{\"@type\":\"ListItem\",\"position\":4,\"name\":\"Le Plan Climat Air \u00c9nergie Territorial (PCAET) est entr\u00e9 dans son processus d\u2019adoption\"}]},{\"@type\":\"WebSite\",\"@id\":\"https:\/\/dev-durable.agglo-larochelle.fr\/2022\/#website\",\"url\":\"https:\/\/dev-durable.agglo-larochelle.fr\/2022\/\",\"name\":\"Rapport du d\u00e9veloppement durable - 2022\",\"description\":\"Rapport 2022 du d\u00e9veloppement durable\",\"alternateName\":\"Communaut\u00e9 d'Agglom\u00e9ration de La Rochelle\",\"potentialAction\":[{\"@type\":\"SearchAction\",\"target\":{\"@type\":\"EntryPoint\",\"urlTemplate\":\"https:\/\/dev-durable.agglo-larochelle.fr\/2022\/?s={search_term_string}\"},\"query-input\":\"required name=search_term_string\"}],\"inLanguage\":\"fr-FR\"}]}<\/script>\n<!-- \/ Yoast SEO plugin. -->","yoast_head_json":{"title":"Le Plan Climat Air \u00c9nergie Territorial (PCAET) est entr\u00e9 dans son processus d\u2019adoption - Rapport du d\u00e9veloppement durable","robots":{"index":"index","follow":"follow","max-snippet":"max-snippet:-1","max-image-preview":"max-image-preview:large","max-video-preview":"max-video-preview:-1"},"canonical":"https:\/\/dev-durable.agglo-larochelle.fr\/2022\/une-agglo-creative\/transition-energetique\/lrtzc-signature-accord-consortium\/","og_locale":"fr_FR","og_type":"article","og_title":"Le Plan Climat Air \u00c9nergie Territorial (PCAET) est entr\u00e9 dans son processus d\u2019adoption - Rapport du d\u00e9veloppement durable","og_description":"Apr\u00e8s en avoir arr\u00eat\u00e9 le texte en 2022, le PCAET est entr\u00e9 dans une proc\u00e9dure d\u2019instruction et de consultation qui va s\u2019\u00e9tendre sur toute une ann\u00e9e, avant que le Conseil communautaire ne se prononce sur son adoption. Les Plans Climat Air \u00c9nergie Territoriaux sont des projets territoriaux de d\u00e9veloppement durable \u00e0 caract\u00e8re r\u00e9glementaire dont la [&hellip;]","og_url":"https:\/\/dev-durable.agglo-larochelle.fr\/2022\/une-agglo-creative\/transition-energetique\/lrtzc-signature-accord-consortium\/","og_site_name":"Rapport du d\u00e9veloppement durable","article_modified_time":"2022-12-05T14:25:16+00:00","og_image":[{"width":1000,"height":665,"url":"https:\/\/dev-durable.agglo-larochelle.fr\/2022\/wp-content\/uploads\/2022\/09\/cda-rapport-dd-agglo-creative.jpg","type":"image\/jpeg"}],"twitter_card":"summary_large_image","twitter_misc":{"Dur\u00e9e de lecture estim\u00e9e":"1 minute"},"schema":{"@context":"https:\/\/schema.org","@graph":[{"@type":"WebPage","@id":"https:\/\/dev-durable.agglo-larochelle.fr\/2022\/une-agglo-creative\/transition-energetique\/lrtzc-signature-accord-consortium\/","url":"https:\/\/dev-durable.agglo-larochelle.fr\/2022\/une-agglo-creative\/transition-energetique\/lrtzc-signature-accord-consortium\/","name":"Le Plan Climat Air \u00c9nergie Territorial (PCAET) est entr\u00e9 dans son processus d\u2019adoption - Rapport du d\u00e9veloppement durable","isPartOf":{"@id":"https:\/\/dev-durable.agglo-larochelle.fr\/2022\/#website"},"datePublished":"2019-12-03T12:53:06+00:00","dateModified":"2022-12-05T14:25:16+00:00","breadcrumb":{"@id":"https:\/\/dev-durable.agglo-larochelle.fr\/2022\/une-agglo-creative\/transition-energetique\/lrtzc-signature-accord-consortium\/#breadcrumb"},"inLanguage":"fr-FR","potentialAction":[{"@type":"ReadAction","target":["https:\/\/dev-durable.agglo-larochelle.fr\/2022\/une-agglo-creative\/transition-energetique\/lrtzc-signature-accord-consortium\/"]}]},{"@type":"BreadcrumbList","@id":"https:\/\/dev-durable.agglo-larochelle.fr\/2022\/une-agglo-creative\/transition-energetique\/lrtzc-signature-accord-consortium\/#breadcrumb","itemListElement":[{"@type":"ListItem","position":1,"name":"Accueil","item":"https:\/\/dev-durable.agglo-larochelle.fr\/2022\/"},{"@type":"ListItem","position":2,"name":"Une Agglo cr\u00e9ative","item":"https:\/\/dev-durable.agglo-larochelle.fr\/2022\/une-agglo-creative\/"},{"@type":"ListItem","position":3,"name":"Transition \u00e9nerg\u00e9tique","item":"https:\/\/dev-durable.agglo-larochelle.fr\/2022\/une-agglo-creative\/transition-energetique\/"},{"@type":"ListItem","position":4,"name":"Le Plan Climat Air \u00c9nergie Territorial (PCAET) est entr\u00e9 dans son processus d\u2019adoption"}]},{"@type":"WebSite","@id":"https:\/\/dev-durable.agglo-larochelle.fr\/2022\/#website","url":"https:\/\/dev-durable.agglo-larochelle.fr\/2022\/","name":"Rapport du d\u00e9veloppement durable - 2022","description":"Rapport 2022 du d\u00e9veloppement durable","alternateName":"Communaut\u00e9 d'Agglom\u00e9ration de La Rochelle","potentialAction":[{"@type":"SearchAction","target":{"@type":"EntryPoint","urlTemplate":"https:\/\/dev-durable.agglo-larochelle.fr\/2022\/?s={search_term_string}"},"query-input":"required name=search_term_string"}],"inLanguage":"fr-FR"}]}},"_links":{"self":[{"href":"https:\/\/dev-durable.agglo-larochelle.fr\/2022\/wp-json\/wp\/v2\/pages\/869"}],"collection":[{"href":"https:\/\/dev-durable.agglo-larochelle.fr\/2022\/wp-json\/wp\/v2\/pages"}],"about":[{"href":"https:\/\/dev-durable.agglo-larochelle.fr\/2022\/wp-json\/wp\/v2\/types\/page"}],"author":[{"embeddable":true,"href":"https:\/\/dev-durable.agglo-larochelle.fr\/2022\/wp-json\/wp\/v2\/users\/1"}],"replies":[{"embeddable":true,"href":"https:\/\/dev-durable.agglo-larochelle.fr\/2022\/wp-json\/wp\/v2\/comments?post=869"}],"version-history":[{"count":13,"href":"https:\/\/dev-durable.agglo-larochelle.fr\/2022\/wp-json\/wp\/v2\/pages\/869\/revisions"}],"predecessor-version":[{"id":2612,"href":"https:\/\/dev-durable.agglo-larochelle.fr\/2022\/wp-json\/wp\/v2\/pages\/869\/revisions\/2612"}],"up":[{"embeddable":true,"href":"https:\/\/dev-durable.agglo-larochelle.fr\/2022\/wp-json\/wp\/v2\/pages\/32"}],"wp:featuredmedia":[{"embeddable":true,"href":"https:\/\/dev-durable.agglo-larochelle.fr\/2022\/wp-json\/wp\/v2\/media\/2469"}],"wp:attachment":[{"href":"https:\/\/dev-durable.agglo-larochelle.fr\/2022\/wp-json\/wp\/v2\/media?parent=869"}],"curies":[{"name":"wp","href":"https:\/\/api.w.org\/{rel}","templated":true}]}}