{"id":873,"date":"2019-12-03T13:56:04","date_gmt":"2019-12-03T12:56:04","guid":{"rendered":"https:\/\/dev-durable.agglo-larochelle.fr\/20226.0.2\/?page_id=873"},"modified":"2022-12-05T15:30:35","modified_gmt":"2022-12-05T14:30:35","slug":"bilan-renouvellement-convention-association-atlantech","status":"publish","type":"page","link":"https:\/\/dev-durable.agglo-larochelle.fr\/2022\/une-agglo-creative\/transition-energetique\/bilan-renouvellement-convention-association-atlantech\/","title":{"rendered":"Une structure de portage de projets \u00e0 l\u2019\u00e9tude pour encourager le d\u00e9ploiement des \u00e9nergies renouvelables"},"content":{"rendered":"\n<p><strong>Afin d\u2019encourager les projets de d\u00e9veloppement des \u00e9nergies renouvelables et de r\u00e9cup\u00e9ration (EnRR), l\u2019Agglo \u00e9tudie la possibilit\u00e9 de se doter d\u2019un outil de pilotage et de portage.<\/strong><\/p>\n<p>Les EnRR ne couvrent encore que l\u2019\u00e9quivalent de 9\u00a0% de la consommation \u00e9nerg\u00e9tique du territoire. Les projets sont toutefois nombreux, port\u00e9s par l\u2019Agglom\u00e9ration (projets d\u2019ombri\u00e8res, ferme photovolta\u00efque, r\u00e9seau de chaleur, etc.) ou par les communes membres (chaufferies mutualis\u00e9es, d\u00e9veloppement du photovolta\u00efque, etc). Afin de faciliter leur d\u00e9ploiement sur le territoire, l\u2019Agglom\u00e9ration \u00e9tudie, avec les communes, la mise en place d\u2019une structure commune pour le portage de projets \u00e9nerg\u00e9tiques. Anticipant le travail de cette structure, des \u00e9tudes de faisabilit\u00e9 de projets photovolta\u00efques ont \u00e9t\u00e9 engag\u00e9es cette ann\u00e9e sur plusieurs secteurs : Terre Nouvelle \u00e0 Dompierre, Bourgneuf, le Port de Plaisance,&#8230;, ainsi que sur la cr\u00e9ation d\u2019un r\u00e9seau de chaleur des Minimes.<\/p>\n","protected":false},"excerpt":{"rendered":"<p>Afin d\u2019encourager les projets de d\u00e9veloppement des \u00e9nergies renouvelables et de r\u00e9cup\u00e9ration (EnRR), l\u2019Agglo \u00e9tudie la possibilit\u00e9 de se doter d\u2019un outil de pilotage et de portage. Les EnRR ne couvrent encore que l\u2019\u00e9quivalent de 9\u00a0% de la consommation \u00e9nerg\u00e9tique du territoire. Les projets sont toutefois nombreux, port\u00e9s par l\u2019Agglom\u00e9ration (projets d\u2019ombri\u00e8res, ferme photovolta\u00efque, r\u00e9seau [&hellip;]<\/p>\n","protected":false},"author":1,"featured_media":2893,"parent":32,"menu_order":2,"comment_status":"closed","ping_status":"closed","template":"page-sous-partie.php","meta":[],"acf":[],"yoast_head":"<!-- This site is optimized with the Yoast SEO plugin v19.12 - https:\/\/yoast.com\/wordpress\/plugins\/seo\/ -->\n<title>Une structure de portage de projets \u00e0 l\u2019\u00e9tude pour encourager le d\u00e9ploiement des \u00e9nergies renouvelables - Rapport du d\u00e9veloppement durable<\/title>\n<meta name=\"robots\" content=\"index, follow, max-snippet:-1, max-image-preview:large, max-video-preview:-1\" \/>\n<link rel=\"canonical\" href=\"https:\/\/dev-durable.agglo-larochelle.fr\/2022\/une-agglo-creative\/transition-energetique\/bilan-renouvellement-convention-association-atlantech\/\" \/>\n<meta property=\"og:locale\" content=\"fr_FR\" \/>\n<meta property=\"og:type\" content=\"article\" \/>\n<meta property=\"og:title\" content=\"Une structure de portage de projets \u00e0 l\u2019\u00e9tude pour encourager le d\u00e9ploiement des \u00e9nergies renouvelables - Rapport du d\u00e9veloppement durable\" \/>\n<meta property=\"og:description\" content=\"Afin d\u2019encourager les projets de d\u00e9veloppement des \u00e9nergies renouvelables et de r\u00e9cup\u00e9ration (EnRR), l\u2019Agglo \u00e9tudie la possibilit\u00e9 de se doter d\u2019un outil de pilotage et de portage. Les EnRR ne couvrent encore que l\u2019\u00e9quivalent de 9\u00a0% de la consommation \u00e9nerg\u00e9tique du territoire. Les projets sont toutefois nombreux, port\u00e9s par l\u2019Agglom\u00e9ration (projets d\u2019ombri\u00e8res, ferme photovolta\u00efque, r\u00e9seau [&hellip;]\" \/>\n<meta property=\"og:url\" content=\"https:\/\/dev-durable.agglo-larochelle.fr\/2022\/une-agglo-creative\/transition-energetique\/bilan-renouvellement-convention-association-atlantech\/\" \/>\n<meta property=\"og:site_name\" content=\"Rapport du d\u00e9veloppement durable\" \/>\n<meta property=\"article:modified_time\" content=\"2022-12-05T14:30:35+00:00\" \/>\n<meta property=\"og:image\" content=\"https:\/\/dev-durable.agglo-larochelle.fr\/2022\/wp-content\/uploads\/2022\/12\/soleil_AdobeStock_15031547.jpg\" \/>\n\t<meta property=\"og:image:width\" content=\"650\" \/>\n\t<meta property=\"og:image:height\" content=\"300\" \/>\n\t<meta property=\"og:image:type\" content=\"image\/jpeg\" \/>\n<meta name=\"twitter:card\" content=\"summary_large_image\" \/>\n<meta name=\"twitter:label1\" content=\"Dur\u00e9e de lecture estim\u00e9e\" \/>\n\t<meta name=\"twitter:data1\" content=\"1 minute\" \/>\n<script type=\"application\/ld+json\" class=\"yoast-schema-graph\">{\"@context\":\"https:\/\/schema.org\",\"@graph\":[{\"@type\":\"WebPage\",\"@id\":\"https:\/\/dev-durable.agglo-larochelle.fr\/2022\/une-agglo-creative\/transition-energetique\/bilan-renouvellement-convention-association-atlantech\/\",\"url\":\"https:\/\/dev-durable.agglo-larochelle.fr\/2022\/une-agglo-creative\/transition-energetique\/bilan-renouvellement-convention-association-atlantech\/\",\"name\":\"Une structure de portage de projets \u00e0 l\u2019\u00e9tude pour encourager le d\u00e9ploiement des \u00e9nergies renouvelables - Rapport du d\u00e9veloppement durable\",\"isPartOf\":{\"@id\":\"https:\/\/dev-durable.agglo-larochelle.fr\/2022\/#website\"},\"datePublished\":\"2019-12-03T12:56:04+00:00\",\"dateModified\":\"2022-12-05T14:30:35+00:00\",\"breadcrumb\":{\"@id\":\"https:\/\/dev-durable.agglo-larochelle.fr\/2022\/une-agglo-creative\/transition-energetique\/bilan-renouvellement-convention-association-atlantech\/#breadcrumb\"},\"inLanguage\":\"fr-FR\",\"potentialAction\":[{\"@type\":\"ReadAction\",\"target\":[\"https:\/\/dev-durable.agglo-larochelle.fr\/2022\/une-agglo-creative\/transition-energetique\/bilan-renouvellement-convention-association-atlantech\/\"]}]},{\"@type\":\"BreadcrumbList\",\"@id\":\"https:\/\/dev-durable.agglo-larochelle.fr\/2022\/une-agglo-creative\/transition-energetique\/bilan-renouvellement-convention-association-atlantech\/#breadcrumb\",\"itemListElement\":[{\"@type\":\"ListItem\",\"position\":1,\"name\":\"Accueil\",\"item\":\"https:\/\/dev-durable.agglo-larochelle.fr\/2022\/\"},{\"@type\":\"ListItem\",\"position\":2,\"name\":\"Une Agglo cr\u00e9ative\",\"item\":\"https:\/\/dev-durable.agglo-larochelle.fr\/2022\/une-agglo-creative\/\"},{\"@type\":\"ListItem\",\"position\":3,\"name\":\"Transition \u00e9nerg\u00e9tique\",\"item\":\"https:\/\/dev-durable.agglo-larochelle.fr\/2022\/une-agglo-creative\/transition-energetique\/\"},{\"@type\":\"ListItem\",\"position\":4,\"name\":\"Une structure de portage de projets \u00e0 l\u2019\u00e9tude pour encourager le d\u00e9ploiement des \u00e9nergies renouvelables\"}]},{\"@type\":\"WebSite\",\"@id\":\"https:\/\/dev-durable.agglo-larochelle.fr\/2022\/#website\",\"url\":\"https:\/\/dev-durable.agglo-larochelle.fr\/2022\/\",\"name\":\"Rapport du d\u00e9veloppement durable - 2022\",\"description\":\"Rapport 2022 du d\u00e9veloppement durable\",\"alternateName\":\"Communaut\u00e9 d'Agglom\u00e9ration de La Rochelle\",\"potentialAction\":[{\"@type\":\"SearchAction\",\"target\":{\"@type\":\"EntryPoint\",\"urlTemplate\":\"https:\/\/dev-durable.agglo-larochelle.fr\/2022\/?s={search_term_string}\"},\"query-input\":\"required name=search_term_string\"}],\"inLanguage\":\"fr-FR\"}]}<\/script>\n<!-- \/ Yoast SEO plugin. -->","yoast_head_json":{"title":"Une structure de portage de projets \u00e0 l\u2019\u00e9tude pour encourager le d\u00e9ploiement des \u00e9nergies renouvelables - Rapport du d\u00e9veloppement durable","robots":{"index":"index","follow":"follow","max-snippet":"max-snippet:-1","max-image-preview":"max-image-preview:large","max-video-preview":"max-video-preview:-1"},"canonical":"https:\/\/dev-durable.agglo-larochelle.fr\/2022\/une-agglo-creative\/transition-energetique\/bilan-renouvellement-convention-association-atlantech\/","og_locale":"fr_FR","og_type":"article","og_title":"Une structure de portage de projets \u00e0 l\u2019\u00e9tude pour encourager le d\u00e9ploiement des \u00e9nergies renouvelables - Rapport du d\u00e9veloppement durable","og_description":"Afin d\u2019encourager les projets de d\u00e9veloppement des \u00e9nergies renouvelables et de r\u00e9cup\u00e9ration (EnRR), l\u2019Agglo \u00e9tudie la possibilit\u00e9 de se doter d\u2019un outil de pilotage et de portage. Les EnRR ne couvrent encore que l\u2019\u00e9quivalent de 9\u00a0% de la consommation \u00e9nerg\u00e9tique du territoire. Les projets sont toutefois nombreux, port\u00e9s par l\u2019Agglom\u00e9ration (projets d\u2019ombri\u00e8res, ferme photovolta\u00efque, r\u00e9seau [&hellip;]","og_url":"https:\/\/dev-durable.agglo-larochelle.fr\/2022\/une-agglo-creative\/transition-energetique\/bilan-renouvellement-convention-association-atlantech\/","og_site_name":"Rapport du d\u00e9veloppement durable","article_modified_time":"2022-12-05T14:30:35+00:00","og_image":[{"width":650,"height":300,"url":"https:\/\/dev-durable.agglo-larochelle.fr\/2022\/wp-content\/uploads\/2022\/12\/soleil_AdobeStock_15031547.jpg","type":"image\/jpeg"}],"twitter_card":"summary_large_image","twitter_misc":{"Dur\u00e9e de lecture estim\u00e9e":"1 minute"},"schema":{"@context":"https:\/\/schema.org","@graph":[{"@type":"WebPage","@id":"https:\/\/dev-durable.agglo-larochelle.fr\/2022\/une-agglo-creative\/transition-energetique\/bilan-renouvellement-convention-association-atlantech\/","url":"https:\/\/dev-durable.agglo-larochelle.fr\/2022\/une-agglo-creative\/transition-energetique\/bilan-renouvellement-convention-association-atlantech\/","name":"Une structure de portage de projets \u00e0 l\u2019\u00e9tude pour encourager le d\u00e9ploiement des \u00e9nergies renouvelables - Rapport du d\u00e9veloppement durable","isPartOf":{"@id":"https:\/\/dev-durable.agglo-larochelle.fr\/2022\/#website"},"datePublished":"2019-12-03T12:56:04+00:00","dateModified":"2022-12-05T14:30:35+00:00","breadcrumb":{"@id":"https:\/\/dev-durable.agglo-larochelle.fr\/2022\/une-agglo-creative\/transition-energetique\/bilan-renouvellement-convention-association-atlantech\/#breadcrumb"},"inLanguage":"fr-FR","potentialAction":[{"@type":"ReadAction","target":["https:\/\/dev-durable.agglo-larochelle.fr\/2022\/une-agglo-creative\/transition-energetique\/bilan-renouvellement-convention-association-atlantech\/"]}]},{"@type":"BreadcrumbList","@id":"https:\/\/dev-durable.agglo-larochelle.fr\/2022\/une-agglo-creative\/transition-energetique\/bilan-renouvellement-convention-association-atlantech\/#breadcrumb","itemListElement":[{"@type":"ListItem","position":1,"name":"Accueil","item":"https:\/\/dev-durable.agglo-larochelle.fr\/2022\/"},{"@type":"ListItem","position":2,"name":"Une Agglo cr\u00e9ative","item":"https:\/\/dev-durable.agglo-larochelle.fr\/2022\/une-agglo-creative\/"},{"@type":"ListItem","position":3,"name":"Transition \u00e9nerg\u00e9tique","item":"https:\/\/dev-durable.agglo-larochelle.fr\/2022\/une-agglo-creative\/transition-energetique\/"},{"@type":"ListItem","position":4,"name":"Une structure de portage de projets \u00e0 l\u2019\u00e9tude pour encourager le d\u00e9ploiement des \u00e9nergies renouvelables"}]},{"@type":"WebSite","@id":"https:\/\/dev-durable.agglo-larochelle.fr\/2022\/#website","url":"https:\/\/dev-durable.agglo-larochelle.fr\/2022\/","name":"Rapport du d\u00e9veloppement durable - 2022","description":"Rapport 2022 du d\u00e9veloppement durable","alternateName":"Communaut\u00e9 d'Agglom\u00e9ration de La Rochelle","potentialAction":[{"@type":"SearchAction","target":{"@type":"EntryPoint","urlTemplate":"https:\/\/dev-durable.agglo-larochelle.fr\/2022\/?s={search_term_string}"},"query-input":"required name=search_term_string"}],"inLanguage":"fr-FR"}]}},"_links":{"self":[{"href":"https:\/\/dev-durable.agglo-larochelle.fr\/2022\/wp-json\/wp\/v2\/pages\/873"}],"collection":[{"href":"https:\/\/dev-durable.agglo-larochelle.fr\/2022\/wp-json\/wp\/v2\/pages"}],"about":[{"href":"https:\/\/dev-durable.agglo-larochelle.fr\/2022\/wp-json\/wp\/v2\/types\/page"}],"author":[{"embeddable":true,"href":"https:\/\/dev-durable.agglo-larochelle.fr\/2022\/wp-json\/wp\/v2\/users\/1"}],"replies":[{"embeddable":true,"href":"https:\/\/dev-durable.agglo-larochelle.fr\/2022\/wp-json\/wp\/v2\/comments?post=873"}],"version-history":[{"count":15,"href":"https:\/\/dev-durable.agglo-larochelle.fr\/2022\/wp-json\/wp\/v2\/pages\/873\/revisions"}],"predecessor-version":[{"id":2613,"href":"https:\/\/dev-durable.agglo-larochelle.fr\/2022\/wp-json\/wp\/v2\/pages\/873\/revisions\/2613"}],"up":[{"embeddable":true,"href":"https:\/\/dev-durable.agglo-larochelle.fr\/2022\/wp-json\/wp\/v2\/pages\/32"}],"wp:featuredmedia":[{"embeddable":true,"href":"https:\/\/dev-durable.agglo-larochelle.fr\/2022\/wp-json\/wp\/v2\/media\/2893"}],"wp:attachment":[{"href":"https:\/\/dev-durable.agglo-larochelle.fr\/2022\/wp-json\/wp\/v2\/media?parent=873"}],"curies":[{"name":"wp","href":"https:\/\/api.w.org\/{rel}","templated":true}]}}