{"id":875,"date":"2019-12-03T13:56:25","date_gmt":"2019-12-03T12:56:25","guid":{"rendered":"https:\/\/dev-durable.agglo-larochelle.fr\/20226.0.2\/?page_id=875"},"modified":"2022-12-05T15:36:59","modified_gmt":"2022-12-05T14:36:59","slug":"etude-methanisation","status":"publish","type":"page","link":"https:\/\/dev-durable.agglo-larochelle.fr\/2022\/une-agglo-creative\/transition-energetique\/etude-methanisation\/","title":{"rendered":"L\u2019Agglom\u00e9ration r\u00e9-oriente sa politique \u00e9nerg\u00e9tique, en encourageant le d\u00e9veloppement de productions locales et renouvelables"},"content":{"rendered":"\n<p><strong>Le Conseil communautaire s\u2019est prononc\u00e9 \u00e0 l\u2019unanimit\u00e9 pour adopter de nouvelles dispositions en mati\u00e8re de strat\u00e9gie \u00e9nerg\u00e9tique, autour de trois axes : planification \u00e9nerg\u00e9tique, participation citoyenne et partage.<\/strong><\/p>\n<p>Pour faire face au contexte de crise \u00e9nerg\u00e9tique et, au-del\u00e0, r\u00e9pondre efficacement aux enjeux \u00e9conomiques et environnementaux en mati\u00e8re de consommation et de production de l\u2019\u00e9nergie, la collectivit\u00e9 s\u2019est positionn\u00e9e pour d\u00e9velopper des solutions qui permettent aux citoyens de disposer d\u2019une \u00e9lectricit\u00e9 moins ch\u00e8re, et au territoire de r\u00e9duire ses \u00e9missions de gaz \u00e0 effet de serre. Trois principes r\u00e9gissent cette r\u00e9orientation strat\u00e9gique : la planification \u00e9nerg\u00e9tique territoriale, qui remet la collectivit\u00e9 au c\u0153ur du processus de d\u00e9cision sur son territoire ; la participation citoyenne, qui permet d\u2019associer les citoyens ; l\u2019\u00e9nergie partag\u00e9e, qui encourage une autoconsommation collective en circuit court. Ces dispositions en faveur de projets de production d\u2019\u00e9nergies d\u00e9carbon\u00e9es, coupl\u00e9es \u00e0 une strat\u00e9gie de sobri\u00e9t\u00e9, permettront d\u2019envisager les solutions nouvelles que les collectivit\u00e9s pourront apporter \u00e0 leurs habitants sur le moyen et long terme pour les accompagner dans cette crise.<\/p>\n","protected":false},"excerpt":{"rendered":"<p>Le Conseil communautaire s\u2019est prononc\u00e9 \u00e0 l\u2019unanimit\u00e9 pour adopter de nouvelles dispositions en mati\u00e8re de strat\u00e9gie \u00e9nerg\u00e9tique, autour de trois axes : planification \u00e9nerg\u00e9tique, participation citoyenne et partage. Pour faire face au contexte de crise \u00e9nerg\u00e9tique et, au-del\u00e0, r\u00e9pondre efficacement aux enjeux \u00e9conomiques et environnementaux en mati\u00e8re de consommation et de production de l\u2019\u00e9nergie, la [&hellip;]<\/p>\n","protected":false},"author":1,"featured_media":660,"parent":32,"menu_order":4,"comment_status":"closed","ping_status":"closed","template":"page-sous-partie.php","meta":[],"acf":[],"yoast_head":"<!-- This site is optimized with the Yoast SEO plugin v19.12 - https:\/\/yoast.com\/wordpress\/plugins\/seo\/ -->\n<title>L\u2019Agglom\u00e9ration r\u00e9-oriente sa politique \u00e9nerg\u00e9tique, en encourageant le d\u00e9veloppement de productions locales et renouvelables - Rapport du d\u00e9veloppement durable<\/title>\n<meta name=\"robots\" content=\"index, follow, max-snippet:-1, max-image-preview:large, max-video-preview:-1\" \/>\n<link rel=\"canonical\" href=\"https:\/\/dev-durable.agglo-larochelle.fr\/2022\/une-agglo-creative\/transition-energetique\/etude-methanisation\/\" \/>\n<meta property=\"og:locale\" content=\"fr_FR\" \/>\n<meta property=\"og:type\" content=\"article\" \/>\n<meta property=\"og:title\" content=\"L\u2019Agglom\u00e9ration r\u00e9-oriente sa politique \u00e9nerg\u00e9tique, en encourageant le d\u00e9veloppement de productions locales et renouvelables - Rapport du d\u00e9veloppement durable\" \/>\n<meta property=\"og:description\" content=\"Le Conseil communautaire s\u2019est prononc\u00e9 \u00e0 l\u2019unanimit\u00e9 pour adopter de nouvelles dispositions en mati\u00e8re de strat\u00e9gie \u00e9nerg\u00e9tique, autour de trois axes : planification \u00e9nerg\u00e9tique, participation citoyenne et partage. Pour faire face au contexte de crise \u00e9nerg\u00e9tique et, au-del\u00e0, r\u00e9pondre efficacement aux enjeux \u00e9conomiques et environnementaux en mati\u00e8re de consommation et de production de l\u2019\u00e9nergie, la [&hellip;]\" \/>\n<meta property=\"og:url\" content=\"https:\/\/dev-durable.agglo-larochelle.fr\/2022\/une-agglo-creative\/transition-energetique\/etude-methanisation\/\" \/>\n<meta property=\"og:site_name\" content=\"Rapport du d\u00e9veloppement durable\" \/>\n<meta property=\"article:modified_time\" content=\"2022-12-05T14:36:59+00:00\" \/>\n<meta property=\"og:image\" content=\"https:\/\/dev-durable.agglo-larochelle.fr\/2022\/wp-content\/uploads\/2018\/11\/reseau-des-communes-CDA-La-Rochelle.gif\" \/>\n\t<meta property=\"og:image:width\" content=\"1024\" \/>\n\t<meta property=\"og:image:height\" content=\"654\" \/>\n\t<meta property=\"og:image:type\" content=\"image\/gif\" \/>\n<meta name=\"twitter:card\" content=\"summary_large_image\" \/>\n<meta name=\"twitter:label1\" content=\"Dur\u00e9e de lecture estim\u00e9e\" \/>\n\t<meta name=\"twitter:data1\" content=\"1 minute\" \/>\n<script type=\"application\/ld+json\" class=\"yoast-schema-graph\">{\"@context\":\"https:\/\/schema.org\",\"@graph\":[{\"@type\":\"WebPage\",\"@id\":\"https:\/\/dev-durable.agglo-larochelle.fr\/2022\/une-agglo-creative\/transition-energetique\/etude-methanisation\/\",\"url\":\"https:\/\/dev-durable.agglo-larochelle.fr\/2022\/une-agglo-creative\/transition-energetique\/etude-methanisation\/\",\"name\":\"L\u2019Agglom\u00e9ration r\u00e9-oriente sa politique \u00e9nerg\u00e9tique, en encourageant le d\u00e9veloppement de productions locales et renouvelables - Rapport du d\u00e9veloppement durable\",\"isPartOf\":{\"@id\":\"https:\/\/dev-durable.agglo-larochelle.fr\/2022\/#website\"},\"datePublished\":\"2019-12-03T12:56:25+00:00\",\"dateModified\":\"2022-12-05T14:36:59+00:00\",\"breadcrumb\":{\"@id\":\"https:\/\/dev-durable.agglo-larochelle.fr\/2022\/une-agglo-creative\/transition-energetique\/etude-methanisation\/#breadcrumb\"},\"inLanguage\":\"fr-FR\",\"potentialAction\":[{\"@type\":\"ReadAction\",\"target\":[\"https:\/\/dev-durable.agglo-larochelle.fr\/2022\/une-agglo-creative\/transition-energetique\/etude-methanisation\/\"]}]},{\"@type\":\"BreadcrumbList\",\"@id\":\"https:\/\/dev-durable.agglo-larochelle.fr\/2022\/une-agglo-creative\/transition-energetique\/etude-methanisation\/#breadcrumb\",\"itemListElement\":[{\"@type\":\"ListItem\",\"position\":1,\"name\":\"Accueil\",\"item\":\"https:\/\/dev-durable.agglo-larochelle.fr\/2022\/\"},{\"@type\":\"ListItem\",\"position\":2,\"name\":\"Une Agglo cr\u00e9ative\",\"item\":\"https:\/\/dev-durable.agglo-larochelle.fr\/2022\/une-agglo-creative\/\"},{\"@type\":\"ListItem\",\"position\":3,\"name\":\"Transition \u00e9nerg\u00e9tique\",\"item\":\"https:\/\/dev-durable.agglo-larochelle.fr\/2022\/une-agglo-creative\/transition-energetique\/\"},{\"@type\":\"ListItem\",\"position\":4,\"name\":\"L\u2019Agglom\u00e9ration r\u00e9-oriente sa politique \u00e9nerg\u00e9tique, en encourageant le d\u00e9veloppement de productions locales et renouvelables\"}]},{\"@type\":\"WebSite\",\"@id\":\"https:\/\/dev-durable.agglo-larochelle.fr\/2022\/#website\",\"url\":\"https:\/\/dev-durable.agglo-larochelle.fr\/2022\/\",\"name\":\"Rapport du d\u00e9veloppement durable - 2022\",\"description\":\"Rapport 2022 du d\u00e9veloppement durable\",\"alternateName\":\"Communaut\u00e9 d'Agglom\u00e9ration de La Rochelle\",\"potentialAction\":[{\"@type\":\"SearchAction\",\"target\":{\"@type\":\"EntryPoint\",\"urlTemplate\":\"https:\/\/dev-durable.agglo-larochelle.fr\/2022\/?s={search_term_string}\"},\"query-input\":\"required name=search_term_string\"}],\"inLanguage\":\"fr-FR\"}]}<\/script>\n<!-- \/ Yoast SEO plugin. -->","yoast_head_json":{"title":"L\u2019Agglom\u00e9ration r\u00e9-oriente sa politique \u00e9nerg\u00e9tique, en encourageant le d\u00e9veloppement de productions locales et renouvelables - Rapport du d\u00e9veloppement durable","robots":{"index":"index","follow":"follow","max-snippet":"max-snippet:-1","max-image-preview":"max-image-preview:large","max-video-preview":"max-video-preview:-1"},"canonical":"https:\/\/dev-durable.agglo-larochelle.fr\/2022\/une-agglo-creative\/transition-energetique\/etude-methanisation\/","og_locale":"fr_FR","og_type":"article","og_title":"L\u2019Agglom\u00e9ration r\u00e9-oriente sa politique \u00e9nerg\u00e9tique, en encourageant le d\u00e9veloppement de productions locales et renouvelables - Rapport du d\u00e9veloppement durable","og_description":"Le Conseil communautaire s\u2019est prononc\u00e9 \u00e0 l\u2019unanimit\u00e9 pour adopter de nouvelles dispositions en mati\u00e8re de strat\u00e9gie \u00e9nerg\u00e9tique, autour de trois axes : planification \u00e9nerg\u00e9tique, participation citoyenne et partage. Pour faire face au contexte de crise \u00e9nerg\u00e9tique et, au-del\u00e0, r\u00e9pondre efficacement aux enjeux \u00e9conomiques et environnementaux en mati\u00e8re de consommation et de production de l\u2019\u00e9nergie, la [&hellip;]","og_url":"https:\/\/dev-durable.agglo-larochelle.fr\/2022\/une-agglo-creative\/transition-energetique\/etude-methanisation\/","og_site_name":"Rapport du d\u00e9veloppement durable","article_modified_time":"2022-12-05T14:36:59+00:00","og_image":[{"width":1024,"height":654,"url":"https:\/\/dev-durable.agglo-larochelle.fr\/2022\/wp-content\/uploads\/2018\/11\/reseau-des-communes-CDA-La-Rochelle.gif","type":"image\/gif"}],"twitter_card":"summary_large_image","twitter_misc":{"Dur\u00e9e de lecture estim\u00e9e":"1 minute"},"schema":{"@context":"https:\/\/schema.org","@graph":[{"@type":"WebPage","@id":"https:\/\/dev-durable.agglo-larochelle.fr\/2022\/une-agglo-creative\/transition-energetique\/etude-methanisation\/","url":"https:\/\/dev-durable.agglo-larochelle.fr\/2022\/une-agglo-creative\/transition-energetique\/etude-methanisation\/","name":"L\u2019Agglom\u00e9ration r\u00e9-oriente sa politique \u00e9nerg\u00e9tique, en encourageant le d\u00e9veloppement de productions locales et renouvelables - Rapport du d\u00e9veloppement durable","isPartOf":{"@id":"https:\/\/dev-durable.agglo-larochelle.fr\/2022\/#website"},"datePublished":"2019-12-03T12:56:25+00:00","dateModified":"2022-12-05T14:36:59+00:00","breadcrumb":{"@id":"https:\/\/dev-durable.agglo-larochelle.fr\/2022\/une-agglo-creative\/transition-energetique\/etude-methanisation\/#breadcrumb"},"inLanguage":"fr-FR","potentialAction":[{"@type":"ReadAction","target":["https:\/\/dev-durable.agglo-larochelle.fr\/2022\/une-agglo-creative\/transition-energetique\/etude-methanisation\/"]}]},{"@type":"BreadcrumbList","@id":"https:\/\/dev-durable.agglo-larochelle.fr\/2022\/une-agglo-creative\/transition-energetique\/etude-methanisation\/#breadcrumb","itemListElement":[{"@type":"ListItem","position":1,"name":"Accueil","item":"https:\/\/dev-durable.agglo-larochelle.fr\/2022\/"},{"@type":"ListItem","position":2,"name":"Une Agglo cr\u00e9ative","item":"https:\/\/dev-durable.agglo-larochelle.fr\/2022\/une-agglo-creative\/"},{"@type":"ListItem","position":3,"name":"Transition \u00e9nerg\u00e9tique","item":"https:\/\/dev-durable.agglo-larochelle.fr\/2022\/une-agglo-creative\/transition-energetique\/"},{"@type":"ListItem","position":4,"name":"L\u2019Agglom\u00e9ration r\u00e9-oriente sa politique \u00e9nerg\u00e9tique, en encourageant le d\u00e9veloppement de productions locales et renouvelables"}]},{"@type":"WebSite","@id":"https:\/\/dev-durable.agglo-larochelle.fr\/2022\/#website","url":"https:\/\/dev-durable.agglo-larochelle.fr\/2022\/","name":"Rapport du d\u00e9veloppement durable - 2022","description":"Rapport 2022 du d\u00e9veloppement durable","alternateName":"Communaut\u00e9 d'Agglom\u00e9ration de La Rochelle","potentialAction":[{"@type":"SearchAction","target":{"@type":"EntryPoint","urlTemplate":"https:\/\/dev-durable.agglo-larochelle.fr\/2022\/?s={search_term_string}"},"query-input":"required name=search_term_string"}],"inLanguage":"fr-FR"}]}},"_links":{"self":[{"href":"https:\/\/dev-durable.agglo-larochelle.fr\/2022\/wp-json\/wp\/v2\/pages\/875"}],"collection":[{"href":"https:\/\/dev-durable.agglo-larochelle.fr\/2022\/wp-json\/wp\/v2\/pages"}],"about":[{"href":"https:\/\/dev-durable.agglo-larochelle.fr\/2022\/wp-json\/wp\/v2\/types\/page"}],"author":[{"embeddable":true,"href":"https:\/\/dev-durable.agglo-larochelle.fr\/2022\/wp-json\/wp\/v2\/users\/1"}],"replies":[{"embeddable":true,"href":"https:\/\/dev-durable.agglo-larochelle.fr\/2022\/wp-json\/wp\/v2\/comments?post=875"}],"version-history":[{"count":12,"href":"https:\/\/dev-durable.agglo-larochelle.fr\/2022\/wp-json\/wp\/v2\/pages\/875\/revisions"}],"predecessor-version":[{"id":2615,"href":"https:\/\/dev-durable.agglo-larochelle.fr\/2022\/wp-json\/wp\/v2\/pages\/875\/revisions\/2615"}],"up":[{"embeddable":true,"href":"https:\/\/dev-durable.agglo-larochelle.fr\/2022\/wp-json\/wp\/v2\/pages\/32"}],"wp:featuredmedia":[{"embeddable":true,"href":"https:\/\/dev-durable.agglo-larochelle.fr\/2022\/wp-json\/wp\/v2\/media\/660"}],"wp:attachment":[{"href":"https:\/\/dev-durable.agglo-larochelle.fr\/2022\/wp-json\/wp\/v2\/media?parent=875"}],"curies":[{"name":"wp","href":"https:\/\/api.w.org\/{rel}","templated":true}]}}