{"id":879,"date":"2019-12-03T13:57:23","date_gmt":"2019-12-03T12:57:23","guid":{"rendered":"https:\/\/dev-durable.agglo-larochelle.fr\/20226.0.2\/?page_id=879"},"modified":"2022-12-05T15:43:11","modified_gmt":"2022-12-05T14:43:11","slug":"technopole-ami-accompagnement-startups","status":"publish","type":"page","link":"https:\/\/dev-durable.agglo-larochelle.fr\/2022\/une-agglo-creative\/transition-economique\/technopole-ami-accompagnement-startups\/","title":{"rendered":"L\u2019appel \u00e0 projets T\u00e9ro soutient et accompagne la transition des TPE et PME"},"content":{"rendered":"\n<p><strong>Avec l\u2019appel \u00e0 projets T\u00e9ro pour la transition \u00e9cologique des entreprises, les TPE et PME de l\u2019Agglom\u00e9ration peuvent \u00eatre aid\u00e9es financi\u00e8rement dans leurs projets de d\u00e9veloppement.<\/strong><\/p>\n<p>L\u2019Agglom\u00e9ration p\u00e9rennise son accompagnement \u00e0 la transition \u00e9cologique mis en place en 2021, pour renforcer son soutien \u00e0 l\u2019\u00e9conomie locale. L\u2019appel \u00e0 projet T\u00e9ro est un dispositif qui r\u00e9pond aux enjeux bas carbone du programme LRTZC. Il a pour but de soutenir les investissements des entreprises en d\u00e9veloppement qui s\u2019engagent dans un projet de transition \u00e9cologique et \u00e9nerg\u00e9tique. T\u00e9ro accompagne les TPE et PME pour des projets d\u2019investissements (hors mises aux normes) les engageant dans leur transition \u00e9cologique\u00a0: consommations \u00e9nerg\u00e9tiques, EnR, recyclage, renaturation, gestion de l\u2019eau, mobilit\u00e9s d\u00e9carbon\u00e9es, etc.<\/p>\n","protected":false},"excerpt":{"rendered":"<p>Avec l\u2019appel \u00e0 projets T\u00e9ro pour la transition \u00e9cologique des entreprises, les TPE et PME de l\u2019Agglom\u00e9ration peuvent \u00eatre aid\u00e9es financi\u00e8rement dans leurs projets de d\u00e9veloppement. L\u2019Agglom\u00e9ration p\u00e9rennise son accompagnement \u00e0 la transition \u00e9cologique mis en place en 2021, pour renforcer son soutien \u00e0 l\u2019\u00e9conomie locale. L\u2019appel \u00e0 projet T\u00e9ro est un dispositif qui r\u00e9pond [&hellip;]<\/p>\n","protected":false},"author":1,"featured_media":2899,"parent":156,"menu_order":1,"comment_status":"closed","ping_status":"closed","template":"page-sous-partie.php","meta":[],"acf":[],"yoast_head":"<!-- This site is optimized with the Yoast SEO plugin v19.12 - https:\/\/yoast.com\/wordpress\/plugins\/seo\/ -->\n<title>L\u2019appel \u00e0 projets T\u00e9ro soutient et accompagne la transition des TPE et PME - Rapport du d\u00e9veloppement durable<\/title>\n<meta name=\"robots\" content=\"index, follow, max-snippet:-1, max-image-preview:large, max-video-preview:-1\" \/>\n<link rel=\"canonical\" href=\"https:\/\/dev-durable.agglo-larochelle.fr\/2022\/une-agglo-creative\/transition-economique\/technopole-ami-accompagnement-startups\/\" \/>\n<meta property=\"og:locale\" content=\"fr_FR\" \/>\n<meta property=\"og:type\" content=\"article\" \/>\n<meta property=\"og:title\" content=\"L\u2019appel \u00e0 projets T\u00e9ro soutient et accompagne la transition des TPE et PME - Rapport du d\u00e9veloppement durable\" \/>\n<meta property=\"og:description\" content=\"Avec l\u2019appel \u00e0 projets T\u00e9ro pour la transition \u00e9cologique des entreprises, les TPE et PME de l\u2019Agglom\u00e9ration peuvent \u00eatre aid\u00e9es financi\u00e8rement dans leurs projets de d\u00e9veloppement. L\u2019Agglom\u00e9ration p\u00e9rennise son accompagnement \u00e0 la transition \u00e9cologique mis en place en 2021, pour renforcer son soutien \u00e0 l\u2019\u00e9conomie locale. L\u2019appel \u00e0 projet T\u00e9ro est un dispositif qui r\u00e9pond [&hellip;]\" \/>\n<meta property=\"og:url\" content=\"https:\/\/dev-durable.agglo-larochelle.fr\/2022\/une-agglo-creative\/transition-economique\/technopole-ami-accompagnement-startups\/\" \/>\n<meta property=\"og:site_name\" content=\"Rapport du d\u00e9veloppement durable\" \/>\n<meta property=\"article:modified_time\" content=\"2022-12-05T14:43:11+00:00\" \/>\n<meta property=\"og:image\" content=\"https:\/\/dev-durable.agglo-larochelle.fr\/2022\/wp-content\/uploads\/2022\/12\/Tero_2.jpg\" \/>\n\t<meta property=\"og:image:width\" content=\"650\" \/>\n\t<meta property=\"og:image:height\" content=\"300\" \/>\n\t<meta property=\"og:image:type\" content=\"image\/jpeg\" \/>\n<meta name=\"twitter:card\" content=\"summary_large_image\" \/>\n<meta name=\"twitter:label1\" content=\"Dur\u00e9e de lecture estim\u00e9e\" \/>\n\t<meta name=\"twitter:data1\" content=\"1 minute\" \/>\n<script type=\"application\/ld+json\" class=\"yoast-schema-graph\">{\"@context\":\"https:\/\/schema.org\",\"@graph\":[{\"@type\":\"WebPage\",\"@id\":\"https:\/\/dev-durable.agglo-larochelle.fr\/2022\/une-agglo-creative\/transition-economique\/technopole-ami-accompagnement-startups\/\",\"url\":\"https:\/\/dev-durable.agglo-larochelle.fr\/2022\/une-agglo-creative\/transition-economique\/technopole-ami-accompagnement-startups\/\",\"name\":\"L\u2019appel \u00e0 projets T\u00e9ro soutient et accompagne la transition des TPE et PME - Rapport du d\u00e9veloppement durable\",\"isPartOf\":{\"@id\":\"https:\/\/dev-durable.agglo-larochelle.fr\/2022\/#website\"},\"datePublished\":\"2019-12-03T12:57:23+00:00\",\"dateModified\":\"2022-12-05T14:43:11+00:00\",\"breadcrumb\":{\"@id\":\"https:\/\/dev-durable.agglo-larochelle.fr\/2022\/une-agglo-creative\/transition-economique\/technopole-ami-accompagnement-startups\/#breadcrumb\"},\"inLanguage\":\"fr-FR\",\"potentialAction\":[{\"@type\":\"ReadAction\",\"target\":[\"https:\/\/dev-durable.agglo-larochelle.fr\/2022\/une-agglo-creative\/transition-economique\/technopole-ami-accompagnement-startups\/\"]}]},{\"@type\":\"BreadcrumbList\",\"@id\":\"https:\/\/dev-durable.agglo-larochelle.fr\/2022\/une-agglo-creative\/transition-economique\/technopole-ami-accompagnement-startups\/#breadcrumb\",\"itemListElement\":[{\"@type\":\"ListItem\",\"position\":1,\"name\":\"Accueil\",\"item\":\"https:\/\/dev-durable.agglo-larochelle.fr\/2022\/\"},{\"@type\":\"ListItem\",\"position\":2,\"name\":\"Une Agglo cr\u00e9ative\",\"item\":\"https:\/\/dev-durable.agglo-larochelle.fr\/2022\/une-agglo-creative\/\"},{\"@type\":\"ListItem\",\"position\":3,\"name\":\"Transition \u00e9conomique\",\"item\":\"https:\/\/dev-durable.agglo-larochelle.fr\/2022\/une-agglo-creative\/transition-economique\/\"},{\"@type\":\"ListItem\",\"position\":4,\"name\":\"L\u2019appel \u00e0 projets T\u00e9ro soutient et accompagne la transition des TPE et PME\"}]},{\"@type\":\"WebSite\",\"@id\":\"https:\/\/dev-durable.agglo-larochelle.fr\/2022\/#website\",\"url\":\"https:\/\/dev-durable.agglo-larochelle.fr\/2022\/\",\"name\":\"Rapport du d\u00e9veloppement durable - 2022\",\"description\":\"Rapport 2022 du d\u00e9veloppement durable\",\"alternateName\":\"Communaut\u00e9 d'Agglom\u00e9ration de La Rochelle\",\"potentialAction\":[{\"@type\":\"SearchAction\",\"target\":{\"@type\":\"EntryPoint\",\"urlTemplate\":\"https:\/\/dev-durable.agglo-larochelle.fr\/2022\/?s={search_term_string}\"},\"query-input\":\"required name=search_term_string\"}],\"inLanguage\":\"fr-FR\"}]}<\/script>\n<!-- \/ Yoast SEO plugin. -->","yoast_head_json":{"title":"L\u2019appel \u00e0 projets T\u00e9ro soutient et accompagne la transition des TPE et PME - Rapport du d\u00e9veloppement durable","robots":{"index":"index","follow":"follow","max-snippet":"max-snippet:-1","max-image-preview":"max-image-preview:large","max-video-preview":"max-video-preview:-1"},"canonical":"https:\/\/dev-durable.agglo-larochelle.fr\/2022\/une-agglo-creative\/transition-economique\/technopole-ami-accompagnement-startups\/","og_locale":"fr_FR","og_type":"article","og_title":"L\u2019appel \u00e0 projets T\u00e9ro soutient et accompagne la transition des TPE et PME - Rapport du d\u00e9veloppement durable","og_description":"Avec l\u2019appel \u00e0 projets T\u00e9ro pour la transition \u00e9cologique des entreprises, les TPE et PME de l\u2019Agglom\u00e9ration peuvent \u00eatre aid\u00e9es financi\u00e8rement dans leurs projets de d\u00e9veloppement. L\u2019Agglom\u00e9ration p\u00e9rennise son accompagnement \u00e0 la transition \u00e9cologique mis en place en 2021, pour renforcer son soutien \u00e0 l\u2019\u00e9conomie locale. L\u2019appel \u00e0 projet T\u00e9ro est un dispositif qui r\u00e9pond [&hellip;]","og_url":"https:\/\/dev-durable.agglo-larochelle.fr\/2022\/une-agglo-creative\/transition-economique\/technopole-ami-accompagnement-startups\/","og_site_name":"Rapport du d\u00e9veloppement durable","article_modified_time":"2022-12-05T14:43:11+00:00","og_image":[{"width":650,"height":300,"url":"https:\/\/dev-durable.agglo-larochelle.fr\/2022\/wp-content\/uploads\/2022\/12\/Tero_2.jpg","type":"image\/jpeg"}],"twitter_card":"summary_large_image","twitter_misc":{"Dur\u00e9e de lecture estim\u00e9e":"1 minute"},"schema":{"@context":"https:\/\/schema.org","@graph":[{"@type":"WebPage","@id":"https:\/\/dev-durable.agglo-larochelle.fr\/2022\/une-agglo-creative\/transition-economique\/technopole-ami-accompagnement-startups\/","url":"https:\/\/dev-durable.agglo-larochelle.fr\/2022\/une-agglo-creative\/transition-economique\/technopole-ami-accompagnement-startups\/","name":"L\u2019appel \u00e0 projets T\u00e9ro soutient et accompagne la transition des TPE et PME - Rapport du d\u00e9veloppement durable","isPartOf":{"@id":"https:\/\/dev-durable.agglo-larochelle.fr\/2022\/#website"},"datePublished":"2019-12-03T12:57:23+00:00","dateModified":"2022-12-05T14:43:11+00:00","breadcrumb":{"@id":"https:\/\/dev-durable.agglo-larochelle.fr\/2022\/une-agglo-creative\/transition-economique\/technopole-ami-accompagnement-startups\/#breadcrumb"},"inLanguage":"fr-FR","potentialAction":[{"@type":"ReadAction","target":["https:\/\/dev-durable.agglo-larochelle.fr\/2022\/une-agglo-creative\/transition-economique\/technopole-ami-accompagnement-startups\/"]}]},{"@type":"BreadcrumbList","@id":"https:\/\/dev-durable.agglo-larochelle.fr\/2022\/une-agglo-creative\/transition-economique\/technopole-ami-accompagnement-startups\/#breadcrumb","itemListElement":[{"@type":"ListItem","position":1,"name":"Accueil","item":"https:\/\/dev-durable.agglo-larochelle.fr\/2022\/"},{"@type":"ListItem","position":2,"name":"Une Agglo cr\u00e9ative","item":"https:\/\/dev-durable.agglo-larochelle.fr\/2022\/une-agglo-creative\/"},{"@type":"ListItem","position":3,"name":"Transition \u00e9conomique","item":"https:\/\/dev-durable.agglo-larochelle.fr\/2022\/une-agglo-creative\/transition-economique\/"},{"@type":"ListItem","position":4,"name":"L\u2019appel \u00e0 projets T\u00e9ro soutient et accompagne la transition des TPE et PME"}]},{"@type":"WebSite","@id":"https:\/\/dev-durable.agglo-larochelle.fr\/2022\/#website","url":"https:\/\/dev-durable.agglo-larochelle.fr\/2022\/","name":"Rapport du d\u00e9veloppement durable - 2022","description":"Rapport 2022 du d\u00e9veloppement durable","alternateName":"Communaut\u00e9 d'Agglom\u00e9ration de La Rochelle","potentialAction":[{"@type":"SearchAction","target":{"@type":"EntryPoint","urlTemplate":"https:\/\/dev-durable.agglo-larochelle.fr\/2022\/?s={search_term_string}"},"query-input":"required name=search_term_string"}],"inLanguage":"fr-FR"}]}},"_links":{"self":[{"href":"https:\/\/dev-durable.agglo-larochelle.fr\/2022\/wp-json\/wp\/v2\/pages\/879"}],"collection":[{"href":"https:\/\/dev-durable.agglo-larochelle.fr\/2022\/wp-json\/wp\/v2\/pages"}],"about":[{"href":"https:\/\/dev-durable.agglo-larochelle.fr\/2022\/wp-json\/wp\/v2\/types\/page"}],"author":[{"embeddable":true,"href":"https:\/\/dev-durable.agglo-larochelle.fr\/2022\/wp-json\/wp\/v2\/users\/1"}],"replies":[{"embeddable":true,"href":"https:\/\/dev-durable.agglo-larochelle.fr\/2022\/wp-json\/wp\/v2\/comments?post=879"}],"version-history":[{"count":13,"href":"https:\/\/dev-durable.agglo-larochelle.fr\/2022\/wp-json\/wp\/v2\/pages\/879\/revisions"}],"predecessor-version":[{"id":2617,"href":"https:\/\/dev-durable.agglo-larochelle.fr\/2022\/wp-json\/wp\/v2\/pages\/879\/revisions\/2617"}],"up":[{"embeddable":true,"href":"https:\/\/dev-durable.agglo-larochelle.fr\/2022\/wp-json\/wp\/v2\/pages\/156"}],"wp:featuredmedia":[{"embeddable":true,"href":"https:\/\/dev-durable.agglo-larochelle.fr\/2022\/wp-json\/wp\/v2\/media\/2899"}],"wp:attachment":[{"href":"https:\/\/dev-durable.agglo-larochelle.fr\/2022\/wp-json\/wp\/v2\/media?parent=879"}],"curies":[{"name":"wp","href":"https:\/\/api.w.org\/{rel}","templated":true}]}}