{"id":881,"date":"2019-12-03T13:57:47","date_gmt":"2019-12-03T12:57:47","guid":{"rendered":"https:\/\/dev-durable.agglo-larochelle.fr\/20226.0.2\/?page_id=881"},"modified":"2022-12-05T15:47:31","modified_gmt":"2022-12-05T14:47:31","slug":"un-projet-alimentaire-territorial-a-lechelle-du-scot","status":"publish","type":"page","link":"https:\/\/dev-durable.agglo-larochelle.fr\/2022\/une-agglo-creative\/transition-economique\/un-projet-alimentaire-territorial-a-lechelle-du-scot\/","title":{"rendered":"La mise en \u0153uvre de la politique d\u2019\u00e9conomie circulaire fait l\u2019objet d\u2019ateliers de formation"},"content":{"rendered":"\n<p><strong>Le lancement de l\u2019accompagnement \u00e0 la labellisation \u00ab\u00a0\u00c9conomie circulaire\u00a0\u00bb par l\u2019ADEME-AERE, dans le cadre du programme \u00ab\u00a0Territoire engag\u00e9 Transition \u00e9cologique\u00a0\u00bb, s\u2019inscrit dans la continuit\u00e9 des engagements de l\u2019Agglo.<\/strong><\/p>\n<p>L\u2019Agglo s\u2019\u00e9tait port\u00e9e candidate pour relancer le processus de labellisation \u00ab\u00a0\u00e9conomie circulaire\u00a0\u00bb du programme \u00ab\u00a0Territoire engag\u00e9 Transition \u00e9cologique\u00a0\u00bb (anciennement Cit\u2019ergie), mis en pause durant la crise sanitaire. Cette candidature a \u00e9t\u00e9 retenue et permet au territoire de b\u00e9n\u00e9ficier d\u2019un accompagnement de l\u2019ADEME-AERE sous forme d\u2019ateliers collectifs, dont les premiers se sont d\u00e9roul\u00e9s \u00e0 l\u2019\u00e9t\u00e9 2022. L\u2019\u00e9conomie circulaire contribue \u00e0 limiter la d\u00e9pendance aux mati\u00e8res premi\u00e8res, \u00e0 accompagner la transformation des mod\u00e8les \u00e9conomiques des activit\u00e9s locales, ainsi qu\u2019\u00e0 fixer l\u2019emploi localement. Le label \u00ab\u00a0\u00e9conomie circulaire\u00a0\u00bb atteste des actions engag\u00e9es sur le territoire.<\/p>\n","protected":false},"excerpt":{"rendered":"<p>Le lancement de l\u2019accompagnement \u00e0 la labellisation \u00ab\u00a0\u00c9conomie circulaire\u00a0\u00bb par l\u2019ADEME-AERE, dans le cadre du programme \u00ab\u00a0Territoire engag\u00e9 Transition \u00e9cologique\u00a0\u00bb, s\u2019inscrit dans la continuit\u00e9 des engagements de l\u2019Agglo. L\u2019Agglo s\u2019\u00e9tait port\u00e9e candidate pour relancer le processus de labellisation \u00ab\u00a0\u00e9conomie circulaire\u00a0\u00bb du programme \u00ab\u00a0Territoire engag\u00e9 Transition \u00e9cologique\u00a0\u00bb (anciennement Cit\u2019ergie), mis en pause durant la crise sanitaire. [&hellip;]<\/p>\n","protected":false},"author":1,"featured_media":2901,"parent":156,"menu_order":2,"comment_status":"closed","ping_status":"closed","template":"page-sous-partie.php","meta":[],"acf":[],"yoast_head":"<!-- This site is optimized with the Yoast SEO plugin v19.12 - https:\/\/yoast.com\/wordpress\/plugins\/seo\/ -->\n<title>La mise en \u0153uvre de la politique d\u2019\u00e9conomie circulaire fait l\u2019objet d\u2019ateliers de formation - Rapport du d\u00e9veloppement durable<\/title>\n<meta name=\"robots\" content=\"index, follow, max-snippet:-1, max-image-preview:large, max-video-preview:-1\" \/>\n<link rel=\"canonical\" href=\"https:\/\/dev-durable.agglo-larochelle.fr\/2022\/une-agglo-creative\/transition-economique\/un-projet-alimentaire-territorial-a-lechelle-du-scot\/\" \/>\n<meta property=\"og:locale\" content=\"fr_FR\" \/>\n<meta property=\"og:type\" content=\"article\" \/>\n<meta property=\"og:title\" content=\"La mise en \u0153uvre de la politique d\u2019\u00e9conomie circulaire fait l\u2019objet d\u2019ateliers de formation - Rapport du d\u00e9veloppement durable\" \/>\n<meta property=\"og:description\" content=\"Le lancement de l\u2019accompagnement \u00e0 la labellisation \u00ab\u00a0\u00c9conomie circulaire\u00a0\u00bb par l\u2019ADEME-AERE, dans le cadre du programme \u00ab\u00a0Territoire engag\u00e9 Transition \u00e9cologique\u00a0\u00bb, s\u2019inscrit dans la continuit\u00e9 des engagements de l\u2019Agglo. L\u2019Agglo s\u2019\u00e9tait port\u00e9e candidate pour relancer le processus de labellisation \u00ab\u00a0\u00e9conomie circulaire\u00a0\u00bb du programme \u00ab\u00a0Territoire engag\u00e9 Transition \u00e9cologique\u00a0\u00bb (anciennement Cit\u2019ergie), mis en pause durant la crise sanitaire. [&hellip;]\" \/>\n<meta property=\"og:url\" content=\"https:\/\/dev-durable.agglo-larochelle.fr\/2022\/une-agglo-creative\/transition-economique\/un-projet-alimentaire-territorial-a-lechelle-du-scot\/\" \/>\n<meta property=\"og:site_name\" content=\"Rapport du d\u00e9veloppement durable\" \/>\n<meta property=\"article:modified_time\" content=\"2022-12-05T14:47:31+00:00\" \/>\n<meta property=\"og:image\" content=\"https:\/\/dev-durable.agglo-larochelle.fr\/2022\/wp-content\/uploads\/2022\/12\/eco_circulaire_AdobeStock_481381532.jpg\" \/>\n\t<meta property=\"og:image:width\" content=\"650\" \/>\n\t<meta property=\"og:image:height\" content=\"300\" \/>\n\t<meta property=\"og:image:type\" content=\"image\/jpeg\" \/>\n<meta name=\"twitter:card\" content=\"summary_large_image\" \/>\n<meta name=\"twitter:label1\" content=\"Dur\u00e9e de lecture estim\u00e9e\" \/>\n\t<meta name=\"twitter:data1\" content=\"1 minute\" \/>\n<script type=\"application\/ld+json\" class=\"yoast-schema-graph\">{\"@context\":\"https:\/\/schema.org\",\"@graph\":[{\"@type\":\"WebPage\",\"@id\":\"https:\/\/dev-durable.agglo-larochelle.fr\/2022\/une-agglo-creative\/transition-economique\/un-projet-alimentaire-territorial-a-lechelle-du-scot\/\",\"url\":\"https:\/\/dev-durable.agglo-larochelle.fr\/2022\/une-agglo-creative\/transition-economique\/un-projet-alimentaire-territorial-a-lechelle-du-scot\/\",\"name\":\"La mise en \u0153uvre de la politique d\u2019\u00e9conomie circulaire fait l\u2019objet d\u2019ateliers de formation - Rapport du d\u00e9veloppement durable\",\"isPartOf\":{\"@id\":\"https:\/\/dev-durable.agglo-larochelle.fr\/2022\/#website\"},\"datePublished\":\"2019-12-03T12:57:47+00:00\",\"dateModified\":\"2022-12-05T14:47:31+00:00\",\"breadcrumb\":{\"@id\":\"https:\/\/dev-durable.agglo-larochelle.fr\/2022\/une-agglo-creative\/transition-economique\/un-projet-alimentaire-territorial-a-lechelle-du-scot\/#breadcrumb\"},\"inLanguage\":\"fr-FR\",\"potentialAction\":[{\"@type\":\"ReadAction\",\"target\":[\"https:\/\/dev-durable.agglo-larochelle.fr\/2022\/une-agglo-creative\/transition-economique\/un-projet-alimentaire-territorial-a-lechelle-du-scot\/\"]}]},{\"@type\":\"BreadcrumbList\",\"@id\":\"https:\/\/dev-durable.agglo-larochelle.fr\/2022\/une-agglo-creative\/transition-economique\/un-projet-alimentaire-territorial-a-lechelle-du-scot\/#breadcrumb\",\"itemListElement\":[{\"@type\":\"ListItem\",\"position\":1,\"name\":\"Accueil\",\"item\":\"https:\/\/dev-durable.agglo-larochelle.fr\/2022\/\"},{\"@type\":\"ListItem\",\"position\":2,\"name\":\"Une Agglo cr\u00e9ative\",\"item\":\"https:\/\/dev-durable.agglo-larochelle.fr\/2022\/une-agglo-creative\/\"},{\"@type\":\"ListItem\",\"position\":3,\"name\":\"Transition \u00e9conomique\",\"item\":\"https:\/\/dev-durable.agglo-larochelle.fr\/2022\/une-agglo-creative\/transition-economique\/\"},{\"@type\":\"ListItem\",\"position\":4,\"name\":\"La mise en \u0153uvre de la politique d\u2019\u00e9conomie circulaire fait l\u2019objet d\u2019ateliers de formation\"}]},{\"@type\":\"WebSite\",\"@id\":\"https:\/\/dev-durable.agglo-larochelle.fr\/2022\/#website\",\"url\":\"https:\/\/dev-durable.agglo-larochelle.fr\/2022\/\",\"name\":\"Rapport du d\u00e9veloppement durable - 2022\",\"description\":\"Rapport 2022 du d\u00e9veloppement durable\",\"alternateName\":\"Communaut\u00e9 d'Agglom\u00e9ration de La Rochelle\",\"potentialAction\":[{\"@type\":\"SearchAction\",\"target\":{\"@type\":\"EntryPoint\",\"urlTemplate\":\"https:\/\/dev-durable.agglo-larochelle.fr\/2022\/?s={search_term_string}\"},\"query-input\":\"required name=search_term_string\"}],\"inLanguage\":\"fr-FR\"}]}<\/script>\n<!-- \/ Yoast SEO plugin. -->","yoast_head_json":{"title":"La mise en \u0153uvre de la politique d\u2019\u00e9conomie circulaire fait l\u2019objet d\u2019ateliers de formation - Rapport du d\u00e9veloppement durable","robots":{"index":"index","follow":"follow","max-snippet":"max-snippet:-1","max-image-preview":"max-image-preview:large","max-video-preview":"max-video-preview:-1"},"canonical":"https:\/\/dev-durable.agglo-larochelle.fr\/2022\/une-agglo-creative\/transition-economique\/un-projet-alimentaire-territorial-a-lechelle-du-scot\/","og_locale":"fr_FR","og_type":"article","og_title":"La mise en \u0153uvre de la politique d\u2019\u00e9conomie circulaire fait l\u2019objet d\u2019ateliers de formation - Rapport du d\u00e9veloppement durable","og_description":"Le lancement de l\u2019accompagnement \u00e0 la labellisation \u00ab\u00a0\u00c9conomie circulaire\u00a0\u00bb par l\u2019ADEME-AERE, dans le cadre du programme \u00ab\u00a0Territoire engag\u00e9 Transition \u00e9cologique\u00a0\u00bb, s\u2019inscrit dans la continuit\u00e9 des engagements de l\u2019Agglo. L\u2019Agglo s\u2019\u00e9tait port\u00e9e candidate pour relancer le processus de labellisation \u00ab\u00a0\u00e9conomie circulaire\u00a0\u00bb du programme \u00ab\u00a0Territoire engag\u00e9 Transition \u00e9cologique\u00a0\u00bb (anciennement Cit\u2019ergie), mis en pause durant la crise sanitaire. [&hellip;]","og_url":"https:\/\/dev-durable.agglo-larochelle.fr\/2022\/une-agglo-creative\/transition-economique\/un-projet-alimentaire-territorial-a-lechelle-du-scot\/","og_site_name":"Rapport du d\u00e9veloppement durable","article_modified_time":"2022-12-05T14:47:31+00:00","og_image":[{"width":650,"height":300,"url":"https:\/\/dev-durable.agglo-larochelle.fr\/2022\/wp-content\/uploads\/2022\/12\/eco_circulaire_AdobeStock_481381532.jpg","type":"image\/jpeg"}],"twitter_card":"summary_large_image","twitter_misc":{"Dur\u00e9e de lecture estim\u00e9e":"1 minute"},"schema":{"@context":"https:\/\/schema.org","@graph":[{"@type":"WebPage","@id":"https:\/\/dev-durable.agglo-larochelle.fr\/2022\/une-agglo-creative\/transition-economique\/un-projet-alimentaire-territorial-a-lechelle-du-scot\/","url":"https:\/\/dev-durable.agglo-larochelle.fr\/2022\/une-agglo-creative\/transition-economique\/un-projet-alimentaire-territorial-a-lechelle-du-scot\/","name":"La mise en \u0153uvre de la politique d\u2019\u00e9conomie circulaire fait l\u2019objet d\u2019ateliers de formation - Rapport du d\u00e9veloppement durable","isPartOf":{"@id":"https:\/\/dev-durable.agglo-larochelle.fr\/2022\/#website"},"datePublished":"2019-12-03T12:57:47+00:00","dateModified":"2022-12-05T14:47:31+00:00","breadcrumb":{"@id":"https:\/\/dev-durable.agglo-larochelle.fr\/2022\/une-agglo-creative\/transition-economique\/un-projet-alimentaire-territorial-a-lechelle-du-scot\/#breadcrumb"},"inLanguage":"fr-FR","potentialAction":[{"@type":"ReadAction","target":["https:\/\/dev-durable.agglo-larochelle.fr\/2022\/une-agglo-creative\/transition-economique\/un-projet-alimentaire-territorial-a-lechelle-du-scot\/"]}]},{"@type":"BreadcrumbList","@id":"https:\/\/dev-durable.agglo-larochelle.fr\/2022\/une-agglo-creative\/transition-economique\/un-projet-alimentaire-territorial-a-lechelle-du-scot\/#breadcrumb","itemListElement":[{"@type":"ListItem","position":1,"name":"Accueil","item":"https:\/\/dev-durable.agglo-larochelle.fr\/2022\/"},{"@type":"ListItem","position":2,"name":"Une Agglo cr\u00e9ative","item":"https:\/\/dev-durable.agglo-larochelle.fr\/2022\/une-agglo-creative\/"},{"@type":"ListItem","position":3,"name":"Transition \u00e9conomique","item":"https:\/\/dev-durable.agglo-larochelle.fr\/2022\/une-agglo-creative\/transition-economique\/"},{"@type":"ListItem","position":4,"name":"La mise en \u0153uvre de la politique d\u2019\u00e9conomie circulaire fait l\u2019objet d\u2019ateliers de formation"}]},{"@type":"WebSite","@id":"https:\/\/dev-durable.agglo-larochelle.fr\/2022\/#website","url":"https:\/\/dev-durable.agglo-larochelle.fr\/2022\/","name":"Rapport du d\u00e9veloppement durable - 2022","description":"Rapport 2022 du d\u00e9veloppement durable","alternateName":"Communaut\u00e9 d'Agglom\u00e9ration de La Rochelle","potentialAction":[{"@type":"SearchAction","target":{"@type":"EntryPoint","urlTemplate":"https:\/\/dev-durable.agglo-larochelle.fr\/2022\/?s={search_term_string}"},"query-input":"required name=search_term_string"}],"inLanguage":"fr-FR"}]}},"_links":{"self":[{"href":"https:\/\/dev-durable.agglo-larochelle.fr\/2022\/wp-json\/wp\/v2\/pages\/881"}],"collection":[{"href":"https:\/\/dev-durable.agglo-larochelle.fr\/2022\/wp-json\/wp\/v2\/pages"}],"about":[{"href":"https:\/\/dev-durable.agglo-larochelle.fr\/2022\/wp-json\/wp\/v2\/types\/page"}],"author":[{"embeddable":true,"href":"https:\/\/dev-durable.agglo-larochelle.fr\/2022\/wp-json\/wp\/v2\/users\/1"}],"replies":[{"embeddable":true,"href":"https:\/\/dev-durable.agglo-larochelle.fr\/2022\/wp-json\/wp\/v2\/comments?post=881"}],"version-history":[{"count":11,"href":"https:\/\/dev-durable.agglo-larochelle.fr\/2022\/wp-json\/wp\/v2\/pages\/881\/revisions"}],"predecessor-version":[{"id":2618,"href":"https:\/\/dev-durable.agglo-larochelle.fr\/2022\/wp-json\/wp\/v2\/pages\/881\/revisions\/2618"}],"up":[{"embeddable":true,"href":"https:\/\/dev-durable.agglo-larochelle.fr\/2022\/wp-json\/wp\/v2\/pages\/156"}],"wp:featuredmedia":[{"embeddable":true,"href":"https:\/\/dev-durable.agglo-larochelle.fr\/2022\/wp-json\/wp\/v2\/media\/2901"}],"wp:attachment":[{"href":"https:\/\/dev-durable.agglo-larochelle.fr\/2022\/wp-json\/wp\/v2\/media?parent=881"}],"curies":[{"name":"wp","href":"https:\/\/api.w.org\/{rel}","templated":true}]}}