{"id":887,"date":"2019-12-03T14:00:08","date_gmt":"2019-12-03T13:00:08","guid":{"rendered":"https:\/\/dev-durable.agglo-larochelle.fr\/20226.0.2\/?page_id=887"},"modified":"2022-12-05T15:51:33","modified_gmt":"2022-12-05T14:51:33","slug":"leconomie-circulaire-maritime-avec-circularseas","status":"publish","type":"page","link":"https:\/\/dev-durable.agglo-larochelle.fr\/2022\/une-agglo-creative\/transition-economique\/leconomie-circulaire-maritime-avec-circularseas\/","title":{"rendered":"Les premiers projets soutenus par la strat\u00e9gie Tiers Lieux voient le jour"},"content":{"rendered":"\n<p><strong>Mise en place apr\u00e8s la crise sanitaire pour encourager et soutenir l\u2019innovation sociale, la strat\u00e9gie Tiers Lieux de l\u2019Agglom\u00e9ration porte ses fruits.<\/strong><\/p>\n<p>L\u2019Agglo a d\u00e9fini d\u00e9but 2021 une strat\u00e9gie et un r\u00e8glement pour encourager le d\u00e9veloppement de tiers-lieux sur son territoire. Elle apporte un accompagnement financier et\/ou en ing\u00e9nierie. Dans ce cadre, l\u2019Agglom\u00e9ration a apport\u00e9 notamment son soutien \u00e0 la SCIC Oasis Ressources des Tisserands, situ\u00e9e \u00e0 Sainte-Soulle. L\u2019Oasis des Tisserands est un \u00e9co-lieu sur un domaine de 7 500 m\u00b2, qui int\u00e8gre un programme d\u2019habitat participatif de huit logements, \u00e0 r\u00e9nover ou \u00e0 b\u00e2tir en \u00e9co-construction, ainsi que des espaces partag\u00e9s (ateliers, espaces de formation et de coworking, jardin nourricier). Des rencontres avec d\u2019autres porteurs de Tiers Lieux se sont \u00e9galement d\u00e9roul\u00e9es.<\/p>\n","protected":false},"excerpt":{"rendered":"<p>Mise en place apr\u00e8s la crise sanitaire pour encourager et soutenir l\u2019innovation sociale, la strat\u00e9gie Tiers Lieux de l\u2019Agglom\u00e9ration porte ses fruits. L\u2019Agglo a d\u00e9fini d\u00e9but 2021 une strat\u00e9gie et un r\u00e8glement pour encourager le d\u00e9veloppement de tiers-lieux sur son territoire. Elle apporte un accompagnement financier et\/ou en ing\u00e9nierie. Dans ce cadre, l\u2019Agglom\u00e9ration a apport\u00e9 [&hellip;]<\/p>\n","protected":false},"author":1,"featured_media":2902,"parent":156,"menu_order":4,"comment_status":"closed","ping_status":"closed","template":"page-sous-partie.php","meta":[],"acf":[],"yoast_head":"<!-- This site is optimized with the Yoast SEO plugin v19.12 - https:\/\/yoast.com\/wordpress\/plugins\/seo\/ -->\n<title>Les premiers projets soutenus par la strat\u00e9gie Tiers Lieux voient le jour - Rapport du d\u00e9veloppement durable<\/title>\n<meta name=\"robots\" content=\"index, follow, max-snippet:-1, max-image-preview:large, max-video-preview:-1\" \/>\n<link rel=\"canonical\" href=\"https:\/\/dev-durable.agglo-larochelle.fr\/2022\/une-agglo-creative\/transition-economique\/leconomie-circulaire-maritime-avec-circularseas\/\" \/>\n<meta property=\"og:locale\" content=\"fr_FR\" \/>\n<meta property=\"og:type\" content=\"article\" \/>\n<meta property=\"og:title\" content=\"Les premiers projets soutenus par la strat\u00e9gie Tiers Lieux voient le jour - Rapport du d\u00e9veloppement durable\" \/>\n<meta property=\"og:description\" content=\"Mise en place apr\u00e8s la crise sanitaire pour encourager et soutenir l\u2019innovation sociale, la strat\u00e9gie Tiers Lieux de l\u2019Agglom\u00e9ration porte ses fruits. L\u2019Agglo a d\u00e9fini d\u00e9but 2021 une strat\u00e9gie et un r\u00e8glement pour encourager le d\u00e9veloppement de tiers-lieux sur son territoire. Elle apporte un accompagnement financier et\/ou en ing\u00e9nierie. Dans ce cadre, l\u2019Agglom\u00e9ration a apport\u00e9 [&hellip;]\" \/>\n<meta property=\"og:url\" content=\"https:\/\/dev-durable.agglo-larochelle.fr\/2022\/une-agglo-creative\/transition-economique\/leconomie-circulaire-maritime-avec-circularseas\/\" \/>\n<meta property=\"og:site_name\" content=\"Rapport du d\u00e9veloppement durable\" \/>\n<meta property=\"article:modified_time\" content=\"2022-12-05T14:51:33+00:00\" \/>\n<meta property=\"og:image\" content=\"https:\/\/dev-durable.agglo-larochelle.fr\/2022\/wp-content\/uploads\/2022\/12\/oasis_tisserands.jpg\" \/>\n\t<meta property=\"og:image:width\" content=\"650\" \/>\n\t<meta property=\"og:image:height\" content=\"300\" \/>\n\t<meta property=\"og:image:type\" content=\"image\/jpeg\" \/>\n<meta name=\"twitter:card\" content=\"summary_large_image\" \/>\n<meta name=\"twitter:label1\" content=\"Dur\u00e9e de lecture estim\u00e9e\" \/>\n\t<meta name=\"twitter:data1\" content=\"1 minute\" \/>\n<script type=\"application\/ld+json\" class=\"yoast-schema-graph\">{\"@context\":\"https:\/\/schema.org\",\"@graph\":[{\"@type\":\"WebPage\",\"@id\":\"https:\/\/dev-durable.agglo-larochelle.fr\/2022\/une-agglo-creative\/transition-economique\/leconomie-circulaire-maritime-avec-circularseas\/\",\"url\":\"https:\/\/dev-durable.agglo-larochelle.fr\/2022\/une-agglo-creative\/transition-economique\/leconomie-circulaire-maritime-avec-circularseas\/\",\"name\":\"Les premiers projets soutenus par la strat\u00e9gie Tiers Lieux voient le jour - Rapport du d\u00e9veloppement durable\",\"isPartOf\":{\"@id\":\"https:\/\/dev-durable.agglo-larochelle.fr\/2022\/#website\"},\"datePublished\":\"2019-12-03T13:00:08+00:00\",\"dateModified\":\"2022-12-05T14:51:33+00:00\",\"breadcrumb\":{\"@id\":\"https:\/\/dev-durable.agglo-larochelle.fr\/2022\/une-agglo-creative\/transition-economique\/leconomie-circulaire-maritime-avec-circularseas\/#breadcrumb\"},\"inLanguage\":\"fr-FR\",\"potentialAction\":[{\"@type\":\"ReadAction\",\"target\":[\"https:\/\/dev-durable.agglo-larochelle.fr\/2022\/une-agglo-creative\/transition-economique\/leconomie-circulaire-maritime-avec-circularseas\/\"]}]},{\"@type\":\"BreadcrumbList\",\"@id\":\"https:\/\/dev-durable.agglo-larochelle.fr\/2022\/une-agglo-creative\/transition-economique\/leconomie-circulaire-maritime-avec-circularseas\/#breadcrumb\",\"itemListElement\":[{\"@type\":\"ListItem\",\"position\":1,\"name\":\"Accueil\",\"item\":\"https:\/\/dev-durable.agglo-larochelle.fr\/2022\/\"},{\"@type\":\"ListItem\",\"position\":2,\"name\":\"Une Agglo cr\u00e9ative\",\"item\":\"https:\/\/dev-durable.agglo-larochelle.fr\/2022\/une-agglo-creative\/\"},{\"@type\":\"ListItem\",\"position\":3,\"name\":\"Transition \u00e9conomique\",\"item\":\"https:\/\/dev-durable.agglo-larochelle.fr\/2022\/une-agglo-creative\/transition-economique\/\"},{\"@type\":\"ListItem\",\"position\":4,\"name\":\"Les premiers projets soutenus par la strat\u00e9gie Tiers Lieux voient le jour\"}]},{\"@type\":\"WebSite\",\"@id\":\"https:\/\/dev-durable.agglo-larochelle.fr\/2022\/#website\",\"url\":\"https:\/\/dev-durable.agglo-larochelle.fr\/2022\/\",\"name\":\"Rapport du d\u00e9veloppement durable - 2022\",\"description\":\"Rapport 2022 du d\u00e9veloppement durable\",\"alternateName\":\"Communaut\u00e9 d'Agglom\u00e9ration de La Rochelle\",\"potentialAction\":[{\"@type\":\"SearchAction\",\"target\":{\"@type\":\"EntryPoint\",\"urlTemplate\":\"https:\/\/dev-durable.agglo-larochelle.fr\/2022\/?s={search_term_string}\"},\"query-input\":\"required name=search_term_string\"}],\"inLanguage\":\"fr-FR\"}]}<\/script>\n<!-- \/ Yoast SEO plugin. -->","yoast_head_json":{"title":"Les premiers projets soutenus par la strat\u00e9gie Tiers Lieux voient le jour - Rapport du d\u00e9veloppement durable","robots":{"index":"index","follow":"follow","max-snippet":"max-snippet:-1","max-image-preview":"max-image-preview:large","max-video-preview":"max-video-preview:-1"},"canonical":"https:\/\/dev-durable.agglo-larochelle.fr\/2022\/une-agglo-creative\/transition-economique\/leconomie-circulaire-maritime-avec-circularseas\/","og_locale":"fr_FR","og_type":"article","og_title":"Les premiers projets soutenus par la strat\u00e9gie Tiers Lieux voient le jour - Rapport du d\u00e9veloppement durable","og_description":"Mise en place apr\u00e8s la crise sanitaire pour encourager et soutenir l\u2019innovation sociale, la strat\u00e9gie Tiers Lieux de l\u2019Agglom\u00e9ration porte ses fruits. L\u2019Agglo a d\u00e9fini d\u00e9but 2021 une strat\u00e9gie et un r\u00e8glement pour encourager le d\u00e9veloppement de tiers-lieux sur son territoire. Elle apporte un accompagnement financier et\/ou en ing\u00e9nierie. Dans ce cadre, l\u2019Agglom\u00e9ration a apport\u00e9 [&hellip;]","og_url":"https:\/\/dev-durable.agglo-larochelle.fr\/2022\/une-agglo-creative\/transition-economique\/leconomie-circulaire-maritime-avec-circularseas\/","og_site_name":"Rapport du d\u00e9veloppement durable","article_modified_time":"2022-12-05T14:51:33+00:00","og_image":[{"width":650,"height":300,"url":"https:\/\/dev-durable.agglo-larochelle.fr\/2022\/wp-content\/uploads\/2022\/12\/oasis_tisserands.jpg","type":"image\/jpeg"}],"twitter_card":"summary_large_image","twitter_misc":{"Dur\u00e9e de lecture estim\u00e9e":"1 minute"},"schema":{"@context":"https:\/\/schema.org","@graph":[{"@type":"WebPage","@id":"https:\/\/dev-durable.agglo-larochelle.fr\/2022\/une-agglo-creative\/transition-economique\/leconomie-circulaire-maritime-avec-circularseas\/","url":"https:\/\/dev-durable.agglo-larochelle.fr\/2022\/une-agglo-creative\/transition-economique\/leconomie-circulaire-maritime-avec-circularseas\/","name":"Les premiers projets soutenus par la strat\u00e9gie Tiers Lieux voient le jour - Rapport du d\u00e9veloppement durable","isPartOf":{"@id":"https:\/\/dev-durable.agglo-larochelle.fr\/2022\/#website"},"datePublished":"2019-12-03T13:00:08+00:00","dateModified":"2022-12-05T14:51:33+00:00","breadcrumb":{"@id":"https:\/\/dev-durable.agglo-larochelle.fr\/2022\/une-agglo-creative\/transition-economique\/leconomie-circulaire-maritime-avec-circularseas\/#breadcrumb"},"inLanguage":"fr-FR","potentialAction":[{"@type":"ReadAction","target":["https:\/\/dev-durable.agglo-larochelle.fr\/2022\/une-agglo-creative\/transition-economique\/leconomie-circulaire-maritime-avec-circularseas\/"]}]},{"@type":"BreadcrumbList","@id":"https:\/\/dev-durable.agglo-larochelle.fr\/2022\/une-agglo-creative\/transition-economique\/leconomie-circulaire-maritime-avec-circularseas\/#breadcrumb","itemListElement":[{"@type":"ListItem","position":1,"name":"Accueil","item":"https:\/\/dev-durable.agglo-larochelle.fr\/2022\/"},{"@type":"ListItem","position":2,"name":"Une Agglo cr\u00e9ative","item":"https:\/\/dev-durable.agglo-larochelle.fr\/2022\/une-agglo-creative\/"},{"@type":"ListItem","position":3,"name":"Transition \u00e9conomique","item":"https:\/\/dev-durable.agglo-larochelle.fr\/2022\/une-agglo-creative\/transition-economique\/"},{"@type":"ListItem","position":4,"name":"Les premiers projets soutenus par la strat\u00e9gie Tiers Lieux voient le jour"}]},{"@type":"WebSite","@id":"https:\/\/dev-durable.agglo-larochelle.fr\/2022\/#website","url":"https:\/\/dev-durable.agglo-larochelle.fr\/2022\/","name":"Rapport du d\u00e9veloppement durable - 2022","description":"Rapport 2022 du d\u00e9veloppement durable","alternateName":"Communaut\u00e9 d'Agglom\u00e9ration de La Rochelle","potentialAction":[{"@type":"SearchAction","target":{"@type":"EntryPoint","urlTemplate":"https:\/\/dev-durable.agglo-larochelle.fr\/2022\/?s={search_term_string}"},"query-input":"required name=search_term_string"}],"inLanguage":"fr-FR"}]}},"_links":{"self":[{"href":"https:\/\/dev-durable.agglo-larochelle.fr\/2022\/wp-json\/wp\/v2\/pages\/887"}],"collection":[{"href":"https:\/\/dev-durable.agglo-larochelle.fr\/2022\/wp-json\/wp\/v2\/pages"}],"about":[{"href":"https:\/\/dev-durable.agglo-larochelle.fr\/2022\/wp-json\/wp\/v2\/types\/page"}],"author":[{"embeddable":true,"href":"https:\/\/dev-durable.agglo-larochelle.fr\/2022\/wp-json\/wp\/v2\/users\/1"}],"replies":[{"embeddable":true,"href":"https:\/\/dev-durable.agglo-larochelle.fr\/2022\/wp-json\/wp\/v2\/comments?post=887"}],"version-history":[{"count":11,"href":"https:\/\/dev-durable.agglo-larochelle.fr\/2022\/wp-json\/wp\/v2\/pages\/887\/revisions"}],"predecessor-version":[{"id":2620,"href":"https:\/\/dev-durable.agglo-larochelle.fr\/2022\/wp-json\/wp\/v2\/pages\/887\/revisions\/2620"}],"up":[{"embeddable":true,"href":"https:\/\/dev-durable.agglo-larochelle.fr\/2022\/wp-json\/wp\/v2\/pages\/156"}],"wp:featuredmedia":[{"embeddable":true,"href":"https:\/\/dev-durable.agglo-larochelle.fr\/2022\/wp-json\/wp\/v2\/media\/2902"}],"wp:attachment":[{"href":"https:\/\/dev-durable.agglo-larochelle.fr\/2022\/wp-json\/wp\/v2\/media?parent=887"}],"curies":[{"name":"wp","href":"https:\/\/api.w.org\/{rel}","templated":true}]}}