{"id":889,"date":"2019-12-03T14:00:34","date_gmt":"2019-12-03T13:00:34","guid":{"rendered":"https:\/\/dev-durable.agglo-larochelle.fr\/20226.0.2\/?page_id=889"},"modified":"2022-12-05T15:57:19","modified_gmt":"2022-12-05T14:57:19","slug":"la-finance-participative-au-service-de-projets-locaux","status":"publish","type":"page","link":"https:\/\/dev-durable.agglo-larochelle.fr\/2022\/une-agglo-creative\/transition-economique\/la-finance-participative-au-service-de-projets-locaux\/","title":{"rendered":"Plusieurs projets locaux rendus possibles gr\u00e2ce \u00e0 la plateforme de financement participatif"},"content":{"rendered":"\n<p><strong>Le soutien de l\u2019Agglom\u00e9ration au financement participatif des projets sur notre territoire se poursuit, avec la plateforme r\u00e9gionale \u00ab\u00a0jadopteunprojet.com\u00a0\u00bb.<\/strong><\/p>\n<p>L\u2019Agglom\u00e9ration accompagne et facilite les actions en faveur de l\u2019\u00c9conomie Sociale et Solidaire (ESS) sur son territoire, en soutenant les actions de financement participatif citoyen pour des projets d\u00e9velopp\u00e9s sur le territoire. L&rsquo;Agglo est associ\u00e9e au site jadopteunprojet.com &#8211; g\u00e9r\u00e9 par l\u2019association Adefip (Action pour le d\u00e9veloppement \u00e9conomique par la finance participative) &#8211; et propose une page d\u00e9di\u00e9e aux projets localis\u00e9s dans l\u2019une des communes membres. Depuis le lancement de cette initiative, plus de 123 000 \u20ac ont d\u00e9j\u00e0 \u00e9t\u00e9 collect\u00e9s et ont contribu\u00e9 \u00e0 financer des projets d\u2019\u00e9co-mobilit\u00e9, de ferme urbaine ou encore d\u2019ateliers de r\u00e9cup\u00e9ration.<\/p>\n","protected":false},"excerpt":{"rendered":"<p>Le soutien de l\u2019Agglom\u00e9ration au financement participatif des projets sur notre territoire se poursuit, avec la plateforme r\u00e9gionale \u00ab\u00a0jadopteunprojet.com\u00a0\u00bb. L\u2019Agglom\u00e9ration accompagne et facilite les actions en faveur de l\u2019\u00c9conomie Sociale et Solidaire (ESS) sur son territoire, en soutenant les actions de financement participatif citoyen pour des projets d\u00e9velopp\u00e9s sur le territoire. L&rsquo;Agglo est associ\u00e9e au [&hellip;]<\/p>\n","protected":false},"author":1,"featured_media":2904,"parent":156,"menu_order":5,"comment_status":"closed","ping_status":"closed","template":"page-sous-partie.php","meta":[],"acf":[],"yoast_head":"<!-- This site is optimized with the Yoast SEO plugin v19.12 - https:\/\/yoast.com\/wordpress\/plugins\/seo\/ -->\n<title>Plusieurs projets locaux rendus possibles gr\u00e2ce \u00e0 la plateforme de financement participatif - Rapport du d\u00e9veloppement durable<\/title>\n<meta name=\"robots\" content=\"index, follow, max-snippet:-1, max-image-preview:large, max-video-preview:-1\" \/>\n<link rel=\"canonical\" href=\"https:\/\/dev-durable.agglo-larochelle.fr\/2022\/une-agglo-creative\/transition-economique\/la-finance-participative-au-service-de-projets-locaux\/\" \/>\n<meta property=\"og:locale\" content=\"fr_FR\" \/>\n<meta property=\"og:type\" content=\"article\" \/>\n<meta property=\"og:title\" content=\"Plusieurs projets locaux rendus possibles gr\u00e2ce \u00e0 la plateforme de financement participatif - Rapport du d\u00e9veloppement durable\" \/>\n<meta property=\"og:description\" content=\"Le soutien de l\u2019Agglom\u00e9ration au financement participatif des projets sur notre territoire se poursuit, avec la plateforme r\u00e9gionale \u00ab\u00a0jadopteunprojet.com\u00a0\u00bb. L\u2019Agglom\u00e9ration accompagne et facilite les actions en faveur de l\u2019\u00c9conomie Sociale et Solidaire (ESS) sur son territoire, en soutenant les actions de financement participatif citoyen pour des projets d\u00e9velopp\u00e9s sur le territoire. L&rsquo;Agglo est associ\u00e9e au [&hellip;]\" \/>\n<meta property=\"og:url\" content=\"https:\/\/dev-durable.agglo-larochelle.fr\/2022\/une-agglo-creative\/transition-economique\/la-finance-participative-au-service-de-projets-locaux\/\" \/>\n<meta property=\"og:site_name\" content=\"Rapport du d\u00e9veloppement durable\" \/>\n<meta property=\"article:modified_time\" content=\"2022-12-05T14:57:19+00:00\" \/>\n<meta property=\"og:image\" content=\"https:\/\/dev-durable.agglo-larochelle.fr\/2022\/wp-content\/uploads\/2022\/12\/financement_participatif_AdobeStock_314824390.jpg\" \/>\n\t<meta property=\"og:image:width\" content=\"650\" \/>\n\t<meta property=\"og:image:height\" content=\"300\" \/>\n\t<meta property=\"og:image:type\" content=\"image\/jpeg\" \/>\n<meta name=\"twitter:card\" content=\"summary_large_image\" \/>\n<meta name=\"twitter:label1\" content=\"Dur\u00e9e de lecture estim\u00e9e\" \/>\n\t<meta name=\"twitter:data1\" content=\"1 minute\" \/>\n<script type=\"application\/ld+json\" class=\"yoast-schema-graph\">{\"@context\":\"https:\/\/schema.org\",\"@graph\":[{\"@type\":\"WebPage\",\"@id\":\"https:\/\/dev-durable.agglo-larochelle.fr\/2022\/une-agglo-creative\/transition-economique\/la-finance-participative-au-service-de-projets-locaux\/\",\"url\":\"https:\/\/dev-durable.agglo-larochelle.fr\/2022\/une-agglo-creative\/transition-economique\/la-finance-participative-au-service-de-projets-locaux\/\",\"name\":\"Plusieurs projets locaux rendus possibles gr\u00e2ce \u00e0 la plateforme de financement participatif - Rapport du d\u00e9veloppement durable\",\"isPartOf\":{\"@id\":\"https:\/\/dev-durable.agglo-larochelle.fr\/2022\/#website\"},\"datePublished\":\"2019-12-03T13:00:34+00:00\",\"dateModified\":\"2022-12-05T14:57:19+00:00\",\"breadcrumb\":{\"@id\":\"https:\/\/dev-durable.agglo-larochelle.fr\/2022\/une-agglo-creative\/transition-economique\/la-finance-participative-au-service-de-projets-locaux\/#breadcrumb\"},\"inLanguage\":\"fr-FR\",\"potentialAction\":[{\"@type\":\"ReadAction\",\"target\":[\"https:\/\/dev-durable.agglo-larochelle.fr\/2022\/une-agglo-creative\/transition-economique\/la-finance-participative-au-service-de-projets-locaux\/\"]}]},{\"@type\":\"BreadcrumbList\",\"@id\":\"https:\/\/dev-durable.agglo-larochelle.fr\/2022\/une-agglo-creative\/transition-economique\/la-finance-participative-au-service-de-projets-locaux\/#breadcrumb\",\"itemListElement\":[{\"@type\":\"ListItem\",\"position\":1,\"name\":\"Accueil\",\"item\":\"https:\/\/dev-durable.agglo-larochelle.fr\/2022\/\"},{\"@type\":\"ListItem\",\"position\":2,\"name\":\"Une Agglo cr\u00e9ative\",\"item\":\"https:\/\/dev-durable.agglo-larochelle.fr\/2022\/une-agglo-creative\/\"},{\"@type\":\"ListItem\",\"position\":3,\"name\":\"Transition \u00e9conomique\",\"item\":\"https:\/\/dev-durable.agglo-larochelle.fr\/2022\/une-agglo-creative\/transition-economique\/\"},{\"@type\":\"ListItem\",\"position\":4,\"name\":\"Plusieurs projets locaux rendus possibles gr\u00e2ce \u00e0 la plateforme de financement participatif\"}]},{\"@type\":\"WebSite\",\"@id\":\"https:\/\/dev-durable.agglo-larochelle.fr\/2022\/#website\",\"url\":\"https:\/\/dev-durable.agglo-larochelle.fr\/2022\/\",\"name\":\"Rapport du d\u00e9veloppement durable - 2022\",\"description\":\"Rapport 2022 du d\u00e9veloppement durable\",\"alternateName\":\"Communaut\u00e9 d'Agglom\u00e9ration de La Rochelle\",\"potentialAction\":[{\"@type\":\"SearchAction\",\"target\":{\"@type\":\"EntryPoint\",\"urlTemplate\":\"https:\/\/dev-durable.agglo-larochelle.fr\/2022\/?s={search_term_string}\"},\"query-input\":\"required name=search_term_string\"}],\"inLanguage\":\"fr-FR\"}]}<\/script>\n<!-- \/ Yoast SEO plugin. -->","yoast_head_json":{"title":"Plusieurs projets locaux rendus possibles gr\u00e2ce \u00e0 la plateforme de financement participatif - Rapport du d\u00e9veloppement durable","robots":{"index":"index","follow":"follow","max-snippet":"max-snippet:-1","max-image-preview":"max-image-preview:large","max-video-preview":"max-video-preview:-1"},"canonical":"https:\/\/dev-durable.agglo-larochelle.fr\/2022\/une-agglo-creative\/transition-economique\/la-finance-participative-au-service-de-projets-locaux\/","og_locale":"fr_FR","og_type":"article","og_title":"Plusieurs projets locaux rendus possibles gr\u00e2ce \u00e0 la plateforme de financement participatif - Rapport du d\u00e9veloppement durable","og_description":"Le soutien de l\u2019Agglom\u00e9ration au financement participatif des projets sur notre territoire se poursuit, avec la plateforme r\u00e9gionale \u00ab\u00a0jadopteunprojet.com\u00a0\u00bb. L\u2019Agglom\u00e9ration accompagne et facilite les actions en faveur de l\u2019\u00c9conomie Sociale et Solidaire (ESS) sur son territoire, en soutenant les actions de financement participatif citoyen pour des projets d\u00e9velopp\u00e9s sur le territoire. L&rsquo;Agglo est associ\u00e9e au [&hellip;]","og_url":"https:\/\/dev-durable.agglo-larochelle.fr\/2022\/une-agglo-creative\/transition-economique\/la-finance-participative-au-service-de-projets-locaux\/","og_site_name":"Rapport du d\u00e9veloppement durable","article_modified_time":"2022-12-05T14:57:19+00:00","og_image":[{"width":650,"height":300,"url":"https:\/\/dev-durable.agglo-larochelle.fr\/2022\/wp-content\/uploads\/2022\/12\/financement_participatif_AdobeStock_314824390.jpg","type":"image\/jpeg"}],"twitter_card":"summary_large_image","twitter_misc":{"Dur\u00e9e de lecture estim\u00e9e":"1 minute"},"schema":{"@context":"https:\/\/schema.org","@graph":[{"@type":"WebPage","@id":"https:\/\/dev-durable.agglo-larochelle.fr\/2022\/une-agglo-creative\/transition-economique\/la-finance-participative-au-service-de-projets-locaux\/","url":"https:\/\/dev-durable.agglo-larochelle.fr\/2022\/une-agglo-creative\/transition-economique\/la-finance-participative-au-service-de-projets-locaux\/","name":"Plusieurs projets locaux rendus possibles gr\u00e2ce \u00e0 la plateforme de financement participatif - Rapport du d\u00e9veloppement durable","isPartOf":{"@id":"https:\/\/dev-durable.agglo-larochelle.fr\/2022\/#website"},"datePublished":"2019-12-03T13:00:34+00:00","dateModified":"2022-12-05T14:57:19+00:00","breadcrumb":{"@id":"https:\/\/dev-durable.agglo-larochelle.fr\/2022\/une-agglo-creative\/transition-economique\/la-finance-participative-au-service-de-projets-locaux\/#breadcrumb"},"inLanguage":"fr-FR","potentialAction":[{"@type":"ReadAction","target":["https:\/\/dev-durable.agglo-larochelle.fr\/2022\/une-agglo-creative\/transition-economique\/la-finance-participative-au-service-de-projets-locaux\/"]}]},{"@type":"BreadcrumbList","@id":"https:\/\/dev-durable.agglo-larochelle.fr\/2022\/une-agglo-creative\/transition-economique\/la-finance-participative-au-service-de-projets-locaux\/#breadcrumb","itemListElement":[{"@type":"ListItem","position":1,"name":"Accueil","item":"https:\/\/dev-durable.agglo-larochelle.fr\/2022\/"},{"@type":"ListItem","position":2,"name":"Une Agglo cr\u00e9ative","item":"https:\/\/dev-durable.agglo-larochelle.fr\/2022\/une-agglo-creative\/"},{"@type":"ListItem","position":3,"name":"Transition \u00e9conomique","item":"https:\/\/dev-durable.agglo-larochelle.fr\/2022\/une-agglo-creative\/transition-economique\/"},{"@type":"ListItem","position":4,"name":"Plusieurs projets locaux rendus possibles gr\u00e2ce \u00e0 la plateforme de financement participatif"}]},{"@type":"WebSite","@id":"https:\/\/dev-durable.agglo-larochelle.fr\/2022\/#website","url":"https:\/\/dev-durable.agglo-larochelle.fr\/2022\/","name":"Rapport du d\u00e9veloppement durable - 2022","description":"Rapport 2022 du d\u00e9veloppement durable","alternateName":"Communaut\u00e9 d'Agglom\u00e9ration de La Rochelle","potentialAction":[{"@type":"SearchAction","target":{"@type":"EntryPoint","urlTemplate":"https:\/\/dev-durable.agglo-larochelle.fr\/2022\/?s={search_term_string}"},"query-input":"required name=search_term_string"}],"inLanguage":"fr-FR"}]}},"_links":{"self":[{"href":"https:\/\/dev-durable.agglo-larochelle.fr\/2022\/wp-json\/wp\/v2\/pages\/889"}],"collection":[{"href":"https:\/\/dev-durable.agglo-larochelle.fr\/2022\/wp-json\/wp\/v2\/pages"}],"about":[{"href":"https:\/\/dev-durable.agglo-larochelle.fr\/2022\/wp-json\/wp\/v2\/types\/page"}],"author":[{"embeddable":true,"href":"https:\/\/dev-durable.agglo-larochelle.fr\/2022\/wp-json\/wp\/v2\/users\/1"}],"replies":[{"embeddable":true,"href":"https:\/\/dev-durable.agglo-larochelle.fr\/2022\/wp-json\/wp\/v2\/comments?post=889"}],"version-history":[{"count":12,"href":"https:\/\/dev-durable.agglo-larochelle.fr\/2022\/wp-json\/wp\/v2\/pages\/889\/revisions"}],"predecessor-version":[{"id":2621,"href":"https:\/\/dev-durable.agglo-larochelle.fr\/2022\/wp-json\/wp\/v2\/pages\/889\/revisions\/2621"}],"up":[{"embeddable":true,"href":"https:\/\/dev-durable.agglo-larochelle.fr\/2022\/wp-json\/wp\/v2\/pages\/156"}],"wp:featuredmedia":[{"embeddable":true,"href":"https:\/\/dev-durable.agglo-larochelle.fr\/2022\/wp-json\/wp\/v2\/media\/2904"}],"wp:attachment":[{"href":"https:\/\/dev-durable.agglo-larochelle.fr\/2022\/wp-json\/wp\/v2\/media?parent=889"}],"curies":[{"name":"wp","href":"https:\/\/api.w.org\/{rel}","templated":true}]}}