{"id":893,"date":"2019-12-03T14:01:50","date_gmt":"2019-12-03T13:01:50","guid":{"rendered":"https:\/\/dev-durable.agglo-larochelle.fr\/20226.0.2\/?page_id=893"},"modified":"2022-12-05T16:04:55","modified_gmt":"2022-12-05T15:04:55","slug":"diagnostic-opaal-outil-pour-ladaptation-a-lagriculture-locale","status":"publish","type":"page","link":"https:\/\/dev-durable.agglo-larochelle.fr\/2022\/une-agglo-creative\/transition-ecologique\/diagnostic-opaal-outil-pour-ladaptation-a-lagriculture-locale\/","title":{"rendered":"L\u2019Agglo se positionne pour devenir D\u00e9monstrateur des transitions agricoles et alimentaires"},"content":{"rendered":"\n<p><strong>L\u2019Agglom\u00e9ration rochelaise, et avec elle les territoires de l\u2019Aunis et de l\u2019Ile de R\u00e9, a r\u00e9pondu \u00e0 un Appel \u00e0 Manifestation d\u2019Int\u00e9r\u00eat de la Banque des Territoires pour faire de son projet agricole et alimentaire un terrain d\u2019exp\u00e9rimentations r\u00e9plicables.<\/strong><\/p>\n<p>Les quatre EPCI de l\u2019Aunis (la Communaut\u00e9 d\u2019Agglom\u00e9ration de La Rochelle et les Communaut\u00e9s de communes de l\u2019\u00eele de R\u00e9, d\u2019Aunis Sud et d\u2019Aunis Atlantique) ont fait valoir leur strat\u00e9gie commune de transition agricole et alimentaire pour devenir \u00ab\u00a0d\u00e9monstrateur territorial\u00a0\u00bb. Elle repose sur un tissu partenarial dense, des projets de territoire d\u00e9j\u00e0 op\u00e9rationnels et des objectifs \u00e9tablis. La candidature pr\u00e9sent\u00e9e \u00e0 l\u2019Appel \u00e0 Manifestation d&rsquo;Int\u00e9r\u00eat de la Banque des Territoires pour devenir \u00ab\u00a0d\u00e9monstrateur territorial\u00a0\u00bb porte une vision globale de transition agricole et alimentaire sur ce vaste territoire, avec un mod\u00e8le de gouvernance et de partenariat adapt\u00e9. L\u2019enjeu est de consolider ce projet de territoire et ses objectifs, et de pouvoir proposer la r\u00e9plicabilit\u00e9 de ce mod\u00e8le. L\u2019Agglo et ses partenaires sont laur\u00e9ats de cet AMI et vont entrer d\u00e8s 2023 dans la phase de maturation\u00a0: r\u00e9alisation d\u2019\u00e9tudes pour identifier les investissements n\u00e9cessaires \u00e0 la phase de d\u00e9veloppement.<\/p>\n","protected":false},"excerpt":{"rendered":"<p>L\u2019Agglom\u00e9ration rochelaise, et avec elle les territoires de l\u2019Aunis et de l\u2019Ile de R\u00e9, a r\u00e9pondu \u00e0 un Appel \u00e0 Manifestation d\u2019Int\u00e9r\u00eat de la Banque des Territoires pour faire de son projet agricole et alimentaire un terrain d\u2019exp\u00e9rimentations r\u00e9plicables. Les quatre EPCI de l\u2019Aunis (la Communaut\u00e9 d\u2019Agglom\u00e9ration de La Rochelle et les Communaut\u00e9s de communes [&hellip;]<\/p>\n","protected":false},"author":1,"featured_media":2358,"parent":272,"menu_order":1,"comment_status":"closed","ping_status":"closed","template":"page-sous-partie.php","meta":[],"acf":[],"yoast_head":"<!-- This site is optimized with the Yoast SEO plugin v19.12 - https:\/\/yoast.com\/wordpress\/plugins\/seo\/ -->\n<title>L\u2019Agglo se positionne pour devenir D\u00e9monstrateur des transitions agricoles et alimentaires - Rapport du d\u00e9veloppement durable<\/title>\n<meta name=\"robots\" content=\"index, follow, max-snippet:-1, max-image-preview:large, max-video-preview:-1\" \/>\n<link rel=\"canonical\" href=\"https:\/\/dev-durable.agglo-larochelle.fr\/2022\/une-agglo-creative\/transition-ecologique\/diagnostic-opaal-outil-pour-ladaptation-a-lagriculture-locale\/\" \/>\n<meta property=\"og:locale\" content=\"fr_FR\" \/>\n<meta property=\"og:type\" content=\"article\" \/>\n<meta property=\"og:title\" content=\"L\u2019Agglo se positionne pour devenir D\u00e9monstrateur des transitions agricoles et alimentaires - Rapport du d\u00e9veloppement durable\" \/>\n<meta property=\"og:description\" content=\"L\u2019Agglom\u00e9ration rochelaise, et avec elle les territoires de l\u2019Aunis et de l\u2019Ile de R\u00e9, a r\u00e9pondu \u00e0 un Appel \u00e0 Manifestation d\u2019Int\u00e9r\u00eat de la Banque des Territoires pour faire de son projet agricole et alimentaire un terrain d\u2019exp\u00e9rimentations r\u00e9plicables. Les quatre EPCI de l\u2019Aunis (la Communaut\u00e9 d\u2019Agglom\u00e9ration de La Rochelle et les Communaut\u00e9s de communes [&hellip;]\" \/>\n<meta property=\"og:url\" content=\"https:\/\/dev-durable.agglo-larochelle.fr\/2022\/une-agglo-creative\/transition-ecologique\/diagnostic-opaal-outil-pour-ladaptation-a-lagriculture-locale\/\" \/>\n<meta property=\"og:site_name\" content=\"Rapport du d\u00e9veloppement durable\" \/>\n<meta property=\"article:modified_time\" content=\"2022-12-05T15:04:55+00:00\" \/>\n<meta property=\"og:image\" content=\"https:\/\/dev-durable.agglo-larochelle.fr\/2022\/wp-content\/uploads\/2021\/12\/AdobeStock_319027917_agriculteurs.jpg\" \/>\n\t<meta property=\"og:image:width\" content=\"1200\" \/>\n\t<meta property=\"og:image:height\" content=\"675\" \/>\n\t<meta property=\"og:image:type\" content=\"image\/jpeg\" \/>\n<meta name=\"twitter:card\" content=\"summary_large_image\" \/>\n<meta name=\"twitter:label1\" content=\"Dur\u00e9e de lecture estim\u00e9e\" \/>\n\t<meta name=\"twitter:data1\" content=\"1 minute\" \/>\n<script type=\"application\/ld+json\" class=\"yoast-schema-graph\">{\"@context\":\"https:\/\/schema.org\",\"@graph\":[{\"@type\":\"WebPage\",\"@id\":\"https:\/\/dev-durable.agglo-larochelle.fr\/2022\/une-agglo-creative\/transition-ecologique\/diagnostic-opaal-outil-pour-ladaptation-a-lagriculture-locale\/\",\"url\":\"https:\/\/dev-durable.agglo-larochelle.fr\/2022\/une-agglo-creative\/transition-ecologique\/diagnostic-opaal-outil-pour-ladaptation-a-lagriculture-locale\/\",\"name\":\"L\u2019Agglo se positionne pour devenir D\u00e9monstrateur des transitions agricoles et alimentaires - Rapport du d\u00e9veloppement durable\",\"isPartOf\":{\"@id\":\"https:\/\/dev-durable.agglo-larochelle.fr\/2022\/#website\"},\"datePublished\":\"2019-12-03T13:01:50+00:00\",\"dateModified\":\"2022-12-05T15:04:55+00:00\",\"breadcrumb\":{\"@id\":\"https:\/\/dev-durable.agglo-larochelle.fr\/2022\/une-agglo-creative\/transition-ecologique\/diagnostic-opaal-outil-pour-ladaptation-a-lagriculture-locale\/#breadcrumb\"},\"inLanguage\":\"fr-FR\",\"potentialAction\":[{\"@type\":\"ReadAction\",\"target\":[\"https:\/\/dev-durable.agglo-larochelle.fr\/2022\/une-agglo-creative\/transition-ecologique\/diagnostic-opaal-outil-pour-ladaptation-a-lagriculture-locale\/\"]}]},{\"@type\":\"BreadcrumbList\",\"@id\":\"https:\/\/dev-durable.agglo-larochelle.fr\/2022\/une-agglo-creative\/transition-ecologique\/diagnostic-opaal-outil-pour-ladaptation-a-lagriculture-locale\/#breadcrumb\",\"itemListElement\":[{\"@type\":\"ListItem\",\"position\":1,\"name\":\"Accueil\",\"item\":\"https:\/\/dev-durable.agglo-larochelle.fr\/2022\/\"},{\"@type\":\"ListItem\",\"position\":2,\"name\":\"Une Agglo cr\u00e9ative\",\"item\":\"https:\/\/dev-durable.agglo-larochelle.fr\/2022\/une-agglo-creative\/\"},{\"@type\":\"ListItem\",\"position\":3,\"name\":\"Transition \u00e9cologique\",\"item\":\"https:\/\/dev-durable.agglo-larochelle.fr\/2022\/une-agglo-creative\/transition-ecologique\/\"},{\"@type\":\"ListItem\",\"position\":4,\"name\":\"L\u2019Agglo se positionne pour devenir D\u00e9monstrateur des transitions agricoles et alimentaires\"}]},{\"@type\":\"WebSite\",\"@id\":\"https:\/\/dev-durable.agglo-larochelle.fr\/2022\/#website\",\"url\":\"https:\/\/dev-durable.agglo-larochelle.fr\/2022\/\",\"name\":\"Rapport du d\u00e9veloppement durable - 2022\",\"description\":\"Rapport 2022 du d\u00e9veloppement durable\",\"alternateName\":\"Communaut\u00e9 d'Agglom\u00e9ration de La Rochelle\",\"potentialAction\":[{\"@type\":\"SearchAction\",\"target\":{\"@type\":\"EntryPoint\",\"urlTemplate\":\"https:\/\/dev-durable.agglo-larochelle.fr\/2022\/?s={search_term_string}\"},\"query-input\":\"required name=search_term_string\"}],\"inLanguage\":\"fr-FR\"}]}<\/script>\n<!-- \/ Yoast SEO plugin. -->","yoast_head_json":{"title":"L\u2019Agglo se positionne pour devenir D\u00e9monstrateur des transitions agricoles et alimentaires - Rapport du d\u00e9veloppement durable","robots":{"index":"index","follow":"follow","max-snippet":"max-snippet:-1","max-image-preview":"max-image-preview:large","max-video-preview":"max-video-preview:-1"},"canonical":"https:\/\/dev-durable.agglo-larochelle.fr\/2022\/une-agglo-creative\/transition-ecologique\/diagnostic-opaal-outil-pour-ladaptation-a-lagriculture-locale\/","og_locale":"fr_FR","og_type":"article","og_title":"L\u2019Agglo se positionne pour devenir D\u00e9monstrateur des transitions agricoles et alimentaires - Rapport du d\u00e9veloppement durable","og_description":"L\u2019Agglom\u00e9ration rochelaise, et avec elle les territoires de l\u2019Aunis et de l\u2019Ile de R\u00e9, a r\u00e9pondu \u00e0 un Appel \u00e0 Manifestation d\u2019Int\u00e9r\u00eat de la Banque des Territoires pour faire de son projet agricole et alimentaire un terrain d\u2019exp\u00e9rimentations r\u00e9plicables. Les quatre EPCI de l\u2019Aunis (la Communaut\u00e9 d\u2019Agglom\u00e9ration de La Rochelle et les Communaut\u00e9s de communes [&hellip;]","og_url":"https:\/\/dev-durable.agglo-larochelle.fr\/2022\/une-agglo-creative\/transition-ecologique\/diagnostic-opaal-outil-pour-ladaptation-a-lagriculture-locale\/","og_site_name":"Rapport du d\u00e9veloppement durable","article_modified_time":"2022-12-05T15:04:55+00:00","og_image":[{"width":1200,"height":675,"url":"https:\/\/dev-durable.agglo-larochelle.fr\/2022\/wp-content\/uploads\/2021\/12\/AdobeStock_319027917_agriculteurs.jpg","type":"image\/jpeg"}],"twitter_card":"summary_large_image","twitter_misc":{"Dur\u00e9e de lecture estim\u00e9e":"1 minute"},"schema":{"@context":"https:\/\/schema.org","@graph":[{"@type":"WebPage","@id":"https:\/\/dev-durable.agglo-larochelle.fr\/2022\/une-agglo-creative\/transition-ecologique\/diagnostic-opaal-outil-pour-ladaptation-a-lagriculture-locale\/","url":"https:\/\/dev-durable.agglo-larochelle.fr\/2022\/une-agglo-creative\/transition-ecologique\/diagnostic-opaal-outil-pour-ladaptation-a-lagriculture-locale\/","name":"L\u2019Agglo se positionne pour devenir D\u00e9monstrateur des transitions agricoles et alimentaires - Rapport du d\u00e9veloppement durable","isPartOf":{"@id":"https:\/\/dev-durable.agglo-larochelle.fr\/2022\/#website"},"datePublished":"2019-12-03T13:01:50+00:00","dateModified":"2022-12-05T15:04:55+00:00","breadcrumb":{"@id":"https:\/\/dev-durable.agglo-larochelle.fr\/2022\/une-agglo-creative\/transition-ecologique\/diagnostic-opaal-outil-pour-ladaptation-a-lagriculture-locale\/#breadcrumb"},"inLanguage":"fr-FR","potentialAction":[{"@type":"ReadAction","target":["https:\/\/dev-durable.agglo-larochelle.fr\/2022\/une-agglo-creative\/transition-ecologique\/diagnostic-opaal-outil-pour-ladaptation-a-lagriculture-locale\/"]}]},{"@type":"BreadcrumbList","@id":"https:\/\/dev-durable.agglo-larochelle.fr\/2022\/une-agglo-creative\/transition-ecologique\/diagnostic-opaal-outil-pour-ladaptation-a-lagriculture-locale\/#breadcrumb","itemListElement":[{"@type":"ListItem","position":1,"name":"Accueil","item":"https:\/\/dev-durable.agglo-larochelle.fr\/2022\/"},{"@type":"ListItem","position":2,"name":"Une Agglo cr\u00e9ative","item":"https:\/\/dev-durable.agglo-larochelle.fr\/2022\/une-agglo-creative\/"},{"@type":"ListItem","position":3,"name":"Transition \u00e9cologique","item":"https:\/\/dev-durable.agglo-larochelle.fr\/2022\/une-agglo-creative\/transition-ecologique\/"},{"@type":"ListItem","position":4,"name":"L\u2019Agglo se positionne pour devenir D\u00e9monstrateur des transitions agricoles et alimentaires"}]},{"@type":"WebSite","@id":"https:\/\/dev-durable.agglo-larochelle.fr\/2022\/#website","url":"https:\/\/dev-durable.agglo-larochelle.fr\/2022\/","name":"Rapport du d\u00e9veloppement durable - 2022","description":"Rapport 2022 du d\u00e9veloppement durable","alternateName":"Communaut\u00e9 d'Agglom\u00e9ration de La Rochelle","potentialAction":[{"@type":"SearchAction","target":{"@type":"EntryPoint","urlTemplate":"https:\/\/dev-durable.agglo-larochelle.fr\/2022\/?s={search_term_string}"},"query-input":"required name=search_term_string"}],"inLanguage":"fr-FR"}]}},"_links":{"self":[{"href":"https:\/\/dev-durable.agglo-larochelle.fr\/2022\/wp-json\/wp\/v2\/pages\/893"}],"collection":[{"href":"https:\/\/dev-durable.agglo-larochelle.fr\/2022\/wp-json\/wp\/v2\/pages"}],"about":[{"href":"https:\/\/dev-durable.agglo-larochelle.fr\/2022\/wp-json\/wp\/v2\/types\/page"}],"author":[{"embeddable":true,"href":"https:\/\/dev-durable.agglo-larochelle.fr\/2022\/wp-json\/wp\/v2\/users\/1"}],"replies":[{"embeddable":true,"href":"https:\/\/dev-durable.agglo-larochelle.fr\/2022\/wp-json\/wp\/v2\/comments?post=893"}],"version-history":[{"count":10,"href":"https:\/\/dev-durable.agglo-larochelle.fr\/2022\/wp-json\/wp\/v2\/pages\/893\/revisions"}],"predecessor-version":[{"id":2624,"href":"https:\/\/dev-durable.agglo-larochelle.fr\/2022\/wp-json\/wp\/v2\/pages\/893\/revisions\/2624"}],"up":[{"embeddable":true,"href":"https:\/\/dev-durable.agglo-larochelle.fr\/2022\/wp-json\/wp\/v2\/pages\/272"}],"wp:featuredmedia":[{"embeddable":true,"href":"https:\/\/dev-durable.agglo-larochelle.fr\/2022\/wp-json\/wp\/v2\/media\/2358"}],"wp:attachment":[{"href":"https:\/\/dev-durable.agglo-larochelle.fr\/2022\/wp-json\/wp\/v2\/media?parent=893"}],"curies":[{"name":"wp","href":"https:\/\/api.w.org\/{rel}","templated":true}]}}