{"id":899,"date":"2019-12-03T14:04:00","date_gmt":"2019-12-03T13:04:00","guid":{"rendered":"https:\/\/dev-durable.agglo-larochelle.fr\/20226.0.2\/?page_id=899"},"modified":"2022-12-06T10:18:22","modified_gmt":"2022-12-06T09:18:22","slug":"atelier-territorialisation-des-objectifs-du-developpement-durable-odd","status":"publish","type":"page","link":"https:\/\/dev-durable.agglo-larochelle.fr\/2022\/une-agglo-creative\/gouvernance-et-animation-du-territoire\/atelier-territorialisation-des-objectifs-du-developpement-durable-odd\/","title":{"rendered":"Le Comit\u00e9 Citoyen pr\u00e9sente ses premi\u00e8res propositions sur le nouvel axe Agriculture"},"content":{"rendered":"\n<p><strong>Saisi par les membres du Consortium LRTZC, le Comit\u00e9 s\u2019est prononc\u00e9 en juin sur les actions devant mener \u00e0 la transition agro-\u00e9cologique du territoire.<\/strong><\/p>\n<p>Le Comit\u00e9 citoyen LRTZC a \u00e9t\u00e9 saisi par le Consortium pour \u00e9mettre son avis sur les actions du nouvel axe du programme portant sur l\u2019agriculture. Le Comit\u00e9 a entendu plusieurs experts venus leur pr\u00e9senter leurs travaux, \u00e9tudes et exp\u00e9riences en mati\u00e8re de transition agro-\u00e9cologique. Cette \u00ab\u00a0mont\u00e9e en comp\u00e9tences \u00bb du Comit\u00e9 Citoyen a \u00e9t\u00e9 suivie d\u2019ateliers en avril et mai afin d\u2019identifier les probl\u00e9matiques li\u00e9es \u00e0 la demande en alimentation d\u00e9carbon\u00e9e sur le territoire et de r\u00e9diger des premi\u00e8res pistes de solutions. Cinquante-deux propositions de modification et\/ou d\u2019ajustement des op\u00e9rations d\u00e9j\u00e0 existantes ont \u00e9t\u00e9 faites devant les membres du Consortium lors d\u2019un Comit\u00e9 de Pilotage de LRTZC en juin. Des r\u00e9ponses \u2013 politiques et techniques \u2013\u00a0 \u00e0 chacune de ces propositions ont ensuite \u00e9t\u00e9 apport\u00e9es et prises en compte dans l\u2019\u00e9laboration du plan d\u2019actions du Projet Alimentaire de Territoire.<\/p>\n","protected":false},"excerpt":{"rendered":"<p>Saisi par les membres du Consortium LRTZC, le Comit\u00e9 s\u2019est prononc\u00e9 en juin sur les actions devant mener \u00e0 la transition agro-\u00e9cologique du territoire. Le Comit\u00e9 citoyen LRTZC a \u00e9t\u00e9 saisi par le Consortium pour \u00e9mettre son avis sur les actions du nouvel axe du programme portant sur l\u2019agriculture. Le Comit\u00e9 a entendu plusieurs experts [&hellip;]<\/p>\n","protected":false},"author":1,"featured_media":2920,"parent":289,"menu_order":3,"comment_status":"closed","ping_status":"closed","template":"page-sous-partie.php","meta":[],"acf":[],"yoast_head":"<!-- This site is optimized with the Yoast SEO plugin v19.12 - https:\/\/yoast.com\/wordpress\/plugins\/seo\/ -->\n<title>Le Comit\u00e9 Citoyen pr\u00e9sente ses premi\u00e8res propositions sur le nouvel axe Agriculture - Rapport du d\u00e9veloppement durable<\/title>\n<meta name=\"robots\" content=\"index, follow, max-snippet:-1, max-image-preview:large, max-video-preview:-1\" \/>\n<link rel=\"canonical\" href=\"https:\/\/dev-durable.agglo-larochelle.fr\/2022\/une-agglo-creative\/gouvernance-et-animation-du-territoire\/atelier-territorialisation-des-objectifs-du-developpement-durable-odd\/\" \/>\n<meta property=\"og:locale\" content=\"fr_FR\" \/>\n<meta property=\"og:type\" content=\"article\" \/>\n<meta property=\"og:title\" content=\"Le Comit\u00e9 Citoyen pr\u00e9sente ses premi\u00e8res propositions sur le nouvel axe Agriculture - Rapport du d\u00e9veloppement durable\" \/>\n<meta property=\"og:description\" content=\"Saisi par les membres du Consortium LRTZC, le Comit\u00e9 s\u2019est prononc\u00e9 en juin sur les actions devant mener \u00e0 la transition agro-\u00e9cologique du territoire. Le Comit\u00e9 citoyen LRTZC a \u00e9t\u00e9 saisi par le Consortium pour \u00e9mettre son avis sur les actions du nouvel axe du programme portant sur l\u2019agriculture. Le Comit\u00e9 a entendu plusieurs experts [&hellip;]\" \/>\n<meta property=\"og:url\" content=\"https:\/\/dev-durable.agglo-larochelle.fr\/2022\/une-agglo-creative\/gouvernance-et-animation-du-territoire\/atelier-territorialisation-des-objectifs-du-developpement-durable-odd\/\" \/>\n<meta property=\"og:site_name\" content=\"Rapport du d\u00e9veloppement durable\" \/>\n<meta property=\"article:modified_time\" content=\"2022-12-06T09:18:22+00:00\" \/>\n<meta property=\"og:image\" content=\"https:\/\/dev-durable.agglo-larochelle.fr\/2022\/wp-content\/uploads\/2022\/12\/comite-citoyen.jpg\" \/>\n\t<meta property=\"og:image:width\" content=\"650\" \/>\n\t<meta property=\"og:image:height\" content=\"300\" \/>\n\t<meta property=\"og:image:type\" content=\"image\/jpeg\" \/>\n<meta name=\"twitter:card\" content=\"summary_large_image\" \/>\n<meta name=\"twitter:label1\" content=\"Dur\u00e9e de lecture estim\u00e9e\" \/>\n\t<meta name=\"twitter:data1\" content=\"1 minute\" \/>\n<script type=\"application\/ld+json\" class=\"yoast-schema-graph\">{\"@context\":\"https:\/\/schema.org\",\"@graph\":[{\"@type\":\"WebPage\",\"@id\":\"https:\/\/dev-durable.agglo-larochelle.fr\/2022\/une-agglo-creative\/gouvernance-et-animation-du-territoire\/atelier-territorialisation-des-objectifs-du-developpement-durable-odd\/\",\"url\":\"https:\/\/dev-durable.agglo-larochelle.fr\/2022\/une-agglo-creative\/gouvernance-et-animation-du-territoire\/atelier-territorialisation-des-objectifs-du-developpement-durable-odd\/\",\"name\":\"Le Comit\u00e9 Citoyen pr\u00e9sente ses premi\u00e8res propositions sur le nouvel axe Agriculture - Rapport du d\u00e9veloppement durable\",\"isPartOf\":{\"@id\":\"https:\/\/dev-durable.agglo-larochelle.fr\/2022\/#website\"},\"datePublished\":\"2019-12-03T13:04:00+00:00\",\"dateModified\":\"2022-12-06T09:18:22+00:00\",\"breadcrumb\":{\"@id\":\"https:\/\/dev-durable.agglo-larochelle.fr\/2022\/une-agglo-creative\/gouvernance-et-animation-du-territoire\/atelier-territorialisation-des-objectifs-du-developpement-durable-odd\/#breadcrumb\"},\"inLanguage\":\"fr-FR\",\"potentialAction\":[{\"@type\":\"ReadAction\",\"target\":[\"https:\/\/dev-durable.agglo-larochelle.fr\/2022\/une-agglo-creative\/gouvernance-et-animation-du-territoire\/atelier-territorialisation-des-objectifs-du-developpement-durable-odd\/\"]}]},{\"@type\":\"BreadcrumbList\",\"@id\":\"https:\/\/dev-durable.agglo-larochelle.fr\/2022\/une-agglo-creative\/gouvernance-et-animation-du-territoire\/atelier-territorialisation-des-objectifs-du-developpement-durable-odd\/#breadcrumb\",\"itemListElement\":[{\"@type\":\"ListItem\",\"position\":1,\"name\":\"Accueil\",\"item\":\"https:\/\/dev-durable.agglo-larochelle.fr\/2022\/\"},{\"@type\":\"ListItem\",\"position\":2,\"name\":\"Une Agglo cr\u00e9ative\",\"item\":\"https:\/\/dev-durable.agglo-larochelle.fr\/2022\/une-agglo-creative\/\"},{\"@type\":\"ListItem\",\"position\":3,\"name\":\"Gouvernance et animation du territoire\",\"item\":\"https:\/\/dev-durable.agglo-larochelle.fr\/2022\/une-agglo-creative\/gouvernance-et-animation-du-territoire\/\"},{\"@type\":\"ListItem\",\"position\":4,\"name\":\"Le Comit\u00e9 Citoyen pr\u00e9sente ses premi\u00e8res propositions sur le nouvel axe Agriculture\"}]},{\"@type\":\"WebSite\",\"@id\":\"https:\/\/dev-durable.agglo-larochelle.fr\/2022\/#website\",\"url\":\"https:\/\/dev-durable.agglo-larochelle.fr\/2022\/\",\"name\":\"Rapport du d\u00e9veloppement durable - 2022\",\"description\":\"Rapport 2022 du d\u00e9veloppement durable\",\"alternateName\":\"Communaut\u00e9 d'Agglom\u00e9ration de La Rochelle\",\"potentialAction\":[{\"@type\":\"SearchAction\",\"target\":{\"@type\":\"EntryPoint\",\"urlTemplate\":\"https:\/\/dev-durable.agglo-larochelle.fr\/2022\/?s={search_term_string}\"},\"query-input\":\"required name=search_term_string\"}],\"inLanguage\":\"fr-FR\"}]}<\/script>\n<!-- \/ Yoast SEO plugin. -->","yoast_head_json":{"title":"Le Comit\u00e9 Citoyen pr\u00e9sente ses premi\u00e8res propositions sur le nouvel axe Agriculture - Rapport du d\u00e9veloppement durable","robots":{"index":"index","follow":"follow","max-snippet":"max-snippet:-1","max-image-preview":"max-image-preview:large","max-video-preview":"max-video-preview:-1"},"canonical":"https:\/\/dev-durable.agglo-larochelle.fr\/2022\/une-agglo-creative\/gouvernance-et-animation-du-territoire\/atelier-territorialisation-des-objectifs-du-developpement-durable-odd\/","og_locale":"fr_FR","og_type":"article","og_title":"Le Comit\u00e9 Citoyen pr\u00e9sente ses premi\u00e8res propositions sur le nouvel axe Agriculture - Rapport du d\u00e9veloppement durable","og_description":"Saisi par les membres du Consortium LRTZC, le Comit\u00e9 s\u2019est prononc\u00e9 en juin sur les actions devant mener \u00e0 la transition agro-\u00e9cologique du territoire. Le Comit\u00e9 citoyen LRTZC a \u00e9t\u00e9 saisi par le Consortium pour \u00e9mettre son avis sur les actions du nouvel axe du programme portant sur l\u2019agriculture. Le Comit\u00e9 a entendu plusieurs experts [&hellip;]","og_url":"https:\/\/dev-durable.agglo-larochelle.fr\/2022\/une-agglo-creative\/gouvernance-et-animation-du-territoire\/atelier-territorialisation-des-objectifs-du-developpement-durable-odd\/","og_site_name":"Rapport du d\u00e9veloppement durable","article_modified_time":"2022-12-06T09:18:22+00:00","og_image":[{"width":650,"height":300,"url":"https:\/\/dev-durable.agglo-larochelle.fr\/2022\/wp-content\/uploads\/2022\/12\/comite-citoyen.jpg","type":"image\/jpeg"}],"twitter_card":"summary_large_image","twitter_misc":{"Dur\u00e9e de lecture estim\u00e9e":"1 minute"},"schema":{"@context":"https:\/\/schema.org","@graph":[{"@type":"WebPage","@id":"https:\/\/dev-durable.agglo-larochelle.fr\/2022\/une-agglo-creative\/gouvernance-et-animation-du-territoire\/atelier-territorialisation-des-objectifs-du-developpement-durable-odd\/","url":"https:\/\/dev-durable.agglo-larochelle.fr\/2022\/une-agglo-creative\/gouvernance-et-animation-du-territoire\/atelier-territorialisation-des-objectifs-du-developpement-durable-odd\/","name":"Le Comit\u00e9 Citoyen pr\u00e9sente ses premi\u00e8res propositions sur le nouvel axe Agriculture - Rapport du d\u00e9veloppement durable","isPartOf":{"@id":"https:\/\/dev-durable.agglo-larochelle.fr\/2022\/#website"},"datePublished":"2019-12-03T13:04:00+00:00","dateModified":"2022-12-06T09:18:22+00:00","breadcrumb":{"@id":"https:\/\/dev-durable.agglo-larochelle.fr\/2022\/une-agglo-creative\/gouvernance-et-animation-du-territoire\/atelier-territorialisation-des-objectifs-du-developpement-durable-odd\/#breadcrumb"},"inLanguage":"fr-FR","potentialAction":[{"@type":"ReadAction","target":["https:\/\/dev-durable.agglo-larochelle.fr\/2022\/une-agglo-creative\/gouvernance-et-animation-du-territoire\/atelier-territorialisation-des-objectifs-du-developpement-durable-odd\/"]}]},{"@type":"BreadcrumbList","@id":"https:\/\/dev-durable.agglo-larochelle.fr\/2022\/une-agglo-creative\/gouvernance-et-animation-du-territoire\/atelier-territorialisation-des-objectifs-du-developpement-durable-odd\/#breadcrumb","itemListElement":[{"@type":"ListItem","position":1,"name":"Accueil","item":"https:\/\/dev-durable.agglo-larochelle.fr\/2022\/"},{"@type":"ListItem","position":2,"name":"Une Agglo cr\u00e9ative","item":"https:\/\/dev-durable.agglo-larochelle.fr\/2022\/une-agglo-creative\/"},{"@type":"ListItem","position":3,"name":"Gouvernance et animation du territoire","item":"https:\/\/dev-durable.agglo-larochelle.fr\/2022\/une-agglo-creative\/gouvernance-et-animation-du-territoire\/"},{"@type":"ListItem","position":4,"name":"Le Comit\u00e9 Citoyen pr\u00e9sente ses premi\u00e8res propositions sur le nouvel axe Agriculture"}]},{"@type":"WebSite","@id":"https:\/\/dev-durable.agglo-larochelle.fr\/2022\/#website","url":"https:\/\/dev-durable.agglo-larochelle.fr\/2022\/","name":"Rapport du d\u00e9veloppement durable - 2022","description":"Rapport 2022 du d\u00e9veloppement durable","alternateName":"Communaut\u00e9 d'Agglom\u00e9ration de La Rochelle","potentialAction":[{"@type":"SearchAction","target":{"@type":"EntryPoint","urlTemplate":"https:\/\/dev-durable.agglo-larochelle.fr\/2022\/?s={search_term_string}"},"query-input":"required name=search_term_string"}],"inLanguage":"fr-FR"}]}},"_links":{"self":[{"href":"https:\/\/dev-durable.agglo-larochelle.fr\/2022\/wp-json\/wp\/v2\/pages\/899"}],"collection":[{"href":"https:\/\/dev-durable.agglo-larochelle.fr\/2022\/wp-json\/wp\/v2\/pages"}],"about":[{"href":"https:\/\/dev-durable.agglo-larochelle.fr\/2022\/wp-json\/wp\/v2\/types\/page"}],"author":[{"embeddable":true,"href":"https:\/\/dev-durable.agglo-larochelle.fr\/2022\/wp-json\/wp\/v2\/users\/1"}],"replies":[{"embeddable":true,"href":"https:\/\/dev-durable.agglo-larochelle.fr\/2022\/wp-json\/wp\/v2\/comments?post=899"}],"version-history":[{"count":13,"href":"https:\/\/dev-durable.agglo-larochelle.fr\/2022\/wp-json\/wp\/v2\/pages\/899\/revisions"}],"predecessor-version":[{"id":2645,"href":"https:\/\/dev-durable.agglo-larochelle.fr\/2022\/wp-json\/wp\/v2\/pages\/899\/revisions\/2645"}],"up":[{"embeddable":true,"href":"https:\/\/dev-durable.agglo-larochelle.fr\/2022\/wp-json\/wp\/v2\/pages\/289"}],"wp:featuredmedia":[{"embeddable":true,"href":"https:\/\/dev-durable.agglo-larochelle.fr\/2022\/wp-json\/wp\/v2\/media\/2920"}],"wp:attachment":[{"href":"https:\/\/dev-durable.agglo-larochelle.fr\/2022\/wp-json\/wp\/v2\/media?parent=899"}],"curies":[{"name":"wp","href":"https:\/\/api.w.org\/{rel}","templated":true}]}}