{"id":987,"date":"2019-12-03T14:35:34","date_gmt":"2019-12-03T13:35:34","guid":{"rendered":"https:\/\/dev-durable.agglo-larochelle.fr\/20226.0.2\/?page_id=987"},"modified":"2022-12-08T12:26:28","modified_gmt":"2022-12-08T11:26:28","slug":"plie","status":"publish","type":"page","link":"https:\/\/dev-durable.agglo-larochelle.fr\/2022\/une-agglo-solidaire\/insertion\/plie\/","title":{"rendered":"Le Club de l&rsquo;achat social et solidaire poursuit et renforce sa mission d\u2019insertion"},"content":{"rendered":"<p><strong>L\u2019Agglom\u00e9ration pilote ce club dont les missions sont de faciliter le respect des clauses sociales lors d\u2019appels d\u2019offres et d\u2019aider \u00e0 l\u2019insertion professionnelle. 400 personnes ont b\u00e9n\u00e9fici\u00e9 de ce dispositif.<\/strong><\/p>\n<p>Le Club de l\u2019Achat Social et Solidaire comprend sept membres permanents : l\u2019Agglom\u00e9ration, la Ville de La Rochelle, Immobili\u00e8re Atlantic Am\u00e9nagement, l\u2019Office Public de l\u2019Habitat de l\u2019Agglom\u00e9ration, Habitat 17, Port Atlantique La Rochelle et Alstom. Une convention, renouvel\u00e9e cette ann\u00e9e, d\u00e9finit ce partenariat pilot\u00e9 par l\u2019Agglom\u00e9ration. Sa mission est le respect des clauses sociales lors d\u2019appels d\u2019offres et l\u2019accompagnement des entreprises dans la r\u00e9alisation des heures de travail r\u00e9serv\u00e9es \u00e0 des personnes en insertion professionnelle. D\u2019autres partenaires, principalement du secteur de la construction et de l\u2019immobilier, s\u2019associent ponctuellement au club. L\u2019an dernier, il a permis quelque 184 000 heures d\u2019insertion, soit 115 \u00e9quivalents temps plein, et concern\u00e9 400 personnes.<\/p>\n","protected":false},"excerpt":{"rendered":"<p>L\u2019Agglom\u00e9ration pilote ce club dont les missions sont de faciliter le respect des clauses sociales lors d\u2019appels d\u2019offres et d\u2019aider \u00e0 l\u2019insertion professionnelle. 400 personnes ont b\u00e9n\u00e9fici\u00e9 de ce dispositif. Le Club de l\u2019Achat Social et Solidaire comprend sept membres permanents : l\u2019Agglom\u00e9ration, la Ville de La Rochelle, Immobili\u00e8re Atlantic Am\u00e9nagement, l\u2019Office Public de l\u2019Habitat [&hellip;]<\/p>\n","protected":false},"author":1,"featured_media":2933,"parent":312,"menu_order":5,"comment_status":"closed","ping_status":"closed","template":"page-sous-partie.php","meta":[],"acf":[],"yoast_head":"<!-- This site is optimized with the Yoast SEO plugin v19.12 - https:\/\/yoast.com\/wordpress\/plugins\/seo\/ -->\n<title>Le Club de l&#039;achat social et solidaire poursuit et renforce sa mission d\u2019insertion - Rapport du d\u00e9veloppement durable<\/title>\n<meta name=\"robots\" content=\"index, follow, max-snippet:-1, max-image-preview:large, max-video-preview:-1\" \/>\n<link rel=\"canonical\" href=\"https:\/\/dev-durable.agglo-larochelle.fr\/2022\/une-agglo-solidaire\/insertion\/plie\/\" \/>\n<meta property=\"og:locale\" content=\"fr_FR\" \/>\n<meta property=\"og:type\" content=\"article\" \/>\n<meta property=\"og:title\" content=\"Le Club de l&#039;achat social et solidaire poursuit et renforce sa mission d\u2019insertion - Rapport du d\u00e9veloppement durable\" \/>\n<meta property=\"og:description\" content=\"L\u2019Agglom\u00e9ration pilote ce club dont les missions sont de faciliter le respect des clauses sociales lors d\u2019appels d\u2019offres et d\u2019aider \u00e0 l\u2019insertion professionnelle. 400 personnes ont b\u00e9n\u00e9fici\u00e9 de ce dispositif. Le Club de l\u2019Achat Social et Solidaire comprend sept membres permanents : l\u2019Agglom\u00e9ration, la Ville de La Rochelle, Immobili\u00e8re Atlantic Am\u00e9nagement, l\u2019Office Public de l\u2019Habitat [&hellip;]\" \/>\n<meta property=\"og:url\" content=\"https:\/\/dev-durable.agglo-larochelle.fr\/2022\/une-agglo-solidaire\/insertion\/plie\/\" \/>\n<meta property=\"og:site_name\" content=\"Rapport du d\u00e9veloppement durable\" \/>\n<meta property=\"article:modified_time\" content=\"2022-12-08T11:26:28+00:00\" \/>\n<meta property=\"og:image\" content=\"https:\/\/dev-durable.agglo-larochelle.fr\/2022\/wp-content\/uploads\/2022\/12\/ESS_CA_036479.jpg\" \/>\n\t<meta property=\"og:image:width\" content=\"650\" \/>\n\t<meta property=\"og:image:height\" content=\"300\" \/>\n\t<meta property=\"og:image:type\" content=\"image\/jpeg\" \/>\n<meta name=\"twitter:card\" content=\"summary_large_image\" \/>\n<meta name=\"twitter:label1\" content=\"Dur\u00e9e de lecture estim\u00e9e\" \/>\n\t<meta name=\"twitter:data1\" content=\"1 minute\" \/>\n<script type=\"application\/ld+json\" class=\"yoast-schema-graph\">{\"@context\":\"https:\/\/schema.org\",\"@graph\":[{\"@type\":\"WebPage\",\"@id\":\"https:\/\/dev-durable.agglo-larochelle.fr\/2022\/une-agglo-solidaire\/insertion\/plie\/\",\"url\":\"https:\/\/dev-durable.agglo-larochelle.fr\/2022\/une-agglo-solidaire\/insertion\/plie\/\",\"name\":\"Le Club de l'achat social et solidaire poursuit et renforce sa mission d\u2019insertion - Rapport du d\u00e9veloppement durable\",\"isPartOf\":{\"@id\":\"https:\/\/dev-durable.agglo-larochelle.fr\/2022\/#website\"},\"datePublished\":\"2019-12-03T13:35:34+00:00\",\"dateModified\":\"2022-12-08T11:26:28+00:00\",\"breadcrumb\":{\"@id\":\"https:\/\/dev-durable.agglo-larochelle.fr\/2022\/une-agglo-solidaire\/insertion\/plie\/#breadcrumb\"},\"inLanguage\":\"fr-FR\",\"potentialAction\":[{\"@type\":\"ReadAction\",\"target\":[\"https:\/\/dev-durable.agglo-larochelle.fr\/2022\/une-agglo-solidaire\/insertion\/plie\/\"]}]},{\"@type\":\"BreadcrumbList\",\"@id\":\"https:\/\/dev-durable.agglo-larochelle.fr\/2022\/une-agglo-solidaire\/insertion\/plie\/#breadcrumb\",\"itemListElement\":[{\"@type\":\"ListItem\",\"position\":1,\"name\":\"Accueil\",\"item\":\"https:\/\/dev-durable.agglo-larochelle.fr\/2022\/\"},{\"@type\":\"ListItem\",\"position\":2,\"name\":\"Une Agglo solidaire\",\"item\":\"https:\/\/dev-durable.agglo-larochelle.fr\/2022\/une-agglo-solidaire\/\"},{\"@type\":\"ListItem\",\"position\":3,\"name\":\"Insertion\",\"item\":\"https:\/\/dev-durable.agglo-larochelle.fr\/2022\/une-agglo-solidaire\/insertion\/\"},{\"@type\":\"ListItem\",\"position\":4,\"name\":\"Le Club de l&rsquo;achat social et solidaire poursuit et renforce sa mission d\u2019insertion\"}]},{\"@type\":\"WebSite\",\"@id\":\"https:\/\/dev-durable.agglo-larochelle.fr\/2022\/#website\",\"url\":\"https:\/\/dev-durable.agglo-larochelle.fr\/2022\/\",\"name\":\"Rapport du d\u00e9veloppement durable - 2022\",\"description\":\"Rapport 2022 du d\u00e9veloppement durable\",\"alternateName\":\"Communaut\u00e9 d'Agglom\u00e9ration de La Rochelle\",\"potentialAction\":[{\"@type\":\"SearchAction\",\"target\":{\"@type\":\"EntryPoint\",\"urlTemplate\":\"https:\/\/dev-durable.agglo-larochelle.fr\/2022\/?s={search_term_string}\"},\"query-input\":\"required name=search_term_string\"}],\"inLanguage\":\"fr-FR\"}]}<\/script>\n<!-- \/ Yoast SEO plugin. -->","yoast_head_json":{"title":"Le Club de l'achat social et solidaire poursuit et renforce sa mission d\u2019insertion - Rapport du d\u00e9veloppement durable","robots":{"index":"index","follow":"follow","max-snippet":"max-snippet:-1","max-image-preview":"max-image-preview:large","max-video-preview":"max-video-preview:-1"},"canonical":"https:\/\/dev-durable.agglo-larochelle.fr\/2022\/une-agglo-solidaire\/insertion\/plie\/","og_locale":"fr_FR","og_type":"article","og_title":"Le Club de l'achat social et solidaire poursuit et renforce sa mission d\u2019insertion - Rapport du d\u00e9veloppement durable","og_description":"L\u2019Agglom\u00e9ration pilote ce club dont les missions sont de faciliter le respect des clauses sociales lors d\u2019appels d\u2019offres et d\u2019aider \u00e0 l\u2019insertion professionnelle. 400 personnes ont b\u00e9n\u00e9fici\u00e9 de ce dispositif. Le Club de l\u2019Achat Social et Solidaire comprend sept membres permanents : l\u2019Agglom\u00e9ration, la Ville de La Rochelle, Immobili\u00e8re Atlantic Am\u00e9nagement, l\u2019Office Public de l\u2019Habitat [&hellip;]","og_url":"https:\/\/dev-durable.agglo-larochelle.fr\/2022\/une-agglo-solidaire\/insertion\/plie\/","og_site_name":"Rapport du d\u00e9veloppement durable","article_modified_time":"2022-12-08T11:26:28+00:00","og_image":[{"width":650,"height":300,"url":"https:\/\/dev-durable.agglo-larochelle.fr\/2022\/wp-content\/uploads\/2022\/12\/ESS_CA_036479.jpg","type":"image\/jpeg"}],"twitter_card":"summary_large_image","twitter_misc":{"Dur\u00e9e de lecture estim\u00e9e":"1 minute"},"schema":{"@context":"https:\/\/schema.org","@graph":[{"@type":"WebPage","@id":"https:\/\/dev-durable.agglo-larochelle.fr\/2022\/une-agglo-solidaire\/insertion\/plie\/","url":"https:\/\/dev-durable.agglo-larochelle.fr\/2022\/une-agglo-solidaire\/insertion\/plie\/","name":"Le Club de l'achat social et solidaire poursuit et renforce sa mission d\u2019insertion - Rapport du d\u00e9veloppement durable","isPartOf":{"@id":"https:\/\/dev-durable.agglo-larochelle.fr\/2022\/#website"},"datePublished":"2019-12-03T13:35:34+00:00","dateModified":"2022-12-08T11:26:28+00:00","breadcrumb":{"@id":"https:\/\/dev-durable.agglo-larochelle.fr\/2022\/une-agglo-solidaire\/insertion\/plie\/#breadcrumb"},"inLanguage":"fr-FR","potentialAction":[{"@type":"ReadAction","target":["https:\/\/dev-durable.agglo-larochelle.fr\/2022\/une-agglo-solidaire\/insertion\/plie\/"]}]},{"@type":"BreadcrumbList","@id":"https:\/\/dev-durable.agglo-larochelle.fr\/2022\/une-agglo-solidaire\/insertion\/plie\/#breadcrumb","itemListElement":[{"@type":"ListItem","position":1,"name":"Accueil","item":"https:\/\/dev-durable.agglo-larochelle.fr\/2022\/"},{"@type":"ListItem","position":2,"name":"Une Agglo solidaire","item":"https:\/\/dev-durable.agglo-larochelle.fr\/2022\/une-agglo-solidaire\/"},{"@type":"ListItem","position":3,"name":"Insertion","item":"https:\/\/dev-durable.agglo-larochelle.fr\/2022\/une-agglo-solidaire\/insertion\/"},{"@type":"ListItem","position":4,"name":"Le Club de l&rsquo;achat social et solidaire poursuit et renforce sa mission d\u2019insertion"}]},{"@type":"WebSite","@id":"https:\/\/dev-durable.agglo-larochelle.fr\/2022\/#website","url":"https:\/\/dev-durable.agglo-larochelle.fr\/2022\/","name":"Rapport du d\u00e9veloppement durable - 2022","description":"Rapport 2022 du d\u00e9veloppement durable","alternateName":"Communaut\u00e9 d'Agglom\u00e9ration de La Rochelle","potentialAction":[{"@type":"SearchAction","target":{"@type":"EntryPoint","urlTemplate":"https:\/\/dev-durable.agglo-larochelle.fr\/2022\/?s={search_term_string}"},"query-input":"required name=search_term_string"}],"inLanguage":"fr-FR"}]}},"_links":{"self":[{"href":"https:\/\/dev-durable.agglo-larochelle.fr\/2022\/wp-json\/wp\/v2\/pages\/987"}],"collection":[{"href":"https:\/\/dev-durable.agglo-larochelle.fr\/2022\/wp-json\/wp\/v2\/pages"}],"about":[{"href":"https:\/\/dev-durable.agglo-larochelle.fr\/2022\/wp-json\/wp\/v2\/types\/page"}],"author":[{"embeddable":true,"href":"https:\/\/dev-durable.agglo-larochelle.fr\/2022\/wp-json\/wp\/v2\/users\/1"}],"replies":[{"embeddable":true,"href":"https:\/\/dev-durable.agglo-larochelle.fr\/2022\/wp-json\/wp\/v2\/comments?post=987"}],"version-history":[{"count":9,"href":"https:\/\/dev-durable.agglo-larochelle.fr\/2022\/wp-json\/wp\/v2\/pages\/987\/revisions"}],"predecessor-version":[{"id":2689,"href":"https:\/\/dev-durable.agglo-larochelle.fr\/2022\/wp-json\/wp\/v2\/pages\/987\/revisions\/2689"}],"up":[{"embeddable":true,"href":"https:\/\/dev-durable.agglo-larochelle.fr\/2022\/wp-json\/wp\/v2\/pages\/312"}],"wp:featuredmedia":[{"embeddable":true,"href":"https:\/\/dev-durable.agglo-larochelle.fr\/2022\/wp-json\/wp\/v2\/media\/2933"}],"wp:attachment":[{"href":"https:\/\/dev-durable.agglo-larochelle.fr\/2022\/wp-json\/wp\/v2\/media?parent=987"}],"curies":[{"name":"wp","href":"https:\/\/api.w.org\/{rel}","templated":true}]}}