{"id":989,"date":"2019-12-03T14:36:11","date_gmt":"2019-12-03T13:36:11","guid":{"rendered":"https:\/\/dev-durable.agglo-larochelle.fr\/20226.0.2\/?page_id=989"},"modified":"2022-12-08T10:57:39","modified_gmt":"2022-12-08T09:57:39","slug":"les-clauses-sociales-dans-les-marche","status":"publish","type":"page","link":"https:\/\/dev-durable.agglo-larochelle.fr\/2022\/une-agglo-solidaire\/insertion\/les-clauses-sociales-dans-les-marche\/","title":{"rendered":"L\u2019Agglom\u00e9ration se dote d\u2019un nouveau Plan Local pour l\u2019Insertion et l\u2019Emploi 2022-2026"},"content":{"rendered":"<p><strong>Le PLIE accompagne les chercheurs d\u2019emploi dans leur parcours d\u2019insertion professionnelle avec un soutien personnalis\u00e9 et individualis\u00e9 vers l\u2019emploi durable. Une nouvelle convention 2022-2026 prolonge ce dispositif.<\/strong><\/p>\n<p>Le PLIE est un dispositif territorial port\u00e9 par l\u2019Agglom\u00e9ration en partenariat avec l\u2019\u00c9tat et le D\u00e9partement de la Charente-Maritime. Il met en coh\u00e9rence les actions et initiatives de lutte contre le ch\u00f4mage de longue dur\u00e9e. Depuis 2015, plus de 2 800 personnes ont \u00e9t\u00e9 accompagn\u00e9es. Afin de poursuivre les actions de ce dispositif d\u2019accompagnement, un nouveau Protocole d\u2019Accord pour la p\u00e9riode 2022-2026 a \u00e9t\u00e9 cosign\u00e9 par l\u2019Agglom\u00e9ration, la R\u00e9gion Nouvelle-Aquitaine, le D\u00e9partement de Charente-Maritime et l\u2019\u00c9tat. Les actions du PLIE sont cofinanc\u00e9es par le Fonds Social Europ\u00e9en (FSE).<\/p>\n","protected":false},"excerpt":{"rendered":"<p>Le PLIE accompagne les chercheurs d\u2019emploi dans leur parcours d\u2019insertion professionnelle avec un soutien personnalis\u00e9 et individualis\u00e9 vers l\u2019emploi durable. Une nouvelle convention 2022-2026 prolonge ce dispositif. Le PLIE est un dispositif territorial port\u00e9 par l\u2019Agglom\u00e9ration en partenariat avec l\u2019\u00c9tat et le D\u00e9partement de la Charente-Maritime. Il met en coh\u00e9rence les actions et initiatives de [&hellip;]<\/p>\n","protected":false},"author":1,"featured_media":2930,"parent":312,"menu_order":6,"comment_status":"closed","ping_status":"closed","template":"page-sous-partie.php","meta":[],"acf":[],"yoast_head":"<!-- This site is optimized with the Yoast SEO plugin v19.12 - https:\/\/yoast.com\/wordpress\/plugins\/seo\/ -->\n<title>L\u2019Agglom\u00e9ration se dote d\u2019un nouveau Plan Local pour l\u2019Insertion et l\u2019Emploi 2022-2026 - Rapport du d\u00e9veloppement durable<\/title>\n<meta name=\"robots\" content=\"index, follow, max-snippet:-1, max-image-preview:large, max-video-preview:-1\" \/>\n<link rel=\"canonical\" href=\"https:\/\/dev-durable.agglo-larochelle.fr\/2022\/une-agglo-solidaire\/insertion\/les-clauses-sociales-dans-les-marche\/\" \/>\n<meta property=\"og:locale\" content=\"fr_FR\" \/>\n<meta property=\"og:type\" content=\"article\" \/>\n<meta property=\"og:title\" content=\"L\u2019Agglom\u00e9ration se dote d\u2019un nouveau Plan Local pour l\u2019Insertion et l\u2019Emploi 2022-2026 - Rapport du d\u00e9veloppement durable\" \/>\n<meta property=\"og:description\" content=\"Le PLIE accompagne les chercheurs d\u2019emploi dans leur parcours d\u2019insertion professionnelle avec un soutien personnalis\u00e9 et individualis\u00e9 vers l\u2019emploi durable. Une nouvelle convention 2022-2026 prolonge ce dispositif. Le PLIE est un dispositif territorial port\u00e9 par l\u2019Agglom\u00e9ration en partenariat avec l\u2019\u00c9tat et le D\u00e9partement de la Charente-Maritime. Il met en coh\u00e9rence les actions et initiatives de [&hellip;]\" \/>\n<meta property=\"og:url\" content=\"https:\/\/dev-durable.agglo-larochelle.fr\/2022\/une-agglo-solidaire\/insertion\/les-clauses-sociales-dans-les-marche\/\" \/>\n<meta property=\"og:site_name\" content=\"Rapport du d\u00e9veloppement durable\" \/>\n<meta property=\"article:modified_time\" content=\"2022-12-08T09:57:39+00:00\" \/>\n<meta property=\"og:image\" content=\"https:\/\/dev-durable.agglo-larochelle.fr\/2022\/wp-content\/uploads\/2022\/12\/plie.jpg\" \/>\n\t<meta property=\"og:image:width\" content=\"650\" \/>\n\t<meta property=\"og:image:height\" content=\"300\" \/>\n\t<meta property=\"og:image:type\" content=\"image\/jpeg\" \/>\n<meta name=\"twitter:card\" content=\"summary_large_image\" \/>\n<meta name=\"twitter:label1\" content=\"Dur\u00e9e de lecture estim\u00e9e\" \/>\n\t<meta name=\"twitter:data1\" content=\"1 minute\" \/>\n<script type=\"application\/ld+json\" class=\"yoast-schema-graph\">{\"@context\":\"https:\/\/schema.org\",\"@graph\":[{\"@type\":\"WebPage\",\"@id\":\"https:\/\/dev-durable.agglo-larochelle.fr\/2022\/une-agglo-solidaire\/insertion\/les-clauses-sociales-dans-les-marche\/\",\"url\":\"https:\/\/dev-durable.agglo-larochelle.fr\/2022\/une-agglo-solidaire\/insertion\/les-clauses-sociales-dans-les-marche\/\",\"name\":\"L\u2019Agglom\u00e9ration se dote d\u2019un nouveau Plan Local pour l\u2019Insertion et l\u2019Emploi 2022-2026 - Rapport du d\u00e9veloppement durable\",\"isPartOf\":{\"@id\":\"https:\/\/dev-durable.agglo-larochelle.fr\/2022\/#website\"},\"datePublished\":\"2019-12-03T13:36:11+00:00\",\"dateModified\":\"2022-12-08T09:57:39+00:00\",\"breadcrumb\":{\"@id\":\"https:\/\/dev-durable.agglo-larochelle.fr\/2022\/une-agglo-solidaire\/insertion\/les-clauses-sociales-dans-les-marche\/#breadcrumb\"},\"inLanguage\":\"fr-FR\",\"potentialAction\":[{\"@type\":\"ReadAction\",\"target\":[\"https:\/\/dev-durable.agglo-larochelle.fr\/2022\/une-agglo-solidaire\/insertion\/les-clauses-sociales-dans-les-marche\/\"]}]},{\"@type\":\"BreadcrumbList\",\"@id\":\"https:\/\/dev-durable.agglo-larochelle.fr\/2022\/une-agglo-solidaire\/insertion\/les-clauses-sociales-dans-les-marche\/#breadcrumb\",\"itemListElement\":[{\"@type\":\"ListItem\",\"position\":1,\"name\":\"Accueil\",\"item\":\"https:\/\/dev-durable.agglo-larochelle.fr\/2022\/\"},{\"@type\":\"ListItem\",\"position\":2,\"name\":\"Une Agglo solidaire\",\"item\":\"https:\/\/dev-durable.agglo-larochelle.fr\/2022\/une-agglo-solidaire\/\"},{\"@type\":\"ListItem\",\"position\":3,\"name\":\"Insertion\",\"item\":\"https:\/\/dev-durable.agglo-larochelle.fr\/2022\/une-agglo-solidaire\/insertion\/\"},{\"@type\":\"ListItem\",\"position\":4,\"name\":\"L\u2019Agglom\u00e9ration se dote d\u2019un nouveau Plan Local pour l\u2019Insertion et l\u2019Emploi 2022-2026\"}]},{\"@type\":\"WebSite\",\"@id\":\"https:\/\/dev-durable.agglo-larochelle.fr\/2022\/#website\",\"url\":\"https:\/\/dev-durable.agglo-larochelle.fr\/2022\/\",\"name\":\"Rapport du d\u00e9veloppement durable - 2022\",\"description\":\"Rapport 2022 du d\u00e9veloppement durable\",\"alternateName\":\"Communaut\u00e9 d'Agglom\u00e9ration de La Rochelle\",\"potentialAction\":[{\"@type\":\"SearchAction\",\"target\":{\"@type\":\"EntryPoint\",\"urlTemplate\":\"https:\/\/dev-durable.agglo-larochelle.fr\/2022\/?s={search_term_string}\"},\"query-input\":\"required name=search_term_string\"}],\"inLanguage\":\"fr-FR\"}]}<\/script>\n<!-- \/ Yoast SEO plugin. -->","yoast_head_json":{"title":"L\u2019Agglom\u00e9ration se dote d\u2019un nouveau Plan Local pour l\u2019Insertion et l\u2019Emploi 2022-2026 - Rapport du d\u00e9veloppement durable","robots":{"index":"index","follow":"follow","max-snippet":"max-snippet:-1","max-image-preview":"max-image-preview:large","max-video-preview":"max-video-preview:-1"},"canonical":"https:\/\/dev-durable.agglo-larochelle.fr\/2022\/une-agglo-solidaire\/insertion\/les-clauses-sociales-dans-les-marche\/","og_locale":"fr_FR","og_type":"article","og_title":"L\u2019Agglom\u00e9ration se dote d\u2019un nouveau Plan Local pour l\u2019Insertion et l\u2019Emploi 2022-2026 - Rapport du d\u00e9veloppement durable","og_description":"Le PLIE accompagne les chercheurs d\u2019emploi dans leur parcours d\u2019insertion professionnelle avec un soutien personnalis\u00e9 et individualis\u00e9 vers l\u2019emploi durable. Une nouvelle convention 2022-2026 prolonge ce dispositif. Le PLIE est un dispositif territorial port\u00e9 par l\u2019Agglom\u00e9ration en partenariat avec l\u2019\u00c9tat et le D\u00e9partement de la Charente-Maritime. Il met en coh\u00e9rence les actions et initiatives de [&hellip;]","og_url":"https:\/\/dev-durable.agglo-larochelle.fr\/2022\/une-agglo-solidaire\/insertion\/les-clauses-sociales-dans-les-marche\/","og_site_name":"Rapport du d\u00e9veloppement durable","article_modified_time":"2022-12-08T09:57:39+00:00","og_image":[{"width":650,"height":300,"url":"https:\/\/dev-durable.agglo-larochelle.fr\/2022\/wp-content\/uploads\/2022\/12\/plie.jpg","type":"image\/jpeg"}],"twitter_card":"summary_large_image","twitter_misc":{"Dur\u00e9e de lecture estim\u00e9e":"1 minute"},"schema":{"@context":"https:\/\/schema.org","@graph":[{"@type":"WebPage","@id":"https:\/\/dev-durable.agglo-larochelle.fr\/2022\/une-agglo-solidaire\/insertion\/les-clauses-sociales-dans-les-marche\/","url":"https:\/\/dev-durable.agglo-larochelle.fr\/2022\/une-agglo-solidaire\/insertion\/les-clauses-sociales-dans-les-marche\/","name":"L\u2019Agglom\u00e9ration se dote d\u2019un nouveau Plan Local pour l\u2019Insertion et l\u2019Emploi 2022-2026 - Rapport du d\u00e9veloppement durable","isPartOf":{"@id":"https:\/\/dev-durable.agglo-larochelle.fr\/2022\/#website"},"datePublished":"2019-12-03T13:36:11+00:00","dateModified":"2022-12-08T09:57:39+00:00","breadcrumb":{"@id":"https:\/\/dev-durable.agglo-larochelle.fr\/2022\/une-agglo-solidaire\/insertion\/les-clauses-sociales-dans-les-marche\/#breadcrumb"},"inLanguage":"fr-FR","potentialAction":[{"@type":"ReadAction","target":["https:\/\/dev-durable.agglo-larochelle.fr\/2022\/une-agglo-solidaire\/insertion\/les-clauses-sociales-dans-les-marche\/"]}]},{"@type":"BreadcrumbList","@id":"https:\/\/dev-durable.agglo-larochelle.fr\/2022\/une-agglo-solidaire\/insertion\/les-clauses-sociales-dans-les-marche\/#breadcrumb","itemListElement":[{"@type":"ListItem","position":1,"name":"Accueil","item":"https:\/\/dev-durable.agglo-larochelle.fr\/2022\/"},{"@type":"ListItem","position":2,"name":"Une Agglo solidaire","item":"https:\/\/dev-durable.agglo-larochelle.fr\/2022\/une-agglo-solidaire\/"},{"@type":"ListItem","position":3,"name":"Insertion","item":"https:\/\/dev-durable.agglo-larochelle.fr\/2022\/une-agglo-solidaire\/insertion\/"},{"@type":"ListItem","position":4,"name":"L\u2019Agglom\u00e9ration se dote d\u2019un nouveau Plan Local pour l\u2019Insertion et l\u2019Emploi 2022-2026"}]},{"@type":"WebSite","@id":"https:\/\/dev-durable.agglo-larochelle.fr\/2022\/#website","url":"https:\/\/dev-durable.agglo-larochelle.fr\/2022\/","name":"Rapport du d\u00e9veloppement durable - 2022","description":"Rapport 2022 du d\u00e9veloppement durable","alternateName":"Communaut\u00e9 d'Agglom\u00e9ration de La Rochelle","potentialAction":[{"@type":"SearchAction","target":{"@type":"EntryPoint","urlTemplate":"https:\/\/dev-durable.agglo-larochelle.fr\/2022\/?s={search_term_string}"},"query-input":"required name=search_term_string"}],"inLanguage":"fr-FR"}]}},"_links":{"self":[{"href":"https:\/\/dev-durable.agglo-larochelle.fr\/2022\/wp-json\/wp\/v2\/pages\/989"}],"collection":[{"href":"https:\/\/dev-durable.agglo-larochelle.fr\/2022\/wp-json\/wp\/v2\/pages"}],"about":[{"href":"https:\/\/dev-durable.agglo-larochelle.fr\/2022\/wp-json\/wp\/v2\/types\/page"}],"author":[{"embeddable":true,"href":"https:\/\/dev-durable.agglo-larochelle.fr\/2022\/wp-json\/wp\/v2\/users\/1"}],"replies":[{"embeddable":true,"href":"https:\/\/dev-durable.agglo-larochelle.fr\/2022\/wp-json\/wp\/v2\/comments?post=989"}],"version-history":[{"count":8,"href":"https:\/\/dev-durable.agglo-larochelle.fr\/2022\/wp-json\/wp\/v2\/pages\/989\/revisions"}],"predecessor-version":[{"id":2691,"href":"https:\/\/dev-durable.agglo-larochelle.fr\/2022\/wp-json\/wp\/v2\/pages\/989\/revisions\/2691"}],"up":[{"embeddable":true,"href":"https:\/\/dev-durable.agglo-larochelle.fr\/2022\/wp-json\/wp\/v2\/pages\/312"}],"wp:featuredmedia":[{"embeddable":true,"href":"https:\/\/dev-durable.agglo-larochelle.fr\/2022\/wp-json\/wp\/v2\/media\/2930"}],"wp:attachment":[{"href":"https:\/\/dev-durable.agglo-larochelle.fr\/2022\/wp-json\/wp\/v2\/media?parent=989"}],"curies":[{"name":"wp","href":"https:\/\/api.w.org\/{rel}","templated":true}]}}