{"id":1087,"date":"2019-12-03T15:27:20","date_gmt":"2019-12-03T14:27:20","guid":{"rendered":"https:\/\/dev-durable.agglo-larochelle.fr\/20236.0.2\/?page_id=1087"},"modified":"2022-11-23T17:12:06","modified_gmt":"2022-11-23T16:12:06","slug":"administration-eco-responsable","status":"publish","type":"page","link":"https:\/\/dev-durable.agglo-larochelle.fr\/2023\/un-territoire-sobre\/administration-eco-responsable\/","title":{"rendered":"Administration \u00e9co-responsable"},"content":{"rendered":"<p><strong>L\u2019Agglom\u00e9ration et ses communes membres agissent au quotidien au sein de leurs services pour faire en sorte de devenir des collectivit\u00e9s exemplaires en mati\u00e8re de d\u00e9veloppement durable.\u00a0<\/strong><\/p>\n","protected":false},"excerpt":{"rendered":"<p>L\u2019Agglom\u00e9ration et ses communes membres agissent au quotidien au sein de leurs services pour faire en sorte de devenir des collectivit\u00e9s exemplaires en mati\u00e8re de d\u00e9veloppement durable.\u00a0<\/p>\n","protected":false},"author":1,"featured_media":0,"parent":70,"menu_order":9,"comment_status":"closed","ping_status":"closed","template":"page-sous-partie.php","meta":{"inline_featured_image":false,"footnotes":""},"categories":[],"tags":[],"acf":[],"_links":{"self":[{"href":"https:\/\/dev-durable.agglo-larochelle.fr\/2023\/wp-json\/wp\/v2\/pages\/1087"}],"collection":[{"href":"https:\/\/dev-durable.agglo-larochelle.fr\/2023\/wp-json\/wp\/v2\/pages"}],"about":[{"href":"https:\/\/dev-durable.agglo-larochelle.fr\/2023\/wp-json\/wp\/v2\/types\/page"}],"author":[{"embeddable":true,"href":"https:\/\/dev-durable.agglo-larochelle.fr\/2023\/wp-json\/wp\/v2\/users\/1"}],"replies":[{"embeddable":true,"href":"https:\/\/dev-durable.agglo-larochelle.fr\/2023\/wp-json\/wp\/v2\/comments?post=1087"}],"version-history":[{"count":4,"href":"https:\/\/dev-durable.agglo-larochelle.fr\/2023\/wp-json\/wp\/v2\/pages\/1087\/revisions"}],"predecessor-version":[{"id":2801,"href":"https:\/\/dev-durable.agglo-larochelle.fr\/2023\/wp-json\/wp\/v2\/pages\/1087\/revisions\/2801"}],"up":[{"embeddable":true,"href":"https:\/\/dev-durable.agglo-larochelle.fr\/2023\/wp-json\/wp\/v2\/pages\/70"}],"wp:attachment":[{"href":"https:\/\/dev-durable.agglo-larochelle.fr\/2023\/wp-json\/wp\/v2\/media?parent=1087"}],"wp:term":[{"taxonomy":"category","embeddable":true,"href":"https:\/\/dev-durable.agglo-larochelle.fr\/2023\/wp-json\/wp\/v2\/categories?post=1087"},{"taxonomy":"post_tag","embeddable":true,"href":"https:\/\/dev-durable.agglo-larochelle.fr\/2023\/wp-json\/wp\/v2\/tags?post=1087"}],"curies":[{"name":"wp","href":"https:\/\/api.w.org\/{rel}","templated":true}]}}