{"id":1516,"date":"2021-01-05T11:48:12","date_gmt":"2021-01-05T10:48:12","guid":{"rendered":"https:\/\/dev-durable.agglo-larochelle.fr\/20236.0.2\/?page_id=1516"},"modified":"2022-11-23T13:27:57","modified_gmt":"2022-11-23T12:27:57","slug":"amenagement","status":"publish","type":"page","link":"https:\/\/dev-durable.agglo-larochelle.fr\/2023\/un-territoire-sobre\/amenagement\/","title":{"rendered":"Am\u00e9nagement"},"content":{"rendered":"<p><strong>L\u2019am\u00e9nagement urbain contribue \u00e0 la transition \u00e9cologique : conceptions nouvelles, nouveaux mat\u00e9riaux, nouveaux proc\u00e9d\u00e9s\u2026 la ville a un r\u00f4le \u00e0 jouer.\u00a0<\/strong><\/p>\n","protected":false},"excerpt":{"rendered":"<p>L\u2019am\u00e9nagement urbain contribue \u00e0 la transition \u00e9cologique : conceptions nouvelles, nouveaux mat\u00e9riaux, nouveaux proc\u00e9d\u00e9s\u2026 la ville a un r\u00f4le \u00e0 jouer.\u00a0<\/p>\n","protected":false},"author":1,"featured_media":0,"parent":70,"menu_order":1,"comment_status":"closed","ping_status":"closed","template":"page-sous-partie.php","meta":{"inline_featured_image":false,"footnotes":""},"categories":[],"tags":[],"acf":[],"_links":{"self":[{"href":"https:\/\/dev-durable.agglo-larochelle.fr\/2023\/wp-json\/wp\/v2\/pages\/1516"}],"collection":[{"href":"https:\/\/dev-durable.agglo-larochelle.fr\/2023\/wp-json\/wp\/v2\/pages"}],"about":[{"href":"https:\/\/dev-durable.agglo-larochelle.fr\/2023\/wp-json\/wp\/v2\/types\/page"}],"author":[{"embeddable":true,"href":"https:\/\/dev-durable.agglo-larochelle.fr\/2023\/wp-json\/wp\/v2\/users\/1"}],"replies":[{"embeddable":true,"href":"https:\/\/dev-durable.agglo-larochelle.fr\/2023\/wp-json\/wp\/v2\/comments?post=1516"}],"version-history":[{"count":3,"href":"https:\/\/dev-durable.agglo-larochelle.fr\/2023\/wp-json\/wp\/v2\/pages\/1516\/revisions"}],"predecessor-version":[{"id":2704,"href":"https:\/\/dev-durable.agglo-larochelle.fr\/2023\/wp-json\/wp\/v2\/pages\/1516\/revisions\/2704"}],"up":[{"embeddable":true,"href":"https:\/\/dev-durable.agglo-larochelle.fr\/2023\/wp-json\/wp\/v2\/pages\/70"}],"wp:attachment":[{"href":"https:\/\/dev-durable.agglo-larochelle.fr\/2023\/wp-json\/wp\/v2\/media?parent=1516"}],"wp:term":[{"taxonomy":"category","embeddable":true,"href":"https:\/\/dev-durable.agglo-larochelle.fr\/2023\/wp-json\/wp\/v2\/categories?post=1516"},{"taxonomy":"post_tag","embeddable":true,"href":"https:\/\/dev-durable.agglo-larochelle.fr\/2023\/wp-json\/wp\/v2\/tags?post=1516"}],"curies":[{"name":"wp","href":"https:\/\/api.w.org\/{rel}","templated":true}]}}