{"id":3001,"date":"2023-11-17T14:39:30","date_gmt":"2023-11-17T13:39:30","guid":{"rendered":"https:\/\/dev-durable.agglo-larochelle.fr\/2023\/?page_id=3001"},"modified":"2023-12-11T18:01:41","modified_gmt":"2023-12-11T17:01:41","slug":"des-lecteurs-dvd-mis-a-la-disposition-des-usagers-pour-faire-vivre-les-collections","status":"publish","type":"page","link":"https:\/\/dev-durable.agglo-larochelle.fr\/2023\/un-territoire-creative\/transition-energetique\/des-lecteurs-dvd-mis-a-la-disposition-des-usagers-pour-faire-vivre-les-collections\/","title":{"rendered":"Des lecteurs DVD mis \u00e0 la disposition des usagers pour faire vivre les collections"},"content":{"rendered":"\n<p><strong>Afin de p\u00e9renniser l\u2019usage des supports physiques, de valoriser les collections de CD et DVD de la m\u00e9diath\u00e8que Michel-Cr\u00e9peau et d\u2019encourager \u00e0 la sobri\u00e9t\u00e9 num\u00e9rique, des pr\u00eats de lecteurs vid\u00e9os ont \u00e9t\u00e9 effectu\u00e9s aupr\u00e8s des usagers.<\/strong><\/p>\n<p>Le pr\u00eat de ces lecteurs individuels permet de faire vivre les tr\u00e8s riches collections physiques de la m\u00e9diath\u00e8que Michel-Cr\u00e9peau, en encourageant les usagers \u00e0 privil\u00e9gier ces modes et supports de visionnage au \u00ab\u00a0streaming\u00a0\u00bb (diffusion en flux), dont le bilan carbone est important.<\/p>\n","protected":false},"excerpt":{"rendered":"<p>Afin de p\u00e9renniser l\u2019usage des supports physiques, de valoriser les collections de CD et DVD de la m\u00e9diath\u00e8que Michel-Cr\u00e9peau et d\u2019encourager \u00e0 la sobri\u00e9t\u00e9 num\u00e9rique, des pr\u00eats de lecteurs vid\u00e9os ont \u00e9t\u00e9 effectu\u00e9s aupr\u00e8s des usagers. Le pr\u00eat de ces lecteurs individuels permet de faire vivre les tr\u00e8s riches collections physiques de la m\u00e9diath\u00e8que Michel-Cr\u00e9peau, [&hellip;]<\/p>\n","protected":false},"author":1,"featured_media":3695,"parent":32,"menu_order":5,"comment_status":"closed","ping_status":"closed","template":"page-sous-partie.php","meta":{"inline_featured_image":false,"footnotes":""},"categories":[],"tags":[17,15,16],"acf":[],"_links":{"self":[{"href":"https:\/\/dev-durable.agglo-larochelle.fr\/2023\/wp-json\/wp\/v2\/pages\/3001"}],"collection":[{"href":"https:\/\/dev-durable.agglo-larochelle.fr\/2023\/wp-json\/wp\/v2\/pages"}],"about":[{"href":"https:\/\/dev-durable.agglo-larochelle.fr\/2023\/wp-json\/wp\/v2\/types\/page"}],"author":[{"embeddable":true,"href":"https:\/\/dev-durable.agglo-larochelle.fr\/2023\/wp-json\/wp\/v2\/users\/1"}],"replies":[{"embeddable":true,"href":"https:\/\/dev-durable.agglo-larochelle.fr\/2023\/wp-json\/wp\/v2\/comments?post=3001"}],"version-history":[{"count":5,"href":"https:\/\/dev-durable.agglo-larochelle.fr\/2023\/wp-json\/wp\/v2\/pages\/3001\/revisions"}],"predecessor-version":[{"id":3696,"href":"https:\/\/dev-durable.agglo-larochelle.fr\/2023\/wp-json\/wp\/v2\/pages\/3001\/revisions\/3696"}],"up":[{"embeddable":true,"href":"https:\/\/dev-durable.agglo-larochelle.fr\/2023\/wp-json\/wp\/v2\/pages\/32"}],"wp:featuredmedia":[{"embeddable":true,"href":"https:\/\/dev-durable.agglo-larochelle.fr\/2023\/wp-json\/wp\/v2\/media\/3695"}],"wp:attachment":[{"href":"https:\/\/dev-durable.agglo-larochelle.fr\/2023\/wp-json\/wp\/v2\/media?parent=3001"}],"wp:term":[{"taxonomy":"category","embeddable":true,"href":"https:\/\/dev-durable.agglo-larochelle.fr\/2023\/wp-json\/wp\/v2\/categories?post=3001"},{"taxonomy":"post_tag","embeddable":true,"href":"https:\/\/dev-durable.agglo-larochelle.fr\/2023\/wp-json\/wp\/v2\/tags?post=3001"}],"curies":[{"name":"wp","href":"https:\/\/api.w.org\/{rel}","templated":true}]}}