{"id":3019,"date":"2023-11-17T14:50:28","date_gmt":"2023-11-17T13:50:28","guid":{"rendered":"https:\/\/dev-durable.agglo-larochelle.fr\/2023\/?page_id=3019"},"modified":"2023-12-11T18:05:09","modified_gmt":"2023-12-11T17:05:09","slug":"la-strategie-tiers-lieux-de-lagglomeration-prend-de-lenvergure","status":"publish","type":"page","link":"https:\/\/dev-durable.agglo-larochelle.fr\/2023\/un-territoire-creative\/transition-economique\/la-strategie-tiers-lieux-de-lagglomeration-prend-de-lenvergure\/","title":{"rendered":"La strat\u00e9gie Tiers Lieux de l\u2019Agglom\u00e9ration prend de l\u2019envergure"},"content":{"rendered":"\n<p><strong>L\u2019Agglom\u00e9ration encourage l\u2019\u00e9mergence de nouveaux lieux et structures sur le territoire, pour repenser les fa\u00e7ons de travailler, de cr\u00e9er, d\u2019innover. Elle apporte un soutien technique et financier aux initiatives locales et assure l\u2019animation de ces nouveaux r\u00e9seaux de sociabilit\u00e9.<\/strong><\/p>\n<p class=\"Standard\" style=\"text-align: left;\">2023 a vu la mise en \u0153uvre effective et le d\u00e9ploiement op\u00e9rationnel de projets port\u00e9s depuis l\u2019ann\u00e9e pr\u00e9c\u00e9dente. Un accompagnement en ing\u00e9nierie et\/ou financier a \u00e9t\u00e9 apport\u00e9 \u00e0 des projets de tiers-lieux \u00e0 P\u00e9rigny (Maison M\u00fce, La Mati\u00e8re), La Rochelle (La Proue, Les Cabanes Urbaines, \u00e9co-quartier de Bongraine-Aquitanis), Bourgneuf (L\u2019ours Plume), Saint-Xandre (Les Jardins de l\u2019Aubre\u00e7ay), Sainte-Soulle (SCIC Oasis Ressources des Tisserands). Ces projets peuvent prendre la forme d\u2019espaces de travail partag\u00e9s (coworking, location de bureaux, salle de conf\u00e9rences&#8230;), de lieux de cr\u00e9ation et d\u2019innovation (fablab, foodlab\u2026). Ces nouveaux lieux r\u00e9pondent aux aspirations et attentes de la population de travailler autrement, consommer diff\u00e9remment et \u00eatre acteur de la transition \u00e9conomique et \u00e9cologique.<\/p>\n","protected":false},"excerpt":{"rendered":"<p>L\u2019Agglom\u00e9ration encourage l\u2019\u00e9mergence de nouveaux lieux et structures sur le territoire, pour repenser les fa\u00e7ons de travailler, de cr\u00e9er, d\u2019innover. Elle apporte un soutien technique et financier aux initiatives locales et assure l\u2019animation de ces nouveaux r\u00e9seaux de sociabilit\u00e9. 2023 a vu la mise en \u0153uvre effective et le d\u00e9ploiement op\u00e9rationnel de projets port\u00e9s depuis [&hellip;]<\/p>\n","protected":false},"author":1,"featured_media":3697,"parent":156,"menu_order":3,"comment_status":"closed","ping_status":"closed","template":"page-sous-partie.php","meta":{"inline_featured_image":false,"footnotes":""},"categories":[],"tags":[21,20,22,19],"acf":[],"_links":{"self":[{"href":"https:\/\/dev-durable.agglo-larochelle.fr\/2023\/wp-json\/wp\/v2\/pages\/3019"}],"collection":[{"href":"https:\/\/dev-durable.agglo-larochelle.fr\/2023\/wp-json\/wp\/v2\/pages"}],"about":[{"href":"https:\/\/dev-durable.agglo-larochelle.fr\/2023\/wp-json\/wp\/v2\/types\/page"}],"author":[{"embeddable":true,"href":"https:\/\/dev-durable.agglo-larochelle.fr\/2023\/wp-json\/wp\/v2\/users\/1"}],"replies":[{"embeddable":true,"href":"https:\/\/dev-durable.agglo-larochelle.fr\/2023\/wp-json\/wp\/v2\/comments?post=3019"}],"version-history":[{"count":2,"href":"https:\/\/dev-durable.agglo-larochelle.fr\/2023\/wp-json\/wp\/v2\/pages\/3019\/revisions"}],"predecessor-version":[{"id":3021,"href":"https:\/\/dev-durable.agglo-larochelle.fr\/2023\/wp-json\/wp\/v2\/pages\/3019\/revisions\/3021"}],"up":[{"embeddable":true,"href":"https:\/\/dev-durable.agglo-larochelle.fr\/2023\/wp-json\/wp\/v2\/pages\/156"}],"wp:featuredmedia":[{"embeddable":true,"href":"https:\/\/dev-durable.agglo-larochelle.fr\/2023\/wp-json\/wp\/v2\/media\/3697"}],"wp:attachment":[{"href":"https:\/\/dev-durable.agglo-larochelle.fr\/2023\/wp-json\/wp\/v2\/media?parent=3019"}],"wp:term":[{"taxonomy":"category","embeddable":true,"href":"https:\/\/dev-durable.agglo-larochelle.fr\/2023\/wp-json\/wp\/v2\/categories?post=3019"},{"taxonomy":"post_tag","embeddable":true,"href":"https:\/\/dev-durable.agglo-larochelle.fr\/2023\/wp-json\/wp\/v2\/tags?post=3019"}],"curies":[{"name":"wp","href":"https:\/\/api.w.org\/{rel}","templated":true}]}}