{"id":3104,"date":"2023-11-20T16:25:44","date_gmt":"2023-11-20T15:25:44","guid":{"rendered":"https:\/\/dev-durable.agglo-larochelle.fr\/2023\/?page_id=3104"},"modified":"2023-11-20T16:25:45","modified_gmt":"2023-11-20T15:25:45","slug":"un-dispositif-partenarial-dhebergement-temporaire-pour-les-etudiants-rochelais","status":"publish","type":"page","link":"https:\/\/dev-durable.agglo-larochelle.fr\/2023\/un-territoire-solidaire\/insertion\/un-dispositif-partenarial-dhebergement-temporaire-pour-les-etudiants-rochelais\/","title":{"rendered":"Un dispositif partenarial d\u2019h\u00e9bergement temporaire pour les \u00e9tudiants rochelais"},"content":{"rendered":"\n<p><strong>La Ville et l\u2019Agglom\u00e9ration de La Rochelle, le CCAS, le CROUS de Poitiers, la Ligue de l\u2019enseignement 17 et les \u00e9tablissements d\u2019enseignement sup\u00e9rieur ont mis en \u0153uvre un dispositif d\u2019h\u00e9bergement temporaire permettant d\u2019accompagner les \u00e9tudiants.<\/strong><\/p>\n<p>Depuis plusieurs ann\u00e9es, les \u00e9tudiants arrivant \u00e0 La Rochelle rencontrent des difficult\u00e9s pour se loger. Dans le cadre du Sch\u00e9ma Local d\u2019Enseignement Sup\u00e9rieur de la Recherche et de l\u2019Innovation (SLESRI), les acteurs du logement sur le territoire, r\u00e9unis en groupe de travail, proposent un dispositif d\u2019h\u00e9bergement temporaire comprenant la r\u00e9servation d\u2019appartements au sein de la r\u00e9sidence-club Lafayette \u00e0 Port-Neuf, \u00e0 des prix abordables, pour disposer de plus de temps pour trouver un logement p\u00e9renne, tout en effectuant sa rentr\u00e9e dans de bonnes conditions.<\/p>\n","protected":false},"excerpt":{"rendered":"<p>La Ville et l\u2019Agglom\u00e9ration de La Rochelle, le CCAS, le CROUS de Poitiers, la Ligue de l\u2019enseignement 17 et les \u00e9tablissements d\u2019enseignement sup\u00e9rieur ont mis en \u0153uvre un dispositif d\u2019h\u00e9bergement temporaire permettant d\u2019accompagner les \u00e9tudiants. Depuis plusieurs ann\u00e9es, les \u00e9tudiants arrivant \u00e0 La Rochelle rencontrent des difficult\u00e9s pour se loger. Dans le cadre du Sch\u00e9ma [&hellip;]<\/p>\n","protected":false},"author":1,"featured_media":2014,"parent":312,"menu_order":0,"comment_status":"closed","ping_status":"closed","template":"page-sous-partie.php","meta":{"inline_featured_image":false,"footnotes":""},"categories":[],"tags":[27,41],"acf":[],"_links":{"self":[{"href":"https:\/\/dev-durable.agglo-larochelle.fr\/2023\/wp-json\/wp\/v2\/pages\/3104"}],"collection":[{"href":"https:\/\/dev-durable.agglo-larochelle.fr\/2023\/wp-json\/wp\/v2\/pages"}],"about":[{"href":"https:\/\/dev-durable.agglo-larochelle.fr\/2023\/wp-json\/wp\/v2\/types\/page"}],"author":[{"embeddable":true,"href":"https:\/\/dev-durable.agglo-larochelle.fr\/2023\/wp-json\/wp\/v2\/users\/1"}],"replies":[{"embeddable":true,"href":"https:\/\/dev-durable.agglo-larochelle.fr\/2023\/wp-json\/wp\/v2\/comments?post=3104"}],"version-history":[{"count":2,"href":"https:\/\/dev-durable.agglo-larochelle.fr\/2023\/wp-json\/wp\/v2\/pages\/3104\/revisions"}],"predecessor-version":[{"id":3106,"href":"https:\/\/dev-durable.agglo-larochelle.fr\/2023\/wp-json\/wp\/v2\/pages\/3104\/revisions\/3106"}],"up":[{"embeddable":true,"href":"https:\/\/dev-durable.agglo-larochelle.fr\/2023\/wp-json\/wp\/v2\/pages\/312"}],"wp:featuredmedia":[{"embeddable":true,"href":"https:\/\/dev-durable.agglo-larochelle.fr\/2023\/wp-json\/wp\/v2\/media\/2014"}],"wp:attachment":[{"href":"https:\/\/dev-durable.agglo-larochelle.fr\/2023\/wp-json\/wp\/v2\/media?parent=3104"}],"wp:term":[{"taxonomy":"category","embeddable":true,"href":"https:\/\/dev-durable.agglo-larochelle.fr\/2023\/wp-json\/wp\/v2\/categories?post=3104"},{"taxonomy":"post_tag","embeddable":true,"href":"https:\/\/dev-durable.agglo-larochelle.fr\/2023\/wp-json\/wp\/v2\/tags?post=3104"}],"curies":[{"name":"wp","href":"https:\/\/api.w.org\/{rel}","templated":true}]}}