{"id":3151,"date":"2023-11-21T09:27:08","date_gmt":"2023-11-21T08:27:08","guid":{"rendered":"https:\/\/dev-durable.agglo-larochelle.fr\/2023\/?page_id=3151"},"modified":"2023-11-21T09:33:12","modified_gmt":"2023-11-21T08:33:12","slug":"accompagnement-au-changement","status":"publish","type":"page","link":"https:\/\/dev-durable.agglo-larochelle.fr\/2023\/un-territoire-creative\/accompagnement-au-changement\/","title":{"rendered":"Accompagnement au changement"},"content":{"rendered":"<p><strong>L\u2019Agglom\u00e9ration rochelaise est un territoire attractif, o\u00f9 il fait bon vivre. La culture y occupe une place importante et participe pleinement \u00e0 f\u00e9d\u00e9rer les habitants autour d\u2019une identit\u00e9 et d\u2019un projet commun.<\/strong><\/p>\n","protected":false},"excerpt":{"rendered":"<p>L\u2019Agglom\u00e9ration rochelaise est un territoire attractif, o\u00f9 il fait bon vivre. La culture y occupe une place importante et participe pleinement \u00e0 f\u00e9d\u00e9rer les habitants autour d\u2019une identit\u00e9 et d\u2019un projet commun.<\/p>\n","protected":false},"author":1,"featured_media":0,"parent":7,"menu_order":9,"comment_status":"closed","ping_status":"closed","template":"page-sous-partie.php","meta":{"inline_featured_image":false,"footnotes":""},"categories":[],"tags":[],"acf":[],"_links":{"self":[{"href":"https:\/\/dev-durable.agglo-larochelle.fr\/2023\/wp-json\/wp\/v2\/pages\/3151"}],"collection":[{"href":"https:\/\/dev-durable.agglo-larochelle.fr\/2023\/wp-json\/wp\/v2\/pages"}],"about":[{"href":"https:\/\/dev-durable.agglo-larochelle.fr\/2023\/wp-json\/wp\/v2\/types\/page"}],"author":[{"embeddable":true,"href":"https:\/\/dev-durable.agglo-larochelle.fr\/2023\/wp-json\/wp\/v2\/users\/1"}],"replies":[{"embeddable":true,"href":"https:\/\/dev-durable.agglo-larochelle.fr\/2023\/wp-json\/wp\/v2\/comments?post=3151"}],"version-history":[{"count":1,"href":"https:\/\/dev-durable.agglo-larochelle.fr\/2023\/wp-json\/wp\/v2\/pages\/3151\/revisions"}],"predecessor-version":[{"id":3152,"href":"https:\/\/dev-durable.agglo-larochelle.fr\/2023\/wp-json\/wp\/v2\/pages\/3151\/revisions\/3152"}],"up":[{"embeddable":true,"href":"https:\/\/dev-durable.agglo-larochelle.fr\/2023\/wp-json\/wp\/v2\/pages\/7"}],"wp:attachment":[{"href":"https:\/\/dev-durable.agglo-larochelle.fr\/2023\/wp-json\/wp\/v2\/media?parent=3151"}],"wp:term":[{"taxonomy":"category","embeddable":true,"href":"https:\/\/dev-durable.agglo-larochelle.fr\/2023\/wp-json\/wp\/v2\/categories?post=3151"},{"taxonomy":"post_tag","embeddable":true,"href":"https:\/\/dev-durable.agglo-larochelle.fr\/2023\/wp-json\/wp\/v2\/tags?post=3151"}],"curies":[{"name":"wp","href":"https:\/\/api.w.org\/{rel}","templated":true}]}}