{"id":3165,"date":"2023-11-21T09:47:50","date_gmt":"2023-11-21T08:47:50","guid":{"rendered":"https:\/\/dev-durable.agglo-larochelle.fr\/2023\/?page_id=3165"},"modified":"2023-12-12T14:20:29","modified_gmt":"2023-12-12T13:20:29","slug":"lagglomeration-construit-sa-reflexion-sur-levolution-de-lactivite-croisieres","status":"publish","type":"page","link":"https:\/\/dev-durable.agglo-larochelle.fr\/2023\/un-territoire-sobre\/developpement-economique\/lagglomeration-construit-sa-reflexion-sur-levolution-de-lactivite-croisieres\/","title":{"rendered":"L\u2019Agglom\u00e9ration construit sa r\u00e9flexion sur l\u2019\u00e9volution de l\u2019activit\u00e9 \u00ab croisi\u00e8res \u00bb"},"content":{"rendered":"\n<p><strong>Les partenaires de l\u2019Agglom\u00e9ration ont \u00e9tabli cette ann\u00e9e un document de r\u00e9flexion portant sur les \u00e9volutions souhaitables des activit\u00e9s de croisi\u00e8re sur le territoire, en coh\u00e9rence avec les objectifs de d\u00e9carbonation. Plusieurs pistes sont \u00e0 l\u2019\u00e9tude.<\/strong><\/p>\n<p>Le Grand Port Maritime, l\u2019Agglom\u00e9ration et la Ville de La Rochelle, Charentes Tourisme, La Rochelle Tourisme et \u00c9v\u00e8nements et la CCI de Charente-Maritime ont dress\u00e9 un \u00e9tat des lieux de l\u2019activit\u00e9 croisi\u00e8re et de ses effets sur le territoire, afin d\u2019identifier les forces et faiblesses, ainsi que les opportunit\u00e9s et menaces de cette activit\u00e9. Cette r\u00e9flexion pr\u00e9alable permet de d\u00e9finir des orientations strat\u00e9giques en mati\u00e8re d\u2019\u00e9volution, et d\u2019\u00e9tablir une feuille de route permettant d\u2019atteindre ces orientations. Le document int\u00e8gre les enjeux environnementaux et \u00e9conomiques, et tient compte de la gouvernance multi partenariale de cette activit\u00e9.<\/p>\n","protected":false},"excerpt":{"rendered":"<p>Les partenaires de l\u2019Agglom\u00e9ration ont \u00e9tabli cette ann\u00e9e un document de r\u00e9flexion portant sur les \u00e9volutions souhaitables des activit\u00e9s de croisi\u00e8re sur le territoire, en coh\u00e9rence avec les objectifs de d\u00e9carbonation. Plusieurs pistes sont \u00e0 l\u2019\u00e9tude. Le Grand Port Maritime, l\u2019Agglom\u00e9ration et la Ville de La Rochelle, Charentes Tourisme, La Rochelle Tourisme et \u00c9v\u00e8nements et [&hellip;]<\/p>\n","protected":false},"author":1,"featured_media":3712,"parent":1041,"menu_order":0,"comment_status":"closed","ping_status":"closed","template":"page-sous-partie.php","meta":{"inline_featured_image":false,"footnotes":""},"categories":[],"tags":[27,18],"acf":[],"_links":{"self":[{"href":"https:\/\/dev-durable.agglo-larochelle.fr\/2023\/wp-json\/wp\/v2\/pages\/3165"}],"collection":[{"href":"https:\/\/dev-durable.agglo-larochelle.fr\/2023\/wp-json\/wp\/v2\/pages"}],"about":[{"href":"https:\/\/dev-durable.agglo-larochelle.fr\/2023\/wp-json\/wp\/v2\/types\/page"}],"author":[{"embeddable":true,"href":"https:\/\/dev-durable.agglo-larochelle.fr\/2023\/wp-json\/wp\/v2\/users\/1"}],"replies":[{"embeddable":true,"href":"https:\/\/dev-durable.agglo-larochelle.fr\/2023\/wp-json\/wp\/v2\/comments?post=3165"}],"version-history":[{"count":2,"href":"https:\/\/dev-durable.agglo-larochelle.fr\/2023\/wp-json\/wp\/v2\/pages\/3165\/revisions"}],"predecessor-version":[{"id":3167,"href":"https:\/\/dev-durable.agglo-larochelle.fr\/2023\/wp-json\/wp\/v2\/pages\/3165\/revisions\/3167"}],"up":[{"embeddable":true,"href":"https:\/\/dev-durable.agglo-larochelle.fr\/2023\/wp-json\/wp\/v2\/pages\/1041"}],"wp:featuredmedia":[{"embeddable":true,"href":"https:\/\/dev-durable.agglo-larochelle.fr\/2023\/wp-json\/wp\/v2\/media\/3712"}],"wp:attachment":[{"href":"https:\/\/dev-durable.agglo-larochelle.fr\/2023\/wp-json\/wp\/v2\/media?parent=3165"}],"wp:term":[{"taxonomy":"category","embeddable":true,"href":"https:\/\/dev-durable.agglo-larochelle.fr\/2023\/wp-json\/wp\/v2\/categories?post=3165"},{"taxonomy":"post_tag","embeddable":true,"href":"https:\/\/dev-durable.agglo-larochelle.fr\/2023\/wp-json\/wp\/v2\/tags?post=3165"}],"curies":[{"name":"wp","href":"https:\/\/api.w.org\/{rel}","templated":true}]}}