{"id":3183,"date":"2023-11-21T09:57:46","date_gmt":"2023-11-21T08:57:46","guid":{"rendered":"https:\/\/dev-durable.agglo-larochelle.fr\/2023\/?page_id=3183"},"modified":"2023-12-13T14:49:45","modified_gmt":"2023-12-13T13:49:45","slug":"remplacement-des-sources-declairage-par-des-led","status":"publish","type":"page","link":"https:\/\/dev-durable.agglo-larochelle.fr\/2023\/un-territoire-sobre\/relever-le-defi-des-changements-climatiques\/remplacement-des-sources-declairage-par-des-led\/","title":{"rendered":"Remplacement des sources d&rsquo;\u00e9clairage par des LED"},"content":{"rendered":"\n<p><strong>Parmi les autres mesures prises par l\u2019Agglom\u00e9ration pour r\u00e9duire les d\u00e9penses \u00e9nerg\u00e9tiques, le remplacement des sources d\u2019\u00e9clairage par des LED a concern\u00e9 10 premi\u00e8res communes du territoire.<\/strong><\/p>\n<p>Le remplacement des sources d\u2019\u00e9clairage \u00ab sodium \u00bb par des LED est en cours sur le territoire communautaire, pour l\u2019ensemble des parcs d\u2019activit\u00e9 des communes-membres. Pour l\u2019ann\u00e9e 2023, ce plan de remplacement a concern\u00e9 les communes de La Rochelle, Puilboreau, Aytr\u00e9, Sainte-Soulle, Esnandes, Marsilly, Nieul-sur-Mer, Dompierre-sur-Mer, Angoulins et Saint-Xandre. En 2024, cette action s\u2019\u00e9tendra \u00e0 P\u00e9rigny, L\u2019Houmeau, V\u00e9rines et Saint-Christophe, puis Lagord et Saint-M\u00e9dard-d\u2019Aunis en 2025 et Salles-sur-Mer en 2026.<\/p>\n","protected":false},"excerpt":{"rendered":"<p>Parmi les autres mesures prises par l\u2019Agglom\u00e9ration pour r\u00e9duire les d\u00e9penses \u00e9nerg\u00e9tiques, le remplacement des sources d\u2019\u00e9clairage par des LED a concern\u00e9 10 premi\u00e8res communes du territoire. Le remplacement des sources d\u2019\u00e9clairage \u00ab sodium \u00bb par des LED est en cours sur le territoire communautaire, pour l\u2019ensemble des parcs d\u2019activit\u00e9 des communes-membres. Pour l\u2019ann\u00e9e 2023, [&hellip;]<\/p>\n","protected":false},"author":1,"featured_media":3719,"parent":3168,"menu_order":0,"comment_status":"closed","ping_status":"closed","template":"page-sous-partie.php","meta":{"inline_featured_image":false,"footnotes":""},"categories":[],"tags":[18,10],"acf":[],"_links":{"self":[{"href":"https:\/\/dev-durable.agglo-larochelle.fr\/2023\/wp-json\/wp\/v2\/pages\/3183"}],"collection":[{"href":"https:\/\/dev-durable.agglo-larochelle.fr\/2023\/wp-json\/wp\/v2\/pages"}],"about":[{"href":"https:\/\/dev-durable.agglo-larochelle.fr\/2023\/wp-json\/wp\/v2\/types\/page"}],"author":[{"embeddable":true,"href":"https:\/\/dev-durable.agglo-larochelle.fr\/2023\/wp-json\/wp\/v2\/users\/1"}],"replies":[{"embeddable":true,"href":"https:\/\/dev-durable.agglo-larochelle.fr\/2023\/wp-json\/wp\/v2\/comments?post=3183"}],"version-history":[{"count":2,"href":"https:\/\/dev-durable.agglo-larochelle.fr\/2023\/wp-json\/wp\/v2\/pages\/3183\/revisions"}],"predecessor-version":[{"id":3185,"href":"https:\/\/dev-durable.agglo-larochelle.fr\/2023\/wp-json\/wp\/v2\/pages\/3183\/revisions\/3185"}],"up":[{"embeddable":true,"href":"https:\/\/dev-durable.agglo-larochelle.fr\/2023\/wp-json\/wp\/v2\/pages\/3168"}],"wp:featuredmedia":[{"embeddable":true,"href":"https:\/\/dev-durable.agglo-larochelle.fr\/2023\/wp-json\/wp\/v2\/media\/3719"}],"wp:attachment":[{"href":"https:\/\/dev-durable.agglo-larochelle.fr\/2023\/wp-json\/wp\/v2\/media?parent=3183"}],"wp:term":[{"taxonomy":"category","embeddable":true,"href":"https:\/\/dev-durable.agglo-larochelle.fr\/2023\/wp-json\/wp\/v2\/categories?post=3183"},{"taxonomy":"post_tag","embeddable":true,"href":"https:\/\/dev-durable.agglo-larochelle.fr\/2023\/wp-json\/wp\/v2\/tags?post=3183"}],"curies":[{"name":"wp","href":"https:\/\/api.w.org\/{rel}","templated":true}]}}