{"id":3189,"date":"2023-11-21T10:01:24","date_gmt":"2023-11-21T09:01:24","guid":{"rendered":"https:\/\/dev-durable.agglo-larochelle.fr\/2023\/?page_id=3189"},"modified":"2023-12-13T14:50:33","modified_gmt":"2023-12-13T13:50:33","slug":"le-comite-de-suivi-de-la-biodiversite-a-fait-un-etat-du-patrimoine-floristique-sur-le-territoire","status":"publish","type":"page","link":"https:\/\/dev-durable.agglo-larochelle.fr\/2023\/un-territoire-sobre\/proteger-les-ressources\/le-comite-de-suivi-de-la-biodiversite-a-fait-un-etat-du-patrimoine-floristique-sur-le-territoire\/","title":{"rendered":"Le Comit\u00e9 de suivi de la biodiversit\u00e9 a fait un \u00e9tat du patrimoine floristique sur le territoire"},"content":{"rendered":"\n<p><strong>Depuis 2020, l\u2019Agglom\u00e9ration est adh\u00e9rente du Conservatoire Botanique National Sud-Atlantique (CBNSA). Elle travaille en partenariat avec cet \u00e9tablissement pour b\u00e9n\u00e9ficier de son expertise, \u00e9tablir un \u00e9tat des connaissances sur la flore patrimoniale et le suivi des mesures compensatoires.<\/strong><\/p>\n<p>L\u2019inventaire r\u00e9alis\u00e9 dans le cadre de ce partenariat s\u2019est d\u00e9roul\u00e9 sur 3 ans et s\u2019est termin\u00e9 en d\u00e9but d\u2019ann\u00e9e 2023. Le troisi\u00e8me comit\u00e9 de suivi s\u2019est tenu en mars et a permis de montrer le travail d\u2019inventaire floristique men\u00e9 par la CBNSA et les suivis men\u00e9s sur les espaces d\u00e9di\u00e9s aux mesures compensatoires \u00e9cologiques. L\u2019ensemble des communes de l\u2019Agglom\u00e9ration et les acteurs locaux de la biodiversit\u00e9 (d\u00e9partement de la Charente-Maritime, services de l\u2019\u00c9tat, associations de protection de l\u2019environnement, etc.) avaient \u00e9t\u00e9 convi\u00e9s \u00e0 cette pr\u00e9sentation.<\/p>\n","protected":false},"excerpt":{"rendered":"<p>Depuis 2020, l\u2019Agglom\u00e9ration est adh\u00e9rente du Conservatoire Botanique National Sud-Atlantique (CBNSA). Elle travaille en partenariat avec cet \u00e9tablissement pour b\u00e9n\u00e9ficier de son expertise, \u00e9tablir un \u00e9tat des connaissances sur la flore patrimoniale et le suivi des mesures compensatoires. L\u2019inventaire r\u00e9alis\u00e9 dans le cadre de ce partenariat s\u2019est d\u00e9roul\u00e9 sur 3 ans et s\u2019est termin\u00e9 en [&hellip;]<\/p>\n","protected":false},"author":1,"featured_media":2361,"parent":2072,"menu_order":0,"comment_status":"closed","ping_status":"closed","template":"page-sous-partie.php","meta":{"inline_featured_image":false,"footnotes":""},"categories":[],"tags":[31],"acf":[],"_links":{"self":[{"href":"https:\/\/dev-durable.agglo-larochelle.fr\/2023\/wp-json\/wp\/v2\/pages\/3189"}],"collection":[{"href":"https:\/\/dev-durable.agglo-larochelle.fr\/2023\/wp-json\/wp\/v2\/pages"}],"about":[{"href":"https:\/\/dev-durable.agglo-larochelle.fr\/2023\/wp-json\/wp\/v2\/types\/page"}],"author":[{"embeddable":true,"href":"https:\/\/dev-durable.agglo-larochelle.fr\/2023\/wp-json\/wp\/v2\/users\/1"}],"replies":[{"embeddable":true,"href":"https:\/\/dev-durable.agglo-larochelle.fr\/2023\/wp-json\/wp\/v2\/comments?post=3189"}],"version-history":[{"count":2,"href":"https:\/\/dev-durable.agglo-larochelle.fr\/2023\/wp-json\/wp\/v2\/pages\/3189\/revisions"}],"predecessor-version":[{"id":3191,"href":"https:\/\/dev-durable.agglo-larochelle.fr\/2023\/wp-json\/wp\/v2\/pages\/3189\/revisions\/3191"}],"up":[{"embeddable":true,"href":"https:\/\/dev-durable.agglo-larochelle.fr\/2023\/wp-json\/wp\/v2\/pages\/2072"}],"wp:featuredmedia":[{"embeddable":true,"href":"https:\/\/dev-durable.agglo-larochelle.fr\/2023\/wp-json\/wp\/v2\/media\/2361"}],"wp:attachment":[{"href":"https:\/\/dev-durable.agglo-larochelle.fr\/2023\/wp-json\/wp\/v2\/media?parent=3189"}],"wp:term":[{"taxonomy":"category","embeddable":true,"href":"https:\/\/dev-durable.agglo-larochelle.fr\/2023\/wp-json\/wp\/v2\/categories?post=3189"},{"taxonomy":"post_tag","embeddable":true,"href":"https:\/\/dev-durable.agglo-larochelle.fr\/2023\/wp-json\/wp\/v2\/tags?post=3189"}],"curies":[{"name":"wp","href":"https:\/\/api.w.org\/{rel}","templated":true}]}}