{"id":3214,"date":"2023-11-21T10:24:24","date_gmt":"2023-11-21T09:24:24","guid":{"rendered":"https:\/\/dev-durable.agglo-larochelle.fr\/2023\/?page_id=3214"},"modified":"2023-12-13T15:06:41","modified_gmt":"2023-12-13T14:06:41","slug":"une-piste-cyclable-permeable-aux-eaux-de-pluie-a-perigny","status":"publish","type":"page","link":"https:\/\/dev-durable.agglo-larochelle.fr\/2023\/un-territoire-sobre\/proteger-les-ressources\/une-piste-cyclable-permeable-aux-eaux-de-pluie-a-perigny\/","title":{"rendered":"Une piste cyclable perm\u00e9able aux eaux de pluie \u00e0 P\u00e9rigny"},"content":{"rendered":"\n<p><strong>P\u00e9rigny a profit\u00e9 des travaux de l\u2019Agglom\u00e9ration sur une piste cyclable reliant Aytr\u00e9 au centre aquatique Palmilud pour d\u00e9simperm\u00e9abiliser cette voie, selon le principe de Gestion Int\u00e9gr\u00e9e des Eaux de Pluie (GIEP)<\/strong><\/p>\n<p>La gestion des eaux pluviales s\u2019effectue d\u00e9sormais par infiltration directe, la piste cyclable ayant \u00e9t\u00e9 con\u00e7ue pour absorber l\u2019eau directement (plus de caniveaux ni de r\u00e9seaux souterrains). Les<\/p>\n<p>enrob\u00e9s perm\u00e9ables permettent de g\u00e9rer l\u2019ensemble des eaux de pluie de la piste cyclable et de la voirie. Cette action de d\u00e9simperm\u00e9abilisation s\u2019est accompagn\u00e9e d\u2019autres am\u00e9nagements\u00a0: une v\u00e9g\u00e9talisation des abords, et une r\u00e9vision de l\u2019emprise de voirie afin de porter la liaison cyclable aux standards de l\u2019Agglom\u00e9ration.<\/p>\n","protected":false},"excerpt":{"rendered":"<p>P\u00e9rigny a profit\u00e9 des travaux de l\u2019Agglom\u00e9ration sur une piste cyclable reliant Aytr\u00e9 au centre aquatique Palmilud pour d\u00e9simperm\u00e9abiliser cette voie, selon le principe de Gestion Int\u00e9gr\u00e9e des Eaux de Pluie (GIEP) La gestion des eaux pluviales s\u2019effectue d\u00e9sormais par infiltration directe, la piste cyclable ayant \u00e9t\u00e9 con\u00e7ue pour absorber l\u2019eau directement (plus de caniveaux [&hellip;]<\/p>\n","protected":false},"author":1,"featured_media":3724,"parent":2072,"menu_order":0,"comment_status":"closed","ping_status":"closed","template":"page-sous-partie.php","meta":{"inline_featured_image":false,"footnotes":""},"categories":[],"tags":[59,33],"acf":[],"_links":{"self":[{"href":"https:\/\/dev-durable.agglo-larochelle.fr\/2023\/wp-json\/wp\/v2\/pages\/3214"}],"collection":[{"href":"https:\/\/dev-durable.agglo-larochelle.fr\/2023\/wp-json\/wp\/v2\/pages"}],"about":[{"href":"https:\/\/dev-durable.agglo-larochelle.fr\/2023\/wp-json\/wp\/v2\/types\/page"}],"author":[{"embeddable":true,"href":"https:\/\/dev-durable.agglo-larochelle.fr\/2023\/wp-json\/wp\/v2\/users\/1"}],"replies":[{"embeddable":true,"href":"https:\/\/dev-durable.agglo-larochelle.fr\/2023\/wp-json\/wp\/v2\/comments?post=3214"}],"version-history":[{"count":2,"href":"https:\/\/dev-durable.agglo-larochelle.fr\/2023\/wp-json\/wp\/v2\/pages\/3214\/revisions"}],"predecessor-version":[{"id":3216,"href":"https:\/\/dev-durable.agglo-larochelle.fr\/2023\/wp-json\/wp\/v2\/pages\/3214\/revisions\/3216"}],"up":[{"embeddable":true,"href":"https:\/\/dev-durable.agglo-larochelle.fr\/2023\/wp-json\/wp\/v2\/pages\/2072"}],"wp:featuredmedia":[{"embeddable":true,"href":"https:\/\/dev-durable.agglo-larochelle.fr\/2023\/wp-json\/wp\/v2\/media\/3724"}],"wp:attachment":[{"href":"https:\/\/dev-durable.agglo-larochelle.fr\/2023\/wp-json\/wp\/v2\/media?parent=3214"}],"wp:term":[{"taxonomy":"category","embeddable":true,"href":"https:\/\/dev-durable.agglo-larochelle.fr\/2023\/wp-json\/wp\/v2\/categories?post=3214"},{"taxonomy":"post_tag","embeddable":true,"href":"https:\/\/dev-durable.agglo-larochelle.fr\/2023\/wp-json\/wp\/v2\/tags?post=3214"}],"curies":[{"name":"wp","href":"https:\/\/api.w.org\/{rel}","templated":true}]}}