{"id":3232,"date":"2023-11-21T10:43:09","date_gmt":"2023-11-21T09:43:09","guid":{"rendered":"https:\/\/dev-durable.agglo-larochelle.fr\/2023\/?page_id=3232"},"modified":"2023-12-13T15:14:14","modified_gmt":"2023-12-13T14:14:14","slug":"les-jeunes-chercheurs-livrent-un-etat-de-leurs-travaux-pour-comprendre-le-carbone-bleu","status":"publish","type":"page","link":"https:\/\/dev-durable.agglo-larochelle.fr\/2023\/un-territoire-sobre\/proteger-les-ressources\/les-jeunes-chercheurs-livrent-un-etat-de-leurs-travaux-pour-comprendre-le-carbone-bleu\/","title":{"rendered":"Les jeunes chercheurs livrent un \u00e9tat de leurs travaux pour comprendre le carbone bleu"},"content":{"rendered":"\n<p><strong>Cet \u00e9t\u00e9, les jeunes chercheurs et chercheuses des labos de l\u2019Universit\u00e9 ont pr\u00e9sent\u00e9 leurs travaux de recherche en vue de comprendre la place du carbone dans notre \u00e9cosyst\u00e8me littoral.<\/strong><\/p>\n<p>Les recherches pluridisciplinaires pr\u00e9sent\u00e9es ont pour but d\u2019\u00e9tablir le fonctionnement des zones humides, de comprendre leur variabilit\u00e9 spatiale et temporelle, et d\u2019\u0153uvrer pour la protection du littoral contre l\u2019\u00e9rosion et la submersion. Elles sont autant d\u2019outils d\u2019aide \u00e0 la d\u00e9cision pour guider l\u2019action politique et accompagner les acteurs du territoire vers des mutations. Ces recherches concourent aux objectifs de neutralit\u00e9 carbone du territoire et s\u2019inscrivent dans l\u2019un des axes majeurs du programme LRTZC.<\/p>\n","protected":false},"excerpt":{"rendered":"<p>Cet \u00e9t\u00e9, les jeunes chercheurs et chercheuses des labos de l\u2019Universit\u00e9 ont pr\u00e9sent\u00e9 leurs travaux de recherche en vue de comprendre la place du carbone dans notre \u00e9cosyst\u00e8me littoral. Les recherches pluridisciplinaires pr\u00e9sent\u00e9es ont pour but d\u2019\u00e9tablir le fonctionnement des zones humides, de comprendre leur variabilit\u00e9 spatiale et temporelle, et d\u2019\u0153uvrer pour la protection du [&hellip;]<\/p>\n","protected":false},"author":1,"featured_media":2433,"parent":2072,"menu_order":0,"comment_status":"closed","ping_status":"closed","template":"page-sous-partie.php","meta":{"inline_featured_image":false,"footnotes":""},"categories":[],"tags":[37,21,60,35],"acf":[],"_links":{"self":[{"href":"https:\/\/dev-durable.agglo-larochelle.fr\/2023\/wp-json\/wp\/v2\/pages\/3232"}],"collection":[{"href":"https:\/\/dev-durable.agglo-larochelle.fr\/2023\/wp-json\/wp\/v2\/pages"}],"about":[{"href":"https:\/\/dev-durable.agglo-larochelle.fr\/2023\/wp-json\/wp\/v2\/types\/page"}],"author":[{"embeddable":true,"href":"https:\/\/dev-durable.agglo-larochelle.fr\/2023\/wp-json\/wp\/v2\/users\/1"}],"replies":[{"embeddable":true,"href":"https:\/\/dev-durable.agglo-larochelle.fr\/2023\/wp-json\/wp\/v2\/comments?post=3232"}],"version-history":[{"count":2,"href":"https:\/\/dev-durable.agglo-larochelle.fr\/2023\/wp-json\/wp\/v2\/pages\/3232\/revisions"}],"predecessor-version":[{"id":3234,"href":"https:\/\/dev-durable.agglo-larochelle.fr\/2023\/wp-json\/wp\/v2\/pages\/3232\/revisions\/3234"}],"up":[{"embeddable":true,"href":"https:\/\/dev-durable.agglo-larochelle.fr\/2023\/wp-json\/wp\/v2\/pages\/2072"}],"wp:featuredmedia":[{"embeddable":true,"href":"https:\/\/dev-durable.agglo-larochelle.fr\/2023\/wp-json\/wp\/v2\/media\/2433"}],"wp:attachment":[{"href":"https:\/\/dev-durable.agglo-larochelle.fr\/2023\/wp-json\/wp\/v2\/media?parent=3232"}],"wp:term":[{"taxonomy":"category","embeddable":true,"href":"https:\/\/dev-durable.agglo-larochelle.fr\/2023\/wp-json\/wp\/v2\/categories?post=3232"},{"taxonomy":"post_tag","embeddable":true,"href":"https:\/\/dev-durable.agglo-larochelle.fr\/2023\/wp-json\/wp\/v2\/tags?post=3232"}],"curies":[{"name":"wp","href":"https:\/\/api.w.org\/{rel}","templated":true}]}}